{"id":1039,"date":"2018-08-01T21:13:49","date_gmt":"2018-08-02T00:13:49","guid":{"rendered":"https:\/\/wp.ufpel.edu.br\/dcsa\/?page_id=1039"},"modified":"2018-11-06T14:00:39","modified_gmt":"2018-11-06T16:00:39","slug":"economia-aplicada-ao-agronegocio","status":"publish","type":"page","link":"https:\/\/wp.ufpel.edu.br\/dcsa\/pesquisa\/economia-aplicada-ao-agronegocio\/","title":{"rendered":"Economia Aplicada e Empreendedorismo"},"content":{"rendered":"<p><a href=\"https:\/\/wp.ufpel.edu.br\/dcsa\/files\/2018\/07\/GRAOS.jpg\"><img loading=\"lazy\" decoding=\"async\" class=\"size-medium wp-image-328 alignleft\" src=\"https:\/\/wp.ufpel.edu.br\/dcsa\/files\/2018\/07\/GRAOS-424x282.jpg\" alt=\"\" width=\"400\" height=\"266\" srcset=\"https:\/\/wp.ufpel.edu.br\/dcsa\/files\/2018\/07\/GRAOS-424x282.jpg 424w, https:\/\/wp.ufpel.edu.br\/dcsa\/files\/2018\/07\/GRAOS-212x141.jpg 212w, https:\/\/wp.ufpel.edu.br\/dcsa\/files\/2018\/07\/GRAOS-451x300.jpg 451w, https:\/\/wp.ufpel.edu.br\/dcsa\/files\/2018\/07\/GRAOS.jpg 640w\" sizes=\"auto, (max-width: 400px) 100vw, 400px\" \/><\/a><span style=\"font-size: 12pt\">O DCSA realiza estudos relacionados a cadeias de produ\u00e7\u00e3o agropecu\u00e1ria e agroindustriais, mercados, pre\u00e7os e indicadores econ\u00f4micos relacionados ao setor do agroneg\u00f3cio com objetivo de gerar informa\u00e7\u00f5es e an\u00e1lises que permitam melhor entender sua din\u00e2mica e apoiar a tomada de decis\u00f5es de gestores de institui\u00e7\u00f5es p\u00fablicas e organiza\u00e7\u00f5es privadas.<\/span><\/p>\n<p>&nbsp;<\/p>\n<p>&nbsp;<\/p>\n<table>\n<tbody>\n<tr style=\"height: 39px\">\n<td style=\"width: 179px;text-align: left;vertical-align: middle;height: 39px\" width=\"104\"><strong><span style=\"font-size: 12pt\">Professores<\/span><\/strong><\/td>\n<td style=\"width: 446px;text-align: left;vertical-align: middle;height: 39px\" width=\"274\"><strong><span style=\"font-size: 12pt\">Linhas de Pesquisa em que Atuam<\/span><\/strong><\/td>\n<td style=\"width: 205px;text-align: left;vertical-align: middle;height: 39px\" width=\"170\"><strong><span style=\"font-size: 12pt\">Contato<\/span><\/strong><\/td>\n<\/tr>\n<tr style=\"height: 61px\">\n<td style=\"width: 179px;text-align: left;vertical-align: middle;height: 61px\" width=\"104\"><span style=\"font-size: 12pt\"><a href=\"https:\/\/wp.ufpel.edu.br\/dcsa\/canever\/\">Canever, Mario<\/a><\/span><\/td>\n<td style=\"width: 446px;text-align: left;vertical-align: middle;height: 61px\" width=\"274\"><span style=\"font-size: 12pt\"><a href=\"https:\/\/wp.ufpel.edu.br\/dcsa\/pesquisa\/sistemas-agroindustriais\/\">Agrega\u00e7\u00e3o de Valor em Sistemas Agroindustriais<\/a>; <a href=\"https:\/\/wp.ufpel.edu.br\/dcsa\/pesquisa\/economia-aplicada-ao-agronegocio\/\">Economia Aplicada e Empreendedorismo<\/a>;\u00a0 <a href=\"https:\/\/wp.ufpel.edu.br\/dcsa\/pesquisa\/gestao-empresarial-no-agronegocio\/\">Gest\u00e3o Empresarial no Agroneg\u00f3cio;\u00a0<\/a><a href=\"https:\/\/wp.ufpel.edu.br\/dcsa\/pesquisa\/desenvolvimento-territorial-e-ruralidade\/\">Desenvolvimento Territorial e Ruralidade<\/a><\/span><\/td>\n<td style=\"width: 205px;text-align: left;vertical-align: middle;height: 61px\" width=\"170\"><span style=\"font-size: 12pt\"><a href=\"mailto:caneverm@gmail.com\">caneverm@gmail.com<\/a><\/span><\/td>\n<\/tr>\n<tr style=\"height: 83px\">\n<td style=\"width: 179px;text-align: left;vertical-align: middle;height: 52px\" width=\"104\"><span style=\"font-size: 12pt\"><a href=\"https:\/\/wp.ufpel.edu.br\/dcsa\/conill\/\">Conill, M\u00e1rio<\/a><\/span><\/td>\n<td style=\"width: 446px;text-align: left;vertical-align: middle;height: 52px\" width=\"274\"><span style=\"font-size: 12pt\"><a href=\"https:\/\/wp.ufpel.edu.br\/dcsa\/pesquisa\/sistemas-agroindustriais\/\">Agrega\u00e7\u00e3o de Valor em Sistemas Agroindustriais<\/a>; <a href=\"https:\/\/wp.ufpel.edu.br\/dcsa\/pesquisa\/economia-aplicada-ao-agronegocio\/\">Economia Aplicada e Empreendedorismo<\/a>;\u00a0 <a href=\"https:\/\/wp.ufpel.edu.br\/dcsa\/pesquisa\/gestao-empresarial-no-agronegocio\/\">Gest\u00e3o Empresarial no Agroneg\u00f3cio<\/a>; <a href=\"https:\/\/wp.ufpel.edu.br\/dcsa\/pesquisa\/agricultura-familiar\/\">Agricultura Familiar<\/a><\/span><\/td>\n<td style=\"width: 205px;text-align: left;vertical-align: middle;height: 52px\" width=\"170\"><span style=\"font-size: 12pt\"><a href=\"mailto:mconill@gmail.com\">mconill@gmail.com<\/a><\/span><\/td>\n<\/tr>\n<tr style=\"height: 61px\">\n<td style=\"width: 179px;text-align: left;vertical-align: middle;height: 41px\" width=\"104\"><span style=\"font-size: 12pt\"><a href=\"https:\/\/wp.ufpel.edu.br\/dcsa\/gabrielito\/\">Menezes, Gabrielito<\/a><\/span><\/td>\n<td style=\"width: 446px;text-align: left;vertical-align: middle;height: 41px\" width=\"274\"><span style=\"font-size: 12pt\"><a href=\"https:\/\/wp.ufpel.edu.br\/dcsa\/pesquisa\/sistemas-agroindustriais\/\">Agrega\u00e7\u00e3o de Valor em Sistemas Agroindustriais<\/a>; <a href=\"https:\/\/wp.ufpel.edu.br\/dcsa\/pesquisa\/economia-aplicada-ao-agronegocio\/\">Economia Aplicada e Empreendedorismo<\/a>;\u00a0 <a href=\"https:\/\/wp.ufpel.edu.br\/dcsa\/pesquisa\/gestao-empresarial-no-agronegocio\/\">Gest\u00e3o Empresarial no Agroneg\u00f3cio<\/a>;\u00a0<a href=\"https:\/\/wp.ufpel.edu.br\/dcsa\/pesquisa\/desenvolvimento-territorial-e-ruralidade\/\">Desenvolvimento Territorial e Ruralidade<\/a><\/span><\/td>\n<td style=\"width: 205px;text-align: left;vertical-align: middle;height: 41px\" width=\"170\"><span style=\"font-size: 12pt\"><a href=\"mailto:gabrielitorm@gmail.com\">gabrielitorm@gmail.com<\/a><\/span><\/td>\n<\/tr>\n<tr style=\"height: 61px\">\n<td style=\"width: 179px;text-align: left;vertical-align: middle;height: 61px\" width=\"104\"><span style=\"font-size: 12pt\"><a href=\"https:\/\/wp.ufpel.edu.br\/dcsa\/pessoas\/professores\/rigatto\/\">Rigatto, Paulo<\/a><\/span><\/td>\n<td style=\"width: 446px;text-align: left;vertical-align: middle;height: 61px\" width=\"274\"><span style=\"font-size: 12pt\"><a href=\"https:\/\/wp.ufpel.edu.br\/dcsa\/pesquisa\/sistemas-agroindustriais\/\">Agrega\u00e7\u00e3o de Valor em Sistemas Agroindustriais<\/a>; <a href=\"https:\/\/wp.ufpel.edu.br\/dcsa\/pesquisa\/economia-aplicada-ao-agronegocio\/\">Economia Aplicada e Empreendedorismo<\/a>;\u00a0 <a href=\"https:\/\/wp.ufpel.edu.br\/dcsa\/pesquisa\/gestao-empresarial-no-agronegocio\/\">Gest\u00e3o Empresarial no Agroneg\u00f3cio<\/a><\/span><\/td>\n<td style=\"width: 205px;text-align: left;vertical-align: middle;height: 61px\" width=\"170\"><span style=\"font-size: 12pt\"><a href=\"mailto:prof_rigatto@yahoo.com\">prof_rigatto@yahoo.com<\/a><\/span><\/td>\n<\/tr>\n<\/tbody>\n<\/table>\n<p><span style=\"font-size: 12pt\"><strong>Projetos em Andamento<\/strong><\/span><\/p>\n<ul>\n<li><a href=\"https:\/\/wp.ufpel.edu.br\/dcsa\/projetos-em-andamento\/projetos-de-pesquisa\/estudo-de-series-temporais-de-precos-agricolas\/\"><span style=\"font-size: 12pt\">Estudo de s\u00e9ries temporais de pre\u00e7os agr\u00edcolas<\/span><\/a><\/li>\n<li><span style=\"font-size: 12pt\">Atitude Empreendedora em diferentes ambientes universit\u00e1rios <\/span><\/li>\n<li><span style=\"font-size: 12pt\">Banco de dados agropecu\u00e1rio no Brasil: cria\u00e7\u00e3o, manuten\u00e7\u00e3o e atualiza\u00e7\u00e3o<\/span><\/li>\n<li><span style=\"font-size: 12pt\">Impactos da Incerteza do pre\u00e7o do Petr\u00f3leo sobre commodities agr\u00edcolas<\/span><\/li>\n<li><span style=\"font-size: 12pt\">O empreendedorismo na agricultura familiar compreendendo a natureza e a relev\u00e2ncia das habilidades empreendedoras para o sucesso dos neg\u00f3cios<\/span><\/li>\n<li><span style=\"font-size: 10pt\"><span style=\"font-size: 12pt\">Transmiss\u00e3o de votalidade entre commodities no curto, m\u00e9dio e longo prazo<\/span><br \/>\n<\/span><\/li>\n<\/ul>\n","protected":false},"excerpt":{"rendered":"<p>O DCSA realiza estudos relacionados a cadeias de produ\u00e7\u00e3o agropecu\u00e1ria e agroindustriais, mercados, pre\u00e7os e indicadores econ\u00f4micos relacionados ao setor do agroneg\u00f3cio com objetivo de gerar informa\u00e7\u00f5es e an\u00e1lises que permitam melhor entender sua din\u00e2mica e apoiar a tomada de decis\u00f5es de gestores de institui\u00e7\u00f5es p\u00fablicas e organiza\u00e7\u00f5es privadas. &nbsp; &nbsp; Professores Linhas de Pesquisa &hellip; <\/p>\n<p><a class=\"more-link btn\" href=\"https:\/\/wp.ufpel.edu.br\/dcsa\/pesquisa\/economia-aplicada-ao-agronegocio\/\">Continue lendo<\/a><\/p>\n","protected":false},"author":141,"featured_media":257,"parent":124,"menu_order":5,"comment_status":"closed","ping_status":"closed","template":"template-twocolumnsleft.php","meta":{"footnotes":""},"class_list":["post-1039","page","type-page","status-publish","has-post-thumbnail","hentry","nodate","item-wrap"],"jetpack_sharing_enabled":true,"jetpack_likes_enabled":false,"_links":{"self":[{"href":"https:\/\/wp.ufpel.edu.br\/dcsa\/wp-json\/wp\/v2\/pages\/1039","targetHints":{"allow":["GET"]}}],"collection":[{"href":"https:\/\/wp.ufpel.edu.br\/dcsa\/wp-json\/wp\/v2\/pages"}],"about":[{"href":"https:\/\/wp.ufpel.edu.br\/dcsa\/wp-json\/wp\/v2\/types\/page"}],"author":[{"embeddable":true,"href":"https:\/\/wp.ufpel.edu.br\/dcsa\/wp-json\/wp\/v2\/users\/141"}],"replies":[{"embeddable":true,"href":"https:\/\/wp.ufpel.edu.br\/dcsa\/wp-json\/wp\/v2\/comments?post=1039"}],"version-history":[{"count":24,"href":"https:\/\/wp.ufpel.edu.br\/dcsa\/wp-json\/wp\/v2\/pages\/1039\/revisions"}],"predecessor-version":[{"id":1421,"href":"https:\/\/wp.ufpel.edu.br\/dcsa\/wp-json\/wp\/v2\/pages\/1039\/revisions\/1421"}],"up":[{"embeddable":true,"href":"https:\/\/wp.ufpel.edu.br\/dcsa\/wp-json\/wp\/v2\/pages\/124"}],"wp:featuredmedia":[{"embeddable":true,"href":"https:\/\/wp.ufpel.edu.br\/dcsa\/wp-json\/wp\/v2\/media\/257"}],"wp:attachment":[{"href":"https:\/\/wp.ufpel.edu.br\/dcsa\/wp-json\/wp\/v2\/media?parent=1039"}],"curies":[{"name":"wp","href":"https:\/\/api.w.org\/{rel}","templated":true}]}}