{"id":739,"date":"2022-03-15T11:21:40","date_gmt":"2022-03-15T14:21:40","guid":{"rendered":"https:\/\/wp.ufpel.edu.br\/dce\/?page_id=739"},"modified":"2023-02-10T10:30:07","modified_gmt":"2023-02-10T13:30:07","slug":"horarios-da-sede","status":"publish","type":"page","link":"https:\/\/wp.ufpel.edu.br\/dce\/horarios-da-sede\/","title":{"rendered":"Hor\u00e1rios da sede"},"content":{"rendered":"<p style=\"text-align: justify;\">O DCE UFPel possui uma sede f\u00edsica que \u00e9 fruto da luta do movimento estudantil! Ficamos muito felizes em reabri-la para receber as e os estudantes da UFPel. Lembramos que a gest\u00e3o DCE \u00e9 Pra Lutar, a voz ativa dos estudantes, teve in\u00edcio no final do m\u00eas de setembro de 2021. Recebemos a sede em estado de total abandono, sem condi\u00e7\u00f5es de uso. De l\u00e1 para c\u00e1, com a colabora\u00e7\u00e3o dos estudantes e da Pr\u00f3-reitoria de Infraestrutura e Planejamento, viemos trabalhamos para sua revitaliza\u00e7\u00e3o. Ainda h\u00e1 muito por fazer para estruturar e tonar o espa\u00e7o mais acolhedor, mas o primeiro passo j\u00e1 foi dado e seguimos trabalhando! Venha nos visitar, retirar sua carteirinha, receber informa\u00e7\u00f5es, marcar reuni\u00f5es e\/ou atividades com seus colegas utilizando o espa\u00e7o da sede. O DCE \u00e9 das\/dos estudantes!<\/p>\n<p><strong>Acompanhe os stories do nosso Instagram, postaremos l\u00e1 todos os dias os hor\u00e1rios em que a sede ficar\u00e1 aberta! @dce_ufpel<\/strong><\/p>\n<p>&#x1f4cd; Rua 3 de maio, 665, anexo ao Campus 2.<\/p>\n<p><a href=\"https:\/\/wp.ufpel.edu.br\/dce\/files\/2022\/03\/dce.jpg\"><img class=\"aligncenter size-medium wp-image-741\" src=\"https:\/\/wp.ufpel.edu.br\/dce\/files\/2022\/03\/dce-400x355.jpg\" alt=\"\" width=\"400\" height=\"355\" srcset=\"https:\/\/wp.ufpel.edu.br\/dce\/files\/2022\/03\/dce-400x355.jpg 400w, https:\/\/wp.ufpel.edu.br\/dce\/files\/2022\/03\/dce.jpg 547w\" sizes=\"(max-width: 400px) 100vw, 400px\" \/><\/a><\/p>\n","protected":false},"excerpt":{"rendered":"<p>O DCE UFPel possui uma sede f\u00edsica que \u00e9 fruto da luta do movimento estudantil! Ficamos muito felizes em reabri-la para receber as e os estudantes da UFPel. Lembramos que a gest\u00e3o DCE \u00e9 Pra Lutar, a voz ativa dos estudantes, teve in\u00edcio no final do m\u00eas de setembro de 2021. Recebemos a sede em [&hellip;]<\/p>\n","protected":false},"author":580,"featured_media":0,"parent":0,"menu_order":0,"comment_status":"closed","ping_status":"closed","template":"","meta":{"footnotes":""},"class_list":["post-739","page","type-page","status-publish","hentry"],"jetpack_sharing_enabled":true,"_links":{"self":[{"href":"https:\/\/wp.ufpel.edu.br\/dce\/wp-json\/wp\/v2\/pages\/739","targetHints":{"allow":["GET"]}}],"collection":[{"href":"https:\/\/wp.ufpel.edu.br\/dce\/wp-json\/wp\/v2\/pages"}],"about":[{"href":"https:\/\/wp.ufpel.edu.br\/dce\/wp-json\/wp\/v2\/types\/page"}],"author":[{"embeddable":true,"href":"https:\/\/wp.ufpel.edu.br\/dce\/wp-json\/wp\/v2\/users\/580"}],"replies":[{"embeddable":true,"href":"https:\/\/wp.ufpel.edu.br\/dce\/wp-json\/wp\/v2\/comments?post=739"}],"version-history":[{"count":13,"href":"https:\/\/wp.ufpel.edu.br\/dce\/wp-json\/wp\/v2\/pages\/739\/revisions"}],"predecessor-version":[{"id":1127,"href":"https:\/\/wp.ufpel.edu.br\/dce\/wp-json\/wp\/v2\/pages\/739\/revisions\/1127"}],"wp:attachment":[{"href":"https:\/\/wp.ufpel.edu.br\/dce\/wp-json\/wp\/v2\/media?parent=739"}],"curies":[{"name":"wp","href":"https:\/\/api.w.org\/{rel}","templated":true}]}}