{"id":652,"date":"2021-11-19T16:34:56","date_gmt":"2021-11-19T19:34:56","guid":{"rendered":"https:\/\/wp.ufpel.edu.br\/dce\/?page_id=652"},"modified":"2023-02-14T09:49:02","modified_gmt":"2023-02-14T12:49:02","slug":"carteira-de-identificacao-estudantil-dce-ufpel","status":"publish","type":"page","link":"https:\/\/wp.ufpel.edu.br\/dce\/carteira-de-identificacao-estudantil-dce-ufpel\/","title":{"rendered":"Carteira de Identifica\u00e7\u00e3o Estudantil DCE UFPEL"},"content":{"rendered":"<p style=\"text-align: justify;\"><b>Aten\u00e7\u00e3o: retomamos a confec\u00e7\u00e3o de carteirinhas no dia 10\/02\/2023!<\/b><\/p>\n<p>Bem vinda(o) a p\u00e1gina de confec\u00e7\u00e3o da Carteira de Identifica\u00e7\u00e3o Estudantil (CIE) do DCE UFPEL gest\u00e3o DCE \u00e9 Pra Lutar, a Voz Ativa dos Estudantes.<\/p>\n<p>Para solicitar sua carteirinha (CIE) acesse o formul\u00e1rio a seguir e preencha com todos os dados.<\/p>\n<p><a href=\"http:\/\/bit.ly\/Carteirinha-DCE-UFPEL\">http:\/\/bit.ly\/Carteirinha-DCE-UFPEL<\/a><\/p>\n<p>Os valores dependem do formato (Digital ou F\u00edsico) da CIE e se voc\u00ea \u00e9 ou n\u00e3o benefici\u00e1rio da PRAE. Os valores s\u00e3o os seguintes:<\/p>\n<table style=\"border-collapse: collapse; width: 100%;\" border=\"1\">\n<tbody>\n<tr>\n<td style=\"width: 50%;\"><strong>CIE Digital<\/strong><\/td>\n<td style=\"width: 50%;\"><strong>CIE F\u00edsica<\/strong><\/td>\n<\/tr>\n<tr>\n<td style=\"width: 50%;\">N\u00e3o benefici\u00e1rio: R$5,00<\/td>\n<td style=\"width: 50%;\">N\u00e3o benefici\u00e1rio: R$10<\/td>\n<\/tr>\n<tr>\n<td style=\"width: 50%;\">Benefici\u00e1rio: R$2,50<\/td>\n<td style=\"width: 50%;\">Benefici\u00e1rio: R$5,00<\/td>\n<\/tr>\n<\/tbody>\n<\/table>\n<p>A carteirinha possibilita a identifica\u00e7\u00e3o de alunos no ambiente da universidade e serve como comprovante para o acesso a meia entrada em estabelecimentos e eventos. Ressaltamos que a meia entrada \u00e9 um direito conquistado pelo movimento estudantil e a gest\u00e3o DCE \u00e9 Pra Lutar se prop\u00f5e a manuten\u00e7\u00e3o e facilita\u00e7\u00e3o desse direito.<\/p>\n<p>Todas as CIE emitidas pelo DCE possuem n\u00famero de registro e est\u00e3o listadas no site institucional do DCE junto com do primeiro nome do estudante, l\u00e1 \u00e9 poss\u00edvel comprovar a autenticidade da carteira evitando fraudes.<\/p>\n<p>Para solicitar a confec\u00e7\u00e3o da tua CIE s\u00f3 \u00e9 preciso que tu preenchas o formul\u00e1rio com os dados que constar\u00e3o na carteira e anexar uma foto de identifica\u00e7\u00e3o, teu comprovante de matr\u00edcula do cobalto e uma foto de um documento. Depois de preenchido o formul\u00e1rio entraremos em contato contigo para informa\u00e7\u00f5es sobre o pagamento e entrega da carteirinha.<\/p>\n<p>Os alunos benefici\u00e1rios da PRAE pagam mais barato, cobrindo apenas os custos da CIE, apresentando o atestado de benefici\u00e1rio dispon\u00edvel no cobalto. Acesse o Cobalto e no menu lateral esquerdo clique em PRAE &gt; Consultas &gt; Benef\u00edcios e depois clique em imprimir para gerar um documento PDF).<\/p>\n<p>Importante: Documento v\u00e1lido em todo o Brasil conforme a Lei 12.933 de 26 de dezembro de 2013 que disp\u00f5e sobre o benef\u00edcio do pagamento de meia-entrada para estudantes, idosos, pessoas com defici\u00eancia e jovens de 15 a 29 anos comprovadamente carentes em espet\u00e1culos art\u00edstico-culturais e esportivos.<\/p>\n<p>Importante 2: A CIE do DCE UFPEL segue o padr\u00e3o nacional da CIE com 50% dos elementos alterados conforme permite a Lei 12.933\/2013, por isso deve ser aceita em todo o Territ\u00f3rio Nacional em qualquer evento!<\/p>\n<p>Para d\u00favidas acesse a Lei: <a href=\"http:\/\/www.planalto.gov.br\/ccivil_03\/_Ato2011-2014\/2013\/Lei\/L12933.htm\">http:\/\/www.planalto.gov.br\/ccivil_03\/_Ato2011-2014\/2013\/Lei\/L12933.htm<\/a><\/p>\n<p>Para validar uma CIE, basta acessar o site <a href=\"https:\/\/wp.ufpel.edu.br\/dce\/cie-dce-ufpel-validacao\/\">https:\/\/wp.ufpel.edu.br\/dce\/cie-dce-ufpel-validacao\/<\/a>. A senha \u00e9 &#8220;ciedceufpel&#8221;.<\/p>\n<p>&nbsp;<\/p>\n","protected":false},"excerpt":{"rendered":"<p>Aten\u00e7\u00e3o: retomamos a confec\u00e7\u00e3o de carteirinhas no dia 10\/02\/2023! Bem vinda(o) a p\u00e1gina de confec\u00e7\u00e3o da Carteira de Identifica\u00e7\u00e3o Estudantil (CIE) do DCE UFPEL gest\u00e3o DCE \u00e9 Pra Lutar, a Voz Ativa dos Estudantes. Para solicitar sua carteirinha (CIE) acesse o formul\u00e1rio a seguir e preencha com todos os dados. http:\/\/bit.ly\/Carteirinha-DCE-UFPEL Os valores dependem do [&hellip;]<\/p>\n","protected":false},"author":580,"featured_media":0,"parent":0,"menu_order":0,"comment_status":"closed","ping_status":"closed","template":"","meta":{"footnotes":""},"class_list":["post-652","page","type-page","status-publish","hentry"],"jetpack_sharing_enabled":true,"_links":{"self":[{"href":"https:\/\/wp.ufpel.edu.br\/dce\/wp-json\/wp\/v2\/pages\/652","targetHints":{"allow":["GET"]}}],"collection":[{"href":"https:\/\/wp.ufpel.edu.br\/dce\/wp-json\/wp\/v2\/pages"}],"about":[{"href":"https:\/\/wp.ufpel.edu.br\/dce\/wp-json\/wp\/v2\/types\/page"}],"author":[{"embeddable":true,"href":"https:\/\/wp.ufpel.edu.br\/dce\/wp-json\/wp\/v2\/users\/580"}],"replies":[{"embeddable":true,"href":"https:\/\/wp.ufpel.edu.br\/dce\/wp-json\/wp\/v2\/comments?post=652"}],"version-history":[{"count":8,"href":"https:\/\/wp.ufpel.edu.br\/dce\/wp-json\/wp\/v2\/pages\/652\/revisions"}],"predecessor-version":[{"id":1138,"href":"https:\/\/wp.ufpel.edu.br\/dce\/wp-json\/wp\/v2\/pages\/652\/revisions\/1138"}],"wp:attachment":[{"href":"https:\/\/wp.ufpel.edu.br\/dce\/wp-json\/wp\/v2\/media?parent=652"}],"curies":[{"name":"wp","href":"https:\/\/api.w.org\/{rel}","templated":true}]}}