{"id":618,"date":"2021-11-09T00:55:10","date_gmt":"2021-11-09T03:55:10","guid":{"rendered":"https:\/\/wp.ufpel.edu.br\/dce\/?page_id=618"},"modified":"2023-09-27T21:24:57","modified_gmt":"2023-09-28T00:24:57","slug":"cie-dce-ufpel-validacao","status":"publish","type":"page","link":"https:\/\/wp.ufpel.edu.br\/dce\/cie-dce-ufpel-validacao\/","title":{"rendered":"Carteira de Identifica\u00e7\u00e3o Estudantil DCE UFPEL &#8211; Valida\u00e7\u00e3o"},"content":{"rendered":"","protected":true},"excerpt":{"rendered":"","protected":true},"author":580,"featured_media":0,"parent":0,"menu_order":0,"comment_status":"closed","ping_status":"closed","template":"","meta":{"footnotes":""},"class_list":["post-618","page","type-page","status-publish","post-password-required","hentry"],"jetpack_sharing_enabled":true,"_links":{"self":[{"href":"https:\/\/wp.ufpel.edu.br\/dce\/wp-json\/wp\/v2\/pages\/618","targetHints":{"allow":["GET"]}}],"collection":[{"href":"https:\/\/wp.ufpel.edu.br\/dce\/wp-json\/wp\/v2\/pages"}],"about":[{"href":"https:\/\/wp.ufpel.edu.br\/dce\/wp-json\/wp\/v2\/types\/page"}],"author":[{"embeddable":true,"href":"https:\/\/wp.ufpel.edu.br\/dce\/wp-json\/wp\/v2\/users\/580"}],"replies":[{"embeddable":true,"href":"https:\/\/wp.ufpel.edu.br\/dce\/wp-json\/wp\/v2\/comments?post=618"}],"version-history":[{"count":72,"href":"https:\/\/wp.ufpel.edu.br\/dce\/wp-json\/wp\/v2\/pages\/618\/revisions"}],"predecessor-version":[{"id":1227,"href":"https:\/\/wp.ufpel.edu.br\/dce\/wp-json\/wp\/v2\/pages\/618\/revisions\/1227"}],"wp:attachment":[{"href":"https:\/\/wp.ufpel.edu.br\/dce\/wp-json\/wp\/v2\/media?parent=618"}],"curies":[{"name":"wp","href":"https:\/\/api.w.org\/{rel}","templated":true}]}}