{"id":927,"date":"2019-07-12T11:43:40","date_gmt":"2019-07-12T14:43:40","guid":{"rendered":"https:\/\/wp.ufpel.edu.br\/danca\/?page_id=927"},"modified":"2023-12-12T11:12:35","modified_gmt":"2023-12-12T14:12:35","slug":"2018-2","status":"publish","type":"page","link":"https:\/\/wp.ufpel.edu.br\/danca\/trabalhos-de-conclusao\/2018-2\/","title":{"rendered":"2018"},"content":{"rendered":"<p><span style=\"color: #000000;font-family: verdana, geneva, sans-serif;font-size: 10pt\">BRI\u00c3O, Renan de Vargas. <strong>A dan\u00e7a da chula ga\u00facha: uma constru\u00e7\u00e3o a partir da trajet\u00f3ria no curso.<\/strong> 2018.<\/span><\/p>\n<p><span style=\"color: #000000;font-family: verdana, geneva, sans-serif;font-size: 10pt\"><a style=\"color: #000000\" href=\"https:\/\/wp.ufpel.edu.br\/danca\/files\/2018\/12\/TCC-Renan-vers\u00e3o-24-12-18-vers\u00e3o-entregarr.pdf\">Arquivo 1.<\/a><\/span><\/p>\n<p><span style=\"color: #000000;font-family: verdana, geneva, sans-serif;font-size: 10pt\">CARVALHO, J\u00e9ssica Oliveira. <strong>Chagas Abertas: O corpo nos rituais de Umbanda.<\/strong> 2018.<\/span><\/p>\n<p><span style=\"color: #000000;font-family: verdana, geneva, sans-serif;font-size: 10pt\"><a style=\"color: #000000\" href=\"https:\/\/wp.ufpel.edu.br\/danca\/files\/2018\/03\/TCC_CHAGAS-ABERTAS-o-corpo-nos-rituais-de-Umbanda-J\u00c9SSICA.pdf\">Arquivo 1<\/a><\/span><\/p>\n<p><span style=\"color: #000000;font-family: verdana, geneva, sans-serif;font-size: 10pt\">COSTA, Franciele Serpa. <strong>Dan\u00e7as circulares e o sagrado feminino: reflex\u00f5es a partir de uma abordagem s\u00f3cio-cultural.<\/strong> 2018.<\/span><\/p>\n<p><span style=\"color: #000000;font-family: verdana, geneva, sans-serif;font-size: 10pt\"><a style=\"color: #000000\" href=\"https:\/\/wp.ufpel.edu.br\/danca\/files\/2018\/08\/TCC-Fran-FINAL.pdf\">Arquivo 1.<\/a><\/span><\/p>\n<p><span style=\"color: #000000;font-family: verdana, geneva, sans-serif;font-size: 10pt\">GRANADO, Ramon de Oliveira. <strong>O homem na Dan\u00e7a Ocidental: Ted Shawn como marco de um protagonismo.<\/strong> 2018.<\/span><\/p>\n<p><span style=\"color: #000000;font-family: verdana, geneva, sans-serif;font-size: 10pt\">(Publica\u00e7\u00e3o n\u00e3o autorizada)<\/span><\/p>\n<p><span style=\"color: #000000;font-family: verdana, geneva, sans-serif;font-size: 10pt\">GUIMAR\u00c3ES, Miriam B. <strong>Tempos Brancos: rememorando estrat\u00e9gias de composi\u00e7\u00e3o coreogr\u00e1fica.<\/strong> 2018<\/span><\/p>\n<p><span style=\"color: #000000;font-family: verdana, geneva, sans-serif;font-size: 10pt\"><a style=\"color: #000000\" href=\"https:\/\/wp.ufpel.edu.br\/danca\/files\/2018\/03\/TCC.pdf\">Arquivo 1<\/a><\/span><\/p>\n<p><span style=\"color: #000000;font-family: verdana, geneva, sans-serif;font-size: 10pt\"><a style=\"color: #000000\" href=\"https:\/\/wp.ufpel.edu.br\/danca\/files\/2018\/03\/Artigo.pdf\">Arquivo 2<\/a><\/span><\/p>\n<p><span style=\"color: #000000;font-family: verdana, geneva, sans-serif;font-size: 10pt\">ITURRIET, Alice B. <strong>Corpo autopoi\u00e9tico: uma pesquisa em biodanza no espa\u00e7o escolar.<\/strong>2018.<\/span><\/p>\n<p><span style=\"color: #000000;font-family: verdana, geneva, sans-serif;font-size: 10pt\"><a style=\"color: #000000\" href=\"https:\/\/wp.ufpel.edu.br\/danca\/files\/2018\/03\/Alice-TCC-final-p\u00f3sbanca.pdf\">Arquivo 1<\/a><\/span><\/p>\n<p><span style=\"color: #000000;font-family: verdana, geneva, sans-serif;font-size: 10pt\">LEMKE, Keity Machado. <strong>Eu e o Carnaval, o Carnaval e eu: mem\u00f3rias dan\u00e7antes a partir de um olhar autoetnogr\u00e1fico.<\/strong> 2018.<\/span><\/p>\n<p><span style=\"color: #000000;font-family: verdana, geneva, sans-serif;font-size: 10pt\"><a style=\"color: #000000\" href=\"https:\/\/wp.ufpel.edu.br\/danca\/files\/2018\/12\/TCC-vers\u00e3o-final-21_12_18i.pdf\">Arquivo 1<\/a><\/span><\/p>\n<p><span style=\"color: #000000;font-family: verdana, geneva, sans-serif;font-size: 10pt\">MARQUES, Larissa B. B.. <strong>Samba de Gafieira e suas varia\u00e7\u00f5es: um estudo sobre o ensino deste g\u00eanero na cidade de Pelotas\/RS.<\/strong> 2018<\/span><\/p>\n<p><span style=\"color: #000000;font-family: verdana, geneva, sans-serif;font-size: 10pt\"><a style=\"color: #000000\" href=\"https:\/\/wp.ufpel.edu.br\/danca\/files\/2018\/03\/TCC-Vers\u00e3o-Oficial.pdf\">Arquivo 1<\/a><\/span><\/p>\n<p><span style=\"color: #000000;font-family: verdana, geneva, sans-serif;font-size: 10pt\">MEDEIROS, Marina Timm. <strong>Composi\u00e7\u00e3o em dan\u00e7a contempor\u00e2nea: t\u00e9cnica e g\u00eaneros de dan\u00e7a no trabalho de Luciana Paludo e de Eduardo Menezes.<\/strong> 2018.<\/span><\/p>\n<p><span style=\"color: #000000;font-family: verdana, geneva, sans-serif;font-size: 10pt\"><a style=\"color: #000000\" href=\"https:\/\/wp.ufpel.edu.br\/danca\/files\/2018\/12\/TCC-VERS\u00c3O-FINAL.pdf\">Arquivo 1<\/a><\/span><\/p>\n<p><span style=\"color: #000000;font-family: verdana, geneva, sans-serif;font-size: 10pt\">MOREIRA, Jana\u00edna Bruna dos Santos. <strong>Nossos testemunhos: criar em dan\u00e7a a partir dos discursos sobre viol\u00eancia contra o g\u00eanero feminino.<\/strong> 2018.<\/span><\/p>\n<p><span style=\"color: #000000;font-family: verdana, geneva, sans-serif;font-size: 10pt\"><a style=\"color: #000000\" href=\"https:\/\/wp.ufpel.edu.br\/danca\/files\/2018\/12\/tcc-imprimir-CD.pdf\">Arquivo 1<\/a><\/span><\/p>\n<p><span style=\"color: #000000;font-family: verdana, geneva, sans-serif;font-size: 10pt\">OLIVEIRA, Iv\u00e2nia Silva. <strong>O despertar para doc\u00eancia: do PIBID Dan\u00e7a para a sala de aula.<\/strong> 2018.<\/span><\/p>\n<p><span style=\"color: #000000;font-family: verdana, geneva, sans-serif;font-size: 10pt\"><a style=\"color: #000000\" href=\"https:\/\/wp.ufpel.edu.br\/danca\/files\/2019\/01\/trabalho-de-conclus\u00e3o-de-curso-finalizado_rev.-Ivi_rev-nora.docx\">Arquivo 1.<\/a><\/span><\/p>\n<p><span style=\"color: #000000;font-family: verdana, geneva, sans-serif;font-size: 10pt\">OLIVEIRA, Thaynara Garcia. <strong>Passando o &#8220;dum tac&#8221; adiante: um estudo sobre professoras de Dan\u00e7a do Ventre na cidade de Rio Grande\/RS.<\/strong> 2018<\/span><\/p>\n<p><span style=\"color: #000000;font-family: verdana, geneva, sans-serif;font-size: 10pt\"><a style=\"color: #000000\" href=\"https:\/\/wp.ufpel.edu.br\/danca\/files\/2018\/03\/TCC-Thaynara-Garcia-de-Oliveira.pdf\">Arquivo 1<\/a><\/span><\/p>\n<p><span style=\"color: #000000;font-family: verdana, geneva, sans-serif;font-size: 10pt\">PAZ, Caroline R. <strong>Pelo espelho de Oxum: um olhar para a aplicabilidade da Lei 10.639\/2003 a partir de sua Dan\u00e7a.<\/strong> 2018<\/span><\/p>\n<p><span style=\"color: #000000;font-family: verdana, geneva, sans-serif;font-size: 10pt\">(Publica\u00e7\u00e3o n\u00e3o autorizada)<\/span><\/p>\n<p><span style=\"color: #000000;font-family: verdana, geneva, sans-serif;font-size: 10pt\">PINHEIRO, Gregory de Souza. <strong>Processos de Remontagem e Adapta\u00e7\u00e3o de <em>ballets<\/em> de repert\u00f3rio: um estudo com artistas do <em>Ballet <\/em>Reden\u00e7\u00e3o de Porto Alegre\/RS e da Escola de <em>Ballet <\/em>Dicl\u00e9ia de Ferreira de Souza de Pelotas.<\/strong> 2018.<\/span><\/p>\n<p><span style=\"color: #000000;font-family: verdana, geneva, sans-serif;font-size: 10pt\"><a style=\"color: #000000\" href=\"https:\/\/wp.ufpel.edu.br\/danca\/files\/2019\/01\/TCC_vers\u00e3o_final_ok_cd.pdf\">Arquivo 1.<\/a><\/span><\/p>\n<p><span style=\"color: #000000;font-family: verdana, geneva, sans-serif;font-size: 10pt\"><a style=\"color: #000000\" href=\"https:\/\/wp.ufpel.edu.br\/danca\/files\/2019\/01\/AP\u00caNDICES-ANEXOS_.pdf\">Arquivo 2.<\/a><\/span><\/p>\n<p><span style=\"color: #000000;font-family: verdana, geneva, sans-serif;font-size: 10pt\">P\u00d3LVORA, Robson Bordignon. <strong>Dan\u00e7a e Futurismo: possibilidades est\u00e9ticas na cria\u00e7\u00e3o coreogr\u00e1fica contempor\u00e2nea.<\/strong> 2018.<\/span><\/p>\n<p><span style=\"color: #000000;font-family: verdana, geneva, sans-serif;font-size: 10pt\"><a style=\"color: #000000\" href=\"https:\/\/wp.ufpel.edu.br\/danca\/files\/2019\/01\/P\u00d3LVORA-Robson_DAN\u00c7A-E-FUTURISMO_possibilidades-est\u00e9ticas-na-cria\u00e7\u00e3o-coreogr\u00e1fica-contempor\u00e2nea.pdf\">Arquivo 1.<\/a><\/span><\/p>\n<p><span style=\"color: #000000;font-family: verdana, geneva, sans-serif;font-size: 10pt\">PORTELA, Carolina Martins. <strong>Os caminhos formativos de uma artista professora: a hist\u00f3ria de Jana\u00edna Jorge. <\/strong>2018.<\/span><\/p>\n<p><span style=\"color: #000000;font-family: verdana, geneva, sans-serif;font-size: 10pt\"><a style=\"color: #000000\" href=\"https:\/\/wp.ufpel.edu.br\/danca\/files\/2018\/12\/TCC-Carolina-Martins-Portela.pdf\">Arquivo 1.<\/a><\/span><\/p>\n<p><span style=\"color: #000000;font-family: verdana, geneva, sans-serif;font-size: 10pt\">RITA, Raquel Gu\u00ea. <strong>A expressividade na forma\u00e7\u00e3o do(a) bailarino(a) cl\u00e1ssico(a).<\/strong> 2018.<\/span><\/p>\n<p><span style=\"color: #000000;font-family: verdana, geneva, sans-serif;font-size: 10pt\"><a style=\"color: #000000\" href=\"https:\/\/wp.ufpel.edu.br\/danca\/files\/2018\/03\/A-Expressividade-na-forma\u00e7\u00e3o-doa-bailarino-a-cl\u00e1ssico-a.pdf\">Arquivo 1<\/a><\/span><\/p>\n<p><span style=\"color: #000000;font-family: verdana, geneva, sans-serif;font-size: 10pt\">ROCHA, Beliza Gonzales. <strong>entre Lo(r)cas tramas: possibilidades de cria\u00e7\u00e3o de personagens em uma montagem de dan\u00e7a contempor\u00e2nea.<\/strong> 2018.<\/span><\/p>\n<p><span style=\"color: #000000;font-family: verdana, geneva, sans-serif;font-size: 10pt\"><a style=\"color: #000000\" href=\"https:\/\/wp.ufpel.edu.br\/danca\/files\/2018\/12\/TCC_BELIZA_VERSAO_FINAL.pdf\">Arquivo 1<\/a><\/span><\/p>\n<p><span style=\"color: #000000;font-family: verdana, geneva, sans-serif;font-size: 10pt\">RODRIGUES, Joice Soares. <strong>O l\u00fadico e a dan\u00e7a: olhares das licenciadas em Dan\u00e7a que atuam em escolas da rede p\u00fablica de Pelotas\/RS.<\/strong> 2018.<\/span><\/p>\n<p><span style=\"color: #000000;font-family: verdana, geneva, sans-serif;font-size: 10pt\"><a style=\"color: #000000\" href=\"https:\/\/wp.ufpel.edu.br\/danca\/files\/2019\/01\/TCC-JOICE-FINAL-CD.pdf\">Arquivo 1.<\/a><\/span><\/p>\n<p><span style=\"color: #000000;font-family: verdana, geneva, sans-serif;font-size: 10pt\">RODRIGUES, Lidiane Domingues. <strong>Forma\u00e7\u00e3o de p\u00fablico espectador infantil: um estudo de caso sobre a experi\u00eancia do Projeto Algod\u00e3o Doce na cidade de Pelotas.<\/strong> 2018.<\/span><\/p>\n<p><span style=\"color: #000000;font-family: verdana, geneva, sans-serif;font-size: 10pt\"><a style=\"color: #000000\" href=\"https:\/\/wp.ufpel.edu.br\/danca\/files\/2018\/12\/VERS\u00c3O-TCC-FINAL-LIDIANE-final-mesmo-com-as-corre\u00e7\u00f5es-da-banca.pdf\">Arquivo 1<\/a><\/span><\/p>\n<p><span style=\"color: #000000;font-family: verdana, geneva, sans-serif;font-size: 10pt\">ROSA, Naiane Ribeiro. <strong>Candombe uruguaio: reflex\u00f5es etnogr\u00e1ficas sobre identidade e negritude a partir de uma Mama Vieja &#8211; Yully da Chaga.<\/strong> 2018.<\/span><\/p>\n<p><span style=\"color: #000000;font-family: verdana, geneva, sans-serif;font-size: 10pt\"><a style=\"color: #000000\" href=\"https:\/\/wp.ufpel.edu.br\/danca\/files\/2018\/12\/TCC-Naiane-vers\u00e3o-final1.pdf\">Arquivo 1.<\/a><\/span><\/p>\n<p><span style=\"color: #000000;font-family: verdana, geneva, sans-serif;font-size: 10pt\">SAN MARTINS, Rebeca Pereira. <strong>Constituir-se professora de Bal\u00e9: mem\u00f3rias e reflex\u00f5es.<\/strong> 2018.<\/span><\/p>\n<p><span style=\"color: #000000;font-family: verdana, geneva, sans-serif;font-size: 10pt\"><a style=\"color: #000000\" href=\"https:\/\/wp.ufpel.edu.br\/danca\/files\/2018\/04\/TCC-FINALIZADO_Beca-Artigo.pdf\">Arquivo 1<\/a><\/span><\/p>\n<p><span style=\"color: #000000;font-family: verdana, geneva, sans-serif;font-size: 10pt\">SAY\u00c3O, Maria Eduarda de Souza T. <strong>Que dan\u00e7a se dan\u00e7a? A pr\u00e1tica da dan\u00e7a nas igrejas evang\u00e9licas de Rio Grande\/RS.<\/strong> 2018.<\/span><\/p>\n<p><span style=\"color: #000000;font-family: verdana, geneva, sans-serif;font-size: 10pt\"><a style=\"color: #000000\" href=\"https:\/\/wp.ufpel.edu.br\/danca\/files\/2018\/03\/Trabalho-de-Conclus\u00e3o-de-curso-Maria-Eduarda-Say\u00e3o.pdf\">Arquivo 1<\/a><\/span><\/p>\n<p><span style=\"color: #000000;font-family: verdana, geneva, sans-serif;font-size: 10pt\">VIEIRA, David Ferreira. <strong>Hip Hop Dance: vocabul\u00e1rio po\u00e9tico e possibilidades de cria\u00e7\u00e3o.<\/strong> 2018<\/span><\/p>\n<p><span style=\"color: #000000;font-family: verdana, geneva, sans-serif;font-size: 10pt\"><a style=\"color: #000000\" href=\"https:\/\/wp.ufpel.edu.br\/danca\/files\/2018\/08\/TCC-David-Fevii-2018-Finalizado.pdf\">Arquivo 1<\/a><\/span><\/p>\n","protected":false},"excerpt":{"rendered":"<p>BRI\u00c3O, Renan de Vargas. A dan\u00e7a da chula ga\u00facha: uma constru\u00e7\u00e3o a partir da trajet\u00f3ria no curso. 2018. Arquivo 1. CARVALHO, J\u00e9ssica Oliveira. Chagas Abertas: O corpo nos rituais de Umbanda. 2018. Arquivo 1 COSTA, Franciele Serpa. Dan\u00e7as circulares e o sagrado feminino: reflex\u00f5es a partir de uma abordagem s\u00f3cio-cultural. 2018. Arquivo 1. GRANADO, Ramon [&hellip;]<\/p>\n","protected":false},"author":334,"featured_media":0,"parent":167,"menu_order":6,"comment_status":"closed","ping_status":"closed","template":"","meta":{"footnotes":""},"class_list":["post-927","page","type-page","status-publish","hentry"],"jetpack_sharing_enabled":true,"_links":{"self":[{"href":"https:\/\/wp.ufpel.edu.br\/danca\/wp-json\/wp\/v2\/pages\/927","targetHints":{"allow":["GET"]}}],"collection":[{"href":"https:\/\/wp.ufpel.edu.br\/danca\/wp-json\/wp\/v2\/pages"}],"about":[{"href":"https:\/\/wp.ufpel.edu.br\/danca\/wp-json\/wp\/v2\/types\/page"}],"author":[{"embeddable":true,"href":"https:\/\/wp.ufpel.edu.br\/danca\/wp-json\/wp\/v2\/users\/334"}],"replies":[{"embeddable":true,"href":"https:\/\/wp.ufpel.edu.br\/danca\/wp-json\/wp\/v2\/comments?post=927"}],"version-history":[{"count":4,"href":"https:\/\/wp.ufpel.edu.br\/danca\/wp-json\/wp\/v2\/pages\/927\/revisions"}],"predecessor-version":[{"id":954,"href":"https:\/\/wp.ufpel.edu.br\/danca\/wp-json\/wp\/v2\/pages\/927\/revisions\/954"}],"up":[{"embeddable":true,"href":"https:\/\/wp.ufpel.edu.br\/danca\/wp-json\/wp\/v2\/pages\/167"}],"wp:attachment":[{"href":"https:\/\/wp.ufpel.edu.br\/danca\/wp-json\/wp\/v2\/media?parent=927"}],"curies":[{"name":"wp","href":"https:\/\/api.w.org\/{rel}","templated":true}]}}