{"id":924,"date":"2019-07-12T11:43:17","date_gmt":"2019-07-12T14:43:17","guid":{"rendered":"https:\/\/wp.ufpel.edu.br\/danca\/?page_id=924"},"modified":"2023-12-12T11:12:41","modified_gmt":"2023-12-12T14:12:41","slug":"2017-2","status":"publish","type":"page","link":"https:\/\/wp.ufpel.edu.br\/danca\/trabalhos-de-conclusao\/2017-2\/","title":{"rendered":"2017"},"content":{"rendered":"<p><span style=\"color: #000000;font-family: verdana, geneva, sans-serif;font-size: 10pt\">ANJOS, Denise Ferreira dos. <strong>Normativas para elabora\u00e7\u00e3o dos trabalhos de conclus\u00e3o nos cursos de Gradua\u00e7\u00e3o em Dan\u00e7a no RS: um estudo explorat\u00f3rio e panor\u00e2mico.<\/strong> 2017.<\/span><\/p>\n<p><span style=\"color: #000000;font-family: verdana, geneva, sans-serif;font-size: 10pt\"><a style=\"color: #000000\" href=\"https:\/\/wp.ufpel.edu.br\/danca\/files\/2014\/06\/Monografia-Denise_Vers\u00e3oFinal.pdf\">Arquivo 1.<\/a><\/span><\/p>\n<p><span style=\"color: #000000;font-family: verdana, geneva, sans-serif;font-size: 10pt\">ARRIETA, Tais Bastos Botelho. <strong>Fragmenformance: como contar com o corpo.<\/strong> 2017.<\/span><\/p>\n<p><span style=\"color: #000000;font-family: verdana, geneva, sans-serif;font-size: 10pt\"><a style=\"color: #000000\" href=\"https:\/\/wp.ufpel.edu.br\/danca\/files\/2014\/06\/TA\u00cdS-VERS\u00c3O-FINAL.pdf\">Arquivo 1<\/a><\/span><\/p>\n<p><span style=\"color: #000000;font-family: verdana, geneva, sans-serif;font-size: 10pt\">COELHO, Juliana de Moraes. <strong>Negra, sim: olhares docentes sobre a identidade \u00e9tnica e a rela\u00e7\u00e3o com o ensino de Dan\u00e7as Afro na cidade de Pelotas &#8211; RS.<\/strong> 2017.<\/span><\/p>\n<p><span style=\"color: #000000;font-family: verdana, geneva, sans-serif;font-size: 10pt\"><a style=\"color: #000000\" href=\"https:\/\/wp.ufpel.edu.br\/danca\/files\/2014\/06\/VERS\u00c3O-FINAL-TCC-JU-COELHO-.pdf\">Arquivo 1<\/a><\/span><\/p>\n<p><span style=\"color: #000000;font-family: verdana, geneva, sans-serif;font-size: 10pt\">NEUTZLING, Andrine Porci\u00fancula. <strong>Grupos de Dan\u00e7a na Maturidade: Caminhos que permeiam os prop\u00f3sitos do professor\/coordenador e a produ\u00e7\u00e3o art\u00edstica.<\/strong> 2017.<\/span><\/p>\n<p><span style=\"color: #000000;font-family: verdana, geneva, sans-serif;font-size: 10pt\"><a style=\"color: #000000\" href=\"https:\/\/wp.ufpel.edu.br\/danca\/files\/2014\/06\/TCC-CORRE\u00c7\u00c3O-BANCA-FINAL-FINAL.pdf\">Arquivo 1<\/a><\/span><\/p>\n<p><span style=\"color: #000000;font-family: verdana, geneva, sans-serif;font-size: 10pt\">PORTO, Robson Teixeira. <strong>Gafieira Club: Um olhar sobre a forma\u00e7\u00e3o de professores de Dan\u00e7a de Sal\u00e3o no espa\u00e7o n\u00e3o-formal de ensino.<\/strong> 2017.<\/span><\/p>\n<p><span style=\"color: #000000;font-family: verdana, geneva, sans-serif;font-size: 10pt\"><a style=\"color: #000000\" href=\"https:\/\/wp.ufpel.edu.br\/danca\/files\/2014\/06\/Porto_-Vers\u00e3o-Final.pdf\">Arquivo 1.<\/a><\/span><\/p>\n<p><span style=\"color: #000000;font-family: verdana, geneva, sans-serif;font-size: 10pt\">SALDANHA, Julie de Freitas. <strong>Dan\u00e7a e Maturidade: reflex\u00f5es sobre Baila Cassino Grupo de Dan\u00e7a.<\/strong> 2017.<\/span><\/p>\n<p><span style=\"color: #000000;font-family: verdana, geneva, sans-serif;font-size: 10pt\"><a style=\"color: #000000\" href=\"https:\/\/wp.ufpel.edu.br\/danca\/files\/2014\/06\/Julie_TCC_Vers\u00e3o-Final.pdf\">Arquivo 1.<\/a><\/span><\/p>\n<p><span style=\"color: #000000;font-family: verdana, geneva, sans-serif;font-size: 10pt\">SILVA, Kelly Souza.\u00a0<strong>Mem\u00f3rias do Ballet Cl\u00e1ssico em Pelotas: Narrativas sobre a Hist\u00f3ria de Ruben Luis Montes Trinidad, o &#8220;Kyro&#8221;.<\/strong> 2017<\/span><\/p>\n<p><span style=\"color: #000000;font-family: verdana, geneva, sans-serif;font-size: 10pt\"><a style=\"color: #000000\" href=\"https:\/\/wp.ufpel.edu.br\/danca\/files\/2017\/12\/TCC-Kelly-Souza-Silva.pdf\">Arquivo 1.<\/a><\/span><\/p>\n<p><span style=\"color: #000000;font-family: verdana, geneva, sans-serif;font-size: 10pt\"><a style=\"color: #000000\" href=\"https:\/\/wp.ufpel.edu.br\/danca\/files\/2017\/12\/TCC-Kelly-Souza-Silva-VOLUME-2-CATALOGO-pdf.pdf\">Arquivo 2.<\/a><\/span><\/p>\n<p><span style=\"color: #000000;font-family: verdana, geneva, sans-serif;font-size: 10pt\">TAVARES, \u00c9rika Macedo. <strong>Professores de Dan\u00e7as urbanas da Cidade de Pelotas (2002-2016): trajet\u00f3rias e entendimentos sobre forma\u00e7\u00e3o docente superior.<\/strong> 2017.<\/span><\/p>\n<p><span style=\"color: #000000;font-family: verdana, geneva, sans-serif;font-size: 10pt\"><a style=\"color: #000000\" href=\"https:\/\/wp.ufpel.edu.br\/danca\/files\/2014\/06\/TCC_\u00c9rika_-2017.pdf\">Arquivo 1.<\/a><\/span><\/p>\n","protected":false},"excerpt":{"rendered":"<p>ANJOS, Denise Ferreira dos. Normativas para elabora\u00e7\u00e3o dos trabalhos de conclus\u00e3o nos cursos de Gradua\u00e7\u00e3o em Dan\u00e7a no RS: um estudo explorat\u00f3rio e panor\u00e2mico. 2017. Arquivo 1. ARRIETA, Tais Bastos Botelho. Fragmenformance: como contar com o corpo. 2017. Arquivo 1 COELHO, Juliana de Moraes. Negra, sim: olhares docentes sobre a identidade \u00e9tnica e a rela\u00e7\u00e3o [&hellip;]<\/p>\n","protected":false},"author":334,"featured_media":0,"parent":167,"menu_order":7,"comment_status":"closed","ping_status":"closed","template":"","meta":{"footnotes":""},"class_list":["post-924","page","type-page","status-publish","hentry"],"jetpack_sharing_enabled":true,"_links":{"self":[{"href":"https:\/\/wp.ufpel.edu.br\/danca\/wp-json\/wp\/v2\/pages\/924","targetHints":{"allow":["GET"]}}],"collection":[{"href":"https:\/\/wp.ufpel.edu.br\/danca\/wp-json\/wp\/v2\/pages"}],"about":[{"href":"https:\/\/wp.ufpel.edu.br\/danca\/wp-json\/wp\/v2\/types\/page"}],"author":[{"embeddable":true,"href":"https:\/\/wp.ufpel.edu.br\/danca\/wp-json\/wp\/v2\/users\/334"}],"replies":[{"embeddable":true,"href":"https:\/\/wp.ufpel.edu.br\/danca\/wp-json\/wp\/v2\/comments?post=924"}],"version-history":[{"count":4,"href":"https:\/\/wp.ufpel.edu.br\/danca\/wp-json\/wp\/v2\/pages\/924\/revisions"}],"predecessor-version":[{"id":955,"href":"https:\/\/wp.ufpel.edu.br\/danca\/wp-json\/wp\/v2\/pages\/924\/revisions\/955"}],"up":[{"embeddable":true,"href":"https:\/\/wp.ufpel.edu.br\/danca\/wp-json\/wp\/v2\/pages\/167"}],"wp:attachment":[{"href":"https:\/\/wp.ufpel.edu.br\/danca\/wp-json\/wp\/v2\/media?parent=924"}],"curies":[{"name":"wp","href":"https:\/\/api.w.org\/{rel}","templated":true}]}}