{"id":921,"date":"2019-07-12T11:43:05","date_gmt":"2019-07-12T14:43:05","guid":{"rendered":"https:\/\/wp.ufpel.edu.br\/danca\/?page_id=921"},"modified":"2023-12-12T11:12:48","modified_gmt":"2023-12-12T14:12:48","slug":"2016-2","status":"publish","type":"page","link":"https:\/\/wp.ufpel.edu.br\/danca\/trabalhos-de-conclusao\/2016-2\/","title":{"rendered":"2016"},"content":{"rendered":"<p><span style=\"color: #000000;font-family: verdana, geneva, sans-serif;font-size: 10pt\">COLINS, Cleyce Silva.\u00a0<strong>\u201cEu-Boi\u201d &#8211; entre Catirinas, Cazumbas e Tapuias: folguedo, performance e contemporaneidade a partir do bumba-meu-boi maranhense.<\/strong> 2016.<\/span><\/p>\n<p><span style=\"color: #000000;font-family: verdana, geneva, sans-serif;font-size: 10pt\"><a style=\"color: #000000\" href=\"https:\/\/wp.ufpel.edu.br\/danca\/files\/2014\/06\/COLINSCleyce-Silva.pdf\">Arquivo 1<\/a><\/span><\/p>\n<p><span style=\"color: #000000;font-family: verdana, geneva, sans-serif;font-size: 10pt\"><em>** Os arquivos do processo de cria\u00e7\u00e3o deste trabalho encontram-se dispon\u00edveis no DVD, o qual encontra-se na Biblioteca. N\u00e3o \u00e9 poss\u00edvel disponibiliz\u00e1-los neste local devido ao tamanho m\u00e1ximo de carregamento do site.<\/em><\/span><\/p>\n<p><span style=\"color: #000000;font-family: verdana, geneva, sans-serif;font-size: 10pt\">DUARTE, Taison Furtado.\u00a0<strong>ENSINO DE DAN\u00c7AS URBANAS HOJE: um estudo sobre pr\u00e1ticas art\u00edstico-pedag\u00f3gicas contempor\u00e2neas na cidade de Pelotas \u2013 RS, a partir do olhar docente.<\/strong> 2016<\/span><\/p>\n<p><span style=\"color: #000000;font-family: verdana, geneva, sans-serif;font-size: 10pt\"><a style=\"color: #000000\" href=\"https:\/\/wp.ufpel.edu.br\/danca\/files\/2014\/06\/Taison-Monografia-Vers\u00e3o-Final.pdf\">Arquivo 1<\/a><\/span><\/p>\n<p><span style=\"color: #000000;font-family: verdana, geneva, sans-serif;font-size: 10pt\">OTT, Janine Lopes. <strong>A DAN\u00c7A NA ESCOLA: um estudo sobre o PIBID GeoArtes da UFPel.<\/strong> 2016.<\/span><\/p>\n<p><span style=\"color: #000000;font-family: verdana, geneva, sans-serif;font-size: 10pt\"><a style=\"color: #000000\" href=\"https:\/\/wp.ufpel.edu.br\/danca\/files\/2014\/06\/TCC-Janine-Lopes-Ott.pdf\">Arquivo 1<\/a><\/span><\/p>\n<p><span style=\"color: #000000;font-family: verdana, geneva, sans-serif;font-size: 10pt\">RODRIGUES, Karen Domingues.\u00a0<strong>Dan\u00e7as tradicionais ga\u00fachas: (de) compondo sua movimenta\u00e7\u00e3o.<\/strong> 2016<\/span><\/p>\n<p><span style=\"color: #000000;font-family: verdana, geneva, sans-serif;font-size: 10pt\"><a style=\"color: #000000\" href=\"https:\/\/wp.ufpel.edu.br\/danca\/files\/2014\/06\/TCC-Karen-Domingues-Rodrigues-FINAL-em-CD-15-de-Julho-UFPEL.pdf\">Arquivo 1<\/a><\/span><\/p>\n<p><span style=\"color: #000000;font-family: verdana, geneva, sans-serif;font-size: 10pt\">SILVA, Debora Cardoso.\u00a0<strong>DAN\u00c7A NA ESCOLA:\u00a0<\/strong><strong>Uma percep\u00e7\u00e3o sobre a inser\u00e7\u00e3o da dan\u00e7a enquanto disciplina curricular na escola Coronel Pedro Os\u00f3rio<\/strong>. 2016<\/span><\/p>\n<p><span style=\"color: #000000;font-family: verdana, geneva, sans-serif;font-size: 10pt\"><a style=\"color: #000000\" href=\"https:\/\/wp.ufpel.edu.br\/danca\/files\/2014\/06\/final-para-entrega.pdf\">Arquivo 1<\/a><\/span><\/p>\n","protected":false},"excerpt":{"rendered":"<p>COLINS, Cleyce Silva.\u00a0\u201cEu-Boi\u201d &#8211; entre Catirinas, Cazumbas e Tapuias: folguedo, performance e contemporaneidade a partir do bumba-meu-boi maranhense. 2016. Arquivo 1 ** Os arquivos do processo de cria\u00e7\u00e3o deste trabalho encontram-se dispon\u00edveis no DVD, o qual encontra-se na Biblioteca. N\u00e3o \u00e9 poss\u00edvel disponibiliz\u00e1-los neste local devido ao tamanho m\u00e1ximo de carregamento do site. DUARTE, Taison [&hellip;]<\/p>\n","protected":false},"author":334,"featured_media":0,"parent":167,"menu_order":8,"comment_status":"closed","ping_status":"closed","template":"","meta":{"footnotes":""},"class_list":["post-921","page","type-page","status-publish","hentry"],"jetpack_sharing_enabled":true,"_links":{"self":[{"href":"https:\/\/wp.ufpel.edu.br\/danca\/wp-json\/wp\/v2\/pages\/921","targetHints":{"allow":["GET"]}}],"collection":[{"href":"https:\/\/wp.ufpel.edu.br\/danca\/wp-json\/wp\/v2\/pages"}],"about":[{"href":"https:\/\/wp.ufpel.edu.br\/danca\/wp-json\/wp\/v2\/types\/page"}],"author":[{"embeddable":true,"href":"https:\/\/wp.ufpel.edu.br\/danca\/wp-json\/wp\/v2\/users\/334"}],"replies":[{"embeddable":true,"href":"https:\/\/wp.ufpel.edu.br\/danca\/wp-json\/wp\/v2\/comments?post=921"}],"version-history":[{"count":4,"href":"https:\/\/wp.ufpel.edu.br\/danca\/wp-json\/wp\/v2\/pages\/921\/revisions"}],"predecessor-version":[{"id":956,"href":"https:\/\/wp.ufpel.edu.br\/danca\/wp-json\/wp\/v2\/pages\/921\/revisions\/956"}],"up":[{"embeddable":true,"href":"https:\/\/wp.ufpel.edu.br\/danca\/wp-json\/wp\/v2\/pages\/167"}],"wp:attachment":[{"href":"https:\/\/wp.ufpel.edu.br\/danca\/wp-json\/wp\/v2\/media?parent=921"}],"curies":[{"name":"wp","href":"https:\/\/api.w.org\/{rel}","templated":true}]}}