{"id":912,"date":"2019-07-12T11:37:58","date_gmt":"2019-07-12T14:37:58","guid":{"rendered":"https:\/\/wp.ufpel.edu.br\/danca\/?page_id=912"},"modified":"2023-12-12T11:13:07","modified_gmt":"2023-12-12T14:13:07","slug":"2013-2","status":"publish","type":"page","link":"https:\/\/wp.ufpel.edu.br\/danca\/trabalhos-de-conclusao\/2013-2\/","title":{"rendered":"2013"},"content":{"rendered":"<p><span style=\"color: #000000;font-family: verdana, geneva, sans-serif;font-size: 10pt\">AZEVEDO, Karina Silveira.\u00a0<strong>Dan\u00e7as Afro-Brasileiras: um estudo sobre as abordagens de ensino desenvolvidas no CASCE ODARA e na Cia. de Dan\u00e7a Afro Daniel Amaro<\/strong>, 2013.<\/span><\/p>\n<p><span style=\"color: #000000;font-family: verdana, geneva, sans-serif;font-size: 10pt\"><a style=\"color: #000000\" href=\"https:\/\/wp.ufpel.edu.br\/danca\/files\/2014\/06\/KARINA-SILVEIRA-AZEVEDO-PR\u00c9-TEXTUAIS.pdf\">Arquivo 1<\/a><\/span><\/p>\n<p><span style=\"color: #000000;font-family: verdana, geneva, sans-serif;font-size: 10pt\"><a style=\"color: #000000\" href=\"https:\/\/wp.ufpel.edu.br\/danca\/files\/2014\/06\/KARINA-SILVEIRA-AZEVEDO-TEXTUAIS.pdf\">Arquivo 2<\/a><\/span><\/p>\n<p><span style=\"color: #000000;font-family: verdana, geneva, sans-serif;font-size: 10pt\">BORBA, M\u00f4nica Corr\u00eaa. <strong>Profiss\u00e3o: Professor de Dan\u00e7a! A trajet\u00f3ria de forma\u00e7\u00e3o de uma professora de Bal\u00e9 Cl\u00e1ssico na cidade de Pelotas.<\/strong>, 2013<\/span><\/p>\n<p><span style=\"color: #000000;font-family: verdana, geneva, sans-serif;font-size: 10pt\"><a style=\"color: #000000\" href=\"https:\/\/wp.ufpel.edu.br\/danca\/files\/2014\/06\/TCC-1\u00aa-PARTE.pdf\">Arquivo 1<\/a><\/span><\/p>\n<p><span style=\"color: #000000;font-family: verdana, geneva, sans-serif;font-size: 10pt\"><a style=\"color: #000000\" href=\"https:\/\/wp.ufpel.edu.br\/danca\/files\/2014\/06\/APENDICES-1\u00aa-parte....pdf\">Arquivo 2<\/a><\/span><\/p>\n<p><span style=\"color: #000000;font-family: verdana, geneva, sans-serif;font-size: 10pt\"><a style=\"color: #000000\" href=\"https:\/\/wp.ufpel.edu.br\/danca\/files\/2014\/06\/apendices-2\u00aa-PARTE.pdf\">Arquivo 3<\/a><\/span><\/p>\n<p><span style=\"color: #000000;font-family: verdana, geneva, sans-serif;font-size: 10pt\">COSTA, Luciano Mello. <strong>Samba de Gafieira: Um estudo comparativo entre duas Metodologias de Ensino<\/strong>, 2013<\/span><\/p>\n<p><span style=\"color: #000000;font-family: verdana, geneva, sans-serif;font-size: 10pt\"><a style=\"color: #000000\" href=\"https:\/\/wp.ufpel.edu.br\/danca\/files\/2014\/06\/VERSAO-FINAL-COREE\u00c7\u00d5ES-FINAIS-ok.pdf\">Arquivo 1<\/a><\/span><\/p>\n<p><span style=\"color: #000000;font-family: verdana, geneva, sans-serif;font-size: 10pt\">DAMASCENO, D\u00e9bora P., <strong>Dan\u00e7as Ga\u00fachas de Sal\u00e3o e Arte Circense: Uma Proposta pedag\u00f3gica de prepara\u00e7\u00e3o c\u00eanica<\/strong>, 2013<\/span><\/p>\n<p><span style=\"color: #000000;font-family: verdana, geneva, sans-serif;font-size: 10pt\"><a style=\"color: #000000\" href=\"https:\/\/wp.ufpel.edu.br\/danca\/files\/2014\/06\/CAPAS-DEBORA.pdf\">Arquivo 1<\/a><\/span><\/p>\n<p><span style=\"color: #000000;font-family: verdana, geneva, sans-serif;font-size: 10pt\"><a style=\"color: #000000\" href=\"https:\/\/wp.ufpel.edu.br\/danca\/files\/2014\/06\/D\u00e9bora-Pinheiro-Damasceno.pdf\">Arquivo 2<\/a><\/span><\/p>\n<p><span style=\"color: #000000;font-family: verdana, geneva, sans-serif;font-size: 10pt\">GON\u00c7ALVES, Maiara C. Moraes. <strong>O Bal\u00e9 na forma\u00e7\u00e3o de licenciados em Dan\u00e7a no RS.<\/strong>, 2013<\/span><\/p>\n<p><span style=\"color: #000000;font-family: verdana, geneva, sans-serif;font-size: 10pt\"><a style=\"color: #000000\" href=\"https:\/\/wp.ufpel.edu.br\/danca\/files\/2014\/06\/capa-TCC-vers\u00e3o-final.pdf\">Arquivo 1<\/a><\/span><\/p>\n<p><span style=\"color: #000000;font-family: verdana, geneva, sans-serif;font-size: 10pt\"><a style=\"color: #000000\" href=\"https:\/\/wp.ufpel.edu.br\/danca\/files\/2014\/06\/TCC-vers\u00e3o-final1.pdf\">Arquivo 2<\/a><\/span><\/p>\n<p><span style=\"color: #000000;font-family: verdana, geneva, sans-serif;font-size: 10pt\">MACHADO, Carlos Eduardo Motta.\u00a0<strong>DAN\u00c7AS URBANAS: BUSCA DE IDENTIDADE E TRANSFORMA\u00c7\u00c3O DO JOVEM CONTEMPOR\u00c2NEO<\/strong>, 2013.<\/span><\/p>\n<p><span style=\"color: #000000;font-family: verdana, geneva, sans-serif;font-size: 10pt\"><a style=\"color: #000000\" href=\"https:\/\/wp.ufpel.edu.br\/danca\/files\/2014\/06\/TCC-gugu-em-PDF.pdf\">Arquivo 1<\/a><\/span><\/p>\n<p><span style=\"color: #000000;font-family: verdana, geneva, sans-serif;font-size: 10pt\">MARINHO, Thomas Porto.\u00a0<strong>\u201cDan\u00e7ando a Vida\u201d: um m\u00e9todo de ensino para terceira idade.<\/strong>, 2013.<\/span><\/p>\n<p><span style=\"color: #000000;font-family: verdana, geneva, sans-serif;font-size: 10pt\"><a style=\"color: #000000\" href=\"https:\/\/wp.ufpel.edu.br\/danca\/files\/2014\/06\/capa-tcc-thomas-novo.pdf\">Arquivo 1<\/a><\/span><\/p>\n<p><span style=\"color: #000000;font-family: verdana, geneva, sans-serif;font-size: 10pt\"><a style=\"color: #000000\" href=\"https:\/\/wp.ufpel.edu.br\/danca\/files\/2014\/06\/TCC-THOMAS-FINAL-CORRIGIDO-NOVO.pdf\">Arquivo 2<\/a><\/span><\/p>\n<p><span style=\"color: #000000;font-family: verdana, geneva, sans-serif;font-size: 10pt\">OXLEY, Tauana.\u00a0<strong>DAN\u00c7AS URBANAS NO ENSINO M\u00c9DIO DAS ESCOLAS P\u00daBLICAS DE PELOTAS: diagn\u00f3stico e possibilidades pedag\u00f3gicas<\/strong>, 2013.<\/span><\/p>\n<p><span style=\"color: #000000;font-family: verdana, geneva, sans-serif;font-size: 10pt\"><a style=\"color: #000000\" href=\"https:\/\/wp.ufpel.edu.br\/danca\/files\/2014\/06\/pr\u00e9-textuais.pdf\">Arquivo 1<\/a><\/span><\/p>\n<p><span style=\"color: #000000;font-family: verdana, geneva, sans-serif;font-size: 10pt\"><a style=\"color: #000000\" href=\"https:\/\/wp.ufpel.edu.br\/danca\/files\/2014\/06\/TCC-PRONT\u00cdSSIMO.pdf\">Arquivo 2<\/a><\/span><\/p>\n<p><span style=\"color: #000000;font-family: verdana, geneva, sans-serif;font-size: 10pt\">SILVEIRA, Thuani C., <strong>Dan\u00e7ar Po\u00e9tico: Um primeiro estudo sobre a parceria do Projeto de Extens\u00e3o Po\u00e9ticas da Diferen\u00e7a na UFPel com o Centro de Aten\u00e7\u00e3o \u00e0 Sa\u00fade Escolar do munic\u00edpio de Pelotas<\/strong>, 2013<\/span><\/p>\n<p><span style=\"color: #000000;font-family: verdana, geneva, sans-serif;font-size: 10pt\"><a style=\"color: #000000\" href=\"https:\/\/wp.ufpel.edu.br\/danca\/files\/2014\/06\/IMPRESS\u00c3OTCC-THUANI_PR\u00c9-TEXTUAIS_IMPRESS\u00c3O_FINAL.pdf\">Arquivo 1<\/a><\/span><\/p>\n<p><span style=\"color: #000000;font-family: verdana, geneva, sans-serif;font-size: 10pt\"><a style=\"color: #000000\" href=\"https:\/\/wp.ufpel.edu.br\/danca\/files\/2014\/06\/IMPRESS\u00c3OTCC-CAP-TEXTUAIS_FINAL-1.pdf\">Arquivo 2<\/a><\/span><\/p>\n<p><span style=\"color: #000000;font-family: verdana, geneva, sans-serif;font-size: 10pt\">VIGORITO, Jaqueline Silva.\u00a0<strong>UM OLHAR SOBRE O ENSINO DE DAN\u00c7A NAS ESCOLAS MUNICIPAIS DE EDUCA\u00c7\u00c3O B\u00c1SICA DO MUNIC\u00cdPIO DE RIO GRANDE.<\/strong> 2013.<\/span><\/p>\n<p><span style=\"color: #000000;font-family: verdana, geneva, sans-serif;font-size: 10pt\"><a style=\"color: #000000\" href=\"https:\/\/wp.ufpel.edu.br\/danca\/files\/2014\/06\/UM-OLHAR-SOBRE-I-ENSINO-DE-DAN\u00c7A-NAS-ESCOLAS-MUNICIPAIS-DE-EDUCA\u00c7\u00c3O-B\u00c1SICA-DO-MUNIC\u00d3PIO-DE-RIO-GRANDE.pdf\">Arquivo 1<\/a><\/span><\/p>\n","protected":false},"excerpt":{"rendered":"<p>AZEVEDO, Karina Silveira.\u00a0Dan\u00e7as Afro-Brasileiras: um estudo sobre as abordagens de ensino desenvolvidas no CASCE ODARA e na Cia. de Dan\u00e7a Afro Daniel Amaro, 2013. Arquivo 1 Arquivo 2 BORBA, M\u00f4nica Corr\u00eaa. Profiss\u00e3o: Professor de Dan\u00e7a! A trajet\u00f3ria de forma\u00e7\u00e3o de uma professora de Bal\u00e9 Cl\u00e1ssico na cidade de Pelotas., 2013 Arquivo 1 Arquivo 2 Arquivo [&hellip;]<\/p>\n","protected":false},"author":334,"featured_media":0,"parent":167,"menu_order":11,"comment_status":"closed","ping_status":"closed","template":"","meta":{"footnotes":""},"class_list":["post-912","page","type-page","status-publish","hentry"],"jetpack_sharing_enabled":true,"_links":{"self":[{"href":"https:\/\/wp.ufpel.edu.br\/danca\/wp-json\/wp\/v2\/pages\/912","targetHints":{"allow":["GET"]}}],"collection":[{"href":"https:\/\/wp.ufpel.edu.br\/danca\/wp-json\/wp\/v2\/pages"}],"about":[{"href":"https:\/\/wp.ufpel.edu.br\/danca\/wp-json\/wp\/v2\/types\/page"}],"author":[{"embeddable":true,"href":"https:\/\/wp.ufpel.edu.br\/danca\/wp-json\/wp\/v2\/users\/334"}],"replies":[{"embeddable":true,"href":"https:\/\/wp.ufpel.edu.br\/danca\/wp-json\/wp\/v2\/comments?post=912"}],"version-history":[{"count":4,"href":"https:\/\/wp.ufpel.edu.br\/danca\/wp-json\/wp\/v2\/pages\/912\/revisions"}],"predecessor-version":[{"id":959,"href":"https:\/\/wp.ufpel.edu.br\/danca\/wp-json\/wp\/v2\/pages\/912\/revisions\/959"}],"up":[{"embeddable":true,"href":"https:\/\/wp.ufpel.edu.br\/danca\/wp-json\/wp\/v2\/pages\/167"}],"wp:attachment":[{"href":"https:\/\/wp.ufpel.edu.br\/danca\/wp-json\/wp\/v2\/media?parent=912"}],"curies":[{"name":"wp","href":"https:\/\/api.w.org\/{rel}","templated":true}]}}