{"id":909,"date":"2019-07-12T11:37:34","date_gmt":"2019-07-12T14:37:34","guid":{"rendered":"https:\/\/wp.ufpel.edu.br\/danca\/?page_id=909"},"modified":"2023-12-12T11:13:15","modified_gmt":"2023-12-12T14:13:15","slug":"2012-2","status":"publish","type":"page","link":"https:\/\/wp.ufpel.edu.br\/danca\/trabalhos-de-conclusao\/2012-2\/","title":{"rendered":"2012"},"content":{"rendered":"<p><span style=\"color: #000000;font-family: verdana, geneva, sans-serif;font-size: 10pt\">JORGE, Jaciara.\u00a0<strong>A forma\u00e7\u00e3o do professor sens\u00edvel:\u00a0<\/strong><strong>Apontamentos sobre os Cursos Normais da cidade de Pelotas<\/strong>, 2012.<\/span><\/p>\n<p><span style=\"color: #000000;font-family: verdana, geneva, sans-serif;font-size: 10pt\"><a style=\"color: #000000\" href=\"https:\/\/wp.ufpel.edu.br\/danca\/files\/2014\/06\/TCC-Jaciara-Jorge-Curso-de-Dan\u00e7a-UFPEL.doc\">Arquivo 1<\/a><\/span><\/p>\n<p><span style=\"color: #000000;font-family: verdana, geneva, sans-serif;font-size: 10pt\">K\u00d6NZGEN, Gessi A., <strong>Os tambores do corpo dos afrodescendentes: Primeiras reflex\u00f5es sobre a Cia. de Dan\u00e7a Afro Daniel Amaro, de Pelotas\/RS<\/strong>, 2012<\/span><\/p>\n<p><span style=\"color: #000000;font-family: verdana, geneva, sans-serif;font-size: 10pt\"><a style=\"color: #000000\" href=\"https:\/\/wp.ufpel.edu.br\/danca\/files\/2014\/06\/Gessi-de-Almeida-K\u00f6nzgen-Os-Tambores-do-Corpo-dos-Afrodescentes.pdf\">Arquivo 1<\/a><\/span><\/p>\n<p><span style=\"color: #000000;font-family: verdana, geneva, sans-serif;font-size: 10pt\">LATUADA, Alexandra Rodrigues.\u00a0<strong>O Ensino de Dan\u00e7a em uma Escola P\u00fablica de Pelotas: a perspectiva de uma professora<\/strong>, 2012.<\/span><\/p>\n<p><span style=\"color: #000000;font-family: verdana, geneva, sans-serif;font-size: 10pt\"><a style=\"color: #000000\" href=\"https:\/\/wp.ufpel.edu.br\/danca\/files\/2014\/06\/Tcc-Alexandra-Rodrigues-Latuada-2012-Pr\u00e9textuais.pdf\">Arquivo 1<\/a><\/span><\/p>\n<p><span style=\"color: #000000;font-family: verdana, geneva, sans-serif;font-size: 10pt\"><a style=\"color: #000000\" href=\"https:\/\/wp.ufpel.edu.br\/danca\/files\/2014\/06\/Tcc-Alexandra-Rodrigues-Latuada-2012.pdf\">Arquivo 2<\/a><\/span><\/p>\n<p><span style=\"color: #000000;font-family: verdana, geneva, sans-serif;font-size: 10pt\">PRESTES, Ta\u00eds Chaves.\u00a0<strong>Tat\u00e1 dan\u00e7a Sim\u00f5es: a mem\u00f3ria como ferramenta de composi\u00e7\u00e3o coreogr\u00e1fica na transcria\u00e7\u00e3o do conto \u201cM\u2019boitat\u00e1\u201d<\/strong>, 2012.<\/span><\/p>\n<p><span style=\"color: #000000;font-family: verdana, geneva, sans-serif;font-size: 10pt\"><a style=\"color: #000000\" href=\"https:\/\/wp.ufpel.edu.br\/danca\/files\/2014\/06\/TCC-TA\u00cdS.pdf\">Arquivo 1<\/a><\/span><\/p>\n","protected":false},"excerpt":{"rendered":"<p>JORGE, Jaciara.\u00a0A forma\u00e7\u00e3o do professor sens\u00edvel:\u00a0Apontamentos sobre os Cursos Normais da cidade de Pelotas, 2012. Arquivo 1 K\u00d6NZGEN, Gessi A., Os tambores do corpo dos afrodescendentes: Primeiras reflex\u00f5es sobre a Cia. de Dan\u00e7a Afro Daniel Amaro, de Pelotas\/RS, 2012 Arquivo 1 LATUADA, Alexandra Rodrigues.\u00a0O Ensino de Dan\u00e7a em uma Escola P\u00fablica de Pelotas: a perspectiva [&hellip;]<\/p>\n","protected":false},"author":334,"featured_media":0,"parent":167,"menu_order":12,"comment_status":"closed","ping_status":"closed","template":"","meta":{"footnotes":""},"class_list":["post-909","page","type-page","status-publish","hentry"],"jetpack_sharing_enabled":true,"_links":{"self":[{"href":"https:\/\/wp.ufpel.edu.br\/danca\/wp-json\/wp\/v2\/pages\/909","targetHints":{"allow":["GET"]}}],"collection":[{"href":"https:\/\/wp.ufpel.edu.br\/danca\/wp-json\/wp\/v2\/pages"}],"about":[{"href":"https:\/\/wp.ufpel.edu.br\/danca\/wp-json\/wp\/v2\/types\/page"}],"author":[{"embeddable":true,"href":"https:\/\/wp.ufpel.edu.br\/danca\/wp-json\/wp\/v2\/users\/334"}],"replies":[{"embeddable":true,"href":"https:\/\/wp.ufpel.edu.br\/danca\/wp-json\/wp\/v2\/comments?post=909"}],"version-history":[{"count":4,"href":"https:\/\/wp.ufpel.edu.br\/danca\/wp-json\/wp\/v2\/pages\/909\/revisions"}],"predecessor-version":[{"id":960,"href":"https:\/\/wp.ufpel.edu.br\/danca\/wp-json\/wp\/v2\/pages\/909\/revisions\/960"}],"up":[{"embeddable":true,"href":"https:\/\/wp.ufpel.edu.br\/danca\/wp-json\/wp\/v2\/pages\/167"}],"wp:attachment":[{"href":"https:\/\/wp.ufpel.edu.br\/danca\/wp-json\/wp\/v2\/media?parent=909"}],"curies":[{"name":"wp","href":"https:\/\/api.w.org\/{rel}","templated":true}]}}