{"id":882,"date":"2019-07-12T10:40:17","date_gmt":"2019-07-12T13:40:17","guid":{"rendered":"https:\/\/wp.ufpel.edu.br\/danca\/?page_id=882"},"modified":"2026-02-20T15:32:20","modified_gmt":"2026-02-20T18:32:20","slug":"manuais-e-tutoriais","status":"publish","type":"page","link":"https:\/\/wp.ufpel.edu.br\/danca\/documentos-e-formularios\/manuais-e-tutoriais\/","title":{"rendered":"Informa\u00e7\u00f5es Acad\u00eamicas, Regulamentos"},"content":{"rendered":"<p><strong>Coordena\u00e7\u00e3o de Registros Acad\u00eamicos (CRA)<\/strong><br \/>\n\u00d3rg\u00e3o respons\u00e1vel por realizar o registro da vida acad\u00eamica do estudante dos cursos de gradua\u00e7\u00e3o, desde seu ingresso at\u00e9 sua diploma\u00e7\u00e3o.<br \/>\n<a href=\"https:\/\/wp.ufpel.edu.br\/cra\/informacoes-academicas\/\">https:\/\/wp.ufpel.edu.br\/cra\/informacoes-academicas\/<\/a><\/p>\n<p><strong>REGIMENTO GERAL DA UNIVERSIDADE\u00a0<\/strong>Processo MEC n\u00ba 209.559-77sso CPE n\u00ba 5543-76 Parecer CPE n\u00ba 553-77\u00a0<a href=\"https:\/\/wp.ufpel.edu.br\/scs\/regimento\/\">https:\/\/wp.ufpel.edu.br\/scs\/regimento\/<\/a><\/p>\n<p><strong>Regulamento de Ensino de Gradua\u00e7\u00e3o,<\/strong>\u00a0aprovado pelo Conselho Coordenador do Ensino, da Pesquisa e da Extens\u00e3o (COCEPE) em 13 de setembro de 2018, a resolu\u00e7\u00e3o n\u00ba 29:\u00a0<a href=\"https:\/\/wp.ufpel.edu.br\/scs\/files\/2018\/09\/SEI_Resolu%C3%A7%C3%A3o-29.2018-Regulamento-Ensino-de-Gradua%C3%A7%C3%A3o-I.pdf\">https:\/\/wp.ufpel.edu.br\/scs\/files\/2018\/09\/SEI_Resolu%C3%A7%C3%A3o-29.2018-Regulamento-Ensino-de-Gradua%C3%A7%C3%A3o-I.pdf<\/a><\/p>\n<p>&nbsp;<\/p>\n<p><span style=\"color: #000000;\"><strong>Tutoriais e Informes<\/p>\n<p>LINK DO FORMUL\u00c1RIO PARA ORIENTA\u00c7\u00c3O DE MATR\u00cdCULA:\u00a0https:\/\/forms.gle\/P4Xs7p8G48S49xjj7<br \/>\n(Para participar responda o formul\u00e1rio at\u00e9 o dia 27 de fevereiro de 2026, \u00a0e agende sua orienta\u00e7\u00e3o de matr\u00edcula!)<\/strong><\/span><\/p>\n<p><span style=\"color: #000000;\"><a style=\"color: #000000;\" href=\"https:\/\/wp.ufpel.edu.br\/cra\/informacoes-academicas\/avaliacao-segunda-chamada\/\">Solicita\u00e7\u00e3o de segunda chamada<\/a><\/span><\/p>\n<p><span style=\"color: #000000;\"><a style=\"color: #000000;\" href=\"https:\/\/wp.ufpel.edu.br\/cra\/informacoes-academicas\/exercicios-domiciliares\/\">Solicita\u00e7\u00e3o de exerc\u00edcios domiciliares<\/a><\/span><\/p>\n<p><a href=\"https:\/\/wp.ufpel.edu.br\/danca\/files\/2025\/07\/exerci\u0301cio-domiciliar-SEI-23110.024164_2025-47.pdf\">exerci\u0301cio domiciliar SEI &#8211; 23110.024164_2025-47<\/a><\/p>\n<p><span style=\"color: #000000;\"><a style=\"color: #000000;\" href=\"https:\/\/wp.ufpel.edu.br\/cra\/informacoes-academicas\/abono-de-faltas\/\">Abono de faltas<\/a><\/span> &#8211; ser\u00e1 concedido, mediante comprova\u00e7\u00e3o, conforme legisla\u00e7\u00e3o vigente, nos seguintes casos &#8211; <a href=\"https:\/\/wp.ufpel.edu.br\/cra\/informacoes-academicas\/abono-de-faltas\/\">clique aqui. <\/a><em>Em nenhuma outra hip\u00f3tese existe a possibilidade de abono de faltas, mas orienta-se a justific\u00e1-las quando necess\u00e1rio.<\/em><\/p>\n<ul>\n<li>A frequ\u00eancia \u00e9 obrigat\u00f3ria em todas as atividades curriculares (te\u00f3ricas e pr\u00e1ticas) propostas nos planos de ensino. Mesmo que o aluno obtenha boas notas no decorrer de uma disciplina, ele ser\u00e1 automaticamente reprovado se n\u00e3o tiver o m\u00ednimo de 75% de presen\u00e7a nas aulas e atividades programadas pelo professor.<\/li>\n<li>A justificativa para faltas por motivo de doen\u00e7a ou outros n\u00e3o poder\u00e1 exceder o limite m\u00e1ximo de faltas previsto para o semestre, ou seja, 25%. H\u00e1 situa\u00e7\u00f5es previstas em lei nas quais o aluno pode ausentar-se das aulas, desde que realize exerc\u00edcios domiciliares.\n<ul>\n<li>Atestados de at\u00e9 3 dias: Justificam a falta, mas n\u00e3o a abonam. Permitem solicitar agendamento de segunda chamada para avalia\u00e7\u00f5es.<\/li>\n<li>Atestados acima de 3 dias: Podem ser avaliados pela per\u00edcia m\u00e9dica da UFPel para concess\u00e3o de regime de exerc\u00edcios domiciliares.<\/li>\n<\/ul>\n<\/li>\n<li>Como solicitar exerc\u00edcios domiciliares: A solicita\u00e7\u00e3o deve ser feita via sistema acad\u00eamico (COBALTO), no menu \u201cAluno &gt; Cadastro &gt; Solicita\u00e7\u00e3o de exerc\u00edcios domiciliares\u201d.<\/li>\n<li>Se\u00e7\u00e3o de Per\u00edcia M\u00e9dica: Rua Gomes Carneiro, 1, 2\u00ba andar \u2013 206, Centro \u2013 CEP 96010-610 Pelotas, RS<br \/>\nE-mail Per\u00edcia M\u00e9dica: pericia.medica@ufpel.edu.br<br \/>\nTelefone Per\u00edcia M\u00e9dica: (53) 3284-3985<\/li>\n<\/ul>\n<p><span style=\"color: #000000;\"><a style=\"color: #000000;\" href=\"https:\/\/wp.ufpel.edu.br\/danca\/files\/2023\/03\/Orientac\u0327o\u0303es-estudantes_encaminhamentos-Esta\u0301gio-na\u0303o-obrigato\u0301rio.pdf\">Orientac\u0327o\u0303es estudantes_encaminhamentos Esta\u0301gio na\u0303o obrigato\u0301rio<\/a><\/span><\/p>\n<p>Solicita\u00e7\u00e3o Nome Social <a href=\"https:\/\/wp.ufpel.edu.br\/cra\/informacoes-academicas\/nome-social\/\">https:\/\/wp.ufpel.edu.br\/cra\/informacoes-academicas\/nome-social\/<\/a><\/p>\n<p><span style=\"color: #000000;\"><a style=\"color: #000000;\" href=\"https:\/\/wp.ufpel.edu.br\/danca\/files\/2020\/07\/TUTORIAL-FORMA\u00c7\u00c3O-COMPLEMENTAR-E-LIVRE_ALTERADO_30062020.pdf\">Tutorial Forma\u00e7\u00e3o Livre e Complementar<\/a><\/span> (anterior)<\/p>\n<p><span style=\"color: #000000;\"><a style=\"color: #000000;\" href=\"https:\/\/wp.ufpel.edu.br\/danca\/files\/2019\/08\/Folder-Calouros.pdf\">Folder do Curso para calouros\u00a0<\/a>(gest\u00e3o anterior)<\/span><\/p>\n<p>&nbsp;<\/p>\n<p><span style=\"color: #000000;\"><strong>Outros<\/strong><\/span><\/p>\n<p>=&gt;&gt; <a href=\"https:\/\/wp.ufpel.edu.br\/danca\/files\/2025\/06\/Plano-de-acao-Coordenacao-do-curso-CRIS.pdf\">Plano-de-acao-Coordenacao-do-curso CRIS<\/a><\/p>\n<p>=&gt;&gt; <a href=\"https:\/\/wp.ufpel.edu.br\/danca\/files\/2025\/05\/Regimento-LAPAP-\u2013-Laborato\u0301rio-de-Pra\u0301ticas-Arti\u0301stico-Pedago\u0301gicas-dos-Cursos-de-Danc\u0327a-e-Teatro.pdf\">Regimento LAPAP \u2013 Laborato\u0301rio de Pra\u0301ticas Arti\u0301stico-Pedago\u0301gicas dos Cursos de Danc\u0327a e Teatro<\/a><\/p>\n<p>=&gt;&gt; Transporte de Apoio UFPel &#8211; Paradas pr\u00f3ximas a Dan\u00e7a<\/p>\n<ul>\n<li>FaUrb (Faculdade de Arquitetura e Urbanismo) \u2013 Rua Benjamin Constant esquina Alberto Rosa<\/li>\n<li>Campus II \u2013 Rua Almirante Barroso esquina Rua Tr\u00eas de Maio<\/li>\n<\/ul>\n<blockquote class=\"wp-embedded-content\" data-secret=\"dY81TF2AN8\"><p><a href=\"https:\/\/wp.ufpel.edu.br\/transporte\/transporte-apoio\/\">Transporte de Apoio UFPel<\/a><\/p><\/blockquote>\n<p><iframe class=\"wp-embedded-content\" sandbox=\"allow-scripts\" security=\"restricted\" style=\"position: absolute; visibility: hidden;\" title=\"&#8220;Transporte de Apoio UFPel&#8221; &#8212; N\u00facleo de Transporte\" src=\"https:\/\/wp.ufpel.edu.br\/transporte\/transporte-apoio\/embed\/#?secret=p5u6QQdfE9#?secret=dY81TF2AN8\" data-secret=\"dY81TF2AN8\" width=\"500\" height=\"282\" frameborder=\"0\" marginwidth=\"0\" marginheight=\"0\" scrolling=\"no\"><\/iframe><\/p>\n<p>&nbsp;<\/p>\n<p>&nbsp;<\/p>\n<p>&nbsp;<\/p>\n","protected":false},"excerpt":{"rendered":"<p>Coordena\u00e7\u00e3o de Registros Acad\u00eamicos (CRA) \u00d3rg\u00e3o respons\u00e1vel por realizar o registro da vida acad\u00eamica do estudante dos cursos de gradua\u00e7\u00e3o, desde seu ingresso at\u00e9 sua diploma\u00e7\u00e3o. https:\/\/wp.ufpel.edu.br\/cra\/informacoes-academicas\/ REGIMENTO GERAL DA UNIVERSIDADE\u00a0Processo MEC n\u00ba 209.559-77sso CPE n\u00ba 5543-76 Parecer CPE n\u00ba 553-77\u00a0https:\/\/wp.ufpel.edu.br\/scs\/regimento\/ Regulamento de Ensino de Gradua\u00e7\u00e3o,\u00a0aprovado pelo Conselho Coordenador do Ensino, da Pesquisa e da [&hellip;]<\/p>\n","protected":false},"author":334,"featured_media":0,"parent":872,"menu_order":3,"comment_status":"closed","ping_status":"closed","template":"","meta":{"footnotes":""},"class_list":["post-882","page","type-page","status-publish","hentry"],"jetpack_sharing_enabled":true,"_links":{"self":[{"href":"https:\/\/wp.ufpel.edu.br\/danca\/wp-json\/wp\/v2\/pages\/882","targetHints":{"allow":["GET"]}}],"collection":[{"href":"https:\/\/wp.ufpel.edu.br\/danca\/wp-json\/wp\/v2\/pages"}],"about":[{"href":"https:\/\/wp.ufpel.edu.br\/danca\/wp-json\/wp\/v2\/types\/page"}],"author":[{"embeddable":true,"href":"https:\/\/wp.ufpel.edu.br\/danca\/wp-json\/wp\/v2\/users\/334"}],"replies":[{"embeddable":true,"href":"https:\/\/wp.ufpel.edu.br\/danca\/wp-json\/wp\/v2\/comments?post=882"}],"version-history":[{"count":4,"href":"https:\/\/wp.ufpel.edu.br\/danca\/wp-json\/wp\/v2\/pages\/882\/revisions"}],"predecessor-version":[{"id":3196,"href":"https:\/\/wp.ufpel.edu.br\/danca\/wp-json\/wp\/v2\/pages\/882\/revisions\/3196"}],"up":[{"embeddable":true,"href":"https:\/\/wp.ufpel.edu.br\/danca\/wp-json\/wp\/v2\/pages\/872"}],"wp:attachment":[{"href":"https:\/\/wp.ufpel.edu.br\/danca\/wp-json\/wp\/v2\/media?parent=882"}],"curies":[{"name":"wp","href":"https:\/\/api.w.org\/{rel}","templated":true}]}}