{"id":879,"date":"2019-07-12T10:39:34","date_gmt":"2019-07-12T13:39:34","guid":{"rendered":"https:\/\/wp.ufpel.edu.br\/danca\/?page_id=879"},"modified":"2025-12-17T12:27:41","modified_gmt":"2025-12-17T15:27:41","slug":"formularios","status":"publish","type":"page","link":"https:\/\/wp.ufpel.edu.br\/danca\/documentos-e-formularios\/formularios\/","title":{"rendered":"TCC, Montagem, Est\u00e1gio, Atividades Complementares"},"content":{"rendered":"<p><span style=\"color: #3366ff;\"><strong>Trabalho de Conclus\u00e3o de Curso (TCC)<\/strong><\/span><\/p>\n<p><a href=\"https:\/\/wp.ufpel.edu.br\/sisbi\/manual-de-normas-ufpel-para-trabalhos-academicos-atualizada-2023\/\">Template TCC e Manual UFPEL 2023<\/a><\/p>\n<p>N\u00facleo de Revis\u00e3o de Textos.\u00a0 A\u00e7\u00e3o extensionista destinada a todas as unidades da UFPel<br \/>\n<a href=\"https:\/\/wp.ufpel.edu.br\/clc\/nucleos\/nucleo-de-revisao\/\">https:\/\/wp.ufpel.edu.br\/clc\/nucleos\/nucleo-de-revisao\/<\/a><br \/>\nE-mail: nucleorevisao.ufpel@gmail.com<\/p>\n<p style=\"font-weight: 400;\"><span style=\"color: #000000;\"><a style=\"color: #000000;\" href=\"https:\/\/wp.ufpel.edu.br\/danca\/files\/2023\/02\/Ata-de-defesa.docx\">TCC Ata de defesa de Trabalho de Conclus\u00e3o de Curso<\/a><\/span><\/p>\n<p><span style=\"color: #000000;\"><a style=\"color: #000000;\" href=\"https:\/\/wp.ufpel.edu.br\/danca\/files\/2023\/02\/Parecer-de-Avaliacao-do-Orientador.docx\">TCC Parecer de Avalia\u00e7\u00e3o do\/a Orientador\/a &#8211; Trabalho de Conclus\u00e3o de Curso<\/a><\/span><\/p>\n<p><span style=\"color: #000000;\"><a style=\"color: #000000;\" href=\"https:\/\/wp.ufpel.edu.br\/danca\/files\/2023\/02\/Parecer-de-Avaliacao-da-Banca-com-Monografia-.docx\">TCC Parecer de Avalia\u00e7\u00e3o da Banca Avaliadora (Monografia) &#8211; Trabalho de Conclus\u00e3o de Curso<\/a><\/span><\/p>\n<p><span style=\"color: #000000;\"><a style=\"color: #000000;\" href=\"https:\/\/wp.ufpel.edu.br\/danca\/files\/2023\/02\/Parecer-de-Avaliacao-da-Banca-de-Monografia-Artistica-.docx\">TCC Parecer de Avalia\u00e7\u00e3o da Banca Avaliadora (Monografia com apresenta\u00e7\u00e3o Art\u00edstica) &#8211; Trabalho de Conclus\u00e3o de Curso<\/a><\/span><\/p>\n<p><span style=\"color: #000000;\"><a style=\"color: #000000;\" href=\"https:\/\/wp.ufpel.edu.br\/danca\/files\/2023\/02\/Declaracao-de-finalizacao-da-Monografia.doc\">TCC Declara\u00e7\u00e3o de finaliza\u00e7\u00e3o da Monografia\u00a0<\/a><\/span><\/p>\n<p><a href=\"https:\/\/wp.ufpel.edu.br\/sisbi\/files\/2023\/11\/TUTORIAL-FICHAS-2023-1.pdf\">TCC Ficha Catalogr\u00e1fica<\/a><\/p>\n<p><span style=\"color: #000000;\"><a style=\"color: #000000;\" href=\"https:\/\/wp.ufpel.edu.br\/sisbi\/files\/2025\/08\/Termo-TCC-e-TCCP.pdf\">TCC Termo de Autoriza\u00e7\u00e3o de envio TCC&#8217;s para Biblioteca [2025]<\/a><\/span><\/p>\n<p>&nbsp;<\/p>\n<p><span style=\"color: #3366ff;\"><strong>Montagem C\u00eanica<\/strong><\/span><\/p>\n<p><a href=\"https:\/\/wp.ufpel.edu.br\/danca\/files\/2024\/03\/Montagem-Arti\u0301stica-Ficha-Avaliac\u0327a\u0303o.docx\">Montagem C\u00eanica 2 &#8211; Ficha Avaliac\u0327a\u0303o<\/a><\/p>\n<p><a href=\"https:\/\/wp.ufpel.edu.br\/danca\/files\/2024\/03\/Montagem-Arti\u0301stica-Ficha-Avaliac\u0327a\u0303o-VIDEODANC\u0327A.docx\">Montagem C\u00eanica 2 &#8211; Ficha Avaliac\u0327a\u0303o &#8211; VIDEODANC\u0327A<\/a><\/p>\n<p>&nbsp;<\/p>\n<p><span style=\"color: #3366ff;\"><strong>Atividades Complementares (no PPC do curso de dan\u00e7a: 3.8. Estudos Integradores p\u00e1gina 72)<\/strong><\/span><\/p>\n<p style=\"text-align: justify;\">&#8220;Os estudos integradores no Curso de Dan\u00e7a correspondem a um total de 210 horas de atividades desempenhadas fora da esfera dos componentes curriculares que, dentro de suas pr\u00f3prias metodologias, possibilitam o processo de integra\u00e7\u00e3o das \u00e1reas de conhecimento, que ampliam e aprofundam a atividade acad\u00eamica, enriquecendo a forma\u00e7\u00e3o pessoal e profissional do\/a aluno\/a. Devem ser atividades realizadas desde o momento do ingresso no curso, justamente para que ocorra a articula\u00e7\u00e3o com os conhecimentos<br \/>\ntrabalhados no curr\u00edculo.&#8221;<\/p>\n<p><strong>Como enviar seus certificados das atividades complementares:<\/strong><\/p>\n<ol>\n<li>Acessar PPC do curso p\u00e1gina 73 TABELA 08: ATRIBUI\u00c7\u00c3O DE CARGA HOR\u00c1RIA DAS ATIVIDADES DOS ESTUDOS INTEGRADORES<\/li>\n<li>Acesse o sistema Cobalto:\n<ul>\n<li>V\u00e1 para o menu: Aluno &gt; Cadastros &gt; Solicita\u00e7\u00e3o de Atividades Complementares.<\/li>\n<li>Preencha a solicita\u00e7\u00e3o: Informe os dados da atividade, anexe o comprovante em PDF e envie.<\/li>\n<li>Aguarde a avalia\u00e7\u00e3o: A Coordena\u00e7\u00e3o\/Comiss\u00e3o de Estudos Integradores do curso vai analisar sua solicita\u00e7\u00e3o.<\/li>\n<li>Aguarde o registro: Se tudo estiver certo, a Coordena\u00e7\u00e3o encaminha o pedido para o registro das horas no seu hist\u00f3rico escolar.<\/li>\n<\/ul>\n<\/li>\n<\/ol>\n<p>&nbsp;<\/p>\n<p><span style=\"color: #3366ff;\"><strong>Outros<\/strong><\/span><\/p>\n<p><span style=\"color: #000000;\">Formul\u00e1rio para solicitar <a style=\"color: #000000;\" href=\"https:\/\/wp.ufpel.edu.br\/danca\/files\/2019\/07\/Solicitacao_de_QUEBRA_DE_PRE_REQUISITO_CG.pdf\">Quebra de Pr\u00e9-Requisito<\/a><\/span><\/p>\n<p><span style=\"color: #000000;\">Formul\u00e1rio de Aproveitamento do Resid\u00eancia Pedag\u00f3gica para Est\u00e1gio Curricular: <a style=\"color: #000000;\" href=\"https:\/\/forms.gle\/mGBezxkV1TKgF74GA\">https:\/\/forms.gle\/mGBezxkV1TKgF74GA<\/a><\/span><\/p>\n<p><span style=\"color: #000000;\"><a style=\"color: #000000;\" href=\"https:\/\/wp.ufpel.edu.br\/danca\/files\/2023\/03\/Esta\u0301gio-na\u0303o-obrigato\u0301trio_modelo-carta-de-Intenc\u0327a\u0303o.docx\">Carta de Inten\u00e7\u00e3o (modelo) para solicita\u00e7\u00e3o de Est\u00e1gio n\u00e3o-obrigat\u00f3rio<\/a><\/span><\/p>\n","protected":false},"excerpt":{"rendered":"<p>Trabalho de Conclus\u00e3o de Curso (TCC) Template TCC e Manual UFPEL 2023 N\u00facleo de Revis\u00e3o de Textos.\u00a0 A\u00e7\u00e3o extensionista destinada a todas as unidades da UFPel https:\/\/wp.ufpel.edu.br\/clc\/nucleos\/nucleo-de-revisao\/ E-mail: nucleorevisao.ufpel@gmail.com TCC Ata de defesa de Trabalho de Conclus\u00e3o de Curso TCC Parecer de Avalia\u00e7\u00e3o do\/a Orientador\/a &#8211; Trabalho de Conclus\u00e3o de Curso TCC Parecer de Avalia\u00e7\u00e3o [&hellip;]<\/p>\n","protected":false},"author":334,"featured_media":0,"parent":872,"menu_order":2,"comment_status":"closed","ping_status":"closed","template":"","meta":{"footnotes":""},"class_list":["post-879","page","type-page","status-publish","hentry"],"jetpack_sharing_enabled":true,"_links":{"self":[{"href":"https:\/\/wp.ufpel.edu.br\/danca\/wp-json\/wp\/v2\/pages\/879","targetHints":{"allow":["GET"]}}],"collection":[{"href":"https:\/\/wp.ufpel.edu.br\/danca\/wp-json\/wp\/v2\/pages"}],"about":[{"href":"https:\/\/wp.ufpel.edu.br\/danca\/wp-json\/wp\/v2\/types\/page"}],"author":[{"embeddable":true,"href":"https:\/\/wp.ufpel.edu.br\/danca\/wp-json\/wp\/v2\/users\/334"}],"replies":[{"embeddable":true,"href":"https:\/\/wp.ufpel.edu.br\/danca\/wp-json\/wp\/v2\/comments?post=879"}],"version-history":[{"count":3,"href":"https:\/\/wp.ufpel.edu.br\/danca\/wp-json\/wp\/v2\/pages\/879\/revisions"}],"predecessor-version":[{"id":3179,"href":"https:\/\/wp.ufpel.edu.br\/danca\/wp-json\/wp\/v2\/pages\/879\/revisions\/3179"}],"up":[{"embeddable":true,"href":"https:\/\/wp.ufpel.edu.br\/danca\/wp-json\/wp\/v2\/pages\/872"}],"wp:attachment":[{"href":"https:\/\/wp.ufpel.edu.br\/danca\/wp-json\/wp\/v2\/media?parent=879"}],"curies":[{"name":"wp","href":"https:\/\/api.w.org\/{rel}","templated":true}]}}