{"id":872,"date":"2019-07-12T10:37:44","date_gmt":"2019-07-12T13:37:44","guid":{"rendered":"https:\/\/wp.ufpel.edu.br\/danca\/?page_id=872"},"modified":"2025-05-12T09:14:21","modified_gmt":"2025-05-12T12:14:21","slug":"documentos-e-formularios","status":"publish","type":"page","link":"https:\/\/wp.ufpel.edu.br\/danca\/documentos-e-formularios\/","title":{"rendered":"Informa\u00e7\u00f5es Acad\u00eamicas"},"content":{"rendered":"","protected":false},"excerpt":{"rendered":"","protected":false},"author":334,"featured_media":0,"parent":0,"menu_order":3,"comment_status":"closed","ping_status":"closed","template":"","meta":{"footnotes":""},"class_list":["post-872","page","type-page","status-publish","hentry"],"jetpack_sharing_enabled":true,"_links":{"self":[{"href":"https:\/\/wp.ufpel.edu.br\/danca\/wp-json\/wp\/v2\/pages\/872","targetHints":{"allow":["GET"]}}],"collection":[{"href":"https:\/\/wp.ufpel.edu.br\/danca\/wp-json\/wp\/v2\/pages"}],"about":[{"href":"https:\/\/wp.ufpel.edu.br\/danca\/wp-json\/wp\/v2\/types\/page"}],"author":[{"embeddable":true,"href":"https:\/\/wp.ufpel.edu.br\/danca\/wp-json\/wp\/v2\/users\/334"}],"replies":[{"embeddable":true,"href":"https:\/\/wp.ufpel.edu.br\/danca\/wp-json\/wp\/v2\/comments?post=872"}],"version-history":[{"count":2,"href":"https:\/\/wp.ufpel.edu.br\/danca\/wp-json\/wp\/v2\/pages\/872\/revisions"}],"predecessor-version":[{"id":2917,"href":"https:\/\/wp.ufpel.edu.br\/danca\/wp-json\/wp\/v2\/pages\/872\/revisions\/2917"}],"wp:attachment":[{"href":"https:\/\/wp.ufpel.edu.br\/danca\/wp-json\/wp\/v2\/media?parent=872"}],"curies":[{"name":"wp","href":"https:\/\/api.w.org\/{rel}","templated":true}]}}