{"id":2924,"date":"2025-05-13T16:29:16","date_gmt":"2025-05-13T19:29:16","guid":{"rendered":"https:\/\/wp.ufpel.edu.br\/danca\/?page_id=2924"},"modified":"2025-09-12T15:51:47","modified_gmt":"2025-09-12T18:51:47","slug":"infraestrutura","status":"publish","type":"page","link":"https:\/\/wp.ufpel.edu.br\/danca\/curso\/infraestrutura\/","title":{"rendered":"Infraestrutura"},"content":{"rendered":"<p><strong>Bloco 3 &#8211; Pr\u00e9dio Dan\u00e7a e Teatro<\/strong><\/p>\n<p><a href=\"https:\/\/wp.ufpel.edu.br\/danca\/files\/2025\/08\/Entrada-Bloco-3-Largo-do-Bola-3-.jpeg\"><img class=\"aligncenter size-large wp-image-3066\" src=\"https:\/\/wp.ufpel.edu.br\/danca\/files\/2025\/08\/Entrada-Bloco-3-Largo-do-Bola-3--1024x576.jpeg\" alt=\"\" width=\"1024\" height=\"576\" srcset=\"https:\/\/wp.ufpel.edu.br\/danca\/files\/2025\/08\/Entrada-Bloco-3-Largo-do-Bola-3--1024x576.jpeg 1024w, https:\/\/wp.ufpel.edu.br\/danca\/files\/2025\/08\/Entrada-Bloco-3-Largo-do-Bola-3--400x225.jpeg 400w, https:\/\/wp.ufpel.edu.br\/danca\/files\/2025\/08\/Entrada-Bloco-3-Largo-do-Bola-3--768x432.jpeg 768w, https:\/\/wp.ufpel.edu.br\/danca\/files\/2025\/08\/Entrada-Bloco-3-Largo-do-Bola-3--1536x864.jpeg 1536w, https:\/\/wp.ufpel.edu.br\/danca\/files\/2025\/08\/Entrada-Bloco-3-Largo-do-Bola-3-.jpeg 1600w\" sizes=\"(max-width: 1024px) 100vw, 1024px\" \/><\/a><a href=\"https:\/\/wp.ufpel.edu.br\/danca\/files\/2025\/08\/Entrada-Bloco-3-Largo-do-Bola-1.jpeg\"><img class=\"aligncenter size-large wp-image-3067\" src=\"https:\/\/wp.ufpel.edu.br\/danca\/files\/2025\/08\/Entrada-Bloco-3-Largo-do-Bola-1-576x1024.jpeg\" alt=\"\" width=\"576\" height=\"1024\" srcset=\"https:\/\/wp.ufpel.edu.br\/danca\/files\/2025\/08\/Entrada-Bloco-3-Largo-do-Bola-1-576x1024.jpeg 576w, https:\/\/wp.ufpel.edu.br\/danca\/files\/2025\/08\/Entrada-Bloco-3-Largo-do-Bola-1-225x400.jpeg 225w, https:\/\/wp.ufpel.edu.br\/danca\/files\/2025\/08\/Entrada-Bloco-3-Largo-do-Bola-1-768x1365.jpeg 768w, https:\/\/wp.ufpel.edu.br\/danca\/files\/2025\/08\/Entrada-Bloco-3-Largo-do-Bola-1-864x1536.jpeg 864w, https:\/\/wp.ufpel.edu.br\/danca\/files\/2025\/08\/Entrada-Bloco-3-Largo-do-Bola-1.jpeg 900w\" sizes=\"(max-width: 576px) 100vw, 576px\" \/><\/a><\/p>\n<p><em>Bloco 3 Rua Alberto Rosa (Largo do Bola), 117 Pelotas \/ RS \u2013 CEP: 96010-770<\/em><\/p>\n<p>&gt;&gt; Sala 61 &#8211; Sala pr\u00e1tica, piso de madeira, caixa de som, projetor &#8211; 160m\u00b2 e 880 m\u00b3<\/p>\n<p><a href=\"https:\/\/wp.ufpel.edu.br\/danca\/files\/2025\/08\/Sala-61-interno.jpeg\"><img class=\"aligncenter size-large wp-image-3061\" src=\"https:\/\/wp.ufpel.edu.br\/danca\/files\/2025\/08\/Sala-61-interno-1024x419.jpeg\" alt=\"\" width=\"1024\" height=\"419\" srcset=\"https:\/\/wp.ufpel.edu.br\/danca\/files\/2025\/08\/Sala-61-interno-1024x419.jpeg 1024w, https:\/\/wp.ufpel.edu.br\/danca\/files\/2025\/08\/Sala-61-interno-400x164.jpeg 400w, https:\/\/wp.ufpel.edu.br\/danca\/files\/2025\/08\/Sala-61-interno-768x314.jpeg 768w, https:\/\/wp.ufpel.edu.br\/danca\/files\/2025\/08\/Sala-61-interno-1536x628.jpeg 1536w, https:\/\/wp.ufpel.edu.br\/danca\/files\/2025\/08\/Sala-61-interno.jpeg 1600w\" sizes=\"(max-width: 1024px) 100vw, 1024px\" \/><\/a><\/p>\n<p>&gt;&gt; Sala 62 &#8211; Sala pr\u00e1tica, piso de madeira, caixa de som, projetor &#8211; 80m\u00b2 e 440m\u00b3<\/p>\n<p><a href=\"https:\/\/wp.ufpel.edu.br\/danca\/files\/2025\/08\/Sala-62-interno.jpeg\"><img class=\"aligncenter size-large wp-image-3062\" src=\"https:\/\/wp.ufpel.edu.br\/danca\/files\/2025\/08\/Sala-62-interno-1024x472.jpeg\" alt=\"\" width=\"1024\" height=\"472\" srcset=\"https:\/\/wp.ufpel.edu.br\/danca\/files\/2025\/08\/Sala-62-interno-1024x472.jpeg 1024w, https:\/\/wp.ufpel.edu.br\/danca\/files\/2025\/08\/Sala-62-interno-400x185.jpeg 400w, https:\/\/wp.ufpel.edu.br\/danca\/files\/2025\/08\/Sala-62-interno-768x354.jpeg 768w, https:\/\/wp.ufpel.edu.br\/danca\/files\/2025\/08\/Sala-62-interno-1536x708.jpeg 1536w, https:\/\/wp.ufpel.edu.br\/danca\/files\/2025\/08\/Sala-62-interno.jpeg 1600w\" sizes=\"(max-width: 1024px) 100vw, 1024px\" \/><\/a><\/p>\n<p>&gt;&gt; Sala 67 &#8211; Sala pr\u00e1tica, lin\u00f3leo e espelhos, caixa de som, projetor &#8211; 74m\u00b2 e 410m\u00b3<\/p>\n<p><a href=\"https:\/\/wp.ufpel.edu.br\/danca\/files\/2025\/08\/Sala-67-interno.jpeg\"><img class=\"aligncenter size-large wp-image-3063\" src=\"https:\/\/wp.ufpel.edu.br\/danca\/files\/2025\/08\/Sala-67-interno-1024x576.jpeg\" alt=\"\" width=\"1024\" height=\"576\" srcset=\"https:\/\/wp.ufpel.edu.br\/danca\/files\/2025\/08\/Sala-67-interno-1024x576.jpeg 1024w, https:\/\/wp.ufpel.edu.br\/danca\/files\/2025\/08\/Sala-67-interno-400x225.jpeg 400w, https:\/\/wp.ufpel.edu.br\/danca\/files\/2025\/08\/Sala-67-interno-768x432.jpeg 768w, https:\/\/wp.ufpel.edu.br\/danca\/files\/2025\/08\/Sala-67-interno-1536x864.jpeg 1536w, https:\/\/wp.ufpel.edu.br\/danca\/files\/2025\/08\/Sala-67-interno.jpeg 1600w\" sizes=\"(max-width: 1024px) 100vw, 1024px\" \/><\/a><\/p>\n<p>&gt;&gt; Sala 68 &#8211; Carmem Biasoli &#8211; 185m\u00b2 e 990m\u00b3<br \/>\n100 pessoas sentadas em cadeiras, sistema de som e luz em led. Sala multiconfiguracional com sala t\u00e9cnica e camarim.<\/p>\n<p><a href=\"https:\/\/wp.ufpel.edu.br\/danca\/files\/2025\/08\/Sala-68-interno-Carmem-Biasoli.jpeg\"><img class=\"aligncenter size-large wp-image-3064\" src=\"https:\/\/wp.ufpel.edu.br\/danca\/files\/2025\/08\/Sala-68-interno-Carmem-Biasoli-1024x353.jpeg\" alt=\"\" width=\"1024\" height=\"353\" srcset=\"https:\/\/wp.ufpel.edu.br\/danca\/files\/2025\/08\/Sala-68-interno-Carmem-Biasoli-1024x353.jpeg 1024w, https:\/\/wp.ufpel.edu.br\/danca\/files\/2025\/08\/Sala-68-interno-Carmem-Biasoli-400x138.jpeg 400w, https:\/\/wp.ufpel.edu.br\/danca\/files\/2025\/08\/Sala-68-interno-Carmem-Biasoli-768x265.jpeg 768w, https:\/\/wp.ufpel.edu.br\/danca\/files\/2025\/08\/Sala-68-interno-Carmem-Biasoli-1536x530.jpeg 1536w, https:\/\/wp.ufpel.edu.br\/danca\/files\/2025\/08\/Sala-68-interno-Carmem-Biasoli.jpeg 1600w\" sizes=\"(max-width: 1024px) 100vw, 1024px\" \/><\/a><\/p>\n<hr \/>\n<p><strong>Ateli\u00ea de Figurinos<\/strong><\/p>\n<p><em>Bloco 3 Rua Alberto Rosa (Largo do Bola), 117 Pelotas \/ RS \u2013 CEP: 96010-770<\/em><\/p>\n<p><a href=\"https:\/\/wp.ufpel.edu.br\/ateliedefigurinos\/\">https:\/\/wp.ufpel.edu.br\/ateliedefigurinos\/<\/a><\/p>\n<p><a href=\"https:\/\/wp.ufpel.edu.br\/danca\/files\/2025\/08\/Sala-69-porta-Atelie-figurino-interno.jpeg\"><img class=\"aligncenter size-large wp-image-3068\" src=\"https:\/\/wp.ufpel.edu.br\/danca\/files\/2025\/08\/Sala-69-porta-Atelie-figurino-interno-1024x340.jpeg\" alt=\"\" width=\"1024\" height=\"340\" srcset=\"https:\/\/wp.ufpel.edu.br\/danca\/files\/2025\/08\/Sala-69-porta-Atelie-figurino-interno-1024x340.jpeg 1024w, https:\/\/wp.ufpel.edu.br\/danca\/files\/2025\/08\/Sala-69-porta-Atelie-figurino-interno-400x133.jpeg 400w, https:\/\/wp.ufpel.edu.br\/danca\/files\/2025\/08\/Sala-69-porta-Atelie-figurino-interno-768x255.jpeg 768w, https:\/\/wp.ufpel.edu.br\/danca\/files\/2025\/08\/Sala-69-porta-Atelie-figurino-interno-1536x511.jpeg 1536w, https:\/\/wp.ufpel.edu.br\/danca\/files\/2025\/08\/Sala-69-porta-Atelie-figurino-interno.jpeg 1600w\" sizes=\"(max-width: 1024px) 100vw, 1024px\" \/><\/a><\/p>\n<hr \/>\n<p><strong>Laborat\u00f3rio de Pr\u00e1ticas Art\u00edstico-Pedag\u00f3gicas dos Cursos de Dan\u00e7a e Teatro (LAPAP)<\/strong><\/p>\n<p><a href=\"https:\/\/wp.ufpel.edu.br\/danca\/files\/2025\/08\/Sala-64-LAPAP-interno.jpeg\"><img class=\"aligncenter size-large wp-image-3065\" src=\"https:\/\/wp.ufpel.edu.br\/danca\/files\/2025\/08\/Sala-64-LAPAP-interno-1024x312.jpeg\" alt=\"\" width=\"1024\" height=\"312\" srcset=\"https:\/\/wp.ufpel.edu.br\/danca\/files\/2025\/08\/Sala-64-LAPAP-interno-1024x312.jpeg 1024w, https:\/\/wp.ufpel.edu.br\/danca\/files\/2025\/08\/Sala-64-LAPAP-interno-400x122.jpeg 400w, https:\/\/wp.ufpel.edu.br\/danca\/files\/2025\/08\/Sala-64-LAPAP-interno-768x234.jpeg 768w, https:\/\/wp.ufpel.edu.br\/danca\/files\/2025\/08\/Sala-64-LAPAP-interno-1536x468.jpeg 1536w, https:\/\/wp.ufpel.edu.br\/danca\/files\/2025\/08\/Sala-64-LAPAP-interno.jpeg 1600w\" sizes=\"(max-width: 1024px) 100vw, 1024px\" \/><\/a><\/p>\n<p><a href=\"https:\/\/wp.ufpel.edu.br\/danca\/files\/2025\/05\/Regimento-LAPAP-\u2013-Laborato\u0301rio-de-Pra\u0301ticas-Arti\u0301stico-Pedago\u0301gicas-dos-Cursos-de-Danc\u0327a-e-Teatro.pdf\">Regimento LAPAP \u2013 Laborato\u0301rio de Pra\u0301ticas Arti\u0301stico-Pedago\u0301gicas dos Cursos de Danc\u0327a e Teatro &#8211; clique aqui<\/a><\/p>\n<p>80m\u00b2 e 440m\u00b3<em><br \/>\nLocal: sala 64 Bloco 3 Rua Alberto Rosa (Largo do Bola), 117 Pelotas \/ RS \u2013 CEP: 96010-770<\/em><\/p>\n<p>O Laborat\u00f3rio de Pr\u00e1ticas Art\u00edstico-Pedag\u00f3gicas dos Cursos de Dan\u00e7a e Teatro (LAPAP), vinculado aos Cursos de Dan\u00e7a &#8211; Licenciatura e Teatro \u2013 Licenciatura, do Centro de Artes, da Universidade Federal de Pelotas, caracteriza-se como \u00f3rg\u00e3o de apoio ao ensino de gradua\u00e7\u00e3o e p\u00f3s-gradua\u00e7\u00e3o, \u00e0 pesquisa e \u00e0 extens\u00e3o. O laborat\u00f3rio tem como objetivo ser um espa\u00e7o de experimenta\u00e7\u00e3o para a cria\u00e7\u00e3o docente, visando qualificar a forma\u00e7\u00e3o inicial e aprofundar saberes desenvolvidos nos Cursos de Licenciatura em Dan\u00e7a e em Teatro relacionados \u00e0s pr\u00e1ticas art\u00edstico-pedag\u00f3gicas.<\/p>\n<p>Coordena\u00e7\u00e3o:<\/p>\n<p>Profa. Dra. Andrisa Kemel Zanella<br \/>\nandrisa.kemel@ufpel.edu.br<\/p>\n<p>Coordena\u00e7\u00e3o Adjunta:<br \/>\nProfa. Dra. Josiane Gisela Franken Corr\u00eaa<br \/>\njosianefranken@gmail.com<\/p>\n<hr \/>\n<p><strong>Centro de Esportes Sa\u00fade e Cultura (antigo pr\u00e9dio da AABB)<\/strong><\/p>\n<p><em>Local: Rua Alberto Rosa, 580 &#8211; Centro 96010-770 &#8211; Pelotas &#8211; RS<\/em><\/p>\n<blockquote><p>&gt; Sala 201 (antiga sala do Globo) Sala ampla &#8211; pr\u00e1tica, ar condicionado, projetor, algumas cadeiras.<\/p><\/blockquote>\n<p><a href=\"https:\/\/wp.ufpel.edu.br\/danca\/files\/2025\/09\/WhatsApp-Image-2025-08-13-at-17.31.08.jpeg\"><img class=\"aligncenter size-large wp-image-3110\" src=\"https:\/\/wp.ufpel.edu.br\/danca\/files\/2025\/09\/WhatsApp-Image-2025-08-13-at-17.31.08-1024x768.jpeg\" alt=\"\" width=\"1024\" height=\"768\" srcset=\"https:\/\/wp.ufpel.edu.br\/danca\/files\/2025\/09\/WhatsApp-Image-2025-08-13-at-17.31.08-1024x768.jpeg 1024w, https:\/\/wp.ufpel.edu.br\/danca\/files\/2025\/09\/WhatsApp-Image-2025-08-13-at-17.31.08-400x300.jpeg 400w, https:\/\/wp.ufpel.edu.br\/danca\/files\/2025\/09\/WhatsApp-Image-2025-08-13-at-17.31.08-768x576.jpeg 768w, https:\/\/wp.ufpel.edu.br\/danca\/files\/2025\/09\/WhatsApp-Image-2025-08-13-at-17.31.08-1536x1152.jpeg 1536w, https:\/\/wp.ufpel.edu.br\/danca\/files\/2025\/09\/WhatsApp-Image-2025-08-13-at-17.31.08.jpeg 1600w\" sizes=\"(max-width: 1024px) 100vw, 1024px\" \/><\/a><\/p>\n<blockquote><p>&gt; NUFOLK (N\u00facleo de Folclore e Culturas Populares da UFPel) <a href=\"https:\/\/wp.ufpel.edu.br\/nufolk\/\">https:\/\/wp.ufpel.edu.br\/nufolk\/\u00a0 <\/a>Coordenador: Prof Dr Marco Aurelio da Cruz Souza<\/p><\/blockquote>\n<p><a href=\"https:\/\/wp.ufpel.edu.br\/danca\/files\/2025\/08\/sala-do-projeto-NUFOLK.jpeg\"><img class=\"aligncenter size-large wp-image-3088\" src=\"https:\/\/wp.ufpel.edu.br\/danca\/files\/2025\/08\/sala-do-projeto-NUFOLK-1024x768.jpeg\" alt=\"\" width=\"1024\" height=\"768\" srcset=\"https:\/\/wp.ufpel.edu.br\/danca\/files\/2025\/08\/sala-do-projeto-NUFOLK-1024x768.jpeg 1024w, https:\/\/wp.ufpel.edu.br\/danca\/files\/2025\/08\/sala-do-projeto-NUFOLK-400x300.jpeg 400w, https:\/\/wp.ufpel.edu.br\/danca\/files\/2025\/08\/sala-do-projeto-NUFOLK-768x576.jpeg 768w, https:\/\/wp.ufpel.edu.br\/danca\/files\/2025\/08\/sala-do-projeto-NUFOLK-1536x1152.jpeg 1536w, https:\/\/wp.ufpel.edu.br\/danca\/files\/2025\/08\/sala-do-projeto-NUFOLK.jpeg 1600w\" sizes=\"(max-width: 1024px) 100vw, 1024px\" \/><\/a><\/p>\n<blockquote><p>&gt; L.U.A. (Laborat\u00f3rio Ubuntu 4A (Afeto.Arte.Afrodiasp\u00f3ricas.Am\u00e9ricas)) <a href=\"https:\/\/wp.ufpel.edu.br\/lua\/\">https:\/\/wp.ufpel.edu.br\/lua\/ <\/a>Coordenadora: Prof Dra Ana Cristina Ribeiro Silva<\/p><\/blockquote>\n<p><a href=\"https:\/\/wp.ufpel.edu.br\/danca\/files\/2025\/08\/Sala-Projeto-LUA.png\"><img class=\"aligncenter size-large wp-image-3089\" src=\"https:\/\/wp.ufpel.edu.br\/danca\/files\/2025\/08\/Sala-Projeto-LUA-1024x502.png\" alt=\"\" width=\"1024\" height=\"502\" srcset=\"https:\/\/wp.ufpel.edu.br\/danca\/files\/2025\/08\/Sala-Projeto-LUA-1024x502.png 1024w, https:\/\/wp.ufpel.edu.br\/danca\/files\/2025\/08\/Sala-Projeto-LUA-400x196.png 400w, https:\/\/wp.ufpel.edu.br\/danca\/files\/2025\/08\/Sala-Projeto-LUA-768x377.png 768w, https:\/\/wp.ufpel.edu.br\/danca\/files\/2025\/08\/Sala-Projeto-LUA.png 1221w\" sizes=\"(max-width: 1024px) 100vw, 1024px\" \/><\/a><\/p>\n<hr \/>\n<p><strong>LIG \u2014 Laborat\u00f3rio de Inform\u00e1tica da Gradua\u00e7\u00e3o<\/strong><\/p>\n<p><em>Local: sala 302 bloco 1, rua Alberto Rosa, 62<\/em><\/p>\n<p>O LIG \u2014 Laborat\u00f3rio de Inform\u00e1tica da Gradua\u00e7\u00e3o \u00e9 um local onde os alunos do Centro de Artes podem realizar suas tarefas e trabalhos acad\u00eamicos fora do per\u00edodo de aula. Ele \u00e9 adequado para edi\u00e7\u00f5es de v\u00eddeo, trabalhos de ilustra\u00e7\u00e3o, manipula\u00e7\u00e3o fotogr\u00e1fica e edi\u00e7\u00e3o de som. Com o aux\u00edlio da TV \u00e9 poss\u00edvel exibir filmes para testar montagens e edi\u00e7\u00e3o para os alunos dos cursos de Cinema, entre outras sugest\u00f5es de atividades. \u00c9 poss\u00edvel agendar o espa\u00e7o para oficinas e pr\u00e1ticas fechadas, entretanto, \u00e9 importante ressaltar que o LIG CA visa proporcionar um espa\u00e7o multidisciplinar aberto para que nossos alunos realizem atividades extra-classe que necessitem de aparato computacional.<\/p>\n<p><a href=\"https:\/\/wp.ufpel.edu.br\/ca\/lig302\/\">https:\/\/wp.ufpel.edu.br\/ca\/lig302\/<\/a><\/p>\n<p>Coordenador: R\u00e9gis Aguiar Dutra<\/p>\n<hr \/>\n<p><strong>Biblioteca<\/strong><\/p>\n<p><em>Bloco 3 Rua Alberto Rosa (Largo do Bola), 117 Pelotas \/ RS \u2013 CEP: 96010-770<\/em><\/p>\n<p><a href=\"https:\/\/wp.ufpel.edu.br\/bcs\/\">https:\/\/wp.ufpel.edu.br\/bcs\/<\/a><\/p>\n<p>Tel.: (53) 3284-3171 (Balc\u00e3o de empr\u00e9stimo)<\/p>\n<p><em>Online:<\/em> <a href=\"https:\/\/pergamum.ufpel.edu.br\/\">https:\/\/pergamum.ufpel.edu.br\/<\/a><\/p>\n<hr \/>\n<p><strong>Bloco 1 e Bloco 2<\/strong><\/p>\n<p><em>Local: rua Alberto Rosa, 62<\/em><\/p>\n<p>Aulas te\u00f3ricas, Audit\u00f3rios, Dire\u00e7\u00e3o e N\u00facleo Administrativo<\/p>\n<p><a href=\"https:\/\/wp.ufpel.edu.br\/mapacearte\/\">https:\/\/wp.ufpel.edu.br\/mapacearte\/<\/a><\/p>\n<p><a href=\"https:\/\/wp.ufpel.edu.br\/ca\/horarios-das-portarias\/\">https:\/\/wp.ufpel.edu.br\/ca\/horarios-das-portarias\/<\/a><\/p>\n<p>Infraestrutura das salas <a href=\"https:\/\/wp.ufpel.edu.br\/ca\/salas-de-aula\/\">https:\/\/wp.ufpel.edu.br\/ca\/salas-de-aula\/<\/a><\/p>\n<hr \/>\n<p><strong>Central de Colegiados &#8211; atendimento ao discente<\/strong><\/p>\n<p><em>Local: sala 301 rua Alberto Rosa, 62<\/em><\/p>\n<p>e-mail geral: colegiados.ca@ufpel.edu.br<\/p>\n<p>Atendimento: das 8h \u00e0s 20h<\/p>\n<p>GUIA TELEF\u00d4NICO &#8211; <a href=\"https:\/\/wp.ufpel.edu.br\/ca\/guia-telefonico\/\">https:\/\/wp.ufpel.edu.br\/ca\/guia-telefonico\/<\/a><\/p>\n<hr \/>\n<p><strong>Sala dos Diret\u00f3rios Acad\u00eamicos Centro de Artes UFPel<\/strong><\/p>\n<blockquote class=\"wp-embedded-content\" data-secret=\"46fwJ74npO\"><p><a href=\"https:\/\/wp.ufpel.edu.br\/ca\/diretorio-academico-ca\/\">Sala dos DA&#8217;s (Diret\u00f3rio e Centros Acad\u00eamicos)<\/a><\/p><\/blockquote>\n<p><iframe class=\"wp-embedded-content\" sandbox=\"allow-scripts\" security=\"restricted\" style=\"position: absolute; visibility: hidden;\" title=\"&#8220;Sala dos DA&#8217;s (Diret\u00f3rio e Centros Acad\u00eamicos)&#8221; &#8212; Centro de Artes UFPEL\" src=\"https:\/\/wp.ufpel.edu.br\/ca\/diretorio-academico-ca\/embed\/#?secret=kTl9oMF8fz#?secret=46fwJ74npO\" data-secret=\"46fwJ74npO\" width=\"500\" height=\"282\" frameborder=\"0\" marginwidth=\"0\" marginheight=\"0\" scrolling=\"no\"><\/iframe><\/p>\n<hr \/>\n<p><strong>Transporte de Apoio UFPel<\/strong><\/p>\n<p>Paradas pr\u00f3ximas a Dan\u00e7a<\/p>\n<ul>\n<li>FaUrb (Faculdade de Arquitetura e Urbanismo) \u2013 Rua Benjamin Constant esquina Alberto Rosa<\/li>\n<li>Campus II \u2013 Rua Almirante Barroso esquina Rua Tr\u00eas de Maio<\/li>\n<\/ul>\n<blockquote class=\"wp-embedded-content\" data-secret=\"O8gVOIipk1\"><p><a href=\"https:\/\/wp.ufpel.edu.br\/transporte\/transporte-apoio\/\">Transporte de Apoio UFPel<\/a><\/p><\/blockquote>\n<p><iframe class=\"wp-embedded-content\" sandbox=\"allow-scripts\" security=\"restricted\" style=\"position: absolute; visibility: hidden;\" title=\"&#8220;Transporte de Apoio UFPel&#8221; &#8212; N\u00facleo de Transporte\" src=\"https:\/\/wp.ufpel.edu.br\/transporte\/transporte-apoio\/embed\/#?secret=rYXvDWVT2S#?secret=O8gVOIipk1\" data-secret=\"O8gVOIipk1\" width=\"500\" height=\"282\" frameborder=\"0\" marginwidth=\"0\" marginheight=\"0\" scrolling=\"no\"><\/iframe><\/p>\n","protected":false},"excerpt":{"rendered":"<p>Bloco 3 &#8211; Pr\u00e9dio Dan\u00e7a e Teatro Bloco 3 Rua Alberto Rosa (Largo do Bola), 117 Pelotas \/ RS \u2013 CEP: 96010-770 &gt;&gt; Sala 61 &#8211; Sala pr\u00e1tica, piso de madeira, caixa de som, projetor &#8211; 160m\u00b2 e 880 m\u00b3 &gt;&gt; Sala 62 &#8211; Sala pr\u00e1tica, piso de madeira, caixa de som, projetor &#8211; 80m\u00b2 [&hellip;]<\/p>\n","protected":false},"author":334,"featured_media":0,"parent":2,"menu_order":5,"comment_status":"closed","ping_status":"closed","template":"","meta":{"footnotes":""},"class_list":["post-2924","page","type-page","status-publish","hentry"],"jetpack_sharing_enabled":true,"_links":{"self":[{"href":"https:\/\/wp.ufpel.edu.br\/danca\/wp-json\/wp\/v2\/pages\/2924","targetHints":{"allow":["GET"]}}],"collection":[{"href":"https:\/\/wp.ufpel.edu.br\/danca\/wp-json\/wp\/v2\/pages"}],"about":[{"href":"https:\/\/wp.ufpel.edu.br\/danca\/wp-json\/wp\/v2\/types\/page"}],"author":[{"embeddable":true,"href":"https:\/\/wp.ufpel.edu.br\/danca\/wp-json\/wp\/v2\/users\/334"}],"replies":[{"embeddable":true,"href":"https:\/\/wp.ufpel.edu.br\/danca\/wp-json\/wp\/v2\/comments?post=2924"}],"version-history":[{"count":3,"href":"https:\/\/wp.ufpel.edu.br\/danca\/wp-json\/wp\/v2\/pages\/2924\/revisions"}],"predecessor-version":[{"id":3111,"href":"https:\/\/wp.ufpel.edu.br\/danca\/wp-json\/wp\/v2\/pages\/2924\/revisions\/3111"}],"up":[{"embeddable":true,"href":"https:\/\/wp.ufpel.edu.br\/danca\/wp-json\/wp\/v2\/pages\/2"}],"wp:attachment":[{"href":"https:\/\/wp.ufpel.edu.br\/danca\/wp-json\/wp\/v2\/media?parent=2924"}],"curies":[{"name":"wp","href":"https:\/\/api.w.org\/{rel}","templated":true}]}}