{"id":2678,"date":"2024-11-22T09:11:10","date_gmt":"2024-11-22T12:11:10","guid":{"rendered":"https:\/\/wp.ufpel.edu.br\/danca\/?page_id=2678"},"modified":"2025-08-13T11:55:05","modified_gmt":"2025-08-13T14:55:05","slug":"portarias","status":"publish","type":"page","link":"https:\/\/wp.ufpel.edu.br\/danca\/curso\/portarias\/","title":{"rendered":"Portarias"},"content":{"rendered":"<div>\n<div>\n<div>\n<div>\n<div>\n<div>\n<div>\n<div>\n<div>\n<div>PORTARIA N\u00ba 56, DE 13 DE agosto DE 2025<br \/>\n<strong>Recompor o Colegiado do curso de Dan\u00e7a agosto\/2025<\/strong><\/div>\n<div><a href=\"https:\/\/wp.ufpel.edu.br\/danca\/files\/2025\/08\/portaria-colegiado-2025-SEI-23110.027918_2025-11.pdf\">portaria colegiado 2025 SEI &#8211; 23110.027918_2025-11<\/a><\/div>\n<div>\n<div>\n<div>\n<hr \/>\n<\/div>\n<\/div>\n<div><span style=\"color: var(--cor-texto); font-family: var(--fonte-corpo);\">PORTARIA DE PESSOAL No 4.469\/UFPEL, DE 11 DE JUNHO DE 2025 _ 23110.021189\/2025-99<\/span><\/div>\n<\/div>\n<\/div>\n<div><b>Nomea\u00e7\u00e3o da coordenadora Ana Cristina e coordenadora adjunta Daniela &#8211; elei\u00e7\u00e3o em ata de 26\/09\/2024, mandato de 2 anos<\/b><\/div>\n<div><a href=\"https:\/\/wp.ufpel.edu.br\/danca\/files\/2025\/06\/PORTARIA_DE_PESSOAL_N__4.469_UFPEL__DE_11_DE_JUNHO_DE_2025___PORTARIA_DE_PESSOAL_N__4.469_UFPEL__DE_11_DE_JUNHO_DE_2025___DOU___Imprensa_Nacional.pdf\">Coordenadora &#8211; PORTARIA_DE_PESSOAL_N__4.469_UFPEL__DE_11_DE_JUNHO_DE_2025___DOUImprensa_Nacional<\/a><\/div>\n<div><a href=\"https:\/\/wp.ufpel.edu.br\/danca\/files\/2025\/06\/Portaria_2025_4484.pdf\">Coordenadora adjunta &#8211; Portaria_2025_4484<\/a><\/div>\n<div>\n<hr \/>\n<\/div>\n<\/div>\n<div><span style=\"color: var(--cor-texto); font-family: var(--fonte-corpo);\">PORTARIA N\u00ba 41, DE 06 DE junho DE 2025<br \/>\n<\/span><strong>Constituir a nova composi\u00e7\u00e3o para o bi\u00eanio de\u00a0<span class=\"dark-mode-color-black\">maio de 2025 a maio de 2027\u00a0<\/span>do N\u00facleo Docente Estruturante (NDE) do Curso de Licenciatura em Dan\u00e7a<br \/>\n<\/strong><a style=\"text-align: justify; font-family: var(--fonte-corpo);\" href=\"https:\/\/wp.ufpel.edu.br\/danca\/files\/2025\/06\/NDE-maio-2025-a-maio-2027-SEI-23110.017474_2025-13.pdf\">NDE maio 2025 a maio 2027 SEI &#8211; 23110.017474_2025-13<\/a><\/div>\n<\/div>\n<div>\n<hr \/>\n<\/div>\n<\/div>\n<div><span style=\"color: var(--cor-texto); font-family: var(--fonte-corpo);\">PORTARIA N\u00ba 20, DE 09 DE ABRIL DE 2025<\/span><\/div>\n<\/div>\n<div><strong>Constituir bancas de Trabalho de Conclus\u00e3o de Curso (TCC2, TCC1) e Montagem C\u00eanica 2 semestre 2024\/2 do Curso de Dan\u00e7a &#8211; Licenciatura<br \/>\n<\/strong><a href=\"https:\/\/wp.ufpel.edu.br\/danca\/files\/2025\/04\/portarias-SEI-23110.011998_2025-92.pdf\">portarias SEI &#8211; 23110.011998_2025-92<\/a><\/div>\n<div>\n<hr \/>\n<\/div>\n<\/div>\n<div><span style=\"color: var(--cor-texto); font-family: var(--fonte-corpo);\">PORTARIA N\u00ba 1, DE 17 DE FEVEREIRO DE 2025<\/span><\/div>\n<\/div>\n<div><strong>Composi\u00e7\u00e3o Banca PROCESSO SELETIVO PARA PROFESSOR SUBSTITUTO &#8211; Edital CAP n\u00ba (024-2024)<\/strong><\/div>\n<div><a href=\"https:\/\/wp.ufpel.edu.br\/danca\/files\/2025\/03\/SEI-23110.035260_2024-30.pdf\">SEI &#8211; 23110.035260_2024-30 SEI n\u00ba 2955768<\/a><\/div>\n<div>\n<hr \/>\n<\/div>\n<\/div>\n<div>PORTARIA N\u00ba 91, DE 21 DE NOVEMBRO DE 2024<br \/>\n<strong>Recompor o Colegiado do curso de Dan\u00e7a<\/strong><\/div>\n<div><a href=\"https:\/\/wp.ufpel.edu.br\/danca\/files\/2024\/12\/Portarias-Do-Centro-de-Artes-_-SEI-Processo-23110.103714_2017-83.pdf\">Portarias Do Centro de Artes _ SEI &#8211; Processo 23110.103714_2017-83<\/a><\/div>\n<div>\n<hr \/>\n<\/div>\n<p>Portaria Interna 85 (2861155) 21\/11\/2024<br \/>\n<strong>Comiss\u00e3o de constru\u00e7\u00e3o de regimento da Sala Carmen Biasoli<\/strong> <a href=\"https:\/\/sei.ufpel.edu.br\/sei\/controlador.php?acao=procedimento_trabalhar&amp;id_procedimento=19053&amp;id_documento=3204753\" target=\"_blank\" rel=\"noopener noreferrer\">https:\/\/sei.ufpel.edu.br\/sei\/controlador.php?acao=procedimento_trabalhar&amp;id_procedimento=19053&amp;id_documento=3204753\u00a0<\/a><\/p>\n<\/div>\n<div>\n<hr \/>\n<\/div>\n<div>Portaria Interna 86 (SEI n\u00ba 2861167) 21\/11\/2024<br \/>\n<strong>Comiss\u00e3o de constru\u00e7\u00e3o de regimento LAPAP (Laborat\u00f3rio de Pr\u00e1ticas Art\u00edstico-Pedag\u00f3gicas)<\/strong><br \/>\n<a href=\"https:\/\/sei.ufpel.edu.br\/sei\/controlador.php?acao=procedimento_trabalhar&amp;id_procedimento=19053&amp;id_documento=3204765\" target=\"_blank\" rel=\"noopener noreferrer\">https:\/\/sei.ufpel.edu.br\/sei\/controlador.php?acao=procedimento_trabalhar&amp;id_procedimento=19053&amp;id_documento=3204765<\/a><\/div>\n<div><\/div>\n<div>\n<hr \/>\n<\/div>\n<div>Portaria Interna 87 (SEI n\u00ba 2861201) 21\/11\/2024<\/div>\n<div><strong>Atualizar as Comiss\u00f5es do Curso de Dan\u00e7a\u00a0<\/strong><br \/>\n<a href=\"https:\/\/sei.ufpel.edu.br\/sei\/controlador.php?acao=procedimento_trabalhar&amp;id_procedimento=19053&amp;id_documento=3204801\" target=\"_blank\" rel=\"noopener noreferrer\">https:\/\/sei.ufpel.edu.br\/sei\/controlador.php?acao=procedimento_trabalhar&amp;id_procedimento=19053&amp;id_documento=3204801<\/a><\/div>\n<div><\/div>\n<div>\n<hr \/>\n<\/div>\n<div>Portaria Interna 89 (SEI n\u00ba 2862013) 21\/11\/2024<br \/>\n<strong>Bancas da disciplina de Montagem C\u00eanica 2 (2024-1)<\/strong><br \/>\n<a href=\"https:\/\/sei.ufpel.edu.br\/sei\/controlador.php?acao=procedimento_trabalhar&amp;id_procedimento=19053&amp;id_documento=3205711\" target=\"_blank\" rel=\"noopener noreferrer\">https:\/\/sei.ufpel.edu.br\/sei\/controlador.php?acao=procedimento_trabalhar&amp;id_procedimento=19053&amp;id_documento=3205711<\/a><\/div>\n<div><\/div>\n<div>\n<hr \/>\n<\/div>\n<div>Portaria Interna 90 (SEI n\u00ba 2862021) 21\/11\/2024<br \/>\n<strong>Bancas de Trabalho de Conclus\u00e3o de Curso (TCC) 2 (2024-1)<\/strong><br \/>\n<a href=\"https:\/\/sei.ufpel.edu.br\/sei\/controlador.php?acao=procedimento_trabalhar&amp;id_procedimento=19053&amp;id_documento=3205721\" target=\"_blank\" rel=\"noopener noreferrer\">https:\/\/sei.ufpel.edu.br\/sei\/controlador.php?acao=procedimento_trabalhar&amp;id_procedimento=19053&amp;id_documento=3205721<\/a><\/div>\n<div><\/div>\n<div>\n<hr \/>\n<\/div>\n<div>Portaria Interna 91 (2862027) 21\/11\/2024<\/div>\n<div><strong>Recomposi\u00e7\u00e3o do Colegiado do curso de Dan\u00e7a<\/strong><br \/>\n<a href=\"https:\/\/sei.ufpel.edu.br\/sei\/controlador.php?acao=procedimento_trabalhar&amp;id_procedimento=19053&amp;id_documento=3205728\" target=\"_blank\" rel=\"noopener noreferrer\">https:\/\/sei.ufpel.edu.br\/sei\/controlador.php?acao=procedimento_trabalhar&amp;id_procedimento=19053&amp;id_documento=3205728<\/a><\/div>\n<div><\/div>\n","protected":false},"excerpt":{"rendered":"<p>PORTARIA N\u00ba 56, DE 13 DE agosto DE 2025 Recompor o Colegiado do curso de Dan\u00e7a agosto\/2025 portaria colegiado 2025 SEI &#8211; 23110.027918_2025-11 PORTARIA DE PESSOAL No 4.469\/UFPEL, DE 11 DE JUNHO DE 2025 _ 23110.021189\/2025-99 Nomea\u00e7\u00e3o da coordenadora Ana Cristina e coordenadora adjunta Daniela &#8211; elei\u00e7\u00e3o em ata de 26\/09\/2024, mandato de 2 anos [&hellip;]<\/p>\n","protected":false},"author":334,"featured_media":0,"parent":2,"menu_order":5,"comment_status":"closed","ping_status":"closed","template":"","meta":{"footnotes":""},"class_list":["post-2678","page","type-page","status-publish","hentry"],"jetpack_sharing_enabled":true,"_links":{"self":[{"href":"https:\/\/wp.ufpel.edu.br\/danca\/wp-json\/wp\/v2\/pages\/2678","targetHints":{"allow":["GET"]}}],"collection":[{"href":"https:\/\/wp.ufpel.edu.br\/danca\/wp-json\/wp\/v2\/pages"}],"about":[{"href":"https:\/\/wp.ufpel.edu.br\/danca\/wp-json\/wp\/v2\/types\/page"}],"author":[{"embeddable":true,"href":"https:\/\/wp.ufpel.edu.br\/danca\/wp-json\/wp\/v2\/users\/334"}],"replies":[{"embeddable":true,"href":"https:\/\/wp.ufpel.edu.br\/danca\/wp-json\/wp\/v2\/comments?post=2678"}],"version-history":[{"count":4,"href":"https:\/\/wp.ufpel.edu.br\/danca\/wp-json\/wp\/v2\/pages\/2678\/revisions"}],"predecessor-version":[{"id":3086,"href":"https:\/\/wp.ufpel.edu.br\/danca\/wp-json\/wp\/v2\/pages\/2678\/revisions\/3086"}],"up":[{"embeddable":true,"href":"https:\/\/wp.ufpel.edu.br\/danca\/wp-json\/wp\/v2\/pages\/2"}],"wp:attachment":[{"href":"https:\/\/wp.ufpel.edu.br\/danca\/wp-json\/wp\/v2\/media?parent=2678"}],"curies":[{"name":"wp","href":"https:\/\/api.w.org\/{rel}","templated":true}]}}