{"id":2586,"date":"2024-04-12T17:15:35","date_gmt":"2024-04-12T20:15:35","guid":{"rendered":"https:\/\/wp.ufpel.edu.br\/danca\/?page_id=2586"},"modified":"2025-10-10T15:04:24","modified_gmt":"2025-10-10T18:04:24","slug":"2024-2","status":"publish","type":"page","link":"https:\/\/wp.ufpel.edu.br\/danca\/trabalhos-de-conclusao\/2024-2\/","title":{"rendered":"2024"},"content":{"rendered":"<p>AVILA, Thiago Rezende de. <strong>Masculinidades dissidentes nas dan\u00e7as tradicionais ga\u00fachas em Pelotas\/RS<\/strong> [recurso eletr\u00f4nico]<br \/>\n<a href=\"https:\/\/pergamum.ufpel.edu.br\/acervo\/129127\">https:\/\/pergamum.ufpel.edu.br\/acervo\/129127<\/a><\/p>\n<p>BRUM, Mayson Gon\u00e7alves. <strong>As dan\u00e7as dos Orix\u00e1s do batuque do RS<\/strong> [recurso eletr\u00f4nico] : um olhar para o Reino Africano de Ogum Ians\u00e3 e Exu Tiriri da cidade de Arroio Grande<br \/>\n<a href=\"https:\/\/pergamum.ufpel.edu.br\/acervo\/129121\">https:\/\/pergamum.ufpel.edu.br\/acervo\/129121<\/a><\/p>\n<p>LEMOS, Francine da Silva. <strong>A MULHER no Hip-Hop dance:<\/strong> resiste\u0302ncia e empoderamento.<br \/>\n<a href=\"https:\/\/pergamum.ufpel.edu.br\/acervo\/127420\">https:\/\/pergamum.ufpel.edu.br\/acervo\/127420<\/a><\/p>\n<p>LIMA, Claudilene Castro. <strong>COMO DANC\u0327AR A IMOBILIDADE? <\/strong><span style=\"color: var(--cor-texto); font-family: var(--fonte-corpo);\">Processos de criac\u0327a\u0303o em danc\u0327a a partir do meu corpo \u201cArtri\u0301stico\u201d<\/span><br \/>\n<a href=\"https:\/\/pergamum.ufpel.edu.br\/acervo\/127419\">https:\/\/pergamum.ufpel.edu.br\/acervo\/127419<\/a><\/p>\n<p>MOTTA, Maclei Ribeiro. <strong>Inser\u00e7\u00e3o profissional e atua\u00e7\u00e3o docente de professores e professoras de dan\u00e7as tradicionais ga\u00fachas nas escolas<\/strong> [recurso eletr\u00f4nico] <a href=\"https:\/\/pergamum.ufpel.edu.br\/acervo\/129124\">https:\/\/pergamum.ufpel.edu.br\/acervo\/129124<\/a><\/p>\n<p>Pinheiro, Lidiane da Silva. <strong>Pr\u00e1ticas pedag\u00f3gicas: um caminho poss\u00edvel para a dilui\u00e7\u00e3o de preconceitos na dan\u00e7a do ventre.<\/strong><br \/>\n<a href=\"https:\/\/pergamum.ufpel.edu.br\/acervo\/131480\">https:\/\/pergamum.ufpel.edu.br\/acervo\/131480<\/a><\/p>\n<p>&nbsp;<\/p>\n<p>&nbsp;<\/p>\n<p>&nbsp;<\/p>\n","protected":false},"excerpt":{"rendered":"<p>AVILA, Thiago Rezende de. Masculinidades dissidentes nas dan\u00e7as tradicionais ga\u00fachas em Pelotas\/RS [recurso eletr\u00f4nico] https:\/\/pergamum.ufpel.edu.br\/acervo\/129127 BRUM, Mayson Gon\u00e7alves. As dan\u00e7as dos Orix\u00e1s do batuque do RS [recurso eletr\u00f4nico] : um olhar para o Reino Africano de Ogum Ians\u00e3 e Exu Tiriri da cidade de Arroio Grande https:\/\/pergamum.ufpel.edu.br\/acervo\/129121 LEMOS, Francine da Silva. A MULHER no Hip-Hop [&hellip;]<\/p>\n","protected":false},"author":334,"featured_media":0,"parent":167,"menu_order":0,"comment_status":"closed","ping_status":"closed","template":"","meta":{"footnotes":""},"class_list":["post-2586","page","type-page","status-publish","hentry"],"jetpack_sharing_enabled":true,"_links":{"self":[{"href":"https:\/\/wp.ufpel.edu.br\/danca\/wp-json\/wp\/v2\/pages\/2586","targetHints":{"allow":["GET"]}}],"collection":[{"href":"https:\/\/wp.ufpel.edu.br\/danca\/wp-json\/wp\/v2\/pages"}],"about":[{"href":"https:\/\/wp.ufpel.edu.br\/danca\/wp-json\/wp\/v2\/types\/page"}],"author":[{"embeddable":true,"href":"https:\/\/wp.ufpel.edu.br\/danca\/wp-json\/wp\/v2\/users\/334"}],"replies":[{"embeddable":true,"href":"https:\/\/wp.ufpel.edu.br\/danca\/wp-json\/wp\/v2\/comments?post=2586"}],"version-history":[{"count":3,"href":"https:\/\/wp.ufpel.edu.br\/danca\/wp-json\/wp\/v2\/pages\/2586\/revisions"}],"predecessor-version":[{"id":3139,"href":"https:\/\/wp.ufpel.edu.br\/danca\/wp-json\/wp\/v2\/pages\/2586\/revisions\/3139"}],"up":[{"embeddable":true,"href":"https:\/\/wp.ufpel.edu.br\/danca\/wp-json\/wp\/v2\/pages\/167"}],"wp:attachment":[{"href":"https:\/\/wp.ufpel.edu.br\/danca\/wp-json\/wp\/v2\/media?parent=2586"}],"curies":[{"name":"wp","href":"https:\/\/api.w.org\/{rel}","templated":true}]}}