{"id":2512,"date":"2023-12-12T11:11:50","date_gmt":"2023-12-12T14:11:50","guid":{"rendered":"https:\/\/wp.ufpel.edu.br\/danca\/?page_id=2512"},"modified":"2025-08-13T11:29:06","modified_gmt":"2025-08-13T14:29:06","slug":"2023-2","status":"publish","type":"page","link":"https:\/\/wp.ufpel.edu.br\/danca\/trabalhos-de-conclusao\/2023-2\/","title":{"rendered":"2023"},"content":{"rendered":"<p>CABRAL. Jeferson Leonardo Manfroni. <strong>BATALHA DA VIDA: UM ESTUDO DAS BATALHAS DE DAN\u00c7A E DA PREPARA\u00c7\u00c3O DOS\/AS ARTISTAS DE Hip-Hop DANCE<\/strong><br \/>\n<a href=\"https:\/\/pergamum.ufpel.edu.br\/acervo\/125726\">https:\/\/pergamum.ufpel.edu.br\/acervo\/125726<\/a><\/p>\n<p>COSTA, Julia Henriques. <strong>Artista &#8211; professora de dan\u00e7a<\/strong> [recurso eletr\u00f4nico] : experi\u00eancias que me constituem \/ Julia Henriques Costa; orientador Marco Aurelio da Cruz Souza<br \/>\n<span style=\"color: #000000;\"><a href=\"https:\/\/pergamum.ufpel.edu.br\/acervo\/129119\">https:\/\/pergamum.ufpel.edu.br\/acervo\/129119<\/a><\/span><\/p>\n<p>FRAN\u00c7A, Victor Julio Martins de. <strong><a style=\"color: #000000;\" href=\"https:\/\/wp.ufpel.edu.br\/danca\/files\/2023\/12\/Victor-Julio-Martins-de-Franca-TCC.pdf\">D<\/a>an\u00e7a Contempor\u00e2nea Negra: <\/strong>identidade e express\u00e3o no corpo negro. Pelotas: 2023.<br \/>\n<a href=\"https:\/\/pergamum.ufpel.edu.br\/acervo\/126183\">https:\/\/pergamum.ufpel.edu.br\/acervo\/126183<\/a><\/p>\n<p><span style=\"color: #000000;\">GARCIA, Sidin\u00e9ia Milano. <strong>Dan\u00e7a e Doc\u00eancia em uma Perspectiva Autoetnogr\u00e1fica:<\/strong> Mem\u00f3rias e Reflex\u00f5es sobre a Trajet\u00f3ria Dan\u00e7ante na EBAHL \u2013 Escola de Belas Artes Heitor de Lemos de Rio Grande \u2013 RS. Pelotas: 2023.<br \/>\n<a href=\"https:\/\/pergamum.ufpel.edu.br\/acervo\/126181\">https:\/\/pergamum.ufpel.edu.br\/acervo\/126181<\/a><br \/>\n<\/span><\/p>\n<p><span style=\"color: #000000;\">LOPES, Sarah Le\u00e3o. <strong>Quando Voc\u00ea Me Toca.<\/strong> A experi\u00eancia est\u00e9tica nas escolas como modo de uma educa\u00e7\u00e3o pela via do sens\u00edvel.. Pelotas: 2023.<br \/>\n<a href=\"https:\/\/pergamum.ufpel.edu.br\/acervo\/126179\">https:\/\/pergamum.ufpel.edu.br\/acervo\/126179<\/a><br \/>\n<\/span><\/p>\n<div class=\"page\" title=\"Page 2\">\n<div class=\"section\">\n<div class=\"layoutArea\">\n<div class=\"column\">\n<p>REIS, Jo\u00e3o Vitor da Costa. <strong>PERCURSOS DE UM PROFESSOR-ARTISTA-PESQUISADOR DA DANC\u0327A<\/strong>: a\/r\/tografia de um homem negro <em>Hip Hopper<br \/>\n<\/em><a href=\"https:\/\/pergamum.ufpel.edu.br\/acervo\/127421\">https:\/\/pergamum.ufpel.edu.br\/acervo\/127421<\/a><em><br \/>\n<\/em><\/p>\n<p>ALVES, Isabelle Rodrigues. <strong>Autoestima dos praticantes das dan\u00e7as vogue e krump.<\/strong> 2023.<br \/>\n<a href=\"https:\/\/pergamum.ufpel.edu.br\/acervo\/130732\">https:\/\/pergamum.ufpel.edu.br\/acervo\/130732<\/a><\/p>\n<p>&nbsp;<\/p>\n<\/div>\n<\/div>\n<\/div>\n<\/div>\n<p>&nbsp;<\/p>\n","protected":false},"excerpt":{"rendered":"<p>CABRAL. Jeferson Leonardo Manfroni. BATALHA DA VIDA: UM ESTUDO DAS BATALHAS DE DAN\u00c7A E DA PREPARA\u00c7\u00c3O DOS\/AS ARTISTAS DE Hip-Hop DANCE https:\/\/pergamum.ufpel.edu.br\/acervo\/125726 COSTA, Julia Henriques. Artista &#8211; professora de dan\u00e7a [recurso eletr\u00f4nico] : experi\u00eancias que me constituem \/ Julia Henriques Costa; orientador Marco Aurelio da Cruz Souza https:\/\/pergamum.ufpel.edu.br\/acervo\/129119 FRAN\u00c7A, Victor Julio Martins de. Dan\u00e7a Contempor\u00e2nea [&hellip;]<\/p>\n","protected":false},"author":334,"featured_media":0,"parent":167,"menu_order":1,"comment_status":"closed","ping_status":"closed","template":"","meta":{"footnotes":""},"class_list":["post-2512","page","type-page","status-publish","hentry"],"jetpack_sharing_enabled":true,"_links":{"self":[{"href":"https:\/\/wp.ufpel.edu.br\/danca\/wp-json\/wp\/v2\/pages\/2512","targetHints":{"allow":["GET"]}}],"collection":[{"href":"https:\/\/wp.ufpel.edu.br\/danca\/wp-json\/wp\/v2\/pages"}],"about":[{"href":"https:\/\/wp.ufpel.edu.br\/danca\/wp-json\/wp\/v2\/types\/page"}],"author":[{"embeddable":true,"href":"https:\/\/wp.ufpel.edu.br\/danca\/wp-json\/wp\/v2\/users\/334"}],"replies":[{"embeddable":true,"href":"https:\/\/wp.ufpel.edu.br\/danca\/wp-json\/wp\/v2\/comments?post=2512"}],"version-history":[{"count":3,"href":"https:\/\/wp.ufpel.edu.br\/danca\/wp-json\/wp\/v2\/pages\/2512\/revisions"}],"predecessor-version":[{"id":3075,"href":"https:\/\/wp.ufpel.edu.br\/danca\/wp-json\/wp\/v2\/pages\/2512\/revisions\/3075"}],"up":[{"embeddable":true,"href":"https:\/\/wp.ufpel.edu.br\/danca\/wp-json\/wp\/v2\/pages\/167"}],"wp:attachment":[{"href":"https:\/\/wp.ufpel.edu.br\/danca\/wp-json\/wp\/v2\/media?parent=2512"}],"curies":[{"name":"wp","href":"https:\/\/api.w.org\/{rel}","templated":true}]}}