{"id":1972,"date":"2022-03-25T10:42:39","date_gmt":"2022-03-25T13:42:39","guid":{"rendered":"https:\/\/wp.ufpel.edu.br\/danca\/?page_id=1972"},"modified":"2025-02-13T15:12:36","modified_gmt":"2025-02-13T18:12:36","slug":"comissoes","status":"publish","type":"page","link":"https:\/\/wp.ufpel.edu.br\/danca\/curso\/comissoes\/","title":{"rendered":"Comiss\u00f5es"},"content":{"rendered":"<p class=\"Normal1\" style=\"text-align: justify; line-height: normal; margin: 14.0pt 0cm 0cm 0cm;\"><span style=\"font-size: 14pt;\"><em><span style=\"color: #000000; font-family: helvetica, arial, sans-serif;\">COMISS\u00d5ES PERMANENTES\u00a0<\/span><\/em><\/span><\/p>\n<p>(atualizado ata colegiado 26\/09\/2024 &#8211; SEI n\u00ba 2866816)<\/p>\n<p class=\"Normal1\" style=\"text-align: justify; line-height: normal; margin: 14.0pt 0cm 0cm 0cm;\"><span style=\"color: #000000; font-family: helvetica, arial, sans-serif;\"><span style=\"font-size: 12pt;\"><strong>TCC &#8211;<\/strong> Fl\u00e1via Marchi Nascimento, Rebeca Recuero e Thiago Silva de Amorim Jesus.<\/span><\/span><\/p>\n<p class=\"Normal1\" style=\"text-align: justify; line-height: normal; margin: 14.0pt 0cm 0cm 0cm;\"><span style=\"color: #000000; font-family: helvetica, arial, sans-serif;\"><span style=\"font-size: 12pt;\"><strong>MONTAGEM C\u00caNICA<\/strong> &#8211; Alexandra Dias, Daniela Llopart Castro e Carmen Anita Hoffmann.<\/span><\/span><\/p>\n<p class=\"Normal1\" style=\"text-align: justify; line-height: normal; margin: 14.0pt 0cm 0cm 0cm;\"><span style=\"color: #000000; font-family: helvetica, arial, sans-serif;\"><span style=\"font-size: 12pt;\"><strong>EST\u00c1GIOS SUPERVISIONADOS &#8211;<\/strong>\u00a0<\/span>Andrisa Kemel Zanella, Josiane Gisela Franken Corr\u00eaa e Marco Aurelio da Cruz Souza.<\/span><\/p>\n<p class=\"Normal1\" style=\"text-align: justify; line-height: normal; margin: 14.0pt 0cm 0cm 0cm;\"><span style=\"color: #000000; font-family: helvetica, arial, sans-serif;\"><span style=\"font-size: 12pt;\"><strong>ESTUDOS INTEGRADORES &#8211;<\/strong> Maria Fonseca Falkembach, Ana Cristina Ribeiro Silva e Eleonora Campos da Motta Santos.\u00a0<\/span><\/span><\/p>\n<p>&nbsp;<\/p>\n<p>&#8211;<span style=\"font-family: helvetica, arial, sans-serif;\">&#8212;<\/span><\/p>\n<p class=\"Normal1\" style=\"text-align: justify; line-height: normal; margin: 14.0pt 0cm 0cm 0cm;\"><span style=\"color: #000000; font-family: helvetica, arial, sans-serif;\"><strong><span style=\"font-size: 12pt;\">COMISS\u00d5ES ESPECIAIS (antes da gest\u00e3o da coordenadora atual):<\/span><\/strong><\/span><\/p>\n<p class=\"Normal1\" style=\"text-align: justify; line-height: normal; margin: 14.0pt 0cm 0cm 0cm;\"><span style=\"color: #000000; font-family: helvetica, arial, sans-serif;\"><span style=\"font-size: 12pt;\"><strong>CURRICULARIZA\u00c7\u00c3O DA EXTENS\u00c3O<\/strong> <strong>&#8211;\u00a0<\/strong><\/span>Carmen Anita Hoffmann,\u00a0C\u00e1tia Fernandes de Carvalho,\u00a0Daniela Llopart Castro e\u00a0Maria Fonseca Falkembach.<\/span><\/p>\n<p class=\"Normal1\" style=\"text-align: justify; line-height: normal; margin: 14.0pt 0cm 0cm 0cm;\"><span style=\"color: #000000; font-family: helvetica, arial, sans-serif;\"><span style=\"font-size: 12pt;\"><strong>EAD<\/strong> <strong>&#8211;\u00a0<\/strong><\/span>Alexandra Gon\u00e7alves Dias,\u00a0Eleonora Campos da Motta Santos,\u00a0Ta\u00eds Chaves Prestes e\u00a0Thiago Silva de Amorim Jesus.<\/span><\/p>\n","protected":false},"excerpt":{"rendered":"<p>COMISS\u00d5ES PERMANENTES\u00a0 (atualizado ata colegiado 26\/09\/2024 &#8211; SEI n\u00ba 2866816) TCC &#8211; Fl\u00e1via Marchi Nascimento, Rebeca Recuero e Thiago Silva de Amorim Jesus. MONTAGEM C\u00caNICA &#8211; Alexandra Dias, Daniela Llopart Castro e Carmen Anita Hoffmann. EST\u00c1GIOS SUPERVISIONADOS &#8211;\u00a0Andrisa Kemel Zanella, Josiane Gisela Franken Corr\u00eaa e Marco Aurelio da Cruz Souza. ESTUDOS INTEGRADORES &#8211; Maria Fonseca [&hellip;]<\/p>\n","protected":false},"author":334,"featured_media":0,"parent":2,"menu_order":5,"comment_status":"closed","ping_status":"closed","template":"","meta":{"footnotes":""},"class_list":["post-1972","page","type-page","status-publish","hentry"],"jetpack_sharing_enabled":true,"_links":{"self":[{"href":"https:\/\/wp.ufpel.edu.br\/danca\/wp-json\/wp\/v2\/pages\/1972","targetHints":{"allow":["GET"]}}],"collection":[{"href":"https:\/\/wp.ufpel.edu.br\/danca\/wp-json\/wp\/v2\/pages"}],"about":[{"href":"https:\/\/wp.ufpel.edu.br\/danca\/wp-json\/wp\/v2\/types\/page"}],"author":[{"embeddable":true,"href":"https:\/\/wp.ufpel.edu.br\/danca\/wp-json\/wp\/v2\/users\/334"}],"replies":[{"embeddable":true,"href":"https:\/\/wp.ufpel.edu.br\/danca\/wp-json\/wp\/v2\/comments?post=1972"}],"version-history":[{"count":11,"href":"https:\/\/wp.ufpel.edu.br\/danca\/wp-json\/wp\/v2\/pages\/1972\/revisions"}],"predecessor-version":[{"id":2699,"href":"https:\/\/wp.ufpel.edu.br\/danca\/wp-json\/wp\/v2\/pages\/1972\/revisions\/2699"}],"up":[{"embeddable":true,"href":"https:\/\/wp.ufpel.edu.br\/danca\/wp-json\/wp\/v2\/pages\/2"}],"wp:attachment":[{"href":"https:\/\/wp.ufpel.edu.br\/danca\/wp-json\/wp\/v2\/media?parent=1972"}],"curies":[{"name":"wp","href":"https:\/\/api.w.org\/{rel}","templated":true}]}}