{"id":1632,"date":"2021-07-13T15:02:46","date_gmt":"2021-07-13T18:02:46","guid":{"rendered":"https:\/\/wp.ufpel.edu.br\/danca\/?page_id=1632"},"modified":"2023-12-12T11:12:14","modified_gmt":"2023-12-12T14:12:14","slug":"2021-2","status":"publish","type":"page","link":"https:\/\/wp.ufpel.edu.br\/danca\/trabalhos-de-conclusao\/2021-2\/","title":{"rendered":"2021"},"content":{"rendered":"<p><span style=\"color: #000000\">BEMFOX, Eduardo.<strong> <a style=\"color: #000000\" href=\"https:\/\/wp.ufpel.edu.br\/danca\/files\/2021\/10\/TCC-BEMFOX.pdf\">INTERAKT: Uma obra-guia para a hibridiza\u00e7\u00e3o da videodan\u00e7a e do malabarismo.<\/a> <\/strong>Pelotas: 2021. V\u00eddeo dispon\u00edvel em: <a style=\"color: #000000\" href=\"https:\/\/drive.google.com\/file\/d\/1qqhP1B3EFO7O7EhxpIGsXHzCM3ND3BD-\/view\">https:\/\/drive.google.com\/file\/d\/1qqhP1B3EFO7O7EhxpIGsXHzCM3ND3BD-\/view<\/a><\/span><\/p>\n<p><span style=\"color: #000000\">BITENCOURT, Janiel Vega. <strong><a style=\"color: #000000\" href=\"https:\/\/wp.ufpel.edu.br\/danca\/files\/2021\/07\/TCC-JANIEL-PRONTISSIMO.pdf\">Processos colaborativos de cria\u00e7\u00e3o: uma an\u00e1lise de montagens de espet\u00e1culos do Curso de Dan\u00e7a da UFPel.<\/a>\u00a0<\/strong>Pelotas: 2021.<\/span><\/p>\n<p><span style=\"color: #000000\">COUTINHO, Ludmila de Lima. <strong><a style=\"color: #000000\" href=\"https:\/\/wp.ufpel.edu.br\/danca\/files\/2021\/10\/Ludmila-de-Lima-Coutinho-TCC.pdf\">O futuro \u00e9 negra, assim como o passado e o presente: Afrofuturismo e a Escreviv\u00eancia em dan\u00e7a no Sul do Sul.<\/a> <\/strong>Pelotas: 2021.<\/span><\/p>\n<p><span style=\"color: #000000\">VERGARA, Ederson Zaneti. <strong><a style=\"color: #000000\" href=\"https:\/\/wp.ufpel.edu.br\/danca\/files\/2021\/10\/TCC-EDERSON_-VERSAO-FINAL.pdf\">Atua\u00e7\u00e3o art\u00edstico-profissional de core\u00f3grafos no ambiente tradicionalista ga\u00facho na contemporaneidade.<\/a><\/strong> Pelotas: 2021. Pelotas: 2021.<\/span><\/p>\n<p>&nbsp;<\/p>\n","protected":false},"excerpt":{"rendered":"<p>BEMFOX, Eduardo. INTERAKT: Uma obra-guia para a hibridiza\u00e7\u00e3o da videodan\u00e7a e do malabarismo. Pelotas: 2021. V\u00eddeo dispon\u00edvel em: https:\/\/drive.google.com\/file\/d\/1qqhP1B3EFO7O7EhxpIGsXHzCM3ND3BD-\/view BITENCOURT, Janiel Vega. Processos colaborativos de cria\u00e7\u00e3o: uma an\u00e1lise de montagens de espet\u00e1culos do Curso de Dan\u00e7a da UFPel.\u00a0Pelotas: 2021. COUTINHO, Ludmila de Lima. O futuro \u00e9 negra, assim como o passado e o presente: Afrofuturismo [&hellip;]<\/p>\n","protected":false},"author":334,"featured_media":0,"parent":167,"menu_order":3,"comment_status":"closed","ping_status":"closed","template":"","meta":{"footnotes":""},"class_list":["post-1632","page","type-page","status-publish","hentry"],"jetpack_sharing_enabled":true,"_links":{"self":[{"href":"https:\/\/wp.ufpel.edu.br\/danca\/wp-json\/wp\/v2\/pages\/1632","targetHints":{"allow":["GET"]}}],"collection":[{"href":"https:\/\/wp.ufpel.edu.br\/danca\/wp-json\/wp\/v2\/pages"}],"about":[{"href":"https:\/\/wp.ufpel.edu.br\/danca\/wp-json\/wp\/v2\/types\/page"}],"author":[{"embeddable":true,"href":"https:\/\/wp.ufpel.edu.br\/danca\/wp-json\/wp\/v2\/users\/334"}],"replies":[{"embeddable":true,"href":"https:\/\/wp.ufpel.edu.br\/danca\/wp-json\/wp\/v2\/comments?post=1632"}],"version-history":[{"count":7,"href":"https:\/\/wp.ufpel.edu.br\/danca\/wp-json\/wp\/v2\/pages\/1632\/revisions"}],"predecessor-version":[{"id":1820,"href":"https:\/\/wp.ufpel.edu.br\/danca\/wp-json\/wp\/v2\/pages\/1632\/revisions\/1820"}],"up":[{"embeddable":true,"href":"https:\/\/wp.ufpel.edu.br\/danca\/wp-json\/wp\/v2\/pages\/167"}],"wp:attachment":[{"href":"https:\/\/wp.ufpel.edu.br\/danca\/wp-json\/wp\/v2\/media?parent=1632"}],"curies":[{"name":"wp","href":"https:\/\/api.w.org\/{rel}","templated":true}]}}