{"id":1430,"date":"2021-01-21T08:29:11","date_gmt":"2021-01-21T11:29:11","guid":{"rendered":"https:\/\/wp.ufpel.edu.br\/danca\/?page_id=1430"},"modified":"2023-12-12T11:12:21","modified_gmt":"2023-12-12T14:12:21","slug":"2020-2","status":"publish","type":"page","link":"https:\/\/wp.ufpel.edu.br\/danca\/trabalhos-de-conclusao\/2020-2\/","title":{"rendered":"2020"},"content":{"rendered":"<p><span style=\"color: #000000\">MELO, Nayane Machado Lima de. <strong><a style=\"color: #000000\" href=\"https:\/\/wp.ufpel.edu.br\/danca\/files\/2021\/03\/Nayane-Machado-Lima-de-Melo-TCC.pdf\">Mem\u00f3rias de um corpo que dan\u00e7a: um olhar sobre a cria\u00e7\u00e3o do espet\u00e1culo Trajeto, Trajet\u00f3ria, Trajetos (IN) DECIS\u00d5ES.<\/a> <\/strong>Pelotas: 2021.<\/span><\/p>\n<p><span style=\"color: #000000\">NUNES, Bruno Blois. <strong><a style=\"color: #000000\" href=\"https:\/\/wp.ufpel.edu.br\/danca\/files\/2021\/01\/Bruno-Blois-Nunes-TCC.pdf\">Que Rueda de Casino \u00e9 essa?: uma uni\u00e3o entre te\u00f3ricos e pr\u00e1ticos.<\/a> <\/strong>Pelotas: 2020.<\/span><\/p>\n<p><span style=\"color: #000000\">PAIVA, Cl\u00e9sis Niara Larrossa. <strong><a style=\"color: #000000\" href=\"https:\/\/wp.ufpel.edu.br\/danca\/files\/2021\/03\/Clesis-Niara-Larrosa-Paiva-TCC.pdf\">Mem\u00f3rias da dan\u00e7a no Col\u00e9gio Municipal Pelotas entre 1992 e 2003: Protagonismo da Profa. Maritza Flores Ferreira Freitas.<\/a><\/strong> Pelotas: 2021.<\/span><\/p>\n<p><span style=\"color: #000000\">VIEGAS, Deivid Garcia. <strong><a style=\"color: #000000\" href=\"https:\/\/wp.ufpel.edu.br\/danca\/files\/2021\/08\/TCC-Eu-Vento-Deivid-Viegas-.pdf\">Eu, Vento: Um caminho de cria\u00e7\u00e3o coreogr\u00e1fica em Dan\u00e7a de Rua.<\/a> <\/strong>Pelotas: 2020.<\/span><\/p>\n","protected":false},"excerpt":{"rendered":"<p>MELO, Nayane Machado Lima de. Mem\u00f3rias de um corpo que dan\u00e7a: um olhar sobre a cria\u00e7\u00e3o do espet\u00e1culo Trajeto, Trajet\u00f3ria, Trajetos (IN) DECIS\u00d5ES. Pelotas: 2021. NUNES, Bruno Blois. Que Rueda de Casino \u00e9 essa?: uma uni\u00e3o entre te\u00f3ricos e pr\u00e1ticos. Pelotas: 2020. PAIVA, Cl\u00e9sis Niara Larrossa. Mem\u00f3rias da dan\u00e7a no Col\u00e9gio Municipal Pelotas entre 1992 [&hellip;]<\/p>\n","protected":false},"author":334,"featured_media":0,"parent":167,"menu_order":4,"comment_status":"closed","ping_status":"closed","template":"","meta":{"footnotes":""},"class_list":["post-1430","page","type-page","status-publish","hentry"],"jetpack_sharing_enabled":true,"_links":{"self":[{"href":"https:\/\/wp.ufpel.edu.br\/danca\/wp-json\/wp\/v2\/pages\/1430","targetHints":{"allow":["GET"]}}],"collection":[{"href":"https:\/\/wp.ufpel.edu.br\/danca\/wp-json\/wp\/v2\/pages"}],"about":[{"href":"https:\/\/wp.ufpel.edu.br\/danca\/wp-json\/wp\/v2\/types\/page"}],"author":[{"embeddable":true,"href":"https:\/\/wp.ufpel.edu.br\/danca\/wp-json\/wp\/v2\/users\/334"}],"replies":[{"embeddable":true,"href":"https:\/\/wp.ufpel.edu.br\/danca\/wp-json\/wp\/v2\/comments?post=1430"}],"version-history":[{"count":9,"href":"https:\/\/wp.ufpel.edu.br\/danca\/wp-json\/wp\/v2\/pages\/1430\/revisions"}],"predecessor-version":[{"id":1723,"href":"https:\/\/wp.ufpel.edu.br\/danca\/wp-json\/wp\/v2\/pages\/1430\/revisions\/1723"}],"up":[{"embeddable":true,"href":"https:\/\/wp.ufpel.edu.br\/danca\/wp-json\/wp\/v2\/pages\/167"}],"wp:attachment":[{"href":"https:\/\/wp.ufpel.edu.br\/danca\/wp-json\/wp\/v2\/media?parent=1430"}],"curies":[{"name":"wp","href":"https:\/\/api.w.org\/{rel}","templated":true}]}}