{"id":1036,"date":"2019-08-29T12:19:15","date_gmt":"2019-08-29T15:19:15","guid":{"rendered":"https:\/\/wp.ufpel.edu.br\/danca\/?page_id=1036"},"modified":"2025-09-12T16:10:51","modified_gmt":"2025-09-12T19:10:51","slug":"links-importantes","status":"publish","type":"page","link":"https:\/\/wp.ufpel.edu.br\/danca\/links-importantes\/","title":{"rendered":"Links Apoio Discente"},"content":{"rendered":"<p><strong>Redes Sociais<\/strong><\/p>\n<p>Centro Acad\u00eamico Dan\u00e7a &#8211; <a href=\"https:\/\/www.instagram.com\/cad_danca.ufpel\/\">https:\/\/www.instagram.com\/cad_danca.ufpel\/<\/a><\/p>\n<p>Dan\u00e7a UFPel<\/p>\n<ul>\n<li><a href=\"https:\/\/www.instagram.com\/danca.ufpel\/\">https:\/\/www.instagram.com\/danca.ufpel\/<\/a><\/li>\n<li><a href=\"https:\/\/www.facebook.com\/danca.ufpel\">https:\/\/www.facebook.com\/danca.ufpel<\/a><\/li>\n<\/ul>\n<p>Fotos Dan\u00e7a UFPel<\/p>\n<ul>\n<li><a href=\"https:\/\/www.instagram.com\/efotodaprofa\/\">https:\/\/www.instagram.com\/efotodaprofa\/<\/a><\/li>\n<\/ul>\n<p><strong>Centro de Artes<\/strong><\/p>\n<blockquote class=\"wp-embedded-content\" data-secret=\"S2knJe4y7d\"><p><a href=\"https:\/\/wp.ufpel.edu.br\/ca\/\">P\u00e1gina Inicial<\/a><\/p><\/blockquote>\n<p><iframe class=\"wp-embedded-content\" sandbox=\"allow-scripts\" security=\"restricted\" style=\"position: absolute; visibility: hidden;\" title=\"&#8220;P\u00e1gina Inicial&#8221; &#8212; Centro de Artes UFPEL\" src=\"https:\/\/wp.ufpel.edu.br\/ca\/embed\/#?secret=Q8wyAkZiWo#?secret=S2knJe4y7d\" data-secret=\"S2knJe4y7d\" width=\"500\" height=\"282\" frameborder=\"0\" marginwidth=\"0\" marginheight=\"0\" scrolling=\"no\"><\/iframe><\/p>\n<p>Laborat\u00f3rios Centro de Artes <a href=\"https:\/\/wp.ufpel.edu.br\/ca\/laboratorios\/\">https:\/\/wp.ufpel.edu.br\/ca\/laboratorios\/<\/a><\/p>\n<p>\u00c1rea do aluno (a) <a href=\"https:\/\/wp.ufpel.edu.br\/ca\/area-do-aluno\/\">https:\/\/wp.ufpel.edu.br\/ca\/area-do-aluno\/\u00a0<\/a><\/p>\n<p>&nbsp;<\/p>\n<p><strong>Apoio discente<\/strong><\/p>\n<p>Pr\u00f3-Reitoria de Assuntos Estudantis<br \/>\nUma Pr\u00f3-Reitoria de Assuntos Estudantis antirracista para todes!<br \/>\n<a href=\"https:\/\/wp.ufpel.edu.br\/prae\/\">https:\/\/wp.ufpel.edu.br\/prae\/<\/a><\/p>\n<p>PROAFE \u2013 Pr\u00f3-Reitoria de A\u00e7\u00f5es Afirmativas e Equidade<br \/>\n<a href=\"https:\/\/www.instagram.com\/proafe_ufpel\/\">https:\/\/www.instagram.com\/proafe_ufpel\/<\/a><\/p>\n<p>COACE \u2013 NAI agora \u00e9 Coordena\u00e7\u00e3o de acessibilidade<br \/>\n<a href=\"https:\/\/www.instagram.com\/coaceufpel\/\">https:\/\/www.instagram.com\/coaceufpel\/<\/a><\/p>\n<p>CORDIGEN \u2013 Coordena\u00e7\u00e3o de Rela\u00e7\u00f5es \u00c9tnico-Raciais<br \/>\n<a href=\"https:\/\/www.instagram.com\/cordigen_relacoesetnicoraciais\/\">https:\/\/www.instagram.com\/cordigen_relacoesetnicoraciais\/<\/a><\/p>\n<p>Ouvidoria UFPel<br \/>\n<a href=\"https:\/\/wp.ufpel.edu.br\/ouvidoria\/\">https:\/\/wp.ufpel.edu.br\/ouvidoria\/<\/a><\/p>\n<p>NUPADI &#8211; N\u00daCLEO PSICOPEDAG\u00d3GICO DE ATEN\u00c7\u00c3O AO DISCENTE <a href=\"https:\/\/wp.ufpel.edu.br\/cpu\/files\/2019\/12\/NUPADI.pdf\">https:\/\/wp.ufpel.edu.br\/cpu\/files\/2019\/12\/NUPADI.pdf<\/a><\/p>\n<p><span style=\"color: #000000;\">Materiais de Apoio produzidos pelo Comit\u00ea UFPel Digital, Pr\u00f3-Reitorias e o N\u00facleo de Apoio a Tecnologias Educacionais (NATE):\u00a0<a style=\"color: #000000;\" href=\"https:\/\/wp.ufpel.edu.br\/ufpeldigital\/2020\/06\/24\/materiais-de-apoio\/\">https:\/\/wp.ufpel.edu.br\/ufpeldigital\/2020\/06\/24\/materiais-de-apoio\/<\/a><\/span><\/p>\n<p><span style=\"color: #000000;\">N\u00facleo de Apoio a Tecnologias Educacionais:\u00a0<a style=\"color: #000000;\" href=\"https:\/\/wp.ufpel.edu.br\/nate\/\">https:\/\/wp.ufpel.edu.br\/nate\/<\/a><\/span><\/p>\n<p><span style=\"color: #000000;\">Coordena\u00e7\u00e3o de Registros Acad\u00eamicos:\u00a0<a style=\"color: #000000;\" href=\"https:\/\/wp.ufpel.edu.br\/cra\/\">https:\/\/wp.ufpel.edu.br\/cra\/<\/a><\/span><\/p>\n<p><span style=\"color: #000000;\">Atendimento UFPel:\u00a0<a style=\"color: #000000;\" href=\"https:\/\/wp.ufpel.edu.br\/perguntas\/solicitar-atendimento\/\">https:\/\/wp.ufpel.edu.br\/perguntas\/solicitar-atendimento\/<\/a><\/span><\/p>\n<p>&nbsp;<\/p>\n<p><strong>Transporte de Apoio UFPel<\/strong><\/p>\n<p>Paradas pr\u00f3ximas a Dan\u00e7a<\/p>\n<ul>\n<li>FaUrb (Faculdade de Arquitetura e Urbanismo) \u2013 Rua Benjamin Constant esquina Alberto Rosa<\/li>\n<li>Campus II \u2013 Rua Almirante Barroso esquina Rua Tr\u00eas de Maio<\/li>\n<\/ul>\n<blockquote class=\"wp-embedded-content\" data-secret=\"J7VZhtUObV\"><p><a href=\"https:\/\/wp.ufpel.edu.br\/transporte\/transporte-apoio\/\">Transporte de Apoio UFPel<\/a><\/p><\/blockquote>\n<p><iframe class=\"wp-embedded-content\" sandbox=\"allow-scripts\" security=\"restricted\" style=\"position: absolute; visibility: hidden;\" title=\"&#8220;Transporte de Apoio UFPel&#8221; &#8212; N\u00facleo de Transporte\" src=\"https:\/\/wp.ufpel.edu.br\/transporte\/transporte-apoio\/embed\/#?secret=bMQET4Vm3b#?secret=J7VZhtUObV\" data-secret=\"J7VZhtUObV\" width=\"500\" height=\"282\" frameborder=\"0\" marginwidth=\"0\" marginheight=\"0\" scrolling=\"no\"><\/iframe><\/p>\n<p><span style=\"color: #000000;\">Portaria N\u00b0 628, de 16 de abril de 2021 que aprova Normas de retorno de atividades presenciais na UFPel: <a style=\"color: #000000;\" href=\"https:\/\/wp.ufpel.edu.br\/danca\/files\/2021\/06\/Normas-de-retorno-de-atividades-presenciais-na-UFPel.pdf\">Portaria N\u00b0 628<\/a><\/span><\/p>\n<p><span style=\"color: #000000;\">Portaria N\u00b0 965, de 07 de junho de 2021 que aprova Normas de retorno de atividades acad\u00eamicas presenciais\u00a0 na UFPel: <a style=\"color: #000000;\" href=\"https:\/\/wp.ufpel.edu.br\/danca\/files\/2021\/06\/Normas-para-retorno-de-atividades-academicas-presenciais-na-UFPel-09_06_2021.pdf\">Portaria N\u00b0 965<\/a><\/span><\/p>\n","protected":false},"excerpt":{"rendered":"<p>Redes Sociais Centro Acad\u00eamico Dan\u00e7a &#8211; https:\/\/www.instagram.com\/cad_danca.ufpel\/ Dan\u00e7a UFPel https:\/\/www.instagram.com\/danca.ufpel\/ https:\/\/www.facebook.com\/danca.ufpel Fotos Dan\u00e7a UFPel https:\/\/www.instagram.com\/efotodaprofa\/ Centro de Artes P\u00e1gina Inicial Laborat\u00f3rios Centro de Artes https:\/\/wp.ufpel.edu.br\/ca\/laboratorios\/ \u00c1rea do aluno (a) https:\/\/wp.ufpel.edu.br\/ca\/area-do-aluno\/\u00a0 &nbsp; Apoio discente Pr\u00f3-Reitoria de Assuntos Estudantis Uma Pr\u00f3-Reitoria de Assuntos Estudantis antirracista para todes! https:\/\/wp.ufpel.edu.br\/prae\/ PROAFE \u2013 Pr\u00f3-Reitoria de A\u00e7\u00f5es Afirmativas e Equidade https:\/\/www.instagram.com\/proafe_ufpel\/ [&hellip;]<\/p>\n","protected":false},"author":334,"featured_media":0,"parent":0,"menu_order":5,"comment_status":"closed","ping_status":"closed","template":"","meta":{"footnotes":""},"class_list":["post-1036","page","type-page","status-publish","hentry"],"jetpack_sharing_enabled":true,"_links":{"self":[{"href":"https:\/\/wp.ufpel.edu.br\/danca\/wp-json\/wp\/v2\/pages\/1036","targetHints":{"allow":["GET"]}}],"collection":[{"href":"https:\/\/wp.ufpel.edu.br\/danca\/wp-json\/wp\/v2\/pages"}],"about":[{"href":"https:\/\/wp.ufpel.edu.br\/danca\/wp-json\/wp\/v2\/types\/page"}],"author":[{"embeddable":true,"href":"https:\/\/wp.ufpel.edu.br\/danca\/wp-json\/wp\/v2\/users\/334"}],"replies":[{"embeddable":true,"href":"https:\/\/wp.ufpel.edu.br\/danca\/wp-json\/wp\/v2\/comments?post=1036"}],"version-history":[{"count":4,"href":"https:\/\/wp.ufpel.edu.br\/danca\/wp-json\/wp\/v2\/pages\/1036\/revisions"}],"predecessor-version":[{"id":3112,"href":"https:\/\/wp.ufpel.edu.br\/danca\/wp-json\/wp\/v2\/pages\/1036\/revisions\/3112"}],"wp:attachment":[{"href":"https:\/\/wp.ufpel.edu.br\/danca\/wp-json\/wp\/v2\/media?parent=1036"}],"curies":[{"name":"wp","href":"https:\/\/api.w.org\/{rel}","templated":true}]}}