{"id":837,"date":"2023-12-17T09:50:01","date_gmt":"2023-12-17T12:50:01","guid":{"rendered":"https:\/\/wp.ufpel.edu.br\/daka\/?page_id=837"},"modified":"2025-05-19T19:29:31","modified_gmt":"2025-05-19T22:29:31","slug":"lojinha","status":"publish","type":"page","link":"https:\/\/wp.ufpel.edu.br\/daka\/lojinha\/","title":{"rendered":"LOJINHA"},"content":{"rendered":"<p><img data-recalc-dims=\"1\" data-attachment-id=\"1171\" data-permalink=\"https:\/\/wp.ufpel.edu.br\/daka\/lojinha\/caneca-1\/\" data-orig-file=\"https:\/\/i0.wp.com\/wp.ufpel.edu.br\/daka\/files\/2025\/05\/caneca-1.png?fit=1080%2C1080&amp;ssl=1\" data-orig-size=\"1080,1080\" data-comments-opened=\"0\" data-image-meta=\"{&quot;aperture&quot;:&quot;0&quot;,&quot;credit&quot;:&quot;&quot;,&quot;camera&quot;:&quot;&quot;,&quot;caption&quot;:&quot;&quot;,&quot;created_timestamp&quot;:&quot;0&quot;,&quot;copyright&quot;:&quot;&quot;,&quot;focal_length&quot;:&quot;0&quot;,&quot;iso&quot;:&quot;0&quot;,&quot;shutter_speed&quot;:&quot;0&quot;,&quot;title&quot;:&quot;&quot;,&quot;orientation&quot;:&quot;0&quot;}\" data-image-title=\"caneca (1)\" data-image-description=\"\" data-image-caption=\"\" data-medium-file=\"https:\/\/i0.wp.com\/wp.ufpel.edu.br\/daka\/files\/2025\/05\/caneca-1.png?fit=400%2C400&amp;ssl=1\" data-large-file=\"https:\/\/i0.wp.com\/wp.ufpel.edu.br\/daka\/files\/2025\/05\/caneca-1.png?fit=1024%2C1024&amp;ssl=1\" class=\"aligncenter size-full wp-image-1171\" src=\"https:\/\/i0.wp.com\/wp.ufpel.edu.br\/daka\/files\/2025\/05\/caneca-1.png?resize=1080%2C1080&#038;ssl=1\" alt=\"\" width=\"1080\" height=\"1080\" srcset=\"https:\/\/i0.wp.com\/wp.ufpel.edu.br\/daka\/files\/2025\/05\/caneca-1.png?w=1080&amp;ssl=1 1080w, https:\/\/i0.wp.com\/wp.ufpel.edu.br\/daka\/files\/2025\/05\/caneca-1.png?resize=400%2C400&amp;ssl=1 400w, https:\/\/i0.wp.com\/wp.ufpel.edu.br\/daka\/files\/2025\/05\/caneca-1.png?resize=1024%2C1024&amp;ssl=1 1024w, https:\/\/i0.wp.com\/wp.ufpel.edu.br\/daka\/files\/2025\/05\/caneca-1.png?resize=200%2C200&amp;ssl=1 200w, https:\/\/i0.wp.com\/wp.ufpel.edu.br\/daka\/files\/2025\/05\/caneca-1.png?resize=768%2C768&amp;ssl=1 768w\" sizes=\"(max-width: 1000px) 100vw, 1000px\" \/><\/p>\n<p>&nbsp;<\/p>\n<p><img data-recalc-dims=\"1\" data-attachment-id=\"1172\" data-permalink=\"https:\/\/wp.ufpel.edu.br\/daka\/lojinha\/pre-venda-produtos\/\" data-orig-file=\"https:\/\/i0.wp.com\/wp.ufpel.edu.br\/daka\/files\/2025\/05\/pre-venda-produtos.png?fit=1080%2C1350&amp;ssl=1\" data-orig-size=\"1080,1350\" data-comments-opened=\"0\" data-image-meta=\"{&quot;aperture&quot;:&quot;0&quot;,&quot;credit&quot;:&quot;&quot;,&quot;camera&quot;:&quot;&quot;,&quot;caption&quot;:&quot;&quot;,&quot;created_timestamp&quot;:&quot;0&quot;,&quot;copyright&quot;:&quot;&quot;,&quot;focal_length&quot;:&quot;0&quot;,&quot;iso&quot;:&quot;0&quot;,&quot;shutter_speed&quot;:&quot;0&quot;,&quot;title&quot;:&quot;&quot;,&quot;orientation&quot;:&quot;0&quot;}\" data-image-title=\"pre-venda produtos\" data-image-description=\"\" data-image-caption=\"\" data-medium-file=\"https:\/\/i0.wp.com\/wp.ufpel.edu.br\/daka\/files\/2025\/05\/pre-venda-produtos.png?fit=320%2C400&amp;ssl=1\" data-large-file=\"https:\/\/i0.wp.com\/wp.ufpel.edu.br\/daka\/files\/2025\/05\/pre-venda-produtos.png?fit=819%2C1024&amp;ssl=1\" class=\"aligncenter size-full wp-image-1172\" src=\"https:\/\/i0.wp.com\/wp.ufpel.edu.br\/daka\/files\/2025\/05\/pre-venda-produtos.png?resize=1080%2C1350&#038;ssl=1\" alt=\"\" width=\"1080\" height=\"1350\" srcset=\"https:\/\/i0.wp.com\/wp.ufpel.edu.br\/daka\/files\/2025\/05\/pre-venda-produtos.png?w=1080&amp;ssl=1 1080w, https:\/\/i0.wp.com\/wp.ufpel.edu.br\/daka\/files\/2025\/05\/pre-venda-produtos.png?resize=320%2C400&amp;ssl=1 320w, https:\/\/i0.wp.com\/wp.ufpel.edu.br\/daka\/files\/2025\/05\/pre-venda-produtos.png?resize=819%2C1024&amp;ssl=1 819w, https:\/\/i0.wp.com\/wp.ufpel.edu.br\/daka\/files\/2025\/05\/pre-venda-produtos.png?resize=768%2C960&amp;ssl=1 768w\" sizes=\"(max-width: 1000px) 100vw, 1000px\" \/><\/p>\n<p>&nbsp;<\/p>\n<p>&nbsp;<\/p>\n<h1 style=\"text-align: center;\">EST\u00c1 INTERESSADO?<\/h1>\n<h1 style=\"text-align: center;\">ENTRE EM CONTATO COM O DIRET\u00d3RIO PARA SABER MAIS INFORMA\u00c7\u00d5ES SOBRE OS PRODUTO!<\/h1>\n<h1 style=\"text-align: center;\">CONTATOS:<\/h1>\n<h1 style=\"text-align: center;\"><span style=\"font-size: 36pt;\">Instagram: <a href=\"https:\/\/www.instagram.com\/daka_ufpel\/\">@daka_ufpel<\/a><\/span><\/h1>\n<h1 style=\"text-align: center;\"><span style=\"font-size: 36pt;\">Discord: <a href=\"https:\/\/discord.gg\/tAa8d2xTfe\">discord.gg\/tAa8d2xTfe<\/a><\/span><\/h1>\n","protected":false},"excerpt":{"rendered":"<p>&nbsp; &nbsp; &nbsp; EST\u00c1 INTERESSADO? ENTRE EM CONTATO COM O DIRET\u00d3RIO PARA SABER MAIS INFORMA\u00c7\u00d5ES SOBRE OS PRODUTO! CONTATOS: Instagram: @daka_ufpel Discord: discord.gg\/tAa8d2xTfe<\/p>\n","protected":false},"author":676,"featured_media":0,"parent":0,"menu_order":0,"comment_status":"closed","ping_status":"closed","template":"","meta":{"jetpack_post_was_ever_published":false,"footnotes":""},"class_list":["post-837","page","type-page","status-publish","hentry"],"jetpack_sharing_enabled":true,"jetpack_shortlink":"https:\/\/wp.me\/P9eqIu-dv","jetpack_likes_enabled":true,"jetpack-related-posts":[],"_links":{"self":[{"href":"https:\/\/wp.ufpel.edu.br\/daka\/wp-json\/wp\/v2\/pages\/837","targetHints":{"allow":["GET"]}}],"collection":[{"href":"https:\/\/wp.ufpel.edu.br\/daka\/wp-json\/wp\/v2\/pages"}],"about":[{"href":"https:\/\/wp.ufpel.edu.br\/daka\/wp-json\/wp\/v2\/types\/page"}],"author":[{"embeddable":true,"href":"https:\/\/wp.ufpel.edu.br\/daka\/wp-json\/wp\/v2\/users\/676"}],"replies":[{"embeddable":true,"href":"https:\/\/wp.ufpel.edu.br\/daka\/wp-json\/wp\/v2\/comments?post=837"}],"version-history":[{"count":10,"href":"https:\/\/wp.ufpel.edu.br\/daka\/wp-json\/wp\/v2\/pages\/837\/revisions"}],"predecessor-version":[{"id":1173,"href":"https:\/\/wp.ufpel.edu.br\/daka\/wp-json\/wp\/v2\/pages\/837\/revisions\/1173"}],"wp:attachment":[{"href":"https:\/\/wp.ufpel.edu.br\/daka\/wp-json\/wp\/v2\/media?parent=837"}],"curies":[{"name":"wp","href":"https:\/\/api.w.org\/{rel}","templated":true}]}}