{"id":220,"date":"2017-10-01T11:30:01","date_gmt":"2017-10-01T14:30:01","guid":{"rendered":"https:\/\/wp.ufpel.edu.br\/daka\/?page_id=220"},"modified":"2025-05-19T19:32:58","modified_gmt":"2025-05-19T22:32:58","slug":"horarios","status":"publish","type":"page","link":"https:\/\/wp.ufpel.edu.br\/daka\/horarios\/","title":{"rendered":"Hor\u00e1rios"},"content":{"rendered":"<p style=\"text-align: left;\"><strong>Segue hor\u00e1rios do semestre 2025\/1 <\/strong><a href=\"https:\/\/wp.ufpel.edu.br\/engenhariadepetroleo\/files\/2025\/03\/Horarios-Engenharia-de-Petroleo-2025-1.docx.pdf\">HOR\u00c1RIOS\u00a0<\/a><\/p>\n<p style=\"text-align: left;\">&#8212;&#8212;&#8212;&#8212;&#8212;&#8212;&#8212;&#8212;&#8212;&#8212;&#8212;&#8212;&#8212;&#8212;&#8212;&#8212;&#8212;&#8212;&#8212;<\/p>\n<p style=\"text-align: left;\"><b>LINHA<\/b><b>\u00a0ANGLO\u00a0<\/b><b>a partir 17<\/b><b>\/02<\/b><b> para semestre 1<\/b><b>\/2025<\/b><\/p>\n<p align=\"left\"><b>HOR\u00c1RIOS: CEU | Direito\/Anglo-FaMed \u2192 Anglo<\/b><\/p>\n<p align=\"left\"><b>07:30h |<\/b>\u00a0Parada CEU\u2192\u00a0<b>Direito\/Pelotas\u00a0<\/b>\u2192Odonto\u2192ALM\u2192Campus II\u2192FaUrb\u2192Cotada\u2192CEIQ\u2192Anglo<\/p>\n<p align=\"left\"><b>08:00h |<\/b>\u00a0<b>Direito\/Pelotas\u00a0<\/b>\u2192Odonto\u2192ALM\u2192Campus II\u2192FaUrb\u2192Cotada\u2192CEIQ\u2192Anglo<\/p>\n<p align=\"left\"><b>HOR\u00c1RIOS: Anglo \u2192 Anglo<\/b><\/p>\n<p align=\"justify\"><b>09:00h |<\/b>\u00a0Anglo \u2192 CEIQ \u2192 Cotada \u2192 CCHS \u2192 Campus II \u2192\u00a0<b>Direito\/Pelotas<\/b>\u2192 CEU \u2192\u00a0Odonto \u2192 ALM\u00a0\u2192 Campus II \u2192 FaUrb \u2192 Cotada \u2192 CEIQ \u2192 Anglo<\/p>\n<p align=\"justify\"><b>10:00h\u00a0<\/b><b>|<\/b>\u00a0Anglo \u2192 CEIQ \u2192 Cotada \u2192 CCHS \u2192 Campus II \u2192\u00a0<b>Direito\/Pelotas<\/b>\u2192 CEU \u2192\u00a0Odonto \u2192 ALM\u00a0\u2192 Campus II \u2192 FaUrb \u2192 Cotada \u2192 CEIQ \u2192 Anglo<\/p>\n<p align=\"justify\"><b>11:00h |<\/b>\u00a0Anglo \u2192 CEIQ \u2192 Cotada \u2192 CCHS \u2192 Campus II \u2192\u00a0<b>Direito\/Pelotas<\/b>\u2192 CEU \u2192 Eng. Madeireira \u2192 Odonto \u2192 RU \u2192 Odonto \u2192 ALM \u2192 Campus II \u2192 FaUrb \u2192 Cotada \u2192 CEIQ \u2192 Anglo<\/p>\n<p align=\"justify\"><b>12:00h |<\/b>\u00a0Anglo \u2192 CEIQ \u2192 Cotada \u2192 CCHS \u2192 Campus II \u2192\u00a0<b>Direito\/Pelotas<\/b>\u2192 CEU \u2192 Eng. Madeireira \u2192 Odonto \u2192 RU \u2192 Odonto \u2192 ALM \u2192 Campus II \u2192 FaUrb \u2192 Cotada \u2192 CEIQ \u2192 Anglo<\/p>\n<p align=\"justify\"><b>13:00h |<\/b>\u00a0Anglo \u2192 CEIQ \u2192 Cotada \u2192 CCHS \u2192 Campus II \u2192\u00a0<b>Direito\/Pelotas<\/b>\u2192 CEU \u2192 Eng. Madeireira \u2192 Odonto \u2192 RU \u2192 Odonto \u2192 ALM \u2192 Campus II \u2192 FaUrb \u2192 Cotada \u2192 CEIQ \u2192 Anglo<\/p>\n<p align=\"justify\"><b>14:00h |<\/b>\u00a0Anglo \u2192 CEIQ \u2192 Cotada \u2192 CCHS \u2192 Campus II \u2192\u00a0<b>Direito\/Pelotas<\/b>\u2192 CEU \u2192\u00a0Odonto \u2192 ALM\u00a0\u2192 Campus II \u2192 FaUrb \u2192 Cotada \u2192 CEIQ \u2192 Anglo<\/p>\n<p align=\"justify\"><b>15:00h |<\/b>\u00a0Anglo \u2192 CEIQ \u2192 Cotada \u2192 CCHS \u2192 Campus II \u2192\u00a0<b>Direito\/Pelotas<\/b>\u2192 CEU \u2192\u00a0Odonto \u2192 ALM\u00a0\u2192 Campus II \u2192 FaUrb \u2192 Cotada \u2192 CEIQ \u2192 Anglo<\/p>\n<p align=\"justify\"><b>16:00h |<\/b>\u00a0Anglo \u2192 CEIQ \u2192 Cotada \u2192 CCHS \u2192 Campus II \u2192\u00a0<b>Direito\/Pelotas<\/b><b>\u00a0<\/b>\u2192 CEU \u2192\u00a0Odonto \u2192 ALM\u00a0\u2192 Campus II \u2192 FaUrb \u2192 Cotada \u2192 CEIQ \u2192 Anglo<\/p>\n<p align=\"justify\"><b>17:00h |<\/b>\u00a0Anglo \u2192 CEIQ \u2192 Cotada \u2192 CCHS \u2192 Campus II \u2192\u00a0<b>Direito\/Pelotas\u00a0<\/b>\u2192 CEU \u2192 Eng. Madeireira \u2192 Odonto \u2192 RU \u2192 Odonto \u2192 ALM \u2192 Campus II \u2192 FaUrb \u2192 Cotada \u2192 CEIQ \u2192 Anglo<\/p>\n<p align=\"justify\"><b>18:00h |<\/b>\u00a0Anglo \u2192 CEIQ \u2192 Cotada \u2192 CCHS \u2192 Campus II \u2192\u00a0<b>Direito\/Pelotas\u00a0<\/b>\u2192 CEU \u2192 Eng. Madeireira \u2192 Odonto \u2192 RU \u2192 Odonto \u2192 ALM \u2192 Campus II \u2192 FaUrb \u2192 Cotada \u2192 CEIQ \u2192 Anglo<\/p>\n<p align=\"justify\"><b>19:00h |<\/b>\u00a0Anglo \u2192 CEIQ \u2192 Cotada \u2192 CCHS \u2192 Campus II \u2192\u00a0<b>Direito\/Pelotas<\/b>\u2192 CEU \u2192 Eng. Madeireira \u2192 Odonto \u2192 RU \u2192 Odonto \u2192 ALM \u2192 Campus II \u2192 FaUrb \u2192 Cotada \u2192 CEIQ \u2192 Anglo<\/p>\n<p align=\"justify\"><b>20:00h |<\/b>\u00a0Anglo \u2192 CEIQ \u2192 Cotada \u2192 CCHS \u2192 Campus II \u2192\u00a0<b>Direito\/Pelotas\u00a0<\/b>\u2192 CEU \u2192 Eng. Madeireira \u2192 Odonto \u2192 RU \u2192 Odonto \u2192 ALM \u2192 Campus II \u2192 FaUrb \u2192 Cotada \u2192 CEIQ \u2192 Anglo<\/p>\n<p align=\"justify\"><b>21:00h |<\/b>\u00a0Anglo \u2192 CEIQ \u2192 Cotada \u2192 CCHS \u2192 Campus II \u2192\u00a0<b>Direito\/Pelotas\u00a0<\/b>\u2192 CEU \u2192 Eng. Madeireira \u2192 Odonto\u00a0 \u2192 ALM \u2192 Campus II \u2192 FaUrb \u2192 Cotada \u2192 CEIQ \u2192 Anglo<\/p>\n<p align=\"justify\"><b>21:45h |<\/b>\u00a0Anglo\u2192CEIQ\u2192<b>Direito\/Pelotas<\/b>\u2192CEIQ\u2192Anglo<\/p>\n<p align=\"justify\"><b>22:20h |<\/b>\u00a0Anglo \u2192 CEIQ \u2192 Cotada \u2192 CCHS \u2192 Campus II \u2192\u00a0<b>Direito\/Pelotas\u00a0<\/b>\u2192 CEU \u2192\u00a0Odonto \u2192 ALM\u00a0\u2192 Campus II \u2192 FaUrb \u2192 Cotada \u2192 CEIQ \u2192 Anglo<\/p>\n<p align=\"left\"><b>LINHA ANGLO \u2013 ESEF \u2013 FaMed \u2013 Eng. Madeireira<\/b><\/p>\n<p align=\"justify\"><b>07:00h |\u00a0Direito\/Pelotas<\/b><b>\u00a0<\/b>\u2192 FaMed \u2192 Canguru \u2192 CEU \u2192 Madeireira \u2192\u00a0<b>Direito\/Pelotas\u00a0<\/b>\u2192 Odonto \u2192 ALM \u2192 ESEF \u2192 Amilcar\u00a0Gigante\u00a0\u2192 FaMed \u2192 Laneira \u2192 Canguru \u2192 CEU \u2192 Madeireira \u2192\u00a0<b>Direito\/Pelotas\u00a0<\/b>\u2192 Odonto \u2192 ALM \u2192 Campus II \u2192 FaUrb \u2192 Cotada \u2192 CEIQ \u2192 Anglo<\/p>\n<p align=\"justify\"><b>09:00h |\u00a0<\/b>Anglo \u2192 CEIQ \u2192 Cotada \u2192 CCHS \u2192 CampusII \u2192\u00a0<b>Direito\/Pelotas\u00a0<\/b>\u2192 Madeireira \u2192 ESEF \u2192 Amilcar Gigante \u2192 FaMed \u2192 Laneira \u2192 Canguru \u2192 CEU \u2192 Madeireira \u2192\u00a0<b>Direito\/Pelotas<\/b>\u2192 Odonto \u2192 ALM \u2192 CampusII \u2192 FaUrb \u2192 Cotada \u2192 CEIQ \u2192 Anglo<\/p>\n<p align=\"justify\"><b>11:15h |\u00a0<\/b>Anglo \u2192 CEIQ \u2192 Cotada \u2192 CCHS \u2192 Campus II \u2192\u00a0<b>Direito\/Pelotas<\/b>\u2192 Odonto \u2192RU \u2192 ESEF \u2192 Amilcar Gigante \u2192 FaMed \u2192 Laneira \u2192 Canguru \u2192 CEU \u2192 Madeireira \u2192\u00a0<b>Direito\/Pelotas<\/b>\u2192 Odonto \u2192 RU \u2192 Odonto\u2192 ALM \u2192 Campus II \u2192 FaUrb \u2192 Cotada \u2192 CEIQ \u2192 Anglo<\/p>\n<p align=\"justify\"><b>13:00h |\u00a0<\/b>Anglo \u2192 CEIQ \u2192 Cotada \u2192 CCHS \u2192 Campus II \u2192\u00a0<b>Direito\/Pelotas<\/b>\u2192 Odonto \u2192RU \u2192 ESEF \u2192 Amilcar Gigante \u2192 FaMed \u2192 Laneira \u2192 Canguru \u2192 CEU \u2192\u00a0<b>Direito\/Pelotas<\/b>\u2192 Odonto \u2192 RU \u2192 Odonto\u2192 ALM \u2192 Campus II \u2192 FaUrb \u2192 Cotada \u2192 CEIQ \u2192 Anglo<\/p>\n<p align=\"justify\"><b>15:10h |\u00a0<\/b>Anglo \u2192 CEIQ \u2192 Cotada \u2192 CCHS \u2192 Campus II \u2192\u00a0<b>Direito\/Pelotas\u2192\u00a0<\/b>CEU\u2192 Madeireira \u2192 ESEF \u2192 Amilcar Gigante \u2192 FaMed \u2192 Laneira \u2192 Canguru \u2192 CEU\u00a0<b>\u2192<\/b>\u00a0<b>Direito\/Pelotas<\/b>\u2192 Odonto \u2192 ALM \u2192 Campus II \u2192 FaUrb \u2192\u00a0Cotada \u2192 CEIQ \u2192 Anglo<\/p>\n<p align=\"justify\"><b>16:50h |\u00a0<\/b>Anglo \u2192 CEIQ \u2192 Cotada \u2192 CCHS \u2192 Campus II \u2192\u00a0<b>Direito\/Pelotas<\/b>\u2192 CEU \u2192 Odonto \u2192 ESEF \u2192 Amilcar Gigante \u2192 FaMed \u2192 Laneira \u2192 Canguru \u2192 CEU \u2192 Madeireira \u2192 Odonto \u2192 ALM \u2192 Campus II \u2192 FaUrb \u2192 Cotada \u2192 CEIQ \u2192 Anglo<\/p>\n<p align=\"justify\"><b>18:00h |\u00a0<\/b>Anglo \u2192 CEIQ \u2192 Cotada \u2192 CCHS \u2192 Campus II \u2192\u00a0<b>Direito\/Pelotas<\/b>\u2192 CEU \u2192 Parada HE \u2192 Laneira \u2192 FaMed \u2192 Laneira \u2192 Canguru \u2192 CEU \u2192\u00a0<b>Direito\/Pelotas\u00a0<\/b>\u2192 Odonto \u2192 ALM \u2192 Campus II \u2192 FaUrb \u2192 Cotada \u2192 CEIQ \u2192 Anglo<\/p>\n<p align=\"justify\"><b>18:20h |\u00a0<\/b>Anglo \u2192 CEIQ \u2192 Cotada \u2192 CCHS \u2192 Campus II \u2192\u00a0<b>Direito\/Pelotas\u00a0<\/b>\u2192 Odonto \u2192 RU \u2192 Odonto \u2192 ESEF \u2192 Amilcar Gigante \u2192 FaMed \u2192 Laneira \u2192 Canguru \u2192 CEU \u2192 Odonto \u2192 RU \u2192 Odonto \u2192 ALM \u2192 Campus II \u2192 FaUrb \u2192 Cotada \u2192 CEIQ \u2192 Anglo<\/p>\n<p align=\"justify\"><b>20:00h |\u00a0<\/b>Anglo \u2192 CEIQ \u2192 Cotada \u2192 CCHS \u2192 Campus II \u2192\u00a0<b>Direito\/Pelotas\u00a0<\/b>\u2192 Odonto \u2192 ESEF \u2192 Amilcar Gigante \u2192 FaMed (20:20h) \u2192 Laneira \u2192 Canguru \u2192 CEU \u2192\u00a0<b>Direito\/Pelotas<\/b>\u00a0\u2192 Odonto \u2192 ALM \u2192 Campus II \u2192 FaUrb \u2192 Cotada \u2192 CEIQ \u2192 Anglo<\/p>\n<p align=\"justify\"><b>21:00h |\u00a0<\/b>Anglo \u2192 CEIQ \u2192 Cotada \u2192 CCHS \u2192 Campus II \u2192\u00a0<b>Direito\/Pelotas<\/b>\u2192 Odonto \u2192 ESEF \u2192 Amilcar Gigante \u2192 FaMed \u2192 Laneira \u2192 Canguru \u2192 CEU \u2192 Odonto \u2192 ALM \u2192 Campus II \u2192 FaUrb \u2192 Cotada \u2192 CEIQ \u2192 Anglo<\/p>\n<p align=\"justify\"><b>22:10h |\u00a0<\/b>Anglo \u2192 CEIQ \u2192 Cotada \u2192 CCHS \u2192 Campus II \u2192\u00a0<b>Direito\/Pelotas<\/b>\u2192 Odonto \u2192 ESEF \u2192 Amilcar Gigante \u2192 FaMed \u2192 Laneira \u2192 Canguru \u2192 CEU \u2192\u00a0<b>Direito\/Pelotas\u00a0<\/b>\u2192 Odonto \u2192 ALM \u2192 Campus II \u2192 FaUrb \u2192 Cotada \u2192 CEIQ \u2192 Anglo<\/p>\n<hr \/>\n<p style=\"text-align: left;\"><em>Observa\u00e7\u00f5es<\/em>:<\/p>\n<p style=\"text-align: left;\">Os hor\u00e1rios s\u00e3o de refer\u00eancia do local de sa\u00edda do Itiner\u00e1rio<\/p>\n<p style=\"text-align: left;\">Os hor\u00e1rios ter\u00e3o uma toler\u00e2ncia de \u00b1 10 minutos, dependendo do tr\u00e2nsito<\/p>\n<p style=\"text-align: left;\">Os hor\u00e1rios poder\u00e3o sofrer altera\u00e7\u00f5es durante o semestre, sendo divulgados no portal institucional<\/p>\n<p style=\"text-align: left;\">Ser\u00e1 utilizado \u00f4nibus com capacidade de 43 passageiros sentados e 37 em p\u00e9<\/p>\n<p style=\"text-align: left;\">\u00d4nibus com acesso \u00e0 PcD<\/p>\n","protected":false},"excerpt":{"rendered":"<p>Segue hor\u00e1rios do semestre 2025\/1 HOR\u00c1RIOS\u00a0 &#8212;&#8212;&#8212;&#8212;&#8212;&#8212;&#8212;&#8212;&#8212;&#8212;&#8212;&#8212;&#8212;&#8212;&#8212;&#8212;&#8212;&#8212;&#8212; LINHA\u00a0ANGLO\u00a0a partir 17\/02 para semestre 1\/2025 HOR\u00c1RIOS: CEU | Direito\/Anglo-FaMed \u2192 Anglo 07:30h |\u00a0Parada CEU\u2192\u00a0Direito\/Pelotas\u00a0\u2192Odonto\u2192ALM\u2192Campus II\u2192FaUrb\u2192Cotada\u2192CEIQ\u2192Anglo 08:00h |\u00a0Direito\/Pelotas\u00a0\u2192Odonto\u2192ALM\u2192Campus II\u2192FaUrb\u2192Cotada\u2192CEIQ\u2192Anglo HOR\u00c1RIOS: Anglo \u2192 Anglo 09:00h |\u00a0Anglo \u2192 CEIQ \u2192 Cotada \u2192 CCHS \u2192 Campus II \u2192\u00a0Direito\/Pelotas\u2192 CEU \u2192\u00a0Odonto \u2192 ALM\u00a0\u2192 Campus II \u2192 FaUrb \u2192 Cotada \u2192 CEIQ \u2192 [&hellip;]<\/p>\n","protected":false},"author":676,"featured_media":0,"parent":0,"menu_order":0,"comment_status":"closed","ping_status":"closed","template":"","meta":{"jetpack_post_was_ever_published":false,"footnotes":""},"class_list":["post-220","page","type-page","status-publish","hentry"],"jetpack_sharing_enabled":true,"jetpack_shortlink":"https:\/\/wp.me\/P9eqIu-3y","jetpack_likes_enabled":true,"jetpack-related-posts":[],"_links":{"self":[{"href":"https:\/\/wp.ufpel.edu.br\/daka\/wp-json\/wp\/v2\/pages\/220","targetHints":{"allow":["GET"]}}],"collection":[{"href":"https:\/\/wp.ufpel.edu.br\/daka\/wp-json\/wp\/v2\/pages"}],"about":[{"href":"https:\/\/wp.ufpel.edu.br\/daka\/wp-json\/wp\/v2\/types\/page"}],"author":[{"embeddable":true,"href":"https:\/\/wp.ufpel.edu.br\/daka\/wp-json\/wp\/v2\/users\/676"}],"replies":[{"embeddable":true,"href":"https:\/\/wp.ufpel.edu.br\/daka\/wp-json\/wp\/v2\/comments?post=220"}],"version-history":[{"count":13,"href":"https:\/\/wp.ufpel.edu.br\/daka\/wp-json\/wp\/v2\/pages\/220\/revisions"}],"predecessor-version":[{"id":1175,"href":"https:\/\/wp.ufpel.edu.br\/daka\/wp-json\/wp\/v2\/pages\/220\/revisions\/1175"}],"wp:attachment":[{"href":"https:\/\/wp.ufpel.edu.br\/daka\/wp-json\/wp\/v2\/media?parent=220"}],"curies":[{"name":"wp","href":"https:\/\/api.w.org\/{rel}","templated":true}]}}