{"id":211,"date":"2017-10-01T11:22:10","date_gmt":"2017-10-01T14:22:10","guid":{"rendered":"https:\/\/wp.ufpel.edu.br\/daka\/?page_id=211"},"modified":"2017-10-01T11:22:10","modified_gmt":"2017-10-01T14:22:10","slug":"curso","status":"publish","type":"page","link":"https:\/\/wp.ufpel.edu.br\/daka\/curso\/","title":{"rendered":"Curso"},"content":{"rendered":"<p>A cria\u00e7\u00e3o do Curso de Gradua\u00e7\u00e3o em Engenharia de Petr\u00f3leo na UFPel aconteceu no ano de 2009, com a busca de ser um agente da definitiva incorpora\u00e7\u00e3o da regi\u00e3o ao mapa do desenvolvimento das geoci\u00eancias e da engenharia no Rio Grande do Sul. Esse curso permitir\u00e1 formar m\u00e3o-de-obra qualificada e adquirir as informa\u00e7\u00f5es necess\u00e1rias para impulsionar o progresso de sua regi\u00e3o e, com isso, novas perspectivas econ\u00f4micas.<\/p>\n<p>A implanta\u00e7\u00e3o dessa Engenharia na universidade preenche a car\u00eancia de estudos sobre recursos naturais energ\u00e9ticos, como \u00f3leo e g\u00e1s nas bacias sedimentares brasileiras, com \u00eanfase na Bacia de Pelotas, al\u00e9m de outras bacias sedimentares com recursos energ\u00e9ticos f\u00f3sseis, ditando a import\u00e2ncia da implementa\u00e7\u00e3o de uma engenharia desse porte no sul do estado devido ao crescimento da demanda por profissionais desta \u00e1rea no mercado petroleiro brasileiro e constr\u00f3i uma possibilidade de estudos, pesquisa e extens\u00e3o complementar \u00e0s demais \u00e1reas j\u00e1 existentes, como, por exemplo, engenharia geol\u00f3gica.<\/p>\n","protected":false},"excerpt":{"rendered":"<p>A cria\u00e7\u00e3o do Curso de Gradua\u00e7\u00e3o em Engenharia de Petr\u00f3leo na UFPel aconteceu no ano de 2009, com a busca de ser um agente da definitiva incorpora\u00e7\u00e3o da regi\u00e3o ao mapa do desenvolvimento das geoci\u00eancias e da engenharia no Rio Grande do Sul. Esse curso permitir\u00e1 formar m\u00e3o-de-obra qualificada e adquirir as informa\u00e7\u00f5es necess\u00e1rias para [&hellip;]<\/p>\n","protected":false},"author":676,"featured_media":0,"parent":0,"menu_order":0,"comment_status":"closed","ping_status":"closed","template":"","meta":{"jetpack_post_was_ever_published":false,"footnotes":""},"class_list":["post-211","page","type-page","status-publish","hentry"],"jetpack_sharing_enabled":true,"jetpack_shortlink":"https:\/\/wp.me\/P9eqIu-3p","jetpack_likes_enabled":true,"jetpack-related-posts":[],"_links":{"self":[{"href":"https:\/\/wp.ufpel.edu.br\/daka\/wp-json\/wp\/v2\/pages\/211","targetHints":{"allow":["GET"]}}],"collection":[{"href":"https:\/\/wp.ufpel.edu.br\/daka\/wp-json\/wp\/v2\/pages"}],"about":[{"href":"https:\/\/wp.ufpel.edu.br\/daka\/wp-json\/wp\/v2\/types\/page"}],"author":[{"embeddable":true,"href":"https:\/\/wp.ufpel.edu.br\/daka\/wp-json\/wp\/v2\/users\/676"}],"replies":[{"embeddable":true,"href":"https:\/\/wp.ufpel.edu.br\/daka\/wp-json\/wp\/v2\/comments?post=211"}],"version-history":[{"count":1,"href":"https:\/\/wp.ufpel.edu.br\/daka\/wp-json\/wp\/v2\/pages\/211\/revisions"}],"predecessor-version":[{"id":213,"href":"https:\/\/wp.ufpel.edu.br\/daka\/wp-json\/wp\/v2\/pages\/211\/revisions\/213"}],"wp:attachment":[{"href":"https:\/\/wp.ufpel.edu.br\/daka\/wp-json\/wp\/v2\/media?parent=211"}],"curies":[{"name":"wp","href":"https:\/\/api.w.org\/{rel}","templated":true}]}}