{"id":149,"date":"2019-03-05T23:35:25","date_gmt":"2019-03-06T02:35:25","guid":{"rendered":"https:\/\/wp.ufpel.edu.br\/dai\/?page_id=149"},"modified":"2019-03-06T21:23:48","modified_gmt":"2019-03-07T00:23:48","slug":"projetos-e-orientadores-2","status":"publish","type":"page","link":"https:\/\/wp.ufpel.edu.br\/dai\/projetos-e-orientadores-2\/","title":{"rendered":"Projetos e orientadores"},"content":{"rendered":"<div id=\"pl-149\"  class=\"panel-layout\" ><div id=\"pg-149-0\"  class=\"panel-grid panel-has-style\" ><div class=\"so-parallax panel-row-style panel-row-style-for-149-0\" ><img fetchpriority=\"high\" decoding=\"async\" width=\"1349\" height=\"480\" src=\"https:\/\/wp.ufpel.edu.br\/dai\/files\/2019\/03\/veterinaria.png\" class=\"attachment-full size-full\" alt=\"\" data-siteorigin-parallax=\"true\" loading=\"eager\" srcset=\"https:\/\/wp.ufpel.edu.br\/dai\/files\/2019\/03\/veterinaria.png 1349w, https:\/\/wp.ufpel.edu.br\/dai\/files\/2019\/03\/veterinaria-400x142.png 400w, https:\/\/wp.ufpel.edu.br\/dai\/files\/2019\/03\/veterinaria-768x273.png 768w, https:\/\/wp.ufpel.edu.br\/dai\/files\/2019\/03\/veterinaria-1024x364.png 1024w\" sizes=\"(max-width: 1349px) 100vw, 1349px\" \/><div id=\"pgc-149-0-0\"  class=\"panel-grid-cell\" ><div id=\"panel-149-0-0-0\" class=\"widget_text so-panel widget widget_custom_html panel-first-child panel-last-child\" data-index=\"0\" ><div class=\"textwidget custom-html-widget\"><p align=\"center\"> \n  <font style=\"font-size: 14pt;\">Prof.M\u00e1rcio Nunes Corr\u00eaa<\/font>\n  <br>\n  Pecu\u00e1ria Leiteira Digital: Circuito fechado deinforma\u00e7\u00e3o e metabolismo. <br>(PPG Veterin\u00e1ria)\n  <br><br><b>Lattes:<\/b><a href=\"http:\/\/lattes.cnpq.br\/9004968476181175\">Click aqui<\/a><br><br>\n  <b> Empresa Parceira:<\/b>\n  <a href=\"http:\/\/www.granjas4irmaos.com.br\/\">\n    Granja 4 irm\u00e3os S.A\n  <\/a><br><br>\n  <b>Quantidade de Bolsistas DAI:<\/b>1\n  \n\n<\/p><\/div><\/div><\/div><\/div><\/div><div id=\"pg-149-1\"  class=\"panel-grid panel-has-style\" ><div class=\"panel-row-style panel-row-style-for-149-1\" ><div id=\"pgc-149-1-0\"  class=\"panel-grid-cell\" ><div id=\"panel-149-1-0-0\" class=\"widget_text so-panel widget widget_custom_html panel-first-child panel-last-child\" data-index=\"1\" ><div class=\"textwidget custom-html-widget\"><p align=\"center\"> \n  <font style=\"font-size: 14pt\">Prof.M\u00e1rcia de Oliveira Nobre<\/font>\n  <br>\n  Pesquisa e desenvolvimento de um novo antiparasit\u00e1rio \u00e0 base de nitazoxanida<br> para administra\u00e7\u00e3o oral em c\u00e3es e gatos. <br>(PPG Veterin\u00e1ria)\n  <br><br><b>Lattes:<\/b><a href=\"http:\/\/lattes.cnpq.br\/3741542973280238\">Click aqui<\/a><br><br>\n  <b> Empresa Parceira:<\/b>\n  <a href=\"https:\/\/www.ibasa.com.br\/\">\n    Laborat\u00f3rio IBASA LTDA\n  <\/a><br><br>\n  <b>Quantidade de Bolsistas DAI:<\/b>1\n  \n\n<\/p><\/div><\/div><\/div><\/div><\/div><div id=\"pg-149-2\"  class=\"panel-grid panel-has-style\" ><div class=\"panel-row-style panel-row-style-for-149-2\" ><div id=\"pgc-149-2-0\"  class=\"panel-grid-cell\" ><div id=\"panel-149-2-0-0\" class=\"widget_text so-panel widget widget_custom_html panel-first-child panel-last-child\" data-index=\"2\" ><div class=\"textwidget custom-html-widget\"><p align=\"center\"> \n  <font style=\"font-size: 14pt\">Prof.Rafael Guerra Lund<\/font>\n  <br>\nComp\u00f3sitos antimicrobianos para impress\u00e3o 3-D\n\t<br>(PPG Odonto)\n  <br><br><b>Lattes:<\/b><a href=\"http:\/\/lattes.cnpq.br\/0022372882780892\">Click aqui<\/a><br><br>\n  <b> Empresa Parceira:<\/b>\n  <a href=\"https:\/\/www.yller.com.br\/\">\n Yller Biomateriais\n  <\/a><br><br>\n  <b>Quantidade de Bolsistas DAI:<\/b>1\n  \n\n<\/p><\/div><\/div><\/div><\/div><\/div><div id=\"pg-149-3\"  class=\"panel-grid panel-has-style\" ><div class=\"panel-row-style panel-row-style-for-149-3\" ><div id=\"pgc-149-3-0\"  class=\"panel-grid-cell\" ><div id=\"panel-149-3-0-0\" class=\"widget_text so-panel widget widget_custom_html panel-first-child panel-last-child\" data-index=\"3\" ><div class=\"textwidget custom-html-widget\">\n\n<p align=\"center\"> \n  <font style=\"font-size: 14pt\">Prof.Evandro Piva<\/font>\n  <br>\nDesenvolvimento de Biocer\u00e2micos para aplica\u00e7\u00e3o como material<br> dessensibilizante destin\u00e1rio em odontologia\n\t<br>(PPG Odonto)\n  <br><br><b>Lattes:<\/b><a href=\"http:\/\/lattes.cnpq.br\/0745185975863082\">Click aqui<\/a><br><br>\n  <b> Empresa Parceira:<\/b>\n  <a href=\"http:\/\/www.angelus.ind.br\/\">\n Angelus Ind\u00fastria de Produtos Odontol\u00f3gicos\n  <\/a><br><br>\n  <b>Quantidade de Bolsistas DAI:<\/b>1\n  \n\n<\/p><\/div><\/div><\/div><\/div><\/div><div id=\"pg-149-4\"  class=\"panel-grid panel-has-style\" ><div class=\"panel-row-style panel-row-style-for-149-4\" ><div id=\"pgc-149-4-0\"  class=\"panel-grid-cell\" ><div id=\"panel-149-4-0-0\" class=\"widget_text so-panel widget widget_custom_html panel-first-child panel-last-child\" data-index=\"4\" ><div class=\"textwidget custom-html-widget\">\n<p align=\"center\"> \n  <font style=\"font-size: 14pt\">Prof.Adriana Fernandes da Silva<\/font>\n  <br>\nInvestiga\u00e7\u00e3o de mecanismos celulares e moleculares desencadeados em reparo<br> tecidual ap\u00f3s a aplica\u00e7\u00e3o de materiais biocer\u00e2micos\n\t<br>(PPG Odonto)\n  <br><br><b>Lattes:<\/b><a href=\"http:\/\/lattes.cnpq.br\/5446173047870288\">Click aqui<\/a><br><br>\n  <b> Empresa Parceira:<\/b>\n  <a href=\"http:\/\/www.angelus.ind.br\/\">\n Angelus Ind\u00fastria de Produtos Odontol\u00f3gicos\n  <\/a><br><br>\n  <b>Quantidade de Bolsistas DAI:<\/b>1\n  \n\n<\/p><\/div><\/div><\/div><\/div><\/div><div id=\"pg-149-5\"  class=\"panel-grid panel-has-style\" ><div class=\"panel-row-style panel-row-style-for-149-5\" ><div id=\"pgc-149-5-0\"  class=\"panel-grid-cell\" ><div id=\"panel-149-5-0-0\" class=\"widget_text so-panel widget widget_custom_html panel-first-child panel-last-child\" data-index=\"5\" ><div class=\"textwidget custom-html-widget\">\n<p align=\"center\"> \n  <font style=\"font-size: 14pt\">Prof.Maur\u00edcio de Oliveira<\/font>\n  <br>\nUso de tecnologias de exaust\u00e3o e\u00f3lica e ilumina\u00e7\u00e3o natural para redu\u00e7\u00e3o <br>da incid\u00eancia de pragas e de perdas na armazenagem de gr\u00e3os\t<br>(PPG Ci\u00eancias e Tecnologia em Alimentos)\n  <br><br><b>Lattes:<\/b><a href=\"http:\/\/lattes.cnpq.br\/8625093123382787\">Click aqui<\/a><br><br>\n  <b> Empresa Parceira:<\/b>\n  <a href=\"http:\/\/qualygran.com.br\/\">\n Provent do Brasil Metal\u00fargica LTDA-Cycloar\n  <\/a><br><br>\n  <b>Quantidade de Bolsistas DAI:<\/b>1\n  \n\n<\/p><\/div><\/div><\/div><\/div><\/div><div id=\"pg-149-6\"  class=\"panel-grid panel-has-style\" ><div class=\"panel-row-style panel-row-style-for-149-6\" ><div id=\"pgc-149-6-0\"  class=\"panel-grid-cell\" ><div id=\"panel-149-6-0-0\" class=\"widget_text so-panel widget widget_custom_html panel-first-child panel-last-child\" data-index=\"6\" ><div class=\"textwidget custom-html-widget\"><p align=\"center\"> \n  <font style=\"font-size: 14pt\">Prof.Marcia Arocha Gularte<\/font>\n  <br>\nMetodologia sensorial inovadora para consumer insight de sabores e texturas<br> de produtos de panifica\u00e7\u00e3o\t<br>(PPG Ci\u00eancias e Tecnologia em Alimentos)\n  <br><br><b>Lattes:<\/b><a href=\"http:\/\/lattes.cnpq.br\/5756521626319170\">Click aqui<\/a><br><br>\n  <b> Empresa Parceira:<\/b>\n  <a href=\"https:\/\/www.duasrodas.com\/\">\nDuas Rodas ind\u00fastria LTDA\n  <\/a><br><br>\n  <b>Quantidade de Bolsistas DAI:<\/b>1\n  \n\n<\/p><\/div><\/div><\/div><\/div><\/div><div id=\"pg-149-7\"  class=\"panel-grid panel-has-style\" ><div class=\"panel-row-style panel-row-style-for-149-7\" ><div id=\"pgc-149-7-0\"  class=\"panel-grid-cell\" ><div id=\"panel-149-7-0-0\" class=\"widget_text so-panel widget widget_custom_html panel-first-child panel-last-child\" data-index=\"7\" ><div class=\"textwidget custom-html-widget\"><p align=\"center\"> \n  <font style=\"font-size: 14pt\">Prof.Paulo Roberto Ferreira J\u00fanior<\/font>\n  <br>\nDesenvolvimento de Tecnologias de Rob\u00f3tica M\u00f3vel para Ve\u00edculos<br> El\u00e9tricos Aut\u00f4nomos e Rob\u00f4s de Servi\u00e7o\t<br>(PPG em Computa\u00e7\u00e3o)\n  <br><br><b>Lattes:<\/b><a href=\"http:\/\/lattes.cnpq.br\/0481478169272902\">Click aqui<\/a><br><br>\n  <b> Empresa Parceira:<\/b>\n  <a href=\"http:\/\/www.freedom.ind.br\/\">\nFreedom Ve\u00edculos El\u00e9tricos LTDA.\n  <\/a><br><br>\n  <b>Quantidade de Bolsistas DAI:<\/b>1\n  \n\n<\/p><\/div><\/div><\/div><\/div><\/div><\/div>","protected":false},"excerpt":{"rendered":"<p>Prof.M\u00e1rcio Nunes Corr\u00eaa Pecu\u00e1ria Leiteira Digital: Circuito fechado deinforma\u00e7\u00e3o e metabolismo. (PPG Veterin\u00e1ria) Lattes:Click aqui Empresa Parceira: Granja 4 irm\u00e3os S.A Quantidade de Bolsistas DAI:1 Prof.M\u00e1rcia de Oliveira Nobre Pesquisa e desenvolvimento de um novo antiparasit\u00e1rio \u00e0 base de nitazoxanida para administra\u00e7\u00e3o oral em c\u00e3es e gatos. (PPG Veterin\u00e1ria) Lattes:Click aqui Empresa Parceira: Laborat\u00f3rio IBASA [&hellip;]<\/p>\n","protected":false},"author":905,"featured_media":0,"parent":0,"menu_order":0,"comment_status":"closed","ping_status":"closed","template":"","meta":{"footnotes":""},"class_list":["post-149","page","type-page","status-publish","hentry","post"],"_links":{"self":[{"href":"https:\/\/wp.ufpel.edu.br\/dai\/wp-json\/wp\/v2\/pages\/149","targetHints":{"allow":["GET"]}}],"collection":[{"href":"https:\/\/wp.ufpel.edu.br\/dai\/wp-json\/wp\/v2\/pages"}],"about":[{"href":"https:\/\/wp.ufpel.edu.br\/dai\/wp-json\/wp\/v2\/types\/page"}],"author":[{"embeddable":true,"href":"https:\/\/wp.ufpel.edu.br\/dai\/wp-json\/wp\/v2\/users\/905"}],"replies":[{"embeddable":true,"href":"https:\/\/wp.ufpel.edu.br\/dai\/wp-json\/wp\/v2\/comments?post=149"}],"version-history":[{"count":6,"href":"https:\/\/wp.ufpel.edu.br\/dai\/wp-json\/wp\/v2\/pages\/149\/revisions"}],"predecessor-version":[{"id":197,"href":"https:\/\/wp.ufpel.edu.br\/dai\/wp-json\/wp\/v2\/pages\/149\/revisions\/197"}],"wp:attachment":[{"href":"https:\/\/wp.ufpel.edu.br\/dai\/wp-json\/wp\/v2\/media?parent=149"}],"curies":[{"name":"wp","href":"https:\/\/api.w.org\/{rel}","templated":true}]}}