{"id":34,"date":"2019-04-01T11:55:10","date_gmt":"2019-04-01T14:55:10","guid":{"rendered":"https:\/\/wp.ufpel.edu.br\/dagastronomia\/?page_id=34"},"modified":"2020-08-30T15:31:31","modified_gmt":"2020-08-30T18:31:31","slug":"semana-academica-2020","status":"publish","type":"page","link":"https:\/\/wp.ufpel.edu.br\/dagastronomia\/semana-academica-2020\/","title":{"rendered":"Semana Acad\u00eamica 2020"},"content":{"rendered":"<p>Voc\u00ea que participou da jornada acad\u00eamica de 2019, promovida pela Chapa SuperA\u00e7\u00e3o, j\u00e1 pode pegar seu certificado atrav\u00e9s do link abaixo:<\/p>\n<p><a href=\"https:\/\/wp.ufpel.edu.br\/dagastronomia\/files\/2019\/08\/Certificados-minicurso-Biscoitos-Decorados.pdf\">Certificados minicurso Biscoitos Decorados<\/a><\/p>\n<p><a href=\"https:\/\/wp.ufpel.edu.br\/dagastronomia\/files\/2019\/08\/Certificados-minicurso-Finger-Foods-e-Welcome-Drinks.pdf\">Certificados minicurso Finger Foods e Welcome Drinks<\/a><\/p>\n<p><a href=\"https:\/\/wp.ufpel.edu.br\/dagastronomia\/files\/2019\/08\/Certificados-participantes-ouvintes.pdf\">Certificados participantes ouvintes<\/a><\/p>\n<p><a href=\"https:\/\/wp.ufpel.edu.br\/dagastronomia\/files\/2019\/08\/Certificados-Aula-Show-Fouet-de-Ouro.pdf\">Certificados Aula Show Fouet de Ouro<\/a><\/p>\n<p><a href=\"https:\/\/wp.ufpel.edu.br\/dagastronomia\/files\/2019\/08\/Verso-Certificados.pdf\">Verso Certificados<\/a><\/p>\n<p>Guia para impress\u00e3o:<\/p>\n<ol>\n<li>Baixe os certificados dos eventos que voc\u00ea participou.<\/li>\n<li>Salve um pdf com apenas a p\u00e1gina em que est\u00e1 o seu nome.<\/li>\n<\/ol>\n<p>Guia para a impress\u00e3o do certificado de ouvinte da jornada:<\/p>\n<ol>\n<li>Baixe os certificados dos eventos que voc\u00ea participou.<\/li>\n<li>Salve um pdf com apenas a p\u00e1gina em que est\u00e1 o seu nome.<\/li>\n<li>Imprima o certificado.<\/li>\n<li>Recoloque a folha na impressora e imprima o arquivo verso certificado.<\/li>\n<\/ol>\n","protected":false},"excerpt":{"rendered":"<p>Voc\u00ea que participou da jornada acad\u00eamica de 2019, promovida pela Chapa SuperA\u00e7\u00e3o, j\u00e1 pode pegar seu certificado atrav\u00e9s do link abaixo: Certificados minicurso Biscoitos Decorados Certificados minicurso Finger Foods e Welcome Drinks Certificados participantes ouvintes Certificados Aula Show Fouet de Ouro Verso Certificados Guia para impress\u00e3o: Baixe os certificados dos eventos que voc\u00ea participou. Salve [&hellip;]<\/p>\n","protected":false},"author":912,"featured_media":0,"parent":0,"menu_order":5,"comment_status":"closed","ping_status":"closed","template":"","meta":{"footnotes":""},"class_list":["post-34","page","type-page","status-publish","hentry"],"jetpack_sharing_enabled":true,"_links":{"self":[{"href":"https:\/\/wp.ufpel.edu.br\/dagastronomia\/wp-json\/wp\/v2\/pages\/34","targetHints":{"allow":["GET"]}}],"collection":[{"href":"https:\/\/wp.ufpel.edu.br\/dagastronomia\/wp-json\/wp\/v2\/pages"}],"about":[{"href":"https:\/\/wp.ufpel.edu.br\/dagastronomia\/wp-json\/wp\/v2\/types\/page"}],"author":[{"embeddable":true,"href":"https:\/\/wp.ufpel.edu.br\/dagastronomia\/wp-json\/wp\/v2\/users\/912"}],"replies":[{"embeddable":true,"href":"https:\/\/wp.ufpel.edu.br\/dagastronomia\/wp-json\/wp\/v2\/comments?post=34"}],"version-history":[{"count":9,"href":"https:\/\/wp.ufpel.edu.br\/dagastronomia\/wp-json\/wp\/v2\/pages\/34\/revisions"}],"predecessor-version":[{"id":109,"href":"https:\/\/wp.ufpel.edu.br\/dagastronomia\/wp-json\/wp\/v2\/pages\/34\/revisions\/109"}],"wp:attachment":[{"href":"https:\/\/wp.ufpel.edu.br\/dagastronomia\/wp-json\/wp\/v2\/media?parent=34"}],"curies":[{"name":"wp","href":"https:\/\/api.w.org\/{rel}","templated":true}]}}