{"id":23,"date":"2022-07-06T16:40:45","date_gmt":"2022-07-06T19:40:45","guid":{"rendered":"https:\/\/wp.ufpel.edu.br\/dagastronomia\/?page_id=23"},"modified":"2022-07-06T16:42:11","modified_gmt":"2022-07-06T19:42:11","slug":"membros","status":"publish","type":"page","link":"https:\/\/wp.ufpel.edu.br\/dagastronomia\/dag\/membros\/","title":{"rendered":"Membros"},"content":{"rendered":"<h2>Coordena\u00e7\u00e3o Geral<\/h2>\n<p>David de Andrade Cabral e Matheus Francisco da Paz<\/p>\n<h2>Coordena\u00e7\u00e3o Financeira<\/h2>\n<p>Giuilli Pacheco de Oliveira e Vitoria Pivatto<\/p>\n<h2>Coordena\u00e7\u00e3o de Eventos<\/h2>\n<p>Filipe Duarte Silva Dias<\/p>\n","protected":false},"excerpt":{"rendered":"<p>Coordena\u00e7\u00e3o Geral David de Andrade Cabral e Matheus Francisco da Paz Coordena\u00e7\u00e3o Financeira Giuilli Pacheco de Oliveira e Vitoria Pivatto Coordena\u00e7\u00e3o de Eventos Filipe Duarte Silva Dias<\/p>\n","protected":false},"author":912,"featured_media":0,"parent":11,"menu_order":0,"comment_status":"closed","ping_status":"closed","template":"","meta":{"footnotes":""},"class_list":["post-23","page","type-page","status-publish","hentry"],"jetpack_sharing_enabled":true,"_links":{"self":[{"href":"https:\/\/wp.ufpel.edu.br\/dagastronomia\/wp-json\/wp\/v2\/pages\/23","targetHints":{"allow":["GET"]}}],"collection":[{"href":"https:\/\/wp.ufpel.edu.br\/dagastronomia\/wp-json\/wp\/v2\/pages"}],"about":[{"href":"https:\/\/wp.ufpel.edu.br\/dagastronomia\/wp-json\/wp\/v2\/types\/page"}],"author":[{"embeddable":true,"href":"https:\/\/wp.ufpel.edu.br\/dagastronomia\/wp-json\/wp\/v2\/users\/912"}],"replies":[{"embeddable":true,"href":"https:\/\/wp.ufpel.edu.br\/dagastronomia\/wp-json\/wp\/v2\/comments?post=23"}],"version-history":[{"count":9,"href":"https:\/\/wp.ufpel.edu.br\/dagastronomia\/wp-json\/wp\/v2\/pages\/23\/revisions"}],"predecessor-version":[{"id":118,"href":"https:\/\/wp.ufpel.edu.br\/dagastronomia\/wp-json\/wp\/v2\/pages\/23\/revisions\/118"}],"up":[{"embeddable":true,"href":"https:\/\/wp.ufpel.edu.br\/dagastronomia\/wp-json\/wp\/v2\/pages\/11"}],"wp:attachment":[{"href":"https:\/\/wp.ufpel.edu.br\/dagastronomia\/wp-json\/wp\/v2\/media?parent=23"}],"curies":[{"name":"wp","href":"https:\/\/api.w.org\/{rel}","templated":true}]}}