{"id":7,"date":"2017-06-28T15:11:12","date_gmt":"2017-06-28T18:11:12","guid":{"rendered":"https:\/\/wp.ufpel.edu.br\/dafe\/?page_id=7"},"modified":"2017-07-05T13:52:46","modified_gmt":"2017-07-05T16:52:46","slug":"faculdade-de-educacao","status":"publish","type":"page","link":"https:\/\/wp.ufpel.edu.br\/dafe\/faculdade-de-educacao\/","title":{"rendered":"FACULDADE DE EDUCA\u00c7\u00c3O"},"content":{"rendered":"<p><strong>Faculdade de Educa\u00e7\u00e3o:<\/strong><\/p>\n<p>Dire\u00e7\u00e3o: Rog\u00e9rio Costa W\u00fcrdig<\/p>\n<p>Vice-dire\u00e7\u00e3o: Mirela Ribeiro Meira<\/p>\n<p>&nbsp;<\/p>\n<p><strong>Coordena\u00e7\u00e3o dos Colegiados de Cursos:<\/strong><\/p>\n<p>Coordenadora Tarde: Valdelaine da Rosa Mendes<\/p>\n<p>Coordenadora Noite: Mara Rejane Vieira Os\u00f3rio<\/p>\n<p>&nbsp;<\/p>\n<p><strong>Chefia do Departamento de Fundamentos da Educa\u00e7\u00e3o:<\/strong><\/p>\n<p>Chefe: Helo\u00edsa Helena Duval de Azevedo<\/p>\n<p>Subchefe: Ros\u00e1ria I. Sperotto<\/p>\n<p>&nbsp;<\/p>\n<p><strong>Chefia do Departamento de Ensino:<\/strong><\/p>\n<p>Chefe: Rita de C\u00e1ssia Tavares Medeiros<\/p>\n<p>Subchefe: Caroline Terra de Oliveira<\/p>\n","protected":false},"excerpt":{"rendered":"<p>Faculdade de Educa\u00e7\u00e3o: Dire\u00e7\u00e3o: Rog\u00e9rio Costa W\u00fcrdig Vice-dire\u00e7\u00e3o: Mirela Ribeiro Meira &nbsp; Coordena\u00e7\u00e3o dos Colegiados de Cursos: Coordenadora Tarde: Valdelaine da Rosa Mendes Coordenadora Noite: Mara Rejane Vieira Os\u00f3rio &nbsp; Chefia do Departamento de Fundamentos da Educa\u00e7\u00e3o: Chefe: Helo\u00edsa Helena Duval de Azevedo Subchefe: Ros\u00e1ria I. Sperotto &nbsp; Chefia do Departamento de Ensino: Chefe: Rita [&hellip;]<\/p>\n","protected":false},"author":769,"featured_media":0,"parent":0,"menu_order":3,"comment_status":"closed","ping_status":"closed","template":"","meta":{"footnotes":""},"class_list":["post-7","page","type-page","status-publish","hentry"],"_links":{"self":[{"href":"https:\/\/wp.ufpel.edu.br\/dafe\/wp-json\/wp\/v2\/pages\/7","targetHints":{"allow":["GET"]}}],"collection":[{"href":"https:\/\/wp.ufpel.edu.br\/dafe\/wp-json\/wp\/v2\/pages"}],"about":[{"href":"https:\/\/wp.ufpel.edu.br\/dafe\/wp-json\/wp\/v2\/types\/page"}],"author":[{"embeddable":true,"href":"https:\/\/wp.ufpel.edu.br\/dafe\/wp-json\/wp\/v2\/users\/769"}],"replies":[{"embeddable":true,"href":"https:\/\/wp.ufpel.edu.br\/dafe\/wp-json\/wp\/v2\/comments?post=7"}],"version-history":[{"count":4,"href":"https:\/\/wp.ufpel.edu.br\/dafe\/wp-json\/wp\/v2\/pages\/7\/revisions"}],"predecessor-version":[{"id":25,"href":"https:\/\/wp.ufpel.edu.br\/dafe\/wp-json\/wp\/v2\/pages\/7\/revisions\/25"}],"wp:attachment":[{"href":"https:\/\/wp.ufpel.edu.br\/dafe\/wp-json\/wp\/v2\/media?parent=7"}],"curies":[{"name":"wp","href":"https:\/\/api.w.org\/{rel}","templated":true}]}}