{"id":32,"date":"2017-07-05T14:27:17","date_gmt":"2017-07-05T17:27:17","guid":{"rendered":"https:\/\/wp.ufpel.edu.br\/dafe\/?page_id=32"},"modified":"2017-07-05T14:27:17","modified_gmt":"2017-07-05T17:27:17","slug":"informacoes-pedagogia","status":"publish","type":"page","link":"https:\/\/wp.ufpel.edu.br\/dafe\/informacoes-pedagogia\/","title":{"rendered":"INFORMA\u00c7\u00d5ES PEDAGOGIA"},"content":{"rendered":"<p>DISCIPLINAS OPTATIVAS: O aluno deve cursar 20 cr\u00e9ditos em disciplinas optativas durante o curso, podendo estas serem cursadas no pr\u00f3prio curso ou em outros cursos da Universidade (por meio de matr\u00edcula especial).<\/p>\n<p>&nbsp;<\/p>\n<p>ATIVIDADES COMPLEMENTARES (200h): Al\u00e9m das disciplinas obrigat\u00f3rias e das disciplinas optativas o aluno dever\u00e1 contabilizar 200h de participa\u00e7\u00e3o em atividades diversas, como\u00a0participa\u00e7\u00e3o em\u00a0semin\u00e1rios, encontros, palestras, publica\u00e7\u00e3o de artigos e resumos, atividades de pesquisa, de\u00a0extens\u00e3o, inicia\u00e7\u00e3o cient\u00edfica, representa\u00e7\u00e3o discente, dentre outras, conforme mostra o\u00a0quadro dispon\u00edvel na p\u00e1gina 44 do Projeto Pol\u00edtico Pedag\u00f3gico.<\/p>\n<ul>\n<li>Outras informa\u00e7\u00f5es sobre as atividades complementares e sobre as disciplinas optativas est\u00e3o dispon\u00edveis no Projeto Pol\u00edtico Pedag\u00f3gico do Curso.<\/li>\n<\/ul>\n<p>&nbsp;<\/p>\n","protected":false},"excerpt":{"rendered":"<p>DISCIPLINAS OPTATIVAS: O aluno deve cursar 20 cr\u00e9ditos em disciplinas optativas durante o curso, podendo estas serem cursadas no pr\u00f3prio curso ou em outros cursos da Universidade (por meio de matr\u00edcula especial). &nbsp; ATIVIDADES COMPLEMENTARES (200h): Al\u00e9m das disciplinas obrigat\u00f3rias e das disciplinas optativas o aluno dever\u00e1 contabilizar 200h de participa\u00e7\u00e3o em atividades diversas, como\u00a0participa\u00e7\u00e3o [&hellip;]<\/p>\n","protected":false},"author":769,"featured_media":0,"parent":0,"menu_order":0,"comment_status":"closed","ping_status":"closed","template":"","meta":{"footnotes":""},"class_list":["post-32","page","type-page","status-publish","hentry"],"_links":{"self":[{"href":"https:\/\/wp.ufpel.edu.br\/dafe\/wp-json\/wp\/v2\/pages\/32","targetHints":{"allow":["GET"]}}],"collection":[{"href":"https:\/\/wp.ufpel.edu.br\/dafe\/wp-json\/wp\/v2\/pages"}],"about":[{"href":"https:\/\/wp.ufpel.edu.br\/dafe\/wp-json\/wp\/v2\/types\/page"}],"author":[{"embeddable":true,"href":"https:\/\/wp.ufpel.edu.br\/dafe\/wp-json\/wp\/v2\/users\/769"}],"replies":[{"embeddable":true,"href":"https:\/\/wp.ufpel.edu.br\/dafe\/wp-json\/wp\/v2\/comments?post=32"}],"version-history":[{"count":2,"href":"https:\/\/wp.ufpel.edu.br\/dafe\/wp-json\/wp\/v2\/pages\/32\/revisions"}],"predecessor-version":[{"id":34,"href":"https:\/\/wp.ufpel.edu.br\/dafe\/wp-json\/wp\/v2\/pages\/32\/revisions\/34"}],"wp:attachment":[{"href":"https:\/\/wp.ufpel.edu.br\/dafe\/wp-json\/wp\/v2\/media?parent=32"}],"curies":[{"name":"wp","href":"https:\/\/api.w.org\/{rel}","templated":true}]}}