{"id":26,"date":"2017-07-05T14:06:44","date_gmt":"2017-07-05T17:06:44","guid":{"rendered":"https:\/\/wp.ufpel.edu.br\/dafe\/?page_id=26"},"modified":"2017-07-05T14:12:15","modified_gmt":"2017-07-05T17:12:15","slug":"curso-de-pedagogia","status":"publish","type":"page","link":"https:\/\/wp.ufpel.edu.br\/dafe\/curso-de-pedagogia\/","title":{"rendered":"CURSO DE PEDAGOGIA"},"content":{"rendered":"<p>O Curso de Licenciatura em Pedagogia da Universidade Federal de Pelotas \u00e9 um dos mais antigos do Rio Grande do Sul, tendo sido criado em 1978 e reconhecido pela Portaria n\u00ba. 92 de 08 de mar\u00e7o de 1984.<\/p>\n<p>Informa\u00e7\u00f5es sobre o atual curr\u00edculo dos Cursos de Pedagogia seguem nos links abaixo.<\/p>\n<p><a href=\"https:\/\/wp.ufpel.edu.br\/pedagogia\/files\/2017\/06\/Fluxograma.pdf\">FLUXOGRAMA<\/a><\/p>\n<p><a href=\"https:\/\/wp.ufpel.edu.br\/pedagogia\/files\/2014\/10\/ORGANIZA%C3%87%C3%83O-CURR%C3%8DCULAR-PEDAGOGIA.pdf\">ORGANIZA\u00c7\u00c3O CURRICULAR DO CURSO<\/a><\/p>\n<p><a href=\"https:\/\/wp.ufpel.edu.br\/pedagogia\/files\/2017\/06\/Projeto-Pol%C3%ADtico-Pedag%C3%B3gico.pdf\">PROJETO POL\u00cdTICO PEDAG\u00d3GICO<\/a><\/p>\n<p>Contato com a secretaria do curso: (53) 3284-5537<\/p>\n<p>cursopedagogiaufpel@gmail.com<\/p>\n<p>&nbsp;<\/p>\n<p>*Ingresso no curso da tarde no 1\u00ba semestre do ano letivo e no cursa da noite no 2\u00ba semestre.<\/p>\n","protected":false},"excerpt":{"rendered":"<p>O Curso de Licenciatura em Pedagogia da Universidade Federal de Pelotas \u00e9 um dos mais antigos do Rio Grande do Sul, tendo sido criado em 1978 e reconhecido pela Portaria n\u00ba. 92 de 08 de mar\u00e7o de 1984. Informa\u00e7\u00f5es sobre o atual curr\u00edculo dos Cursos de Pedagogia seguem nos links abaixo. FLUXOGRAMA ORGANIZA\u00c7\u00c3O CURRICULAR DO [&hellip;]<\/p>\n","protected":false},"author":769,"featured_media":0,"parent":0,"menu_order":0,"comment_status":"closed","ping_status":"closed","template":"","meta":{"footnotes":""},"class_list":["post-26","page","type-page","status-publish","hentry"],"_links":{"self":[{"href":"https:\/\/wp.ufpel.edu.br\/dafe\/wp-json\/wp\/v2\/pages\/26","targetHints":{"allow":["GET"]}}],"collection":[{"href":"https:\/\/wp.ufpel.edu.br\/dafe\/wp-json\/wp\/v2\/pages"}],"about":[{"href":"https:\/\/wp.ufpel.edu.br\/dafe\/wp-json\/wp\/v2\/types\/page"}],"author":[{"embeddable":true,"href":"https:\/\/wp.ufpel.edu.br\/dafe\/wp-json\/wp\/v2\/users\/769"}],"replies":[{"embeddable":true,"href":"https:\/\/wp.ufpel.edu.br\/dafe\/wp-json\/wp\/v2\/comments?post=26"}],"version-history":[{"count":3,"href":"https:\/\/wp.ufpel.edu.br\/dafe\/wp-json\/wp\/v2\/pages\/26\/revisions"}],"predecessor-version":[{"id":29,"href":"https:\/\/wp.ufpel.edu.br\/dafe\/wp-json\/wp\/v2\/pages\/26\/revisions\/29"}],"wp:attachment":[{"href":"https:\/\/wp.ufpel.edu.br\/dafe\/wp-json\/wp\/v2\/media?parent=26"}],"curies":[{"name":"wp","href":"https:\/\/api.w.org\/{rel}","templated":true}]}}