{"id":11,"date":"2017-06-28T15:13:58","date_gmt":"2017-06-28T18:13:58","guid":{"rendered":"https:\/\/wp.ufpel.edu.br\/dafe\/?page_id=11"},"modified":"2017-07-05T14:16:47","modified_gmt":"2017-07-05T17:16:47","slug":"informacoes-para-alunos","status":"publish","type":"page","link":"https:\/\/wp.ufpel.edu.br\/dafe\/informacoes-para-alunos\/","title":{"rendered":"INFORMA\u00c7\u00d5ES GERAIS"},"content":{"rendered":"<p><a href=\"https:\/\/wp.ufpel.edu.br\/cra\/rematricula\/\">Rematr\u00edcula<\/a><\/p>\n<p><a href=\"https:\/\/wp.ufpel.edu.br\/cra\/matricula-especial\/\">Matr\u00edcula Especial<\/a><\/p>\n<p><a href=\"https:\/\/wp.ufpel.edu.br\/cra\/trancamento-de-disciplina\/\">Trancamento de disciplina<\/a><\/p>\n<p><a href=\"https:\/\/wp.ufpel.edu.br\/cra\/trancamento-geral-de-matricula\/\">Trancamento geral de matr\u00edcula<\/a><\/p>\n<p><a href=\"https:\/\/wp.ufpel.edu.br\/cra\/aproveitamento-de-disciplina\/\">Aproveitamento de disciplina<\/a><\/p>\n<p><a href=\"https:\/\/wp.ufpel.edu.br\/cra\/tempo-de-permanencia-no-curso-jubilamento\/\">Tempo de perman\u00eancia no curso (Jubilamento)<\/a><\/p>\n<p><a href=\"https:\/\/wp.ufpel.edu.br\/cra\/enade\/\">ENADE<\/a><\/p>\n<p><a href=\"https:\/\/wp.ufpel.edu.br\/cra\/avaliacao-segunda-chamada\/\">Avalia\u00e7\u00e3o \u2013 Segunda chamada<\/a><\/p>\n<p><a href=\"https:\/\/wp.ufpel.edu.br\/cra\/revisao-de-desempenho\/\">Revis\u00e3o de desempenho<\/a><\/p>\n<p><a href=\"https:\/\/wp.ufpel.edu.br\/cra\/frequencia\/\">Frequ\u00eancia<\/a><\/p>\n<p><a href=\"https:\/\/wp.ufpel.edu.br\/cra\/exercicios-domiciliares\/\">Exerc\u00edcios domiciliares<\/a><\/p>\n<p><a href=\"https:\/\/wp.ufpel.edu.br\/cra\/cancelamento-de-matricula\/\">Cancelamento de matr\u00edcula<\/a><\/p>\n<p><a href=\"https:\/\/wp.ufpel.edu.br\/cra\/programa-de-mobilidade-academica\/\">Mobilidade acad\u00eamica<\/a><\/p>\n<p><a href=\"https:\/\/wp.ufpel.edu.br\/cra\/transferencia-externa\/\">Transfer\u00eancia externa<\/a><\/p>\n<p><a href=\"https:\/\/wp.ufpel.edu.br\/cra\/transito-de-notas\/\">Tr\u00e2nsito de Notas<\/a><\/p>\n<p><a href=\"https:\/\/wp.ufpel.edu.br\/cra\/principais-formularios-cursos-presenciais\/\">Principais formul\u00e1rios \u2013 cursos presenciais<\/a><\/p>\n","protected":false},"excerpt":{"rendered":"<p>Rematr\u00edcula Matr\u00edcula Especial Trancamento de disciplina Trancamento geral de matr\u00edcula Aproveitamento de disciplina Tempo de perman\u00eancia no curso (Jubilamento) ENADE Avalia\u00e7\u00e3o \u2013 Segunda chamada Revis\u00e3o de desempenho Frequ\u00eancia Exerc\u00edcios domiciliares Cancelamento de matr\u00edcula Mobilidade acad\u00eamica Transfer\u00eancia externa Tr\u00e2nsito de Notas Principais formul\u00e1rios \u2013 cursos presenciais<\/p>\n","protected":false},"author":769,"featured_media":0,"parent":0,"menu_order":2,"comment_status":"closed","ping_status":"closed","template":"","meta":{"footnotes":""},"class_list":["post-11","page","type-page","status-publish","hentry"],"_links":{"self":[{"href":"https:\/\/wp.ufpel.edu.br\/dafe\/wp-json\/wp\/v2\/pages\/11","targetHints":{"allow":["GET"]}}],"collection":[{"href":"https:\/\/wp.ufpel.edu.br\/dafe\/wp-json\/wp\/v2\/pages"}],"about":[{"href":"https:\/\/wp.ufpel.edu.br\/dafe\/wp-json\/wp\/v2\/types\/page"}],"author":[{"embeddable":true,"href":"https:\/\/wp.ufpel.edu.br\/dafe\/wp-json\/wp\/v2\/users\/769"}],"replies":[{"embeddable":true,"href":"https:\/\/wp.ufpel.edu.br\/dafe\/wp-json\/wp\/v2\/comments?post=11"}],"version-history":[{"count":2,"href":"https:\/\/wp.ufpel.edu.br\/dafe\/wp-json\/wp\/v2\/pages\/11\/revisions"}],"predecessor-version":[{"id":31,"href":"https:\/\/wp.ufpel.edu.br\/dafe\/wp-json\/wp\/v2\/pages\/11\/revisions\/31"}],"wp:attachment":[{"href":"https:\/\/wp.ufpel.edu.br\/dafe\/wp-json\/wp\/v2\/media?parent=11"}],"curies":[{"name":"wp","href":"https:\/\/api.w.org\/{rel}","templated":true}]}}