{"id":74,"date":"2020-07-14T15:59:20","date_gmt":"2020-07-14T18:59:20","guid":{"rendered":"https:\/\/wp.ufpel.edu.br\/daeh\/?page_id=74"},"modified":"2025-05-30T20:20:47","modified_gmt":"2025-05-30T23:20:47","slug":"engenharia-hidrica-ufpel","status":"publish","type":"page","link":"https:\/\/wp.ufpel.edu.br\/daeh\/engenharia-hidrica-ufpel\/","title":{"rendered":"Engenharia H\u00eddrica UFPel"},"content":{"rendered":"<p style=\"text-align: justify;\">A profiss\u00e3o cuida da explora\u00e7\u00e3o, monitoramento, do uso e da gest\u00e3o de recursos h\u00eddricos t\u00e3o escassos no planeta. O curso de gradua\u00e7\u00e3o em Engenharia H\u00eddrica foi proposto em 2008 e criado atrav\u00e9s do REUNI, em novembro de 2008. A primeira turma a dar in\u00edcio \u00e0s atividades do novo curso teve a oportunidade de acesso a partir do processo seletivo de ver\u00e3o de 2008, com in\u00edcio das aulas em abril de 2009. A gradua\u00e7\u00e3o em Engenharia H\u00eddrica da Universidade Federal de Pelotas, tem por objetivo formar profissionais aptos a atuar em todos os aspectos referentes ao uso e gest\u00e3o do recurso d\u2019\u00e1gua, incluindo seus aspectos t\u00e9cnicos, sociais e ambientais. \u00c9 um profissional qualificado para avaliar, quantificar, projetar, montar, construir, fiscalizar e gerenciar servi\u00e7os nas seguintes \u00e1reas:\u00a0\u00a0 Recursos h\u00eddricos, sistemas e circuitos hidr\u00e1ulicos, sistemas de informa\u00e7\u00f5es \u00a0hidrol\u00f3gicas e gest\u00e3o de Projeto Pedag\u00f3gico recursos h\u00eddricos. A Engenharia H\u00eddrica faz parte do Centro de Desenvolvimento Tecnol\u00f3gico da UFPEL.<\/p>\n<p>Para saber mais:\u00a0<a href=\"https:\/\/wp.ufpel.edu.br\/enghidrica\/\">https:\/\/wp.ufpel.edu.br\/enghidrica\/<\/a><\/p>\n","protected":false},"excerpt":{"rendered":"<p>A profiss\u00e3o cuida da explora\u00e7\u00e3o, monitoramento, do uso e da gest\u00e3o de recursos h\u00eddricos t\u00e3o escassos no planeta. O curso de gradua\u00e7\u00e3o em Engenharia H\u00eddrica foi proposto em 2008 e criado atrav\u00e9s do REUNI, em novembro de 2008. A primeira turma a dar in\u00edcio \u00e0s atividades do novo curso teve a oportunidade de acesso a&hellip;<\/p>\n","protected":false},"author":1041,"featured_media":0,"parent":0,"menu_order":0,"comment_status":"closed","ping_status":"closed","template":"","meta":{"footnotes":""},"class_list":["post-74","page","type-page","status-publish","hentry"],"_links":{"self":[{"href":"https:\/\/wp.ufpel.edu.br\/daeh\/wp-json\/wp\/v2\/pages\/74","targetHints":{"allow":["GET"]}}],"collection":[{"href":"https:\/\/wp.ufpel.edu.br\/daeh\/wp-json\/wp\/v2\/pages"}],"about":[{"href":"https:\/\/wp.ufpel.edu.br\/daeh\/wp-json\/wp\/v2\/types\/page"}],"author":[{"embeddable":true,"href":"https:\/\/wp.ufpel.edu.br\/daeh\/wp-json\/wp\/v2\/users\/1041"}],"replies":[{"embeddable":true,"href":"https:\/\/wp.ufpel.edu.br\/daeh\/wp-json\/wp\/v2\/comments?post=74"}],"version-history":[{"count":2,"href":"https:\/\/wp.ufpel.edu.br\/daeh\/wp-json\/wp\/v2\/pages\/74\/revisions"}],"predecessor-version":[{"id":236,"href":"https:\/\/wp.ufpel.edu.br\/daeh\/wp-json\/wp\/v2\/pages\/74\/revisions\/236"}],"wp:attachment":[{"href":"https:\/\/wp.ufpel.edu.br\/daeh\/wp-json\/wp\/v2\/media?parent=74"}],"curies":[{"name":"wp","href":"https:\/\/api.w.org\/{rel}","templated":true}]}}