{"id":42,"date":"2020-07-14T15:04:34","date_gmt":"2020-07-14T18:04:34","guid":{"rendered":"https:\/\/wp.ufpel.edu.br\/daeh\/?page_id=42"},"modified":"2025-06-09T09:51:08","modified_gmt":"2025-06-09T12:51:08","slug":"coordenadoria-administrativa","status":"publish","type":"page","link":"https:\/\/wp.ufpel.edu.br\/daeh\/cordenadorias\/coordenadoria-administrativa\/","title":{"rendered":"Coordenadoria Administrativa"},"content":{"rendered":"<blockquote><p>A Coordenadoria Administrativa \u00e9 respons\u00e1vel por coordenar a rotina administrativa, o planejamento estrat\u00e9gico dos recursos materiais, patrimoniais, financeiros, tecnol\u00f3gicos ou humanos.<\/p><\/blockquote>\n","protected":false},"excerpt":{"rendered":"<p>A Coordenadoria Administrativa \u00e9 respons\u00e1vel por coordenar a rotina administrativa, o planejamento estrat\u00e9gico dos recursos materiais, patrimoniais, financeiros, tecnol\u00f3gicos ou humanos.<\/p>\n","protected":false},"author":1041,"featured_media":0,"parent":32,"menu_order":0,"comment_status":"closed","ping_status":"closed","template":"","meta":{"footnotes":""},"class_list":["post-42","page","type-page","status-publish","hentry"],"_links":{"self":[{"href":"https:\/\/wp.ufpel.edu.br\/daeh\/wp-json\/wp\/v2\/pages\/42","targetHints":{"allow":["GET"]}}],"collection":[{"href":"https:\/\/wp.ufpel.edu.br\/daeh\/wp-json\/wp\/v2\/pages"}],"about":[{"href":"https:\/\/wp.ufpel.edu.br\/daeh\/wp-json\/wp\/v2\/types\/page"}],"author":[{"embeddable":true,"href":"https:\/\/wp.ufpel.edu.br\/daeh\/wp-json\/wp\/v2\/users\/1041"}],"replies":[{"embeddable":true,"href":"https:\/\/wp.ufpel.edu.br\/daeh\/wp-json\/wp\/v2\/comments?post=42"}],"version-history":[{"count":4,"href":"https:\/\/wp.ufpel.edu.br\/daeh\/wp-json\/wp\/v2\/pages\/42\/revisions"}],"predecessor-version":[{"id":265,"href":"https:\/\/wp.ufpel.edu.br\/daeh\/wp-json\/wp\/v2\/pages\/42\/revisions\/265"}],"up":[{"embeddable":true,"href":"https:\/\/wp.ufpel.edu.br\/daeh\/wp-json\/wp\/v2\/pages\/32"}],"wp:attachment":[{"href":"https:\/\/wp.ufpel.edu.br\/daeh\/wp-json\/wp\/v2\/media?parent=42"}],"curies":[{"name":"wp","href":"https:\/\/api.w.org\/{rel}","templated":true}]}}