{"id":241,"date":"2025-05-30T20:28:26","date_gmt":"2025-05-30T23:28:26","guid":{"rendered":"https:\/\/wp.ufpel.edu.br\/daeh\/?page_id=241"},"modified":"2025-07-25T11:00:02","modified_gmt":"2025-07-25T14:00:02","slug":"membros-do-diretorio-academico","status":"publish","type":"page","link":"https:\/\/wp.ufpel.edu.br\/daeh\/membros-do-diretorio-academico\/","title":{"rendered":"Membros do Diret\u00f3rio Acad\u00eamico"},"content":{"rendered":"<p><strong>Membros do Diret\u00f3rio Acad\u00eamico-Gest\u00e3o 2025\/2026<\/strong><\/p>\n<p>ARTUR MENDES RODRIGUES<br \/>\nGUILHERME DE OLIVEIRA<br \/>\nJOAO VITOR LIMA SAN MARTINS<br \/>\nRAFAEL PIRES CALDEIRA<br \/>\nRAYSSA MACEDO PINTO<\/p>\n","protected":false},"excerpt":{"rendered":"<p>Membros do Diret\u00f3rio Acad\u00eamico-Gest\u00e3o 2025\/2026 ARTUR MENDES RODRIGUES GUILHERME DE OLIVEIRA JOAO VITOR LIMA SAN MARTINS RAFAEL PIRES CALDEIRA RAYSSA MACEDO PINTO<\/p>\n","protected":false},"author":13,"featured_media":0,"parent":0,"menu_order":0,"comment_status":"closed","ping_status":"closed","template":"","meta":{"footnotes":""},"class_list":["post-241","page","type-page","status-publish","hentry"],"_links":{"self":[{"href":"https:\/\/wp.ufpel.edu.br\/daeh\/wp-json\/wp\/v2\/pages\/241","targetHints":{"allow":["GET"]}}],"collection":[{"href":"https:\/\/wp.ufpel.edu.br\/daeh\/wp-json\/wp\/v2\/pages"}],"about":[{"href":"https:\/\/wp.ufpel.edu.br\/daeh\/wp-json\/wp\/v2\/types\/page"}],"author":[{"embeddable":true,"href":"https:\/\/wp.ufpel.edu.br\/daeh\/wp-json\/wp\/v2\/users\/13"}],"replies":[{"embeddable":true,"href":"https:\/\/wp.ufpel.edu.br\/daeh\/wp-json\/wp\/v2\/comments?post=241"}],"version-history":[{"count":4,"href":"https:\/\/wp.ufpel.edu.br\/daeh\/wp-json\/wp\/v2\/pages\/241\/revisions"}],"predecessor-version":[{"id":289,"href":"https:\/\/wp.ufpel.edu.br\/daeh\/wp-json\/wp\/v2\/pages\/241\/revisions\/289"}],"wp:attachment":[{"href":"https:\/\/wp.ufpel.edu.br\/daeh\/wp-json\/wp\/v2\/media?parent=241"}],"curies":[{"name":"wp","href":"https:\/\/api.w.org\/{rel}","templated":true}]}}