{"id":88,"date":"2012-05-18T23:16:14","date_gmt":"2012-05-18T23:16:14","guid":{"rendered":"https:\/\/wp.ufpel.edu.br\/daee\/?page_id=88"},"modified":"2016-02-09T19:22:17","modified_gmt":"2016-02-09T21:22:17","slug":"documentos","status":"publish","type":"page","link":"https:\/\/wp.ufpel.edu.br\/daee\/documentos\/","title":{"rendered":"Documentos"},"content":{"rendered":"<p><strong><a href=\"https:\/\/wp.ufpel.edu.br\/daee\/2016\/02\/09\/atas-4\/\">Atas<\/a><\/strong><\/p>\n<p><strong><a href=\"https:\/\/wp.ufpel.edu.br\/daee\/2016\/02\/09\/logos\/\">Logos<\/a><\/strong><\/p>\n<p><strong><a href=\"https:\/\/wp.ufpel.edu.br\/daee\/2016\/02\/09\/memorandos\/ \u200e\">Memorandos<\/a><\/strong><\/p>\n<p><strong><a href=\"https:\/\/wp.ufpel.edu.br\/daee\/2016\/02\/09\/oficios-circulares\/\">Of\u00edcios Circulares<\/a><\/strong><\/p>\n<p><strong><a href=\"https:\/\/wp.ufpel.edu.br\/daee\/2016\/02\/09\/processo-eleitoral\/\">Processo Eleitoral<\/a><\/strong><\/p>\n<p><strong><a href=\"https:\/\/wp.ufpel.edu.br\/daee\/2016\/02\/09\/solicitacoes\/\">Solicita\u00e7\u00f5es<\/a><\/strong><\/p>\n<p>&nbsp;<\/p>\n","protected":false},"excerpt":{"rendered":"<p>Atas Logos Memorandos Of\u00edcios Circulares Processo Eleitoral Solicita\u00e7\u00f5es &nbsp;<\/p>\n","protected":false},"author":128,"featured_media":0,"parent":0,"menu_order":0,"comment_status":"closed","ping_status":"closed","template":"","meta":{"footnotes":""},"class_list":["post-88","page","type-page","status-publish","hentry"],"jetpack_sharing_enabled":true,"_links":{"self":[{"href":"https:\/\/wp.ufpel.edu.br\/daee\/wp-json\/wp\/v2\/pages\/88","targetHints":{"allow":["GET"]}}],"collection":[{"href":"https:\/\/wp.ufpel.edu.br\/daee\/wp-json\/wp\/v2\/pages"}],"about":[{"href":"https:\/\/wp.ufpel.edu.br\/daee\/wp-json\/wp\/v2\/types\/page"}],"author":[{"embeddable":true,"href":"https:\/\/wp.ufpel.edu.br\/daee\/wp-json\/wp\/v2\/users\/128"}],"replies":[{"embeddable":true,"href":"https:\/\/wp.ufpel.edu.br\/daee\/wp-json\/wp\/v2\/comments?post=88"}],"version-history":[{"count":22,"href":"https:\/\/wp.ufpel.edu.br\/daee\/wp-json\/wp\/v2\/pages\/88\/revisions"}],"predecessor-version":[{"id":534,"href":"https:\/\/wp.ufpel.edu.br\/daee\/wp-json\/wp\/v2\/pages\/88\/revisions\/534"}],"wp:attachment":[{"href":"https:\/\/wp.ufpel.edu.br\/daee\/wp-json\/wp\/v2\/media?parent=88"}],"curies":[{"name":"wp","href":"https:\/\/api.w.org\/{rel}","templated":true}]}}