{"id":8,"date":"2011-08-25T17:43:55","date_gmt":"2011-08-25T20:43:55","guid":{"rendered":"https:\/\/wp.ufpel.edu.br\/daee\/"},"modified":"2019-05-09T11:45:56","modified_gmt":"2019-05-09T14:45:56","slug":"sobre","status":"publish","type":"page","link":"https:\/\/wp.ufpel.edu.br\/daee\/sobre\/","title":{"rendered":"Quem Somos N\u00f3s?"},"content":{"rendered":"<p>O DAEE &#8211; Diret\u00f3rio Acad\u00eamico de Engenharia Eletr\u00f4nica da UFPel \u00e9 uma organiza\u00e7\u00e3o sem fins lucrativos que visa lutar pelos direitos dos alunos dentro e fora \u00a0do curso, al\u00e9m de organizar eventos com objetivo de trazer novos conhecimentos e experi\u00eancias para os alunos do curso.<\/p>\n<p style=\"text-align: center\"><strong>Fun\u00e7\u00f5es<\/strong>:<\/p>\n<p><strong>Presidente<\/strong>:<\/p>\n<ul>\n<li>Gerenciar demais cargos<\/li>\n<li>Estar por dentro de todos os projetos<\/li>\n<li>Liderar reuni\u00f5es do Diret\u00f3rio<\/li>\n<\/ul>\n<p><strong>Vice-Presidente:<\/strong><\/p>\n<ul>\n<li>Atuar na aus\u00eancia do Presidente<\/li>\n<\/ul>\n<p><strong>Tesoureiro:<\/strong><\/p>\n<ul>\n<li>Administrar cofre do Diret\u00f3rio<\/li>\n<li>Atuar em projetos que envolvam custos e rendas<\/li>\n<\/ul>\n<p><strong>Secret\u00e1rio:<\/strong><\/p>\n<ul>\n<li>Registrar discuss\u00f5es de reuni\u00f5es em forma de atas<\/li>\n<\/ul>\n<p><strong>Coordenador de Eventos:<\/strong><\/p>\n<ul>\n<li>Organizar eventos que envolvam o curso<\/li>\n<\/ul>\n<p><strong>Coordenador de Pol\u00edticas Estudantis:<\/strong><\/p>\n<ul>\n<li>Ser meio de liga\u00e7\u00e3o entre DAEE e Alunos<\/li>\n<\/ul>\n<p><strong>Representate Discente:<\/strong><\/p>\n<ul>\n<li>Levar pautas discutidas em reuni\u00f5es do Diret\u00f3rio para as reuni\u00f5es de Colegiado<\/li>\n<\/ul>\n<p>&nbsp;<\/p>\n<p><strong>\u00a0<\/strong><\/p>\n<p style=\"text-align: justify\">\n","protected":false},"excerpt":{"rendered":"<p>O DAEE &#8211; Diret\u00f3rio Acad\u00eamico de Engenharia Eletr\u00f4nica da UFPel \u00e9 uma organiza\u00e7\u00e3o sem fins lucrativos que visa lutar pelos direitos dos alunos dentro e fora \u00a0do curso, al\u00e9m de organizar eventos com objetivo de trazer novos conhecimentos e experi\u00eancias para os alunos do curso. Fun\u00e7\u00f5es: Presidente: Gerenciar demais cargos Estar por dentro de todos [&hellip;]<\/p>\n","protected":false},"author":128,"featured_media":0,"parent":0,"menu_order":0,"comment_status":"closed","ping_status":"closed","template":"","meta":{"footnotes":""},"class_list":["post-8","page","type-page","status-publish","hentry"],"jetpack_sharing_enabled":true,"_links":{"self":[{"href":"https:\/\/wp.ufpel.edu.br\/daee\/wp-json\/wp\/v2\/pages\/8","targetHints":{"allow":["GET"]}}],"collection":[{"href":"https:\/\/wp.ufpel.edu.br\/daee\/wp-json\/wp\/v2\/pages"}],"about":[{"href":"https:\/\/wp.ufpel.edu.br\/daee\/wp-json\/wp\/v2\/types\/page"}],"author":[{"embeddable":true,"href":"https:\/\/wp.ufpel.edu.br\/daee\/wp-json\/wp\/v2\/users\/128"}],"replies":[{"embeddable":true,"href":"https:\/\/wp.ufpel.edu.br\/daee\/wp-json\/wp\/v2\/comments?post=8"}],"version-history":[{"count":15,"href":"https:\/\/wp.ufpel.edu.br\/daee\/wp-json\/wp\/v2\/pages\/8\/revisions"}],"predecessor-version":[{"id":643,"href":"https:\/\/wp.ufpel.edu.br\/daee\/wp-json\/wp\/v2\/pages\/8\/revisions\/643"}],"wp:attachment":[{"href":"https:\/\/wp.ufpel.edu.br\/daee\/wp-json\/wp\/v2\/media?parent=8"}],"curies":[{"name":"wp","href":"https:\/\/api.w.org\/{rel}","templated":true}]}}