{"id":475,"date":"2023-07-21T15:06:08","date_gmt":"2023-07-21T18:06:08","guid":{"rendered":"https:\/\/wp.ufpel.edu.br\/daee\/?page_id=475"},"modified":"2023-07-21T15:06:08","modified_gmt":"2023-07-21T18:06:08","slug":"objetivos","status":"publish","type":"page","link":"https:\/\/wp.ufpel.edu.br\/daee\/objetivos\/","title":{"rendered":"Objetivos"},"content":{"rendered":"<p>Os objetivos do DAEE s\u00e3o puramente direcionados \u00e0s condi\u00e7\u00f5es Universidade-Aluno:<\/p>\n<div>\n<div dir=\"ltr\">\n<ul>\n<li><em><strong>Criar vias de acesso ao DCE e Reitoria de modo que o Curso de Engenharia Eletr\u00f4nica tenha voz na Comunidade Acad\u00eamica;<\/strong><\/em><\/li>\n<li><em><strong>Criar Grupos Vinculados ao Curso para integrar o aluno \u00e0s Atividades de Pr\u00e1tica Profissional;<\/strong><\/em><\/li>\n<li><em><strong>Recepcionar e acompanhar a trajet\u00f3ria do ingressante nos semestres iniciais;<\/strong><\/em><\/li>\n<li><em><strong>Facilitar as vias de comuni\u00e7\u00e3o e integra\u00e7\u00e3o entre Calouros e Veteranos;<\/strong><\/em><\/li>\n<li><strong>Buscar maneiras para combater a evas\u00e3o estudantil.<\/strong><\/li>\n<\/ul>\n<\/div>\n<\/div>\n","protected":false},"excerpt":{"rendered":"<p>Os objetivos do DAEE s\u00e3o puramente direcionados \u00e0s condi\u00e7\u00f5es Universidade-Aluno: Criar vias de acesso ao DCE e Reitoria de modo que o Curso de Engenharia Eletr\u00f4nica tenha voz na Comunidade Acad\u00eamica; Criar Grupos Vinculados ao Curso para integrar o aluno \u00e0s Atividades de Pr\u00e1tica Profissional; Recepcionar e acompanhar a trajet\u00f3ria do ingressante nos semestres iniciais; [&hellip;]<\/p>\n","protected":false},"author":128,"featured_media":0,"parent":0,"menu_order":0,"comment_status":"closed","ping_status":"closed","template":"","meta":{"footnotes":""},"class_list":["post-475","page","type-page","status-publish","hentry"],"jetpack_sharing_enabled":true,"_links":{"self":[{"href":"https:\/\/wp.ufpel.edu.br\/daee\/wp-json\/wp\/v2\/pages\/475","targetHints":{"allow":["GET"]}}],"collection":[{"href":"https:\/\/wp.ufpel.edu.br\/daee\/wp-json\/wp\/v2\/pages"}],"about":[{"href":"https:\/\/wp.ufpel.edu.br\/daee\/wp-json\/wp\/v2\/types\/page"}],"author":[{"embeddable":true,"href":"https:\/\/wp.ufpel.edu.br\/daee\/wp-json\/wp\/v2\/users\/128"}],"replies":[{"embeddable":true,"href":"https:\/\/wp.ufpel.edu.br\/daee\/wp-json\/wp\/v2\/comments?post=475"}],"version-history":[{"count":3,"href":"https:\/\/wp.ufpel.edu.br\/daee\/wp-json\/wp\/v2\/pages\/475\/revisions"}],"predecessor-version":[{"id":701,"href":"https:\/\/wp.ufpel.edu.br\/daee\/wp-json\/wp\/v2\/pages\/475\/revisions\/701"}],"wp:attachment":[{"href":"https:\/\/wp.ufpel.edu.br\/daee\/wp-json\/wp\/v2\/media?parent=475"}],"curies":[{"name":"wp","href":"https:\/\/api.w.org\/{rel}","templated":true}]}}