{"id":4,"date":"2011-08-25T17:40:31","date_gmt":"2011-08-25T20:40:31","guid":{"rendered":"https:\/\/wp.ufpel.edu.br\/daee\/"},"modified":"2025-09-30T20:15:37","modified_gmt":"2025-09-30T23:15:37","slug":"membros","status":"publish","type":"page","link":"https:\/\/wp.ufpel.edu.br\/daee\/membros\/","title":{"rendered":"DAEE &#8211; Membros Integrantes"},"content":{"rendered":"<div id=\"model-response-message-contentr_9f6fb77c9147d4d3\" class=\"markdown markdown-main-panel stronger enable-updated-hr-color\" dir=\"ltr\">\n<p>&nbsp;<\/p>\n<h3><b>8\u00aa Gest\u00e3o (2025\/1 &#8211; 2027\/1)<\/b><\/h3>\n<p style=\"text-align: center;\"><b>Presidente:<\/b> Kathslay Nunes<\/p>\n<p style=\"text-align: center;\"><b>Vice-Presidente:<\/b> Mailara Neitzke<\/p>\n<p style=\"text-align: center;\"><b>Tesoureiro:<\/b> Ismael Beir\u00f3<\/p>\n<p style=\"text-align: center;\"><b>Vice-Tesoureiro:<\/b> Bruno Amaral<\/p>\n<p style=\"text-align: center;\"><b>Secret\u00e1ria Geral:<\/b> Brenda Teixeira<\/p>\n<p style=\"text-align: center;\"><b>Secret\u00e1rio:<\/b> Athirson Soares Duarte<\/p>\n<p style=\"text-align: center;\"><b>Secret\u00e1rio:<\/b> Lucas Henrique<\/p>\n<p style=\"text-align: center;\"><b>Diretor de Rela\u00e7\u00f5es Acad\u00eamicas:<\/b> Henrique Matthes<\/p>\n<p style=\"text-align: center;\"><b>Diretor de Eventos:<\/b> Felipe Borges<\/p>\n<p style=\"text-align: center;\"><b>Gestor de M\u00eddias e Marketing:<\/b> Emanuel Aires<\/p>\n<p style=\"text-align: center;\"><b>Conselheiro:<\/b> Junior Richard Ferreira<\/p>\n<p style=\"text-align: center;\"><b>Trainee de Esportes:<\/b> Arthur Wasckow<\/p>\n<p style=\"text-align: center;\"><b>Trainee de Produtos:<\/b> Bernardo Bosenbecker<\/p>\n<p>&nbsp;<\/p>\n<h3><b>7\u00aa Gest\u00e3o (2024\/1 &#8211; 2025\/1)<\/b><\/h3>\n<p style=\"text-align: center;\"><b>Presidente:<\/b> Henrique Tietz<\/p>\n<p style=\"text-align: center;\"><b>Vice-Presidente:<\/b> Suzen Baja<\/p>\n<p style=\"text-align: center;\"><b>Tesoureiro:<\/b> Ismael Beir\u00f3<\/p>\n<p style=\"text-align: center;\"><b>Vice-Tesoureiro:<\/b> Jonas Ludtke<\/p>\n<p style=\"text-align: center;\"><b>Secret\u00e1ria:<\/b> Bruna Vera<\/p>\n<p style=\"text-align: center;\"><b>Secret\u00e1rio:<\/b> Lucas Henrique<\/p>\n<p style=\"text-align: center;\"><b>Secret\u00e1rio:<\/b> Lucas Uller<\/p>\n<p style=\"text-align: center;\"><b>Diretorade Rela\u00e7\u00f5es Acad\u00eamicas:<\/b> Jordana Pereira<\/p>\n<p style=\"text-align: center;\"><b>Diretora de Eventos:<\/b> Kathslay Nunes<\/p>\n<p style=\"text-align: center;\"><b>Diretor de Marketing:<\/b> Tarcis Dornelas<\/p>\n<p style=\"text-align: center;\"><b>Diretor de Marketing:<\/b> Gustavo Gauger<\/p>\n<p>&nbsp;<\/p>\n<h3><b>6\u00aa Gest\u00e3o (2021\/1 &#8211; 2023\/1)<\/b><\/h3>\n<p style=\"text-align: center;\"><b>Presidente:<\/b> Junior Richard Ferreira<\/p>\n<p style=\"text-align: center;\"><b>Vice-Presidente:<\/b> Pedro Henrique Gomes<\/p>\n<p style=\"text-align: center;\"><b>Tesoureiro:<\/b> Yule Cardoso<\/p>\n<p style=\"text-align: center;\"><b>Vice-Tesoureiro:<\/b> Andrei Santos<\/p>\n<p style=\"text-align: center;\"><b>Secret\u00e1ria:<\/b> Bruna Mendes Vera<\/p>\n<p style=\"text-align: center;\"><b>Secret\u00e1ria:<\/b> Suzen Baja<\/p>\n<p style=\"text-align: center;\"><b>Diretor de Comunica\u00e7\u00e3o:<\/b> Gustavo Gauger<\/p>\n<p style=\"text-align: center;\"><b>Diretor de Comunica\u00e7\u00e3o:<\/b> Ricardo Bunde<\/p>\n<p style=\"text-align: center;\"><b>Diretora de Comunica\u00e7\u00e3o:<\/b> Lara Ribeiro<\/p>\n<p style=\"text-align: center;\"><b>Diretor de Eventos:<\/b> Lucas Uller<\/p>\n<p style=\"text-align: center;\"><b>Diretor de Eventos:<\/b> Lucas Henrique<\/p>\n<p style=\"text-align: center;\"><b>Diretor de Pol\u00edticas Estudantis:<\/b> Tarcis Dornelas<\/p>\n<p style=\"text-align: center;\"><b>Representante Discente:<\/b> Ismael Beir\u00f3<\/p>\n<p style=\"text-align: center;\"><b>Representante Discente:<\/b> Jordana Jord\u00e3o<\/p>\n<p>&nbsp;<\/p>\n<h3><b>5\u00aa Gest\u00e3o (2019\/1 &#8211; 2021\/1)<\/b><\/h3>\n<p style=\"text-align: center;\"><b>Presidente:<\/b> Tailon Andr\u00e9 Podewils<\/p>\n<p style=\"text-align: center;\"><b>Vice-Presidente:<\/b> Yan Costa Alegre<\/p>\n<p style=\"text-align: center;\"><b>Tesoureira:<\/b> B\u00e1rbara Lorrene Reis de Sousa<\/p>\n<p style=\"text-align: center;\"><b>Secret\u00e1ria:<\/b> Stella Samuel Rocha da Rosa<\/p>\n<p style=\"text-align: center;\"><b>Diretor de Comunica\u00e7\u00e3o:<\/b> Leonardo Luis dos Santos Somavilla<\/p>\n<p style=\"text-align: center;\"><b>Diretora de Eventos:<\/b> Marcella Macedo Torres<\/p>\n<p style=\"text-align: center;\"><b>Representante Discente:<\/b> Douglas Konrad<\/p>\n<p style=\"text-align: center;\"><b>Representante Discente:<\/b> Caroline Pinheiro Garcia<\/p>\n<h3><\/h3>\n<h3><b>4\u00aa Gest\u00e3o (2017\/1 &#8211; 2019\/1)<\/b><\/h3>\n<p style=\"text-align: center;\"><b>Presidente:<\/b> Henrique Gon\u00e7alves Andrade<\/p>\n<p style=\"text-align: center;\"><b>Vice-Presidente:<\/b> Bruna Arruda Araujo<\/p>\n<p style=\"text-align: center;\"><b>Tesoureiro:<\/b> Felipe Borges Signorini<\/p>\n<p style=\"text-align: center;\"><b>Secret\u00e1ria:<\/b> Marcella Macedo Torres<\/p>\n<p style=\"text-align: center;\"><b>Diretor de Comunica\u00e7\u00e3o:<\/b> Ezequiel Molina Schnorr<\/p>\n<p style=\"text-align: center;\"><b>Diretor de Eventos:<\/b> Tailon Andr\u00e9 Podewils<\/p>\n<p style=\"text-align: center;\"><b>Representante Discente:<\/b> Douglas Konrad<\/p>\n<p style=\"text-align: center;\"><b>Representante Discente:<\/b> Matheus Tomaschewski<\/p>\n<p style=\"text-align: center;\"><b>Conselheiro:<\/b> William Ribeiro Rodrigues<\/p>\n<p>&nbsp;<\/p>\n<h3><b>3\u00aa Gest\u00e3o (2015\/1 &#8211; 2017\/1)<\/b><\/h3>\n<p style=\"text-align: center;\"><b>Presidente:<\/b> Wesley Staniswaff Jablonski<\/p>\n<p style=\"text-align: center;\"><b>Vice-Presidente:<\/b> Andrei Borges La Rosa<\/p>\n<p style=\"text-align: center;\"><b>Tesoureiro:<\/b> Willian Nolasco<\/p>\n<p style=\"text-align: center;\"><b>Secret\u00e1rio:<\/b> Henrique Gon\u00e7alves Andrade<\/p>\n<p style=\"text-align: center;\"><b>Diretora de Eventos:<\/b> Roberta Oliveira de Andrade<\/p>\n<p style=\"text-align: center;\"><b>Diretor de Pol\u00edticas Estudantis:<\/b> Rober de Jesus Pinho Sant\u2019Ana Junior<\/p>\n<p style=\"text-align: center;\"><b>Representante Discente:<\/b> Maria Izabel Guidotti dos Santos<\/p>\n<p style=\"text-align: center;\"><b>Representante Discente:<\/b> Pablo Guastuci Lopes<\/p>\n<p>&nbsp;<\/p>\n<h3><b>2\u00aa Gest\u00e3o (2013\/1 &#8211; 2015\/1)<\/b><\/h3>\n<p style=\"text-align: center;\"><b>Presidente:<\/b> Rafael Silva<\/p>\n<p style=\"text-align: center;\"><b>Vice-Presidente:<\/b> Gerson Dantas<\/p>\n<p style=\"text-align: center;\"><b>Tesoureiro:<\/b> Rober de Jesus Pinho Sant\u2019Ana Junior<\/p>\n<p style=\"text-align: center;\"><b>Secret\u00e1ria:<\/b> Mariane Barros<\/p>\n<p style=\"text-align: center;\"><b>Representante Discente:<\/b> Guilherme Paim<\/p>\n<p style=\"text-align: center;\"><b>Representante Discente:<\/b> Guilherme Terribele Leme<\/p>\n<p>&nbsp;<\/p>\n<h3><b>1\u00aa Gest\u00e3o (2011\/1 &#8211; 2013\/1)<\/b><\/h3>\n<p style=\"text-align: center;\"><b>Presidente:<\/b> Tiago Giacomelli Alves<\/p>\n<p style=\"text-align: center;\"><b>Vice-Presidente:<\/b> Danien Leyes Lopes<\/p>\n<p style=\"text-align: center;\"><b>Tesoureiro:<\/b> Rober de Jesus Pinho Sant\u2019Ana Junior<\/p>\n<p style=\"text-align: center;\"><b>Secret\u00e1rio:<\/b> Wesley Staniswaff Jablonski<\/p>\n<\/div>\n","protected":false},"excerpt":{"rendered":"<p>&nbsp; 8\u00aa Gest\u00e3o (2025\/1 &#8211; 2027\/1) Presidente: Kathslay Nunes Vice-Presidente: Mailara Neitzke Tesoureiro: Ismael Beir\u00f3 Vice-Tesoureiro: Bruno Amaral Secret\u00e1ria Geral: Brenda Teixeira Secret\u00e1rio: Athirson Soares Duarte Secret\u00e1rio: Lucas Henrique Diretor de Rela\u00e7\u00f5es Acad\u00eamicas: Henrique Matthes Diretor de Eventos: Felipe Borges Gestor de M\u00eddias e Marketing: Emanuel Aires Conselheiro: Junior Richard Ferreira Trainee de Esportes: Arthur [&hellip;]<\/p>\n","protected":false},"author":128,"featured_media":0,"parent":0,"menu_order":0,"comment_status":"closed","ping_status":"closed","template":"","meta":{"footnotes":""},"class_list":["post-4","page","type-page","status-publish","hentry"],"jetpack_sharing_enabled":true,"_links":{"self":[{"href":"https:\/\/wp.ufpel.edu.br\/daee\/wp-json\/wp\/v2\/pages\/4","targetHints":{"allow":["GET"]}}],"collection":[{"href":"https:\/\/wp.ufpel.edu.br\/daee\/wp-json\/wp\/v2\/pages"}],"about":[{"href":"https:\/\/wp.ufpel.edu.br\/daee\/wp-json\/wp\/v2\/types\/page"}],"author":[{"embeddable":true,"href":"https:\/\/wp.ufpel.edu.br\/daee\/wp-json\/wp\/v2\/users\/128"}],"replies":[{"embeddable":true,"href":"https:\/\/wp.ufpel.edu.br\/daee\/wp-json\/wp\/v2\/comments?post=4"}],"version-history":[{"count":4,"href":"https:\/\/wp.ufpel.edu.br\/daee\/wp-json\/wp\/v2\/pages\/4\/revisions"}],"predecessor-version":[{"id":691,"href":"https:\/\/wp.ufpel.edu.br\/daee\/wp-json\/wp\/v2\/pages\/4\/revisions\/691"}],"wp:attachment":[{"href":"https:\/\/wp.ufpel.edu.br\/daee\/wp-json\/wp\/v2\/media?parent=4"}],"curies":[{"name":"wp","href":"https:\/\/api.w.org\/{rel}","templated":true}]}}