{"id":10,"date":"2011-08-25T17:44:21","date_gmt":"2011-08-25T20:44:21","guid":{"rendered":"https:\/\/wp.ufpel.edu.br\/daee\/"},"modified":"2015-05-04T18:33:41","modified_gmt":"2015-05-04T21:33:41","slug":"quem-pode-participar","status":"publish","type":"page","link":"https:\/\/wp.ufpel.edu.br\/daee\/quem-pode-participar\/","title":{"rendered":"Quem pode Participar?"},"content":{"rendered":"<p><strong>Quem pode participar?<\/strong><br \/>\nPode participar do Diret\u00f3rio todo e qualquer aluno devidamente matriculado no Curso de Engenharia Eletr\u00f4nica da UFPel.<\/p>\n<p><strong>Quais s\u00e3o os Cargos Administrativos do Diret\u00f3rio?<\/strong><br \/>\nPresidente, Vice Presidente, Tesoureiro, Secret\u00e1rio, Coordenador de Eventos, Coordenador de Pol\u00edticas Estudantis, Representante Discente e Representante de Colegiado.<br \/>\n<em><strong>*<\/strong>A ocupa\u00e7\u00e3o dos Cargos Administrativos somente poder\u00e1 ocorrer atrav\u00e9s de elei\u00e7\u00f5es.<\/em><em><br \/>\n<strong>*<\/strong>Em caso de desist\u00eancia poder\u00e1 ocorrer nova elei\u00e7\u00e3o ou nomea\u00e7\u00e3o.<\/em><\/p>\n<p><strong>Quais s\u00e3o atividades que um novo membro pode desempenhar?<\/strong><\/p>\n<ul>\n<li>Participar das reuni\u00f5es;<\/li>\n<li>Opinar sobre os t\u00f3picos discutidos;<\/li>\n<li>Sugerir pauta para reuni\u00e3o;<\/li>\n<li>Solicitar reuni\u00e3o, promo\u00e7\u00e3o ou debate;<\/li>\n<li>Trabalhar em campanhas de divulga\u00e7\u00e3o e arrecada\u00e7\u00e3o;<\/li>\n<li>e demais atividades definidas pelo Estatuto e Regimento Interno.<\/li>\n<\/ul>\n<p><strong>O que fazer para ingressar?<\/strong><br \/>\nEntrar em contato com a administra\u00e7\u00e3o, efetuar o cadastro e come\u00e7ar a frequentar as reuni\u00f5es.<\/p>\n","protected":false},"excerpt":{"rendered":"<p>Quem pode participar? Pode participar do Diret\u00f3rio todo e qualquer aluno devidamente matriculado no Curso de Engenharia Eletr\u00f4nica da UFPel. Quais s\u00e3o os Cargos Administrativos do Diret\u00f3rio? Presidente, Vice Presidente, Tesoureiro, Secret\u00e1rio, Coordenador de Eventos, Coordenador de Pol\u00edticas Estudantis, Representante Discente e Representante de Colegiado. *A ocupa\u00e7\u00e3o dos Cargos Administrativos somente poder\u00e1 ocorrer atrav\u00e9s de [&hellip;]<\/p>\n","protected":false},"author":128,"featured_media":0,"parent":0,"menu_order":0,"comment_status":"closed","ping_status":"closed","template":"","meta":{"footnotes":""},"class_list":["post-10","page","type-page","status-publish","hentry"],"jetpack_sharing_enabled":true,"_links":{"self":[{"href":"https:\/\/wp.ufpel.edu.br\/daee\/wp-json\/wp\/v2\/pages\/10","targetHints":{"allow":["GET"]}}],"collection":[{"href":"https:\/\/wp.ufpel.edu.br\/daee\/wp-json\/wp\/v2\/pages"}],"about":[{"href":"https:\/\/wp.ufpel.edu.br\/daee\/wp-json\/wp\/v2\/types\/page"}],"author":[{"embeddable":true,"href":"https:\/\/wp.ufpel.edu.br\/daee\/wp-json\/wp\/v2\/users\/128"}],"replies":[{"embeddable":true,"href":"https:\/\/wp.ufpel.edu.br\/daee\/wp-json\/wp\/v2\/comments?post=10"}],"version-history":[{"count":4,"href":"https:\/\/wp.ufpel.edu.br\/daee\/wp-json\/wp\/v2\/pages\/10\/revisions"}],"predecessor-version":[{"id":236,"href":"https:\/\/wp.ufpel.edu.br\/daee\/wp-json\/wp\/v2\/pages\/10\/revisions\/236"}],"wp:attachment":[{"href":"https:\/\/wp.ufpel.edu.br\/daee\/wp-json\/wp\/v2\/media?parent=10"}],"curies":[{"name":"wp","href":"https:\/\/api.w.org\/{rel}","templated":true}]}}