{"id":49,"date":"2012-04-11T23:05:27","date_gmt":"2012-04-12T02:05:27","guid":{"rendered":"https:\/\/wp.ufpel.edu.br\/daeca\/"},"modified":"2012-04-11T23:08:54","modified_gmt":"2012-04-12T02:08:54","slug":"corpo-docente","status":"publish","type":"page","link":"https:\/\/wp.ufpel.edu.br\/daeca\/o-curso\/corpo-docente\/","title":{"rendered":"Corpo Docente"},"content":{"rendered":"<p>O curso possui um corpo docente de 8 professores.<\/p>\n<p><strong>Professor Cl\u00e1udio Duarte<\/strong><br \/>\n<span style=\"text-decoration: underline\">Disciplinas Ministradas<\/span>: Eletr\u00f4nica Fundamental<\/p>\n<p><strong>Professor Marcelo Esposito<\/strong><br \/>\n<span style=\"text-decoration: underline\">Disciplinas Ministradas<\/span>: Circuitos El\u00e9tricos II, Inform\u00e1tica Industrial I e Sistemas Lineares I<\/p>\n<p><strong>Professor Alvacir Tavares<\/strong><br \/>\n<span style=\"text-decoration: underline\">Disciplinas Ministradas<\/span>: \u00a0Introdu\u00e7\u00e3o a Eng. Eletr\u00f4nica, Eletricidade e Magnetismo, Circuitos El\u00e9tricos III.<\/p>\n<p><strong>Professor Reginaldo Tavares<\/strong><br \/>\n<span style=\"text-decoration: underline\">Disciplinas Ministradas<\/span>: Introdu\u00e7\u00e3o a Eng. de Controle e Automa\u00e7\u00e3o, Circuitos El\u00e9tricos I e Eletr\u00f4nica Digital.<\/p>\n<p><strong>Professora M\u00e1rcia Simch<\/strong><br \/>\n<span style=\"text-decoration: underline\">Disciplinas Ministradas:<\/span> C\u00e1lculo Operacional, C\u00e1lculo Num\u00e9rico Computacional e Vetores e \u00c1lgebra Linear.<\/p>\n","protected":false},"excerpt":{"rendered":"<p>O curso possui um corpo docente de 8 professores. Professor Cl\u00e1udio Duarte Disciplinas Ministradas: Eletr\u00f4nica Fundamental Professor Marcelo Esposito Disciplinas Ministradas: Circuitos El\u00e9tricos II, Inform\u00e1tica Industrial I e Sistemas Lineares I Professor Alvacir Tavares Disciplinas Ministradas: \u00a0Introdu\u00e7\u00e3o a Eng. Eletr\u00f4nica, &hellip; <a href=\"https:\/\/wp.ufpel.edu.br\/daeca\/o-curso\/corpo-docente\/\">Continue lendo <span class=\"meta-nav\">&rarr;<\/span><\/a><\/p>\n","protected":false},"author":172,"featured_media":0,"parent":47,"menu_order":0,"comment_status":"closed","ping_status":"closed","template":"","meta":{"footnotes":""},"class_list":["post-49","page","type-page","status-publish","hentry"],"_links":{"self":[{"href":"https:\/\/wp.ufpel.edu.br\/daeca\/wp-json\/wp\/v2\/pages\/49","targetHints":{"allow":["GET"]}}],"collection":[{"href":"https:\/\/wp.ufpel.edu.br\/daeca\/wp-json\/wp\/v2\/pages"}],"about":[{"href":"https:\/\/wp.ufpel.edu.br\/daeca\/wp-json\/wp\/v2\/types\/page"}],"author":[{"embeddable":true,"href":"https:\/\/wp.ufpel.edu.br\/daeca\/wp-json\/wp\/v2\/users\/172"}],"replies":[{"embeddable":true,"href":"https:\/\/wp.ufpel.edu.br\/daeca\/wp-json\/wp\/v2\/comments?post=49"}],"version-history":[{"count":4,"href":"https:\/\/wp.ufpel.edu.br\/daeca\/wp-json\/wp\/v2\/pages\/49\/revisions"}],"predecessor-version":[{"id":53,"href":"https:\/\/wp.ufpel.edu.br\/daeca\/wp-json\/wp\/v2\/pages\/49\/revisions\/53"}],"up":[{"embeddable":true,"href":"https:\/\/wp.ufpel.edu.br\/daeca\/wp-json\/wp\/v2\/pages\/47"}],"wp:attachment":[{"href":"https:\/\/wp.ufpel.edu.br\/daeca\/wp-json\/wp\/v2\/media?parent=49"}],"curies":[{"name":"wp","href":"https:\/\/api.w.org\/{rel}","templated":true}]}}