{"id":2,"date":"2012-10-05T17:44:17","date_gmt":"2012-10-05T17:44:17","guid":{"rendered":"https:\/\/wp.ufpel.edu.br\/daadm\/?page_id=2"},"modified":"2013-02-03T16:21:24","modified_gmt":"2013-02-03T18:21:24","slug":"pagina-exemplo","status":"publish","type":"page","link":"https:\/\/wp.ufpel.edu.br\/daadm\/pagina-exemplo\/","title":{"rendered":"Finalidade"},"content":{"rendered":"<p>Informar todos os acad\u00eamicos de Administra\u00e7\u00e3o da UFPel sobre o andamento do nosso Diret\u00f3rio Acad\u00eamico. Al\u00e9m de contar com a colabora\u00e7\u00e3o de todos atrav\u00e9s de sugest\u00f5es,\u00a0reivindica\u00e7\u00f5es e cr\u00edticas. Todos os coment\u00e1rios passam pela aprova\u00e7\u00e3o do administrador do site.<\/p>\n","protected":false},"excerpt":{"rendered":"<p>Informar todos os acad\u00eamicos de Administra\u00e7\u00e3o da UFPel sobre o andamento do nosso Diret\u00f3rio Acad\u00eamico. Al\u00e9m de contar com a colabora\u00e7\u00e3o de todos atrav\u00e9s de sugest\u00f5es,\u00a0reivindica\u00e7\u00f5es e cr\u00edticas. Todos os coment\u00e1rios passam pela aprova\u00e7\u00e3o do administrador do site.<\/p>\n","protected":false},"author":218,"featured_media":0,"parent":0,"menu_order":0,"comment_status":"closed","ping_status":"open","template":"","meta":{"footnotes":""},"class_list":["post-2","page","type-page","status-publish","hentry","nodate","item-wrap"],"_links":{"self":[{"href":"https:\/\/wp.ufpel.edu.br\/daadm\/wp-json\/wp\/v2\/pages\/2","targetHints":{"allow":["GET"]}}],"collection":[{"href":"https:\/\/wp.ufpel.edu.br\/daadm\/wp-json\/wp\/v2\/pages"}],"about":[{"href":"https:\/\/wp.ufpel.edu.br\/daadm\/wp-json\/wp\/v2\/types\/page"}],"author":[{"embeddable":true,"href":"https:\/\/wp.ufpel.edu.br\/daadm\/wp-json\/wp\/v2\/users\/218"}],"replies":[{"embeddable":true,"href":"https:\/\/wp.ufpel.edu.br\/daadm\/wp-json\/wp\/v2\/comments?post=2"}],"version-history":[{"count":3,"href":"https:\/\/wp.ufpel.edu.br\/daadm\/wp-json\/wp\/v2\/pages\/2\/revisions"}],"predecessor-version":[{"id":6,"href":"https:\/\/wp.ufpel.edu.br\/daadm\/wp-json\/wp\/v2\/pages\/2\/revisions\/6"}],"wp:attachment":[{"href":"https:\/\/wp.ufpel.edu.br\/daadm\/wp-json\/wp\/v2\/media?parent=2"}],"curies":[{"name":"wp","href":"https:\/\/api.w.org\/{rel}","templated":true}]}}