{"id":46,"date":"2019-12-06T06:06:03","date_gmt":"2019-12-06T09:06:03","guid":{"rendered":"https:\/\/wp.ufpel.edu.br\/cursosdevideo\/?page_id=46"},"modified":"2020-04-06T18:50:45","modified_gmt":"2020-04-06T21:50:45","slug":"cursos-de-video","status":"publish","type":"page","link":"https:\/\/wp.ufpel.edu.br\/cursosdevideo\/cursos-de-video\/","title":{"rendered":"Cursos de V\u00eddeo"},"content":{"rendered":"<p style=\"text-align: justify\">O curso de v\u00eddeo para professores foi idealizado para contribuir com professores e alunos que desejam fazer v\u00eddeo dentro do sistema educacional. sabemos que os cursos de licenciatura e de pedagogia n\u00e3o apresenta uma disciplina de Cinema ou de produ\u00e7\u00e3o de tecnologia. O que existe em alguns cursos \u00e9 a disciplina de tecnologia que ensina a parte mais te\u00f3rica do que pr\u00e1tica. assim o professor iniciante entra na sala de aula e mesmo sabendo fazer v\u00eddeo na vida pessoal, n\u00e3o tem capacita\u00e7\u00e3o tecnica e pedag\u00f3gica para realizar essa a\u00e7\u00e3o dentro do processo educacional.<\/p>\n<p style=\"text-align: justify\">Nosso grupo de pesquisa e extens\u00e3o nos \u00faltimos 10 anos vem pesquisando a\u00e7\u00f5es pedag\u00f3gicas e tecnol\u00f3gicas para que essa produ\u00e7\u00e3o seja realidade dentro de uma a\u00e7\u00e3o que seja educacional e art\u00edstica. defendemos que a produ\u00e7\u00e3o do v\u00eddeo vale pelo processo que o professor tem com os alunos e n\u00e3o com o v\u00eddeo como produto final. Fazer v\u00eddeo aciona o curr\u00edculo oculto que \u00e9 a rela\u00e7\u00e3o de saberes que n\u00e3o est\u00e3o no plano pedag\u00f3gico, mas no plano social.<\/p>\n<p>&nbsp;<\/p>\n<p>CURSO DE ROTEIRO 2020 &#8211; Inscri\u00e7\u00e3o de 6 a 25 de Abril<\/p>\n<p><a href=\"https:\/\/wp.ufpel.edu.br\/cursosdevideo\/files\/2020\/04\/EDITAL-Curso-de-Roteiro-2020.pdf\">EDITAL Curso de Roteiro 2020<\/a><\/p>\n<p><a href=\"https:\/\/wp.ufpel.edu.br\/cursosdevideo\/files\/2020\/04\/cartaz-curso-3.jpeg\"><img loading=\"lazy\" decoding=\"async\" class=\"alignnone size-medium wp-image-125\" src=\"https:\/\/wp.ufpel.edu.br\/cursosdevideo\/files\/2020\/04\/cartaz-curso-3-400x400.jpeg\" alt=\"\" width=\"400\" height=\"400\" srcset=\"https:\/\/wp.ufpel.edu.br\/cursosdevideo\/files\/2020\/04\/cartaz-curso-3-400x400.jpeg 400w, https:\/\/wp.ufpel.edu.br\/cursosdevideo\/files\/2020\/04\/cartaz-curso-3-1024x1024.jpeg 1024w, https:\/\/wp.ufpel.edu.br\/cursosdevideo\/files\/2020\/04\/cartaz-curso-3-200x200.jpeg 200w, https:\/\/wp.ufpel.edu.br\/cursosdevideo\/files\/2020\/04\/cartaz-curso-3-768x768.jpeg 768w, https:\/\/wp.ufpel.edu.br\/cursosdevideo\/files\/2020\/04\/cartaz-curso-3-600x600.jpeg 600w, https:\/\/wp.ufpel.edu.br\/cursosdevideo\/files\/2020\/04\/cartaz-curso-3-150x150.jpeg 150w, https:\/\/wp.ufpel.edu.br\/cursosdevideo\/files\/2020\/04\/cartaz-curso-3.jpeg 1080w\" sizes=\"auto, (max-width: 400px) 100vw, 400px\" \/><\/a><\/p>\n<p>&nbsp;<\/p>\n<p>&nbsp;<\/p>\n","protected":false},"excerpt":{"rendered":"<p>O curso de v\u00eddeo para professores foi idealizado para contribuir com professores e alunos que desejam fazer v\u00eddeo dentro do sistema educacional. sabemos que os cursos de licenciatura e de pedagogia n\u00e3o apresenta uma disciplina de Cinema ou de produ\u00e7\u00e3o de tecnologia. O que existe em alguns cursos \u00e9 a disciplina de tecnologia que ensina [&hellip;]<\/p>\n","protected":false},"author":578,"featured_media":0,"parent":0,"menu_order":0,"comment_status":"closed","ping_status":"closed","template":"","meta":{"footnotes":""},"class_list":["post-46","page","type-page","status-publish","hentry"],"_links":{"self":[{"href":"https:\/\/wp.ufpel.edu.br\/cursosdevideo\/wp-json\/wp\/v2\/pages\/46","targetHints":{"allow":["GET"]}}],"collection":[{"href":"https:\/\/wp.ufpel.edu.br\/cursosdevideo\/wp-json\/wp\/v2\/pages"}],"about":[{"href":"https:\/\/wp.ufpel.edu.br\/cursosdevideo\/wp-json\/wp\/v2\/types\/page"}],"author":[{"embeddable":true,"href":"https:\/\/wp.ufpel.edu.br\/cursosdevideo\/wp-json\/wp\/v2\/users\/578"}],"replies":[{"embeddable":true,"href":"https:\/\/wp.ufpel.edu.br\/cursosdevideo\/wp-json\/wp\/v2\/comments?post=46"}],"version-history":[{"count":5,"href":"https:\/\/wp.ufpel.edu.br\/cursosdevideo\/wp-json\/wp\/v2\/pages\/46\/revisions"}],"predecessor-version":[{"id":131,"href":"https:\/\/wp.ufpel.edu.br\/cursosdevideo\/wp-json\/wp\/v2\/pages\/46\/revisions\/131"}],"wp:attachment":[{"href":"https:\/\/wp.ufpel.edu.br\/cursosdevideo\/wp-json\/wp\/v2\/media?parent=46"}],"curies":[{"name":"wp","href":"https:\/\/api.w.org\/{rel}","templated":true}]}}