{"id":2,"date":"2019-12-02T11:40:14","date_gmt":"2019-12-02T14:40:14","guid":{"rendered":"https:\/\/wp.ufpel.edu.br\/cursosdevideo\/?page_id=2"},"modified":"2020-04-06T18:59:54","modified_gmt":"2020-04-06T21:59:54","slug":"curso-de-producao-de-video-estudantil","status":"publish","type":"page","link":"https:\/\/wp.ufpel.edu.br\/cursosdevideo\/curso-de-producao-de-video-estudantil\/","title":{"rendered":"Curso de Produ\u00e7\u00e3o de V\u00eddeo Estudantil"},"content":{"rendered":"<p style=\"text-align: justify\">O Laborat\u00f3rio Acad\u00eamico de Produ\u00e7\u00e3o de V\u00eddeo Estudantil tem como principal fun\u00e7\u00e3o debater a produ\u00e7\u00e3o de v\u00eddeo feito nas escolas tanto pelo \u00e2mbito acad\u00eamico como pr\u00e1tico.<\/p>\n<p>Contribuindo para melhorar a qualidade da quarentena dos professores oferece gratuitamente: Curso Gratuito Roteiro para A Produ\u00e7\u00e3o de V\u00eddeo Estudantil.<\/p>\n<p>Curso de Roteiro &#8211; <a href=\"https:\/\/wp.ufpel.edu.br\/cursosdevideo\/files\/2020\/04\/EDITAL-Curso-de-Roteiro-2020.pdf\" target=\"_blank\" rel=\"noopener noreferrer\">EDITAL Curso de Roteiro 2020\u00a0<\/a><\/p>\n<p><a href=\"https:\/\/forms.gle\/VFpBTFGsTSi5oDT5A\" target=\"_blank\" rel=\"noopener noreferrer\">Link para Inscri\u00e7\u00e3o<\/a><\/p>\n<p><a href=\"https:\/\/wp.ufpel.edu.br\/cursosdevideo\/files\/2020\/04\/cartaz-curso-3.jpeg\"><img loading=\"lazy\" decoding=\"async\" class=\"alignnone size-medium wp-image-125\" src=\"https:\/\/wp.ufpel.edu.br\/cursosdevideo\/files\/2020\/04\/cartaz-curso-3-400x400.jpeg\" alt=\"\" width=\"400\" height=\"400\" srcset=\"https:\/\/wp.ufpel.edu.br\/cursosdevideo\/files\/2020\/04\/cartaz-curso-3-400x400.jpeg 400w, https:\/\/wp.ufpel.edu.br\/cursosdevideo\/files\/2020\/04\/cartaz-curso-3-1024x1024.jpeg 1024w, https:\/\/wp.ufpel.edu.br\/cursosdevideo\/files\/2020\/04\/cartaz-curso-3-200x200.jpeg 200w, https:\/\/wp.ufpel.edu.br\/cursosdevideo\/files\/2020\/04\/cartaz-curso-3-768x768.jpeg 768w, https:\/\/wp.ufpel.edu.br\/cursosdevideo\/files\/2020\/04\/cartaz-curso-3-600x600.jpeg 600w, https:\/\/wp.ufpel.edu.br\/cursosdevideo\/files\/2020\/04\/cartaz-curso-3-150x150.jpeg 150w, https:\/\/wp.ufpel.edu.br\/cursosdevideo\/files\/2020\/04\/cartaz-curso-3.jpeg 1080w\" sizes=\"auto, (max-width: 400px) 100vw, 400px\" \/><\/a><\/p>\n<p><strong>EDITAL <\/strong><strong>01\/<\/strong><strong>2020<\/strong><\/p>\n<p><strong>\u00a0<\/strong><strong>III EDI\u00c7\u00c3O DO CURSO DE ROTEIRO PARA A PRODU\u00c7\u00c3O DE V\u00cdDEO ESTUDANTIL<\/strong><\/p>\n<p>A Universidade Federal de Pelotas (<strong>UFPel<\/strong>), atrav\u00e9s do Laborat\u00f3rio Acad\u00eamico de Produ\u00e7\u00e3o de V\u00eddeo Estudantil (<strong>Lab<\/strong><strong>PVE<\/strong>), torna p\u00fablico, por meio deste edital, as normas do processo de sele\u00e7\u00e3o para o preenchimento das vagas de alunos (professores da rede p\u00fablica e particular de ensino) para o curso: <strong>Roteiro para a Produ\u00e7\u00e3o de V\u00eddeo Estudantil<\/strong>, na modalidade de Educa\u00e7\u00e3o a dist\u00e2ncia (EaD).<\/p>\n<ol>\n<li><strong> DESCRI\u00c7\u00c3O DO CURSO<\/strong><\/li>\n<\/ol>\n<p>Trata-se de um curso gratuito, EaD, realizado na plataforma Moodle, com carga hor\u00e1ria de 40 horas. O curso \u00e9 destinado a professores iniciantes na escrita de roteiro como recurso pedag\u00f3gico e educacional.<\/p>\n<p><strong>1.1 M\u00f3dulos<\/strong><\/p>\n<p>O curso est\u00e1 dividido em tr\u00eas m\u00f3dulos:<\/p>\n<p>M\u00f3dulo 1: Roteiro B\u00e1sico;<\/p>\n<p>M\u00f3dulo 2: Roteiro para V\u00eddeo Estudantil;<\/p>\n<p>M\u00f3dulo 3 &#8211; (Multi)letramentos e a Produ\u00e7\u00e3o de V\u00eddeo Estudantil.<\/p>\n<p>1.2 Ap\u00f3s a conclus\u00e3o do curso ser\u00e1 emitido certificado mediante ao aproveitamento de &#8211; no m\u00ednimo &#8211; 75% das atividades propostas. O certificado ser\u00e1 emitido pela Pr\u00f3-Reitoria de Extens\u00e3o e Cultura da UFPel.<\/p>\n<p>&nbsp;<\/p>\n<ol start=\"2\">\n<li><strong> OBJETIVO<\/strong><\/li>\n<\/ol>\n<p>Proporcionar o desenvolvimento de compet\u00eancias e conhecimentos b\u00e1sicos sobre a produ\u00e7\u00e3o de roteiro de v\u00eddeo no contexto escolar, contribuindo para melhorar a qualidade de vida durante o per\u00edodo de distanciamento social em raz\u00e3o da pandemia provocada pelo COVID-19.<\/p>\n<p>&nbsp;<\/p>\n<ol start=\"3\">\n<li><strong> P\u00daBLICO ALVO E PR\u00c9-REQUISITOS<\/strong><\/li>\n<\/ol>\n<p>3.1. P\u00fablico alvo: professores da rede p\u00fablica e privada que atuem na educa\u00e7\u00e3o b\u00e1sica.<\/p>\n<p>3.2. Pr\u00e9-requisitos<\/p>\n<ol>\n<li>a) Ser professor atuante na Educa\u00e7\u00e3o Infantil, no Ensino Fundamental, Ensino M\u00e9dio e na Educa\u00e7\u00e3o de Jovens e Adultos (EJA);<\/li>\n<li>b) Ser <strong>iniciante<a href=\"#_ftn1\" name=\"_ftnref1\">[1]<\/a><\/strong> na \u00e1rea de produ\u00e7\u00e3o de v\u00eddeo com os estudantes;<\/li>\n<li>c) Ter habilidade para utilizar computadores e dispor de recursos de conectividade: internet e e-mail;<\/li>\n<li>d) Ter disponibilidade de, pelo menos, 05 (cinco) horas semanais para desenvolvimento das atividades do curso.<\/li>\n<\/ol>\n<p>&nbsp;<\/p>\n<ol start=\"4\">\n<li><strong> REGIME E DURA\u00c7\u00c3O DO CURSO<\/strong><\/li>\n<\/ol>\n<p>Para totalizar a carga hor\u00e1ria de 40 horas, a dura\u00e7\u00e3o do curso ser\u00e1 de aproximadamente 2 (dois) meses, iniciando em <strong>05<\/strong><strong> de maio de 2020 com previs\u00e3o de t\u00e9rmino para 06 de julho de 2020<\/strong>.<\/p>\n<p>&nbsp;<\/p>\n<ol start=\"5\">\n<li><strong> VAGAS<\/strong><\/li>\n<\/ol>\n<p>5.1. Est\u00e3o sendo ofertadas <strong>100 (cem)<\/strong> vagas.<\/p>\n<p>5.2. Diante de vac\u00e2ncia dos candidatos titulares, convidaremos os selecionados n\u00e3o classificados neste edital (suplentes).<\/p>\n<p>5.3. A incorpora\u00e7\u00e3o dos suplentes poder\u00e1 ocorrer desde que haja tempo h\u00e1bil para a participa\u00e7\u00e3o no curso ou, excepcionalmente, por delibera\u00e7\u00e3o da coordena\u00e7\u00e3o.<\/p>\n<p>&nbsp;<\/p>\n<ol start=\"6\">\n<li><strong> INSCRI\u00c7\u00c3O<\/strong><\/li>\n<\/ol>\n<p>De 06 de abril a 25 de abril de 2020 (at\u00e9 \u00e0s 23:59 horas, hor\u00e1rio de Bras\u00edlia).<\/p>\n<p>&nbsp;<\/p>\n<p><strong>*Para realiza\u00e7\u00e3o da inscri\u00e7\u00e3o \u00e9 necess\u00e1rio ter a c\u00f3pia digital da <\/strong><strong>C<\/strong><strong>arteira de <\/strong><strong>I<\/strong><strong>dentidade e do CPF.<\/strong><\/p>\n<p>&nbsp;<\/p>\n<p>6.1. Cada candidato dever\u00e1 efetivar a inscri\u00e7\u00e3o, exclusivamente via Internet, por meio do preenchimento do <strong><a href=\"https:\/\/docs.google.com\/forms\/d\/e\/1FAIpQLScrz1kwW_vkLQu6Z6MggsIhtEVrOGbzcBWwsdBzhUkGxEwL4g\/viewform\">FORMUL\u00c1RIO ELETR\u00d4NICO DE INSCRI\u00c7\u00c3O<\/a><\/strong>.<\/p>\n<p><strong>N\u00e3o ser\u00e1 aceita a inscri\u00e7\u00e3o via email.<\/strong><\/p>\n<p>6.2. A mensagem <strong>\u201cInscri\u00e7\u00e3o realizada com sucesso\u201d <\/strong>ao t\u00e9rmino do preenchimento e envio do formul\u00e1rio confirma a sua inscri\u00e7\u00e3o.<\/p>\n<p>6.3. O LabPVE n\u00e3o se responsabilizar\u00e1 por solicita\u00e7\u00e3o de inscri\u00e7\u00e3o via Internet n\u00e3o recebida por motivos de falhas de equipamentos e\/ou comunica\u00e7\u00e3o, congestionamento das linhas, bem como outros fatores de ordem t\u00e9cnica.<\/p>\n<p>6.4. \u00c9 de exclusiva responsabilidade do candidato o preenchimento e a veracidade das informa\u00e7\u00f5es cadastrais no ato de inscri\u00e7\u00e3o. Os comprovantes da pontua\u00e7\u00e3o poder\u00e3o ser pedidos no momento da matricula, apontando inconformidade o candidato ser\u00e1 desclassificado do certame.<\/p>\n<p>6.5. N\u00e3o ser\u00e1 cobrada taxa de inscri\u00e7\u00e3o.<\/p>\n<p>&nbsp;<\/p>\n<ol start=\"7\">\n<li><strong> CRIT\u00c9RIOS DE SELE\u00c7\u00c3O<\/strong><\/li>\n<li>a) Motiva\u00e7\u00e3o para realizar o curso (justificativa descrita no formul\u00e1rio de inscri\u00e7\u00e3o);<\/li>\n<li>b) Quantidade de curtas produzidos (dar-se-\u00e1 prioridade para aqueles que nunca produziram v\u00eddeo no contexto escolar);<\/li>\n<li>c) Tempo de reg\u00eancia na educa\u00e7\u00e3o b\u00e1sica.<\/li>\n<\/ol>\n<p>&nbsp;<\/p>\n<p>7.1 Resultado da sele\u00e7\u00e3o<\/p>\n<p>O resultado final dos candidatos selecionados ser\u00e1 divulgado em ordem alfab\u00e9tica no site do <strong><a href=\"https:\/\/wp.ufpel.edu.br\/cursosdevideo\/\">LabPVE<\/a><\/strong>, a partir do dia 04 de maio de 2020.<\/p>\n<p>7.2. \u00c9 de inteira responsabilidade do candidato acompanhar a divulga\u00e7\u00e3o de todos os atos e comunicados referentes a este processo seletivo p\u00fablico, e ficar atento aos prazos nele estabelecidos. O LabPVE n\u00e3o se responsabiliza pelo contato direto com o candidato para informar o resultado final do processo seletivo.<\/p>\n<p>&nbsp;<\/p>\n<ol start=\"8\">\n<li><strong> MATR\u00cdCULA<\/strong><\/li>\n<\/ol>\n<p>A matr\u00edcula ser\u00e1 efetivada na primeira semana do curso, de 05 de maio a 12 de maio de 2020, mediante o preenchimento dos dados de perfil do Moodle. O candidato que n\u00e3o realizar a matr\u00edcula nesse per\u00edodo ser\u00e1 considerado desistente, sendo a vaga disponibilizada ao suplente, conforme a ordem de classifica\u00e7\u00e3o.<\/p>\n<p>&nbsp;<\/p>\n<ol start=\"9\">\n<li><strong> CERTIFICA\u00c7\u00c3O<\/strong><\/li>\n<\/ol>\n<p>Ao aluno que concluir o curso ser\u00e1 conferido certificado com carga hor\u00e1ria de 40 horas mediante ao aproveitamento de &#8211; no m\u00ednimo &#8211; 75% das atividades propostas. O certificado ser\u00e1 emitido pela Pr\u00f3-Reitoria de Extens\u00e3o e Cultura da UFPel.<\/p>\n<p>&nbsp;<\/p>\n<ol start=\"10\">\n<li><strong> DISPOSI\u00c7\u00d5ES GERAIS<\/strong><\/li>\n<li>A participa\u00e7\u00e3o do candidato implica automaticamente na sua aceita\u00e7\u00e3o das normas do presente processo seletivo contidas neste Edital;<\/li>\n<li>Ser\u00e1 considerado desclassificado o candidato que deixar de cumprir ou atender \u00e0s normas publicadas para este processo seletivo;<\/li>\n<li>\u00c9 de inteira responsabilidade do candidato acompanhar a publica\u00e7\u00e3o de todos os atos, editais e comunicados referentes a este processo seletivo;<\/li>\n<li>Os casos omissos e as situa\u00e7\u00f5es n\u00e3o previstas ser\u00e3o resolvidos pela coordena\u00e7\u00e3o do curso.<\/li>\n<\/ol>\n<p>Pelotas, 06 de abril de 2020.<\/p>\n<p><strong>Coordena\u00e7\u00e3o LabPVE \/ UFPel<\/strong><\/p>\n<p><strong>CRONOGRAMA <\/strong>&#8211; Datas importantes<\/p>\n<table style=\"height: 854px\" width=\"596\">\n<tbody>\n<tr>\n<td style=\"width: 291px\"><strong>ETAPA<\/strong><\/td>\n<td style=\"width: 288px\"><strong>DATA<\/strong><\/td>\n<\/tr>\n<tr>\n<td style=\"width: 291px\"><strong>Publica\u00e7\u00e3o do Edital<\/strong><\/td>\n<td style=\"width: 288px\">06 de abril de 2020<\/td>\n<\/tr>\n<tr>\n<td style=\"width: 291px\"><strong>Per\u00edodo de <\/strong><strong>I<\/strong><strong>nscri\u00e7\u00e3o<\/strong><\/td>\n<td style=\"width: 288px\">06 de abril a 25 abril de 2020<\/td>\n<\/tr>\n<tr>\n<td style=\"width: 291px\"><strong>Homologa\u00e7\u00e3o das <\/strong><strong>I<\/strong><strong>nscri\u00e7\u00f5es<\/strong><\/td>\n<td style=\"width: 288px\">27 de abril de 2020<\/td>\n<\/tr>\n<tr>\n<td style=\"width: 291px\"><strong>Prazo de <\/strong><strong>R<\/strong><strong>ecurso da <\/strong><strong>H<\/strong><strong>omologa\u00e7\u00e3o das <\/strong><strong>I<\/strong><strong>nscri\u00e7\u00f5es <\/strong><\/td>\n<td style=\"width: 288px\">28 de abril a 29 de abril de 2020<\/td>\n<\/tr>\n<tr>\n<td style=\"width: 291px\"><strong>Resposta aos <\/strong><strong>R<\/strong><strong>ecursos<\/strong><\/td>\n<td style=\"width: 288px\">30 de abril de 2020<\/td>\n<\/tr>\n<tr>\n<td style=\"width: 291px\"><strong>Resultado <\/strong><strong>P<\/strong><strong>arcial da <\/strong><strong>S<\/strong><strong>ele\u00e7\u00e3o<\/strong><\/td>\n<td style=\"width: 288px\">30 de abril de 2020<\/td>\n<\/tr>\n<tr>\n<td style=\"width: 291px\"><strong>Prazo de <\/strong><strong>R<\/strong><strong>ecurso do Resultado Parcial<\/strong><\/td>\n<td style=\"width: 288px\">01 de maio a 02 de maio de 2020<\/td>\n<\/tr>\n<tr>\n<td style=\"width: 291px\"><strong>Resposta aos <\/strong><strong>R<\/strong><strong>ecursos <\/strong><\/td>\n<td style=\"width: 288px\">04 de maio de 2020<\/td>\n<\/tr>\n<tr>\n<td style=\"width: 291px\"><strong>Homologa\u00e7\u00e3o do <\/strong><strong>R<\/strong><strong>esultado <\/strong><strong>F<\/strong><strong>inal<\/strong><\/td>\n<td style=\"width: 288px\">04 de maio de 2020<\/td>\n<\/tr>\n<tr>\n<td style=\"width: 291px\"><strong>In\u00edcio do <\/strong><strong>C<\/strong><strong>urso<\/strong><\/td>\n<td style=\"width: 288px\">05 de maio de 2020<\/td>\n<\/tr>\n<tr>\n<td style=\"width: 291px\"><strong>Efetiva\u00e7\u00e3o da <\/strong><strong>M<\/strong><strong>atr\u00edcula no <\/strong><strong>M<\/strong><strong>oodle<\/strong><\/td>\n<td style=\"width: 288px\">05 a 12 de maio de 2020<\/td>\n<\/tr>\n<tr>\n<td style=\"width: 291px\"><strong>T\u00e9rmino do <\/strong><strong>C<\/strong><strong>urso<\/strong><\/td>\n<td style=\"width: 288px\">06 de julho de 2020<\/td>\n<\/tr>\n<\/tbody>\n<\/table>\n<p>&nbsp;<\/p>\n<p>&nbsp;<\/p>\n<p><strong>E<\/strong><strong>QUIPE<\/strong><\/p>\n<p><strong>\u00a0<\/strong><strong>Coordena\u00e7\u00e3o geral<\/strong>: Josias Pereira<\/p>\n<p><strong>Coordena\u00e7\u00e3o adjunta<\/strong>:<\/p>\n<p>Eliane Candido<\/p>\n<p>Viviane Lino<\/p>\n<p><strong>Coordena\u00e7\u00e3o Pedag\u00f3gica<\/strong>:<\/p>\n<p>Ana Paula Necchi Ribeiro<\/p>\n<p>Michele Heck<\/p>\n<p>Maria Jeane Candido<\/p>\n<p>V\u00e2nia Dal Pont<\/p>\n<p>&nbsp;<\/p>\n<p><strong>Produ\u00e7\u00e3o <\/strong><strong>e<\/strong><strong> Arte<\/strong>:<\/p>\n<p>Leonardo H\u00e4rter<\/p>\n<p>Rita Martins<\/p>\n<p><a href=\"#_ftnref1\" name=\"_ftn1\">[1]<\/a> Considera-se professor iniciante aquele que tenha realizado, produzido, orientado, no m\u00e1ximo, 3 (tr\u00eas) v\u00eddeos com os seus alunos. Assim, dar-se-\u00e1 prioridade para professores que nunca produziram v\u00eddeo no contexto escolar.<\/p>\n","protected":false},"excerpt":{"rendered":"<p>O Laborat\u00f3rio Acad\u00eamico de Produ\u00e7\u00e3o de V\u00eddeo Estudantil tem como principal fun\u00e7\u00e3o debater a produ\u00e7\u00e3o de v\u00eddeo feito nas escolas tanto pelo \u00e2mbito acad\u00eamico como pr\u00e1tico. Contribuindo para melhorar a qualidade da quarentena dos professores oferece gratuitamente: Curso Gratuito Roteiro para A Produ\u00e7\u00e3o de V\u00eddeo Estudantil. Curso de Roteiro &#8211; EDITAL Curso de Roteiro 2020\u00a0 [&hellip;]<\/p>\n","protected":false},"author":578,"featured_media":105,"parent":0,"menu_order":0,"comment_status":"closed","ping_status":"closed","template":"","meta":{"footnotes":""},"class_list":["post-2","page","type-page","status-publish","has-post-thumbnail","hentry"],"_links":{"self":[{"href":"https:\/\/wp.ufpel.edu.br\/cursosdevideo\/wp-json\/wp\/v2\/pages\/2","targetHints":{"allow":["GET"]}}],"collection":[{"href":"https:\/\/wp.ufpel.edu.br\/cursosdevideo\/wp-json\/wp\/v2\/pages"}],"about":[{"href":"https:\/\/wp.ufpel.edu.br\/cursosdevideo\/wp-json\/wp\/v2\/types\/page"}],"author":[{"embeddable":true,"href":"https:\/\/wp.ufpel.edu.br\/cursosdevideo\/wp-json\/wp\/v2\/users\/578"}],"replies":[{"embeddable":true,"href":"https:\/\/wp.ufpel.edu.br\/cursosdevideo\/wp-json\/wp\/v2\/comments?post=2"}],"version-history":[{"count":14,"href":"https:\/\/wp.ufpel.edu.br\/cursosdevideo\/wp-json\/wp\/v2\/pages\/2\/revisions"}],"predecessor-version":[{"id":50,"href":"https:\/\/wp.ufpel.edu.br\/cursosdevideo\/wp-json\/wp\/v2\/pages\/2\/revisions\/50"}],"wp:featuredmedia":[{"embeddable":true,"href":"https:\/\/wp.ufpel.edu.br\/cursosdevideo\/wp-json\/wp\/v2\/media\/105"}],"wp:attachment":[{"href":"https:\/\/wp.ufpel.edu.br\/cursosdevideo\/wp-json\/wp\/v2\/media?parent=2"}],"curies":[{"name":"wp","href":"https:\/\/api.w.org\/{rel}","templated":true}]}}