{"id":17,"date":"2019-12-02T17:25:26","date_gmt":"2019-12-02T20:25:26","guid":{"rendered":"https:\/\/wp.ufpel.edu.br\/cursosdevideo\/?page_id=17"},"modified":"2022-10-25T13:45:08","modified_gmt":"2022-10-25T16:45:08","slug":"17-2","status":"publish","type":"page","link":"https:\/\/wp.ufpel.edu.br\/cursosdevideo\/17-2\/","title":{"rendered":"Pr\u00e9 Cadastro Cursos de V\u00eddeo"},"content":{"rendered":"<p><a href=\"https:\/\/wp.ufpel.edu.br\/cursosdevideo\/files\/2019\/12\/pre-cadastroo.png.png\"><img loading=\"lazy\" decoding=\"async\" class=\"size-medium wp-image-109 aligncenter\" src=\"https:\/\/wp.ufpel.edu.br\/cursosdevideo\/files\/2019\/12\/pre-cadastroo.png-400x225.png\" alt=\"\" width=\"400\" height=\"225\" srcset=\"https:\/\/wp.ufpel.edu.br\/cursosdevideo\/files\/2019\/12\/pre-cadastroo.png-400x225.png 400w, https:\/\/wp.ufpel.edu.br\/cursosdevideo\/files\/2019\/12\/pre-cadastroo.png-1024x576.png 1024w, https:\/\/wp.ufpel.edu.br\/cursosdevideo\/files\/2019\/12\/pre-cadastroo.png-768x432.png 768w, https:\/\/wp.ufpel.edu.br\/cursosdevideo\/files\/2019\/12\/pre-cadastroo.png.png 1280w\" sizes=\"auto, (max-width: 400px) 100vw, 400px\" \/><\/a><\/p>\n<p>Professor realize o seu pr\u00e9 cadastro pois sempre iremos\u00a0 dar preferencia para os professores que est\u00e3o ja cadastrados nos cursos futuros.<\/p>\n<p>Pr\u00f3ximos cursos:<\/p>\n<ul>\n<li>&#8220;<strong>Metodologia PVE<\/strong>&#8221; &#8211; Aprenda a gravar e editar v\u00eddeo com softwares livres<\/li>\n<li>&#8220;<strong>Roteiro para V\u00eddeo Estudantil&#8221; &#8211; <\/strong>aprenda a fazer roteiro desde o cl\u00e1ssico aristot\u00e9lico ao roteiro do Pitching<\/li>\n<li>&#8220;<strong>Document\u00e1rio para V\u00eddeo Estudantil<\/strong>&#8221; &#8211;\u00a0 aprenda a fazer document\u00e1rio de forma simples e direto com alunos e professores\u00a0Os cursos s\u00e3o realizados 100% a dist\u00e2ncia pela plataforma Moodle.<\/li>\n<\/ul>\n<p>O pr\u00e9-cadastro pode ser feito no link <a href=\"https:\/\/docs.google.com\/forms\/d\/e\/1FAIpQLSddnPLLVEvvuukklk4TUldCPjNwcl4DGu7pFq5xMPTAS12DEw\/viewform?usp=sf_link\">Pr\u00e9 Cadastro<\/a><\/p>\n<p>Para colaborar com a parte pr\u00e1tica oferecemos cursos de v\u00eddeo sem custo para professores e alunos. Nosso intuito \u00e9 capacitar professores para realiza\u00e7\u00e3o audiovisual dentro do espa\u00e7o escolar. Sabemos que os cursos de Pedagogia e de Licenciatura n\u00e3o tem em sua base a produ\u00e7\u00e3o de v\u00eddeo escolar, sendo assim os professores aprendem na pr\u00e1tica a fazer v\u00eddeo.<\/p>\n<p>O primeiro curso de v\u00eddeo foi realizado no primeiro semestre de 2018 para 300 professores da educa\u00e7\u00e3o b\u00e1sica.<\/p>\n<p>O segundo curso foi realizado no segundo semestre para 80 professores do estado do Rio Grande do Sul.<\/p>\n<p>Agora abrimos o curso para todo Brasil e assim contribuir para que a produ\u00e7\u00e3o de v\u00eddeo estudantil seja uma realidade dentro do espa\u00e7o educacional.<\/p>\n<p>&nbsp;<\/p>\n<p>&nbsp;<\/p>\n<p>&nbsp;<\/p>\n","protected":false},"excerpt":{"rendered":"<p>Professor realize o seu pr\u00e9 cadastro pois sempre iremos\u00a0 dar preferencia para os professores que est\u00e3o ja cadastrados nos cursos futuros. Pr\u00f3ximos cursos: &#8220;Metodologia PVE&#8221; &#8211; Aprenda a gravar e editar v\u00eddeo com softwares livres &#8220;Roteiro para V\u00eddeo Estudantil&#8221; &#8211; aprenda a fazer roteiro desde o cl\u00e1ssico aristot\u00e9lico ao roteiro do Pitching &#8220;Document\u00e1rio para V\u00eddeo [&hellip;]<\/p>\n","protected":false},"author":578,"featured_media":0,"parent":0,"menu_order":0,"comment_status":"closed","ping_status":"closed","template":"","meta":{"footnotes":""},"class_list":["post-17","page","type-page","status-publish","hentry"],"_links":{"self":[{"href":"https:\/\/wp.ufpel.edu.br\/cursosdevideo\/wp-json\/wp\/v2\/pages\/17","targetHints":{"allow":["GET"]}}],"collection":[{"href":"https:\/\/wp.ufpel.edu.br\/cursosdevideo\/wp-json\/wp\/v2\/pages"}],"about":[{"href":"https:\/\/wp.ufpel.edu.br\/cursosdevideo\/wp-json\/wp\/v2\/types\/page"}],"author":[{"embeddable":true,"href":"https:\/\/wp.ufpel.edu.br\/cursosdevideo\/wp-json\/wp\/v2\/users\/578"}],"replies":[{"embeddable":true,"href":"https:\/\/wp.ufpel.edu.br\/cursosdevideo\/wp-json\/wp\/v2\/comments?post=17"}],"version-history":[{"count":7,"href":"https:\/\/wp.ufpel.edu.br\/cursosdevideo\/wp-json\/wp\/v2\/pages\/17\/revisions"}],"predecessor-version":[{"id":246,"href":"https:\/\/wp.ufpel.edu.br\/cursosdevideo\/wp-json\/wp\/v2\/pages\/17\/revisions\/246"}],"wp:attachment":[{"href":"https:\/\/wp.ufpel.edu.br\/cursosdevideo\/wp-json\/wp\/v2\/media?parent=17"}],"curies":[{"name":"wp","href":"https:\/\/api.w.org\/{rel}","templated":true}]}}