{"id":40,"date":"2018-07-04T19:29:10","date_gmt":"2018-07-04T22:29:10","guid":{"rendered":"https:\/\/wp.ufpel.edu.br\/cursosdelinguas\/?page_id=40"},"modified":"2025-11-04T16:14:01","modified_gmt":"2025-11-04T19:14:01","slug":"livros-didaticos","status":"publish","type":"page","link":"https:\/\/wp.ufpel.edu.br\/cursosdelinguas\/livros-didaticos\/","title":{"rendered":"Livros did\u00e1ticos"},"content":{"rendered":"<h3><strong>O pagamento da taxa de matr\u00edcula (n\u00edvel I) se d\u00e1 apenas ap\u00f3s o candidato constar na lista de sorteados.<\/strong><\/h3>\n<h4 style=\"text-align: left;\">&#8211; As matr\u00edculas e rematr\u00edculas ocorrem de forma online. Ver edital para detalhes.<\/h4>\n<h3 style=\"text-align: left;\">Livros utilizados nos Cursos de L\u00ednguas<\/h3>\n<table style=\"width: 700px;\" width=\"0\">\n<tbody>\n<tr>\n<td style=\"width: 144px;\" width=\"140\"><strong>Curso<\/strong><\/td>\n<td style=\"width: 556px;\" width=\"475\"><strong>T\u00edtulo<\/strong><\/td>\n<\/tr>\n<tr>\n<td style=\"width: 144px;\" width=\"140\">Alem\u00e3o I<\/td>\n<td style=\"width: 556px;\" width=\"475\">Momente A1.1 &#8211; KURSBUCH PLUS INTERAKTIVE VERSION (&#8220;livro do<br \/>\nestudante\/escolar&#8221;). Editora Hueber.<\/td>\n<\/tr>\n<tr>\n<td style=\"width: 144px;\" width=\"140\">Espanhol I e II<\/td>\n<td style=\"width: 556px;\" width=\"475\">GENTE HOY 1 (A1-A2) &#8211; LIBRO DEL ALUMNO CON CD AUDIO.<br \/>\nPERIS, E.; BAULENAS, N. Difusi\u00f3n. ISBN 9788415620785<\/td>\n<\/tr>\n<tr>\n<td style=\"width: 144px;\" width=\"140\">Franc\u00eas I ao IV<\/td>\n<td style=\"width: 556px;\" width=\"475\">NICKEL! 1 &#8211; Livre de L&#8217;eleve + DVD \u2013 Autor: H\u00e9l\u00e8ne Aug\u00e9 \u2013 Ed. Cl\u00e9<br \/>\nInternational \u2013 Edi\u00e7\u00e3o 1. ISBN. : 9782090384987<\/td>\n<\/tr>\n<tr>\n<td style=\"width: 144px;\" width=\"140\">Ingl\u00eas I e II<\/td>\n<td style=\"width: 556px;\" width=\"475\">Four Corners 1 Student&#8217;s Book With Online Self-study &#8211; 2nd<br \/>\nEdition. Autor: RICHARDS, JACK C. Editora Cambridge. ISBN<br \/>\n9781108659611<\/td>\n<\/tr>\n<tr>\n<td style=\"width: 144px;\" width=\"140\">\u00a0Pomerano<\/td>\n<td style=\"width: 556px;\" width=\"475\"><strong>N\u00e3o \u00e9 indicado livro did\u00e1tico.<\/strong><\/td>\n<\/tr>\n<\/tbody>\n<\/table>\n<p>&nbsp;<\/p>\n<table style=\"height: 283px; width: 770px;\" width=\"0\">\n<tbody>\n<tr style=\"height: 23px;\">\n<td style=\"height: 23px; width: 179px;\" width=\"140\"><strong>Curso<\/strong><\/td>\n<td style=\"height: 23px; width: 591px;\" width=\"475\"><strong>T\u00edtulo<\/strong><\/td>\n<\/tr>\n<tr style=\"height: 119px;\">\n<td style=\"height: 119px; width: 179px;\" width=\"140\">Ingl\u00eas III e IV<\/td>\n<td style=\"height: 119px; width: 591px;\" width=\"475\">Four Corners 2 Student&#8217;s Book With Online Self-study \u2013 2nd Edition.<br \/>\nAutor: RICHARDS, JACK C. Editora Cambridge. ISBN 9781108560214<\/td>\n<\/tr>\n<tr style=\"height: 47px;\">\n<td style=\"height: 47px; width: 179px;\" width=\"140\">Espanhol III e IV<\/td>\n<td style=\"height: 47px; width: 591px;\" width=\"475\">GENTE HOY 2 \u2013 LIBRO DEL ALUMNO CON CD AUDIO. B1. PERIS;<br \/>\nBAULENAS. ISBN: 9788415640370<\/td>\n<\/tr>\n<tr style=\"height: 47px;\">\n<td style=\"height: 47px; width: 179px;\" width=\"140\">Alem\u00e3o II<\/td>\n<td style=\"height: 47px; width: 591px;\" width=\"475\">Menschen A1.2 Deutsch Als Fremdsprache &#8211; Kursbuch (&#8220;livro do<br \/>\nestudante\/escolar&#8221;). Editora Hueber.<\/td>\n<\/tr>\n<tr style=\"height: 47px;\">\n<td style=\"height: 47px; width: 179px;\" width=\"140\">Alem\u00e3o III<\/td>\n<td style=\"height: 47px; width: 591px;\" width=\"475\">Menschen A2.1 Deutsch Als Fremdsprache &#8211; Kursbuch (&#8220;livro do<br \/>\nestudante\/escolar&#8221;). Editora Hueber.<\/td>\n<\/tr>\n<tr>\n<td style=\"width: 179px;\">Alem\u00e3o IV<\/td>\n<td style=\"width: 591px;\"><span style=\"color: #000000; text-align: justify;\">Menschen A2.2 Deutsch Als Fremdsprache &#8211; Kursbuch (&#8220;livro do<br \/>\nestudante\/escolar&#8221;). Editora Hueber.<\/span><\/td>\n<\/tr>\n<\/tbody>\n<\/table>\n<p style=\"text-align: justify;\"><strong>Sugest\u00f5es de livrarias e lojas:<\/strong><\/p>\n<p>Para livros de <strong>alem\u00e3o<\/strong>:\u00a0<a href=\"https:\/\/www.bahnhofdidatica.com.br\/\">https:\/\/www.bahnhofdidatica.com.br\/\u00a0<\/a><\/p>\n<p style=\"text-align: justify;\"><strong>Disal Distribuidora:<\/strong>\u00a0<a href=\"http:\/\/www.disal.com.br\/\" target=\"_blank\" rel=\"noopener noreferrer\">http:\/\/www.disal.com.br\/<\/a><\/p>\n<p style=\"text-align: justify;\"><strong>Americanas:<\/strong>\u00a0<a href=\"http:\/\/www.americanas.com.br\/\">www.americanas.com.br<\/a><\/p>\n<p style=\"text-align: justify;\"><strong>Amazon:<\/strong>\u00a0<a href=\"http:\/\/www.amazon.com.br\/\" target=\"_blank\" rel=\"noopener noreferrer\">www.amazon.com.br<\/a><\/p>\n<p style=\"text-align: justify;\"><strong>LIVRARIA VANGUARDA T\u00c9CNICOS\u00a0<\/strong>\u2013 R. Gon\u00e7alves Chaves, 374. Tel.: (53) 3027.1234<\/p>\n","protected":false},"excerpt":{"rendered":"<p>O pagamento da taxa de matr\u00edcula (n\u00edvel I) se d\u00e1 apenas ap\u00f3s o candidato constar na lista de sorteados. &#8211; As matr\u00edculas e rematr\u00edculas ocorrem de forma online. Ver edital para detalhes. Livros utilizados nos [&hellip;]<\/p>\n","protected":false},"author":857,"featured_media":0,"parent":0,"menu_order":0,"comment_status":"closed","ping_status":"closed","template":"","meta":{"footnotes":""},"class_list":["post-40","page","type-page","status-publish","hentry","post"],"_links":{"self":[{"href":"https:\/\/wp.ufpel.edu.br\/cursosdelinguas\/wp-json\/wp\/v2\/pages\/40","targetHints":{"allow":["GET"]}}],"collection":[{"href":"https:\/\/wp.ufpel.edu.br\/cursosdelinguas\/wp-json\/wp\/v2\/pages"}],"about":[{"href":"https:\/\/wp.ufpel.edu.br\/cursosdelinguas\/wp-json\/wp\/v2\/types\/page"}],"author":[{"embeddable":true,"href":"https:\/\/wp.ufpel.edu.br\/cursosdelinguas\/wp-json\/wp\/v2\/users\/857"}],"replies":[{"embeddable":true,"href":"https:\/\/wp.ufpel.edu.br\/cursosdelinguas\/wp-json\/wp\/v2\/comments?post=40"}],"version-history":[{"count":3,"href":"https:\/\/wp.ufpel.edu.br\/cursosdelinguas\/wp-json\/wp\/v2\/pages\/40\/revisions"}],"predecessor-version":[{"id":717,"href":"https:\/\/wp.ufpel.edu.br\/cursosdelinguas\/wp-json\/wp\/v2\/pages\/40\/revisions\/717"}],"wp:attachment":[{"href":"https:\/\/wp.ufpel.edu.br\/cursosdelinguas\/wp-json\/wp\/v2\/media?parent=40"}],"curies":[{"name":"wp","href":"https:\/\/api.w.org\/{rel}","templated":true}]}}