{"id":248,"date":"2018-12-20T15:48:52","date_gmt":"2018-12-20T17:48:52","guid":{"rendered":"https:\/\/wp.ufpel.edu.br\/cursosdelinguas\/?page_id=248"},"modified":"2026-02-10T15:19:56","modified_gmt":"2026-02-10T18:19:56","slug":"levantamento-do-numero-de-alunos","status":"publish","type":"page","link":"https:\/\/wp.ufpel.edu.br\/cursosdelinguas\/levantamento-do-numero-de-alunos\/","title":{"rendered":"Levantamento do n\u00famero de alunos"},"content":{"rendered":"<p>O Projeto Cursos de L\u00ednguas apresenta os dados estat\u00edsticos quanto ao n\u00famero de alunos em 2020 e 2025\/2. Clique nas imagens para visualizar em tamanho maior :<\/p>\n<div id=\"attachment_719\" style=\"width: 520px\" class=\"wp-caption aligncenter\"><img loading=\"lazy\" decoding=\"async\" aria-describedby=\"caption-attachment-719\" class=\"wp-image-719\" src=\"https:\/\/wp.ufpel.edu.br\/cursosdelinguas\/files\/2025\/11\/Design-sem-nome.png\" alt=\"\" width=\"510\" height=\"383\" srcset=\"https:\/\/wp.ufpel.edu.br\/cursosdelinguas\/files\/2025\/11\/Design-sem-nome.png 1024w, https:\/\/wp.ufpel.edu.br\/cursosdelinguas\/files\/2025\/11\/Design-sem-nome-400x300.png 400w, https:\/\/wp.ufpel.edu.br\/cursosdelinguas\/files\/2025\/11\/Design-sem-nome-768x576.png 768w\" sizes=\"auto, (max-width: 510px) 100vw, 510px\" \/><p id=\"caption-attachment-719\" class=\"wp-caption-text\">N\u00famero de alunos matriculados nos Cursos de L\u00ednguas de 2020 a 2021\/1<\/p><\/div>\n<p>&nbsp;<\/p>\n<div id=\"attachment_720\" style=\"width: 520px\" class=\"wp-caption aligncenter\"><img loading=\"lazy\" decoding=\"async\" aria-describedby=\"caption-attachment-720\" class=\"wp-image-720\" src=\"https:\/\/wp.ufpel.edu.br\/cursosdelinguas\/files\/2025\/11\/Design-sem-nome-1.png\" alt=\"\" width=\"510\" height=\"383\" srcset=\"https:\/\/wp.ufpel.edu.br\/cursosdelinguas\/files\/2025\/11\/Design-sem-nome-1.png 1024w, https:\/\/wp.ufpel.edu.br\/cursosdelinguas\/files\/2025\/11\/Design-sem-nome-1-400x300.png 400w, https:\/\/wp.ufpel.edu.br\/cursosdelinguas\/files\/2025\/11\/Design-sem-nome-1-768x576.png 768w\" sizes=\"auto, (max-width: 510px) 100vw, 510px\" \/><p id=\"caption-attachment-720\" class=\"wp-caption-text\">N\u00famero de alunos que conclu\u00edram o semestre de 2020 a 2021\/2<\/p><\/div>\n<p>&nbsp;<\/p>\n<div id=\"attachment_721\" style=\"width: 520px\" class=\"wp-caption aligncenter\"><img loading=\"lazy\" decoding=\"async\" aria-describedby=\"caption-attachment-721\" class=\"wp-image-721\" src=\"https:\/\/wp.ufpel.edu.br\/cursosdelinguas\/files\/2025\/11\/Design-sem-nome-2.png\" alt=\"\" width=\"510\" height=\"383\" srcset=\"https:\/\/wp.ufpel.edu.br\/cursosdelinguas\/files\/2025\/11\/Design-sem-nome-2.png 1024w, https:\/\/wp.ufpel.edu.br\/cursosdelinguas\/files\/2025\/11\/Design-sem-nome-2-400x300.png 400w, https:\/\/wp.ufpel.edu.br\/cursosdelinguas\/files\/2025\/11\/Design-sem-nome-2-768x576.png 768w\" sizes=\"auto, (max-width: 510px) 100vw, 510px\" \/><p id=\"caption-attachment-721\" class=\"wp-caption-text\">N\u00famero de alunos matriculados nos Cursos de L\u00ednguas de 2022\/1 a 2023\/2<\/p><\/div>\n<p>&nbsp;<\/p>\n<div id=\"attachment_722\" style=\"width: 520px\" class=\"wp-caption aligncenter\"><img loading=\"lazy\" decoding=\"async\" aria-describedby=\"caption-attachment-722\" class=\"wp-image-722\" src=\"https:\/\/wp.ufpel.edu.br\/cursosdelinguas\/files\/2025\/11\/Design-sem-nome-3.png\" alt=\"\" width=\"510\" height=\"383\" srcset=\"https:\/\/wp.ufpel.edu.br\/cursosdelinguas\/files\/2025\/11\/Design-sem-nome-3.png 1024w, https:\/\/wp.ufpel.edu.br\/cursosdelinguas\/files\/2025\/11\/Design-sem-nome-3-400x300.png 400w, https:\/\/wp.ufpel.edu.br\/cursosdelinguas\/files\/2025\/11\/Design-sem-nome-3-768x576.png 768w\" sizes=\"auto, (max-width: 510px) 100vw, 510px\" \/><p id=\"caption-attachment-722\" class=\"wp-caption-text\">N\u00famero de alunos que conclu\u00edram o semestre de 2022\/1 a 2023\/2<\/p><\/div>\n<div id=\"attachment_723\" style=\"width: 520px\" class=\"wp-caption aligncenter\"><img loading=\"lazy\" decoding=\"async\" aria-describedby=\"caption-attachment-723\" class=\"wp-image-723\" src=\"https:\/\/wp.ufpel.edu.br\/cursosdelinguas\/files\/2025\/11\/Design-sem-nome-4.png\" alt=\"\" width=\"510\" height=\"383\" srcset=\"https:\/\/wp.ufpel.edu.br\/cursosdelinguas\/files\/2025\/11\/Design-sem-nome-4.png 1024w, https:\/\/wp.ufpel.edu.br\/cursosdelinguas\/files\/2025\/11\/Design-sem-nome-4-400x300.png 400w, https:\/\/wp.ufpel.edu.br\/cursosdelinguas\/files\/2025\/11\/Design-sem-nome-4-768x576.png 768w\" sizes=\"auto, (max-width: 510px) 100vw, 510px\" \/><p id=\"caption-attachment-723\" class=\"wp-caption-text\">N\u00famero de alunos matriculados nos Cursos de L\u00ednguas de 2024 a 2025\/2<\/p><\/div>\n<p>&nbsp;<\/p>\n<div id=\"attachment_728\" style=\"width: 520px\" class=\"wp-caption aligncenter\"><img loading=\"lazy\" decoding=\"async\" aria-describedby=\"caption-attachment-728\" class=\"wp-image-728\" src=\"https:\/\/wp.ufpel.edu.br\/cursosdelinguas\/files\/2026\/02\/Design-sem-nome-3.png\" alt=\"\" width=\"510\" height=\"383\" srcset=\"https:\/\/wp.ufpel.edu.br\/cursosdelinguas\/files\/2026\/02\/Design-sem-nome-3.png 1024w, https:\/\/wp.ufpel.edu.br\/cursosdelinguas\/files\/2026\/02\/Design-sem-nome-3-400x300.png 400w, https:\/\/wp.ufpel.edu.br\/cursosdelinguas\/files\/2026\/02\/Design-sem-nome-3-768x576.png 768w\" sizes=\"auto, (max-width: 510px) 100vw, 510px\" \/><p id=\"caption-attachment-728\" class=\"wp-caption-text\">N\u00famero de alunos que conclu\u00edram o semestre de 2024* a 2025\/2<\/p><\/div>\n<ul>\n<li>Em 2024 foi ofertado apenas um semestre dos Cursos de L\u00ednguas<\/li>\n<\/ul>\n","protected":false},"excerpt":{"rendered":"<p>O Projeto Cursos de L\u00ednguas apresenta os dados estat\u00edsticos quanto ao n\u00famero de alunos em 2020 e 2025\/2. Clique nas imagens para visualizar em tamanho maior : &nbsp; &nbsp; &nbsp; &nbsp; Em 2024 foi ofertado [&hellip;]<\/p>\n","protected":false},"author":857,"featured_media":0,"parent":0,"menu_order":0,"comment_status":"closed","ping_status":"closed","template":"","meta":{"footnotes":""},"class_list":["post-248","page","type-page","status-publish","hentry","post"],"_links":{"self":[{"href":"https:\/\/wp.ufpel.edu.br\/cursosdelinguas\/wp-json\/wp\/v2\/pages\/248","targetHints":{"allow":["GET"]}}],"collection":[{"href":"https:\/\/wp.ufpel.edu.br\/cursosdelinguas\/wp-json\/wp\/v2\/pages"}],"about":[{"href":"https:\/\/wp.ufpel.edu.br\/cursosdelinguas\/wp-json\/wp\/v2\/types\/page"}],"author":[{"embeddable":true,"href":"https:\/\/wp.ufpel.edu.br\/cursosdelinguas\/wp-json\/wp\/v2\/users\/857"}],"replies":[{"embeddable":true,"href":"https:\/\/wp.ufpel.edu.br\/cursosdelinguas\/wp-json\/wp\/v2\/comments?post=248"}],"version-history":[{"count":4,"href":"https:\/\/wp.ufpel.edu.br\/cursosdelinguas\/wp-json\/wp\/v2\/pages\/248\/revisions"}],"predecessor-version":[{"id":733,"href":"https:\/\/wp.ufpel.edu.br\/cursosdelinguas\/wp-json\/wp\/v2\/pages\/248\/revisions\/733"}],"wp:attachment":[{"href":"https:\/\/wp.ufpel.edu.br\/cursosdelinguas\/wp-json\/wp\/v2\/media?parent=248"}],"curies":[{"name":"wp","href":"https:\/\/api.w.org\/{rel}","templated":true}]}}