{"id":145,"date":"2018-12-20T16:05:35","date_gmt":"2018-12-20T18:05:35","guid":{"rendered":"https:\/\/wp.ufpel.edu.br\/cursosdelinguas\/?page_id=145"},"modified":"2023-05-23T15:55:53","modified_gmt":"2023-05-23T18:55:53","slug":"galeria","status":"publish","type":"page","link":"https:\/\/wp.ufpel.edu.br\/cursosdelinguas\/galeria\/","title":{"rendered":"Galeria"},"content":{"rendered":"<h4>Cursos de L\u00ednguas 2023-1<\/h4>\n<p>Algumas imagens das turmas de Franc\u00eas I, Espanhol I, Alem\u00e3o I e Ingl\u00eas I presenciais. Turmas remotas de Espanhol II e Alem\u00e3o IV.<\/p>\n\n\t\t<style type=\"text\/css\">\n\t\t\t#gallery-1 {\n\t\t\t\tmargin: auto;\n\t\t\t}\n\t\t\t#gallery-1 .gallery-item {\n\t\t\t\tfloat: left;\n\t\t\t\tmargin-top: 10px;\n\t\t\t\ttext-align: center;\n\t\t\t\twidth: 50%;\n\t\t\t}\n\t\t\t#gallery-1 img {\n\t\t\t\tborder: 2px solid #cfcfcf;\n\t\t\t}\n\t\t\t#gallery-1 .gallery-caption {\n\t\t\t\tmargin-left: 0;\n\t\t\t}\n\t\t\t\/* see gallery_shortcode() in wp-includes\/media.php *\/\n\t\t<\/style>\n\t\t<div id='gallery-1' class='gallery galleryid-145 gallery-columns-2 gallery-size-medium'><dl class='gallery-item'>\n\t\t\t<dt class='gallery-icon portrait'>\n\t\t\t\t<a href='https:\/\/wp.ufpel.edu.br\/cursosdelinguas\/files\/2023\/05\/WhatsApp-Image-2023-05-23-at-15.50.36.jpeg'><img loading=\"lazy\" decoding=\"async\" width=\"300\" height=\"400\" src=\"https:\/\/wp.ufpel.edu.br\/cursosdelinguas\/files\/2023\/05\/WhatsApp-Image-2023-05-23-at-15.50.36-300x400.jpeg\" class=\"attachment-medium size-medium\" alt=\"\" srcset=\"https:\/\/wp.ufpel.edu.br\/cursosdelinguas\/files\/2023\/05\/WhatsApp-Image-2023-05-23-at-15.50.36-300x400.jpeg 300w, https:\/\/wp.ufpel.edu.br\/cursosdelinguas\/files\/2023\/05\/WhatsApp-Image-2023-05-23-at-15.50.36-768x1024.jpeg 768w, https:\/\/wp.ufpel.edu.br\/cursosdelinguas\/files\/2023\/05\/WhatsApp-Image-2023-05-23-at-15.50.36-1152x1536.jpeg 1152w, https:\/\/wp.ufpel.edu.br\/cursosdelinguas\/files\/2023\/05\/WhatsApp-Image-2023-05-23-at-15.50.36.jpeg 1200w\" sizes=\"auto, (max-width: 300px) 100vw, 300px\" \/><\/a>\n\t\t\t<\/dt><\/dl><dl class='gallery-item'>\n\t\t\t<dt class='gallery-icon landscape'>\n\t\t\t\t<a href='https:\/\/wp.ufpel.edu.br\/cursosdelinguas\/files\/2023\/05\/WhatsApp-Image-2023-05-23-at-15.50.36-1.jpeg'><img loading=\"lazy\" decoding=\"async\" width=\"400\" height=\"300\" src=\"https:\/\/wp.ufpel.edu.br\/cursosdelinguas\/files\/2023\/05\/WhatsApp-Image-2023-05-23-at-15.50.36-1-400x300.jpeg\" class=\"attachment-medium size-medium\" alt=\"\" srcset=\"https:\/\/wp.ufpel.edu.br\/cursosdelinguas\/files\/2023\/05\/WhatsApp-Image-2023-05-23-at-15.50.36-1-400x300.jpeg 400w, https:\/\/wp.ufpel.edu.br\/cursosdelinguas\/files\/2023\/05\/WhatsApp-Image-2023-05-23-at-15.50.36-1-768x576.jpeg 768w, https:\/\/wp.ufpel.edu.br\/cursosdelinguas\/files\/2023\/05\/WhatsApp-Image-2023-05-23-at-15.50.36-1.jpeg 800w\" sizes=\"auto, (max-width: 400px) 100vw, 400px\" \/><\/a>\n\t\t\t<\/dt><\/dl><br style=\"clear: both\" \/><dl class='gallery-item'>\n\t\t\t<dt class='gallery-icon landscape'>\n\t\t\t\t<a href='https:\/\/wp.ufpel.edu.br\/cursosdelinguas\/files\/2023\/05\/WhatsApp-Image-2023-05-23-at-15.50.35-1.jpeg'><img loading=\"lazy\" decoding=\"async\" width=\"400\" height=\"300\" src=\"https:\/\/wp.ufpel.edu.br\/cursosdelinguas\/files\/2023\/05\/WhatsApp-Image-2023-05-23-at-15.50.35-1-400x300.jpeg\" class=\"attachment-medium size-medium\" alt=\"\" srcset=\"https:\/\/wp.ufpel.edu.br\/cursosdelinguas\/files\/2023\/05\/WhatsApp-Image-2023-05-23-at-15.50.35-1-400x300.jpeg 400w, https:\/\/wp.ufpel.edu.br\/cursosdelinguas\/files\/2023\/05\/WhatsApp-Image-2023-05-23-at-15.50.35-1-1024x768.jpeg 1024w, https:\/\/wp.ufpel.edu.br\/cursosdelinguas\/files\/2023\/05\/WhatsApp-Image-2023-05-23-at-15.50.35-1-768x576.jpeg 768w, https:\/\/wp.ufpel.edu.br\/cursosdelinguas\/files\/2023\/05\/WhatsApp-Image-2023-05-23-at-15.50.35-1-1536x1152.jpeg 1536w, https:\/\/wp.ufpel.edu.br\/cursosdelinguas\/files\/2023\/05\/WhatsApp-Image-2023-05-23-at-15.50.35-1.jpeg 1600w\" sizes=\"auto, (max-width: 400px) 100vw, 400px\" \/><\/a>\n\t\t\t<\/dt><\/dl><dl class='gallery-item'>\n\t\t\t<dt class='gallery-icon landscape'>\n\t\t\t\t<a href='https:\/\/wp.ufpel.edu.br\/cursosdelinguas\/files\/2023\/05\/WhatsApp-Image-2023-05-23-at-15.50.35-2.jpeg'><img loading=\"lazy\" decoding=\"async\" width=\"400\" height=\"225\" src=\"https:\/\/wp.ufpel.edu.br\/cursosdelinguas\/files\/2023\/05\/WhatsApp-Image-2023-05-23-at-15.50.35-2-400x225.jpeg\" class=\"attachment-medium size-medium\" alt=\"\" srcset=\"https:\/\/wp.ufpel.edu.br\/cursosdelinguas\/files\/2023\/05\/WhatsApp-Image-2023-05-23-at-15.50.35-2-400x225.jpeg 400w, https:\/\/wp.ufpel.edu.br\/cursosdelinguas\/files\/2023\/05\/WhatsApp-Image-2023-05-23-at-15.50.35-2-1024x576.jpeg 1024w, https:\/\/wp.ufpel.edu.br\/cursosdelinguas\/files\/2023\/05\/WhatsApp-Image-2023-05-23-at-15.50.35-2-768x432.jpeg 768w, https:\/\/wp.ufpel.edu.br\/cursosdelinguas\/files\/2023\/05\/WhatsApp-Image-2023-05-23-at-15.50.35-2-1536x864.jpeg 1536w, https:\/\/wp.ufpel.edu.br\/cursosdelinguas\/files\/2023\/05\/WhatsApp-Image-2023-05-23-at-15.50.35-2.jpeg 1600w\" sizes=\"auto, (max-width: 400px) 100vw, 400px\" \/><\/a>\n\t\t\t<\/dt><\/dl><br style=\"clear: both\" \/><dl class='gallery-item'>\n\t\t\t<dt class='gallery-icon landscape'>\n\t\t\t\t<a href='https:\/\/wp.ufpel.edu.br\/cursosdelinguas\/files\/2023\/05\/WhatsApp-Image-2023-05-23-at-15.50.36-3.jpeg'><img loading=\"lazy\" decoding=\"async\" width=\"400\" height=\"166\" src=\"https:\/\/wp.ufpel.edu.br\/cursosdelinguas\/files\/2023\/05\/WhatsApp-Image-2023-05-23-at-15.50.36-3-400x166.jpeg\" class=\"attachment-medium size-medium\" alt=\"\" srcset=\"https:\/\/wp.ufpel.edu.br\/cursosdelinguas\/files\/2023\/05\/WhatsApp-Image-2023-05-23-at-15.50.36-3-400x166.jpeg 400w, https:\/\/wp.ufpel.edu.br\/cursosdelinguas\/files\/2023\/05\/WhatsApp-Image-2023-05-23-at-15.50.36-3.jpeg 720w\" sizes=\"auto, (max-width: 400px) 100vw, 400px\" \/><\/a>\n\t\t\t<\/dt><\/dl><dl class='gallery-item'>\n\t\t\t<dt class='gallery-icon landscape'>\n\t\t\t\t<a href='https:\/\/wp.ufpel.edu.br\/cursosdelinguas\/files\/2023\/05\/WhatsApp-Image-2023-05-23-at-15.50.36-2.jpeg'><img loading=\"lazy\" decoding=\"async\" width=\"400\" height=\"225\" src=\"https:\/\/wp.ufpel.edu.br\/cursosdelinguas\/files\/2023\/05\/WhatsApp-Image-2023-05-23-at-15.50.36-2-400x225.jpeg\" class=\"attachment-medium size-medium\" alt=\"\" srcset=\"https:\/\/wp.ufpel.edu.br\/cursosdelinguas\/files\/2023\/05\/WhatsApp-Image-2023-05-23-at-15.50.36-2-400x225.jpeg 400w, https:\/\/wp.ufpel.edu.br\/cursosdelinguas\/files\/2023\/05\/WhatsApp-Image-2023-05-23-at-15.50.36-2-1024x576.jpeg 1024w, https:\/\/wp.ufpel.edu.br\/cursosdelinguas\/files\/2023\/05\/WhatsApp-Image-2023-05-23-at-15.50.36-2-768x432.jpeg 768w, https:\/\/wp.ufpel.edu.br\/cursosdelinguas\/files\/2023\/05\/WhatsApp-Image-2023-05-23-at-15.50.36-2-1536x864.jpeg 1536w, https:\/\/wp.ufpel.edu.br\/cursosdelinguas\/files\/2023\/05\/WhatsApp-Image-2023-05-23-at-15.50.36-2.jpeg 1600w\" sizes=\"auto, (max-width: 400px) 100vw, 400px\" \/><\/a>\n\t\t\t<\/dt><\/dl><br style=\"clear: both\" \/>\n\t\t<\/div>\n\n<h4>Cursos de L\u00ednguas no formato online em 2020<\/h4>\n<div>\n\n\t\t<style type=\"text\/css\">\n\t\t\t#gallery-2 {\n\t\t\t\tmargin: auto;\n\t\t\t}\n\t\t\t#gallery-2 .gallery-item {\n\t\t\t\tfloat: left;\n\t\t\t\tmargin-top: 10px;\n\t\t\t\ttext-align: center;\n\t\t\t\twidth: 33%;\n\t\t\t}\n\t\t\t#gallery-2 img {\n\t\t\t\tborder: 2px solid #cfcfcf;\n\t\t\t}\n\t\t\t#gallery-2 .gallery-caption {\n\t\t\t\tmargin-left: 0;\n\t\t\t}\n\t\t\t\/* see gallery_shortcode() in wp-includes\/media.php *\/\n\t\t<\/style>\n\t\t<div id='gallery-2' class='gallery galleryid-145 gallery-columns-3 gallery-size-large'><dl class='gallery-item'>\n\t\t\t<dt class='gallery-icon landscape'>\n\t\t\t\t<a href='https:\/\/wp.ufpel.edu.br\/cursosdelinguas\/files\/2020\/11\/foto-insta-cursos.png'><img loading=\"lazy\" decoding=\"async\" width=\"720\" height=\"578\" src=\"https:\/\/wp.ufpel.edu.br\/cursosdelinguas\/files\/2020\/11\/foto-insta-cursos.png\" class=\"attachment-large size-large\" alt=\"\" srcset=\"https:\/\/wp.ufpel.edu.br\/cursosdelinguas\/files\/2020\/11\/foto-insta-cursos.png 894w, https:\/\/wp.ufpel.edu.br\/cursosdelinguas\/files\/2020\/11\/foto-insta-cursos-400x321.png 400w, https:\/\/wp.ufpel.edu.br\/cursosdelinguas\/files\/2020\/11\/foto-insta-cursos-768x617.png 768w\" sizes=\"auto, (max-width: 720px) 100vw, 720px\" \/><\/a>\n\t\t\t<\/dt><\/dl><dl class='gallery-item'>\n\t\t\t<dt class='gallery-icon landscape'>\n\t\t\t\t<a href='https:\/\/wp.ufpel.edu.br\/cursosdelinguas\/files\/2020\/11\/WhatsApp-Image-2020-11-06-at-15.12.19.jpeg'><img loading=\"lazy\" decoding=\"async\" width=\"720\" height=\"720\" src=\"https:\/\/wp.ufpel.edu.br\/cursosdelinguas\/files\/2020\/11\/WhatsApp-Image-2020-11-06-at-15.12.19-1024x1024.jpeg\" class=\"attachment-large size-large\" alt=\"\" srcset=\"https:\/\/wp.ufpel.edu.br\/cursosdelinguas\/files\/2020\/11\/WhatsApp-Image-2020-11-06-at-15.12.19-1024x1024.jpeg 1024w, https:\/\/wp.ufpel.edu.br\/cursosdelinguas\/files\/2020\/11\/WhatsApp-Image-2020-11-06-at-15.12.19-400x400.jpeg 400w, https:\/\/wp.ufpel.edu.br\/cursosdelinguas\/files\/2020\/11\/WhatsApp-Image-2020-11-06-at-15.12.19-200x200.jpeg 200w, https:\/\/wp.ufpel.edu.br\/cursosdelinguas\/files\/2020\/11\/WhatsApp-Image-2020-11-06-at-15.12.19-768x768.jpeg 768w, https:\/\/wp.ufpel.edu.br\/cursosdelinguas\/files\/2020\/11\/WhatsApp-Image-2020-11-06-at-15.12.19.jpeg 1080w\" sizes=\"auto, (max-width: 720px) 100vw, 720px\" \/><\/a>\n\t\t\t<\/dt><\/dl><dl class='gallery-item'>\n\t\t\t<dt class='gallery-icon landscape'>\n\t\t\t\t<a href='https:\/\/wp.ufpel.edu.br\/cursosdelinguas\/files\/2020\/11\/WhatsApp-Image-2020-10-15-at-20.24.41.jpeg'><img loading=\"lazy\" decoding=\"async\" width=\"720\" height=\"576\" src=\"https:\/\/wp.ufpel.edu.br\/cursosdelinguas\/files\/2020\/11\/WhatsApp-Image-2020-10-15-at-20.24.41-1024x819.jpeg\" class=\"attachment-large size-large\" alt=\"\" srcset=\"https:\/\/wp.ufpel.edu.br\/cursosdelinguas\/files\/2020\/11\/WhatsApp-Image-2020-10-15-at-20.24.41-1024x819.jpeg 1024w, https:\/\/wp.ufpel.edu.br\/cursosdelinguas\/files\/2020\/11\/WhatsApp-Image-2020-10-15-at-20.24.41-400x320.jpeg 400w, https:\/\/wp.ufpel.edu.br\/cursosdelinguas\/files\/2020\/11\/WhatsApp-Image-2020-10-15-at-20.24.41-768x614.jpeg 768w, https:\/\/wp.ufpel.edu.br\/cursosdelinguas\/files\/2020\/11\/WhatsApp-Image-2020-10-15-at-20.24.41.jpeg 1280w\" sizes=\"auto, (max-width: 720px) 100vw, 720px\" \/><\/a>\n\t\t\t<\/dt><\/dl><br style=\"clear: both\" \/><dl class='gallery-item'>\n\t\t\t<dt class='gallery-icon landscape'>\n\t\t\t\t<a href='https:\/\/wp.ufpel.edu.br\/cursosdelinguas\/files\/2020\/11\/WhatsApp-Image-2020-11-03-at-15.14.18.jpeg'><img loading=\"lazy\" decoding=\"async\" width=\"720\" height=\"720\" src=\"https:\/\/wp.ufpel.edu.br\/cursosdelinguas\/files\/2020\/11\/WhatsApp-Image-2020-11-03-at-15.14.18-1024x1024.jpeg\" class=\"attachment-large size-large\" alt=\"\" srcset=\"https:\/\/wp.ufpel.edu.br\/cursosdelinguas\/files\/2020\/11\/WhatsApp-Image-2020-11-03-at-15.14.18-1024x1024.jpeg 1024w, https:\/\/wp.ufpel.edu.br\/cursosdelinguas\/files\/2020\/11\/WhatsApp-Image-2020-11-03-at-15.14.18-400x400.jpeg 400w, https:\/\/wp.ufpel.edu.br\/cursosdelinguas\/files\/2020\/11\/WhatsApp-Image-2020-11-03-at-15.14.18-200x200.jpeg 200w, https:\/\/wp.ufpel.edu.br\/cursosdelinguas\/files\/2020\/11\/WhatsApp-Image-2020-11-03-at-15.14.18-768x768.jpeg 768w, https:\/\/wp.ufpel.edu.br\/cursosdelinguas\/files\/2020\/11\/WhatsApp-Image-2020-11-03-at-15.14.18.jpeg 1080w\" sizes=\"auto, (max-width: 720px) 100vw, 720px\" \/><\/a>\n\t\t\t<\/dt><\/dl><dl class='gallery-item'>\n\t\t\t<dt class='gallery-icon landscape'>\n\t\t\t\t<a href='https:\/\/wp.ufpel.edu.br\/cursosdelinguas\/files\/2020\/11\/WhatsApp-Image-2020-11-10-at-15.43.42.jpeg'><img loading=\"lazy\" decoding=\"async\" width=\"720\" height=\"720\" src=\"https:\/\/wp.ufpel.edu.br\/cursosdelinguas\/files\/2020\/11\/WhatsApp-Image-2020-11-10-at-15.43.42-1024x1024.jpeg\" class=\"attachment-large size-large\" alt=\"\" srcset=\"https:\/\/wp.ufpel.edu.br\/cursosdelinguas\/files\/2020\/11\/WhatsApp-Image-2020-11-10-at-15.43.42-1024x1024.jpeg 1024w, https:\/\/wp.ufpel.edu.br\/cursosdelinguas\/files\/2020\/11\/WhatsApp-Image-2020-11-10-at-15.43.42-400x400.jpeg 400w, https:\/\/wp.ufpel.edu.br\/cursosdelinguas\/files\/2020\/11\/WhatsApp-Image-2020-11-10-at-15.43.42-200x200.jpeg 200w, https:\/\/wp.ufpel.edu.br\/cursosdelinguas\/files\/2020\/11\/WhatsApp-Image-2020-11-10-at-15.43.42-768x768.jpeg 768w, https:\/\/wp.ufpel.edu.br\/cursosdelinguas\/files\/2020\/11\/WhatsApp-Image-2020-11-10-at-15.43.42.jpeg 1080w\" sizes=\"auto, (max-width: 720px) 100vw, 720px\" \/><\/a>\n\t\t\t<\/dt><\/dl><dl class='gallery-item'>\n\t\t\t<dt class='gallery-icon landscape'>\n\t\t\t\t<a href='https:\/\/wp.ufpel.edu.br\/cursosdelinguas\/files\/2020\/11\/WhatsApp-Image-2020-11-13-at-16.58.07.jpeg'><img loading=\"lazy\" decoding=\"async\" width=\"720\" height=\"720\" src=\"https:\/\/wp.ufpel.edu.br\/cursosdelinguas\/files\/2020\/11\/WhatsApp-Image-2020-11-13-at-16.58.07-1024x1024.jpeg\" class=\"attachment-large size-large\" alt=\"\" srcset=\"https:\/\/wp.ufpel.edu.br\/cursosdelinguas\/files\/2020\/11\/WhatsApp-Image-2020-11-13-at-16.58.07-1024x1024.jpeg 1024w, https:\/\/wp.ufpel.edu.br\/cursosdelinguas\/files\/2020\/11\/WhatsApp-Image-2020-11-13-at-16.58.07-400x400.jpeg 400w, https:\/\/wp.ufpel.edu.br\/cursosdelinguas\/files\/2020\/11\/WhatsApp-Image-2020-11-13-at-16.58.07-200x200.jpeg 200w, https:\/\/wp.ufpel.edu.br\/cursosdelinguas\/files\/2020\/11\/WhatsApp-Image-2020-11-13-at-16.58.07-768x768.jpeg 768w, https:\/\/wp.ufpel.edu.br\/cursosdelinguas\/files\/2020\/11\/WhatsApp-Image-2020-11-13-at-16.58.07.jpeg 1080w\" sizes=\"auto, (max-width: 720px) 100vw, 720px\" \/><\/a>\n\t\t\t<\/dt><\/dl><br style=\"clear: both\" \/>\n\t\t<\/div>\n\n<\/div>\n<div><\/div>\n<div><\/div>\n<div>\n<p>&nbsp;<\/p>\n<p>Confraterniza\u00e7\u00f5es das turmas de 2019<\/p>\n<\/div>\n<div>\n\n\t\t<style type=\"text\/css\">\n\t\t\t#gallery-3 {\n\t\t\t\tmargin: auto;\n\t\t\t}\n\t\t\t#gallery-3 .gallery-item {\n\t\t\t\tfloat: left;\n\t\t\t\tmargin-top: 10px;\n\t\t\t\ttext-align: center;\n\t\t\t\twidth: 33%;\n\t\t\t}\n\t\t\t#gallery-3 img {\n\t\t\t\tborder: 2px solid #cfcfcf;\n\t\t\t}\n\t\t\t#gallery-3 .gallery-caption {\n\t\t\t\tmargin-left: 0;\n\t\t\t}\n\t\t\t\/* see gallery_shortcode() in wp-includes\/media.php *\/\n\t\t<\/style>\n\t\t<div id='gallery-3' class='gallery galleryid-145 gallery-columns-3 gallery-size-full'><dl class='gallery-item'>\n\t\t\t<dt class='gallery-icon landscape'>\n\t\t\t\t<a href='https:\/\/wp.ufpel.edu.br\/cursosdelinguas\/files\/2020\/01\/Leitura-ingles.jpg'><img loading=\"lazy\" decoding=\"async\" width=\"1080\" height=\"809\" src=\"https:\/\/wp.ufpel.edu.br\/cursosdelinguas\/files\/2020\/01\/Leitura-ingles.jpg\" class=\"attachment-full size-full\" alt=\"\" srcset=\"https:\/\/wp.ufpel.edu.br\/cursosdelinguas\/files\/2020\/01\/Leitura-ingles.jpg 1080w, https:\/\/wp.ufpel.edu.br\/cursosdelinguas\/files\/2020\/01\/Leitura-ingles-400x300.jpg 400w, https:\/\/wp.ufpel.edu.br\/cursosdelinguas\/files\/2020\/01\/Leitura-ingles-1024x767.jpg 1024w, https:\/\/wp.ufpel.edu.br\/cursosdelinguas\/files\/2020\/01\/Leitura-ingles-768x575.jpg 768w\" sizes=\"auto, (max-width: 1080px) 100vw, 1080px\" \/><\/a>\n\t\t\t<\/dt><\/dl><dl class='gallery-item'>\n\t\t\t<dt class='gallery-icon landscape'>\n\t\t\t\t<a href='https:\/\/wp.ufpel.edu.br\/cursosdelinguas\/files\/2020\/01\/Conversa\u00e7\u00e3o-em-ingl\u00eas.jpg'><img loading=\"lazy\" decoding=\"async\" width=\"1280\" height=\"959\" src=\"https:\/\/wp.ufpel.edu.br\/cursosdelinguas\/files\/2020\/01\/Conversa\u00e7\u00e3o-em-ingl\u00eas.jpg\" class=\"attachment-full size-full\" alt=\"\" srcset=\"https:\/\/wp.ufpel.edu.br\/cursosdelinguas\/files\/2020\/01\/Conversa\u00e7\u00e3o-em-ingl\u00eas.jpg 1280w, https:\/\/wp.ufpel.edu.br\/cursosdelinguas\/files\/2020\/01\/Conversa\u00e7\u00e3o-em-ingl\u00eas-400x300.jpg 400w, https:\/\/wp.ufpel.edu.br\/cursosdelinguas\/files\/2020\/01\/Conversa\u00e7\u00e3o-em-ingl\u00eas-1024x767.jpg 1024w, https:\/\/wp.ufpel.edu.br\/cursosdelinguas\/files\/2020\/01\/Conversa\u00e7\u00e3o-em-ingl\u00eas-768x575.jpg 768w\" sizes=\"auto, (max-width: 1280px) 100vw, 1280px\" \/><\/a>\n\t\t\t<\/dt><\/dl><dl class='gallery-item'>\n\t\t\t<dt class='gallery-icon landscape'>\n\t\t\t\t<a href='https:\/\/wp.ufpel.edu.br\/cursosdelinguas\/files\/2020\/01\/Espanhol-I.jpg'><img loading=\"lazy\" decoding=\"async\" width=\"958\" height=\"718\" src=\"https:\/\/wp.ufpel.edu.br\/cursosdelinguas\/files\/2020\/01\/Espanhol-I.jpg\" class=\"attachment-full size-full\" alt=\"\" srcset=\"https:\/\/wp.ufpel.edu.br\/cursosdelinguas\/files\/2020\/01\/Espanhol-I.jpg 958w, https:\/\/wp.ufpel.edu.br\/cursosdelinguas\/files\/2020\/01\/Espanhol-I-400x300.jpg 400w, https:\/\/wp.ufpel.edu.br\/cursosdelinguas\/files\/2020\/01\/Espanhol-I-768x576.jpg 768w\" sizes=\"auto, (max-width: 958px) 100vw, 958px\" \/><\/a>\n\t\t\t<\/dt><\/dl><br style=\"clear: both\" \/><dl class='gallery-item'>\n\t\t\t<dt class='gallery-icon landscape'>\n\t\t\t\t<a href='https:\/\/wp.ufpel.edu.br\/cursosdelinguas\/files\/2020\/01\/Franc\u00eas-II.jpg'><img loading=\"lazy\" decoding=\"async\" width=\"960\" height=\"719\" src=\"https:\/\/wp.ufpel.edu.br\/cursosdelinguas\/files\/2020\/01\/Franc\u00eas-II.jpg\" class=\"attachment-full size-full\" alt=\"\" srcset=\"https:\/\/wp.ufpel.edu.br\/cursosdelinguas\/files\/2020\/01\/Franc\u00eas-II.jpg 960w, https:\/\/wp.ufpel.edu.br\/cursosdelinguas\/files\/2020\/01\/Franc\u00eas-II-400x300.jpg 400w, https:\/\/wp.ufpel.edu.br\/cursosdelinguas\/files\/2020\/01\/Franc\u00eas-II-768x575.jpg 768w\" sizes=\"auto, (max-width: 960px) 100vw, 960px\" \/><\/a>\n\t\t\t<\/dt><\/dl><dl class='gallery-item'>\n\t\t\t<dt class='gallery-icon landscape'>\n\t\t\t\t<a href='https:\/\/wp.ufpel.edu.br\/cursosdelinguas\/files\/2020\/01\/Franc\u00eas-III.jpg'><img loading=\"lazy\" decoding=\"async\" width=\"1080\" height=\"809\" src=\"https:\/\/wp.ufpel.edu.br\/cursosdelinguas\/files\/2020\/01\/Franc\u00eas-III.jpg\" class=\"attachment-full size-full\" alt=\"\" srcset=\"https:\/\/wp.ufpel.edu.br\/cursosdelinguas\/files\/2020\/01\/Franc\u00eas-III.jpg 1080w, https:\/\/wp.ufpel.edu.br\/cursosdelinguas\/files\/2020\/01\/Franc\u00eas-III-400x300.jpg 400w, https:\/\/wp.ufpel.edu.br\/cursosdelinguas\/files\/2020\/01\/Franc\u00eas-III-1024x767.jpg 1024w, https:\/\/wp.ufpel.edu.br\/cursosdelinguas\/files\/2020\/01\/Franc\u00eas-III-768x575.jpg 768w\" sizes=\"auto, (max-width: 1080px) 100vw, 1080px\" \/><\/a>\n\t\t\t<\/dt><\/dl><dl class='gallery-item'>\n\t\t\t<dt class='gallery-icon landscape'>\n\t\t\t\t<a href='https:\/\/wp.ufpel.edu.br\/cursosdelinguas\/files\/2020\/01\/Ingl\u00eas-I.jpg'><img loading=\"lazy\" decoding=\"async\" width=\"1158\" height=\"869\" src=\"https:\/\/wp.ufpel.edu.br\/cursosdelinguas\/files\/2020\/01\/Ingl\u00eas-I.jpg\" class=\"attachment-full size-full\" alt=\"\" srcset=\"https:\/\/wp.ufpel.edu.br\/cursosdelinguas\/files\/2020\/01\/Ingl\u00eas-I.jpg 1158w, https:\/\/wp.ufpel.edu.br\/cursosdelinguas\/files\/2020\/01\/Ingl\u00eas-I-400x300.jpg 400w, https:\/\/wp.ufpel.edu.br\/cursosdelinguas\/files\/2020\/01\/Ingl\u00eas-I-1024x768.jpg 1024w, https:\/\/wp.ufpel.edu.br\/cursosdelinguas\/files\/2020\/01\/Ingl\u00eas-I-768x576.jpg 768w\" sizes=\"auto, (max-width: 1158px) 100vw, 1158px\" \/><\/a>\n\t\t\t<\/dt><\/dl><br style=\"clear: both\" \/><dl class='gallery-item'>\n\t\t\t<dt class='gallery-icon portrait'>\n\t\t\t\t<a href='https:\/\/wp.ufpel.edu.br\/cursosdelinguas\/files\/2020\/01\/Espanhol-IV.jpg'><img loading=\"lazy\" decoding=\"async\" width=\"868\" height=\"1156\" src=\"https:\/\/wp.ufpel.edu.br\/cursosdelinguas\/files\/2020\/01\/Espanhol-IV.jpg\" class=\"attachment-full size-full\" alt=\"\" srcset=\"https:\/\/wp.ufpel.edu.br\/cursosdelinguas\/files\/2020\/01\/Espanhol-IV.jpg 868w, https:\/\/wp.ufpel.edu.br\/cursosdelinguas\/files\/2020\/01\/Espanhol-IV-300x400.jpg 300w, https:\/\/wp.ufpel.edu.br\/cursosdelinguas\/files\/2020\/01\/Espanhol-IV-769x1024.jpg 769w, https:\/\/wp.ufpel.edu.br\/cursosdelinguas\/files\/2020\/01\/Espanhol-IV-768x1023.jpg 768w\" sizes=\"auto, (max-width: 868px) 100vw, 868px\" \/><\/a>\n\t\t\t<\/dt><\/dl>\n\t\t\t<br style='clear: both' \/>\n\t\t<\/div>\n\n<\/div>\n<div><strong><br \/>\nApresenta\u00e7\u00f5es no Congresso de Extens\u00e3o e Cultura 2019<\/strong><\/div>\n<div><\/div>\n<div data-wp-editing=\"1\">\n\n\t\t<style type=\"text\/css\">\n\t\t\t#gallery-4 {\n\t\t\t\tmargin: auto;\n\t\t\t}\n\t\t\t#gallery-4 .gallery-item {\n\t\t\t\tfloat: left;\n\t\t\t\tmargin-top: 10px;\n\t\t\t\ttext-align: center;\n\t\t\t\twidth: 50%;\n\t\t\t}\n\t\t\t#gallery-4 img {\n\t\t\t\tborder: 2px solid #cfcfcf;\n\t\t\t}\n\t\t\t#gallery-4 .gallery-caption {\n\t\t\t\tmargin-left: 0;\n\t\t\t}\n\t\t\t\/* see gallery_shortcode() in wp-includes\/media.php *\/\n\t\t<\/style>\n\t\t<div id='gallery-4' class='gallery galleryid-145 gallery-columns-2 gallery-size-large'><dl class='gallery-item'>\n\t\t\t<dt class='gallery-icon landscape'>\n\t\t\t\t<a href='https:\/\/wp.ufpel.edu.br\/cursosdelinguas\/files\/2020\/01\/fotos-CEC-2019-1.jpg'><img loading=\"lazy\" decoding=\"async\" width=\"720\" height=\"477\" src=\"https:\/\/wp.ufpel.edu.br\/cursosdelinguas\/files\/2020\/01\/fotos-CEC-2019-1-1024x678.jpg\" class=\"attachment-large size-large\" alt=\"\" srcset=\"https:\/\/wp.ufpel.edu.br\/cursosdelinguas\/files\/2020\/01\/fotos-CEC-2019-1-1024x678.jpg 1024w, https:\/\/wp.ufpel.edu.br\/cursosdelinguas\/files\/2020\/01\/fotos-CEC-2019-1-400x265.jpg 400w, https:\/\/wp.ufpel.edu.br\/cursosdelinguas\/files\/2020\/01\/fotos-CEC-2019-1-768x509.jpg 768w, https:\/\/wp.ufpel.edu.br\/cursosdelinguas\/files\/2020\/01\/fotos-CEC-2019-1-1536x1017.jpg 1536w, https:\/\/wp.ufpel.edu.br\/cursosdelinguas\/files\/2020\/01\/fotos-CEC-2019-1.jpg 1848w\" sizes=\"auto, (max-width: 720px) 100vw, 720px\" \/><\/a>\n\t\t\t<\/dt><\/dl><dl class='gallery-item'>\n\t\t\t<dt class='gallery-icon landscape'>\n\t\t\t\t<a href='https:\/\/wp.ufpel.edu.br\/cursosdelinguas\/files\/2020\/01\/fotos-CEC-2019-2.jpg'><img loading=\"lazy\" decoding=\"async\" width=\"720\" height=\"477\" src=\"https:\/\/wp.ufpel.edu.br\/cursosdelinguas\/files\/2020\/01\/fotos-CEC-2019-2-1024x678.jpg\" class=\"attachment-large size-large\" alt=\"\" srcset=\"https:\/\/wp.ufpel.edu.br\/cursosdelinguas\/files\/2020\/01\/fotos-CEC-2019-2-1024x678.jpg 1024w, https:\/\/wp.ufpel.edu.br\/cursosdelinguas\/files\/2020\/01\/fotos-CEC-2019-2-400x265.jpg 400w, https:\/\/wp.ufpel.edu.br\/cursosdelinguas\/files\/2020\/01\/fotos-CEC-2019-2-768x509.jpg 768w, https:\/\/wp.ufpel.edu.br\/cursosdelinguas\/files\/2020\/01\/fotos-CEC-2019-2-1536x1017.jpg 1536w, https:\/\/wp.ufpel.edu.br\/cursosdelinguas\/files\/2020\/01\/fotos-CEC-2019-2.jpg 1848w\" sizes=\"auto, (max-width: 720px) 100vw, 720px\" \/><\/a>\n\t\t\t<\/dt><\/dl><br style=\"clear: both\" \/>\n\t\t<\/div>\n\n<\/div>\n<div><\/div>\n<div><strong><br \/>\nConfraterniza\u00e7\u00f5es das turmas de 2018<\/strong><\/div>\n<div><\/div>\n<div>\n<div><\/div>\n<\/div>\n<div><\/div>\n<p>&nbsp;<\/p>\n<p><strong>Apresenta\u00e7\u00f5es no Congresso de Extens\u00e3o e Cultura<\/strong><\/p>\n<div><\/div>\n<div><\/div>\n<div><\/div>\n<div><\/div>\n<div><strong>Em sala de aula<\/strong><\/div>\n<div><\/div>\n<div><\/div>\n<p>&nbsp;<\/p>\n<div><\/div>\n<div><\/div>\n<div><\/div>\n<div>\n<div><\/div>\n<\/div>\n<div><\/div>\n<div><\/div>\n","protected":false},"excerpt":{"rendered":"<p>Cursos de L\u00ednguas 2023-1 Algumas imagens das turmas de Franc\u00eas I, Espanhol I, Alem\u00e3o I e Ingl\u00eas I presenciais. Turmas remotas de Espanhol II e Alem\u00e3o IV. Cursos de L\u00ednguas no formato online em 2020 [&hellip;]<\/p>\n","protected":false},"author":857,"featured_media":0,"parent":0,"menu_order":0,"comment_status":"closed","ping_status":"closed","template":"","meta":{"footnotes":""},"class_list":["post-145","page","type-page","status-publish","hentry","post"],"_links":{"self":[{"href":"https:\/\/wp.ufpel.edu.br\/cursosdelinguas\/wp-json\/wp\/v2\/pages\/145","targetHints":{"allow":["GET"]}}],"collection":[{"href":"https:\/\/wp.ufpel.edu.br\/cursosdelinguas\/wp-json\/wp\/v2\/pages"}],"about":[{"href":"https:\/\/wp.ufpel.edu.br\/cursosdelinguas\/wp-json\/wp\/v2\/types\/page"}],"author":[{"embeddable":true,"href":"https:\/\/wp.ufpel.edu.br\/cursosdelinguas\/wp-json\/wp\/v2\/users\/857"}],"replies":[{"embeddable":true,"href":"https:\/\/wp.ufpel.edu.br\/cursosdelinguas\/wp-json\/wp\/v2\/comments?post=145"}],"version-history":[{"count":17,"href":"https:\/\/wp.ufpel.edu.br\/cursosdelinguas\/wp-json\/wp\/v2\/pages\/145\/revisions"}],"predecessor-version":[{"id":701,"href":"https:\/\/wp.ufpel.edu.br\/cursosdelinguas\/wp-json\/wp\/v2\/pages\/145\/revisions\/701"}],"wp:attachment":[{"href":"https:\/\/wp.ufpel.edu.br\/cursosdelinguas\/wp-json\/wp\/v2\/media?parent=145"}],"curies":[{"name":"wp","href":"https:\/\/api.w.org\/{rel}","templated":true}]}}