{"id":67,"date":"2011-06-08T17:12:24","date_gmt":"2011-06-08T20:12:24","guid":{"rendered":"https:\/\/wp.ufpel.edu.br\/cursodeturismo\/"},"modified":"2024-10-08T22:20:31","modified_gmt":"2024-10-09T01:20:31","slug":"67-2","status":"publish","type":"page","link":"https:\/\/wp.ufpel.edu.br\/cursodeturismo\/graduacao\/67-2\/","title":{"rendered":"Compet\u00eancias e Atua\u00e7\u00e3o"},"content":{"rendered":"<p style=\"text-align: justify;\">T\u00edtulo da profiss\u00e3o<\/p>\n<p style=\"text-align: justify;\">O curso de Turismo da Universidade Federal de Pelotas confere o grau de Bacharel em Turismo.<\/p>\n<p><b>\u00a0Perfil do Profissional\/Egresso<\/b><\/p>\n<p>O profissional formado no Curso de Bacharelado em Turismo da UFPel est\u00e1 apto para atuar, como gestor e\/ou pesquisador, em institui\u00e7\u00f5es p\u00fablicas, privadas e do terceiro setor. O profissional deve compreender a interdisciplinaridade e a complexidade do fen\u00f4meno tur\u00edstico, atuando no crescimento e no desenvolvimento dessa atividade e contribuindo para a melhoria da qualidade de vida das sociedades.<\/p>\n<p>&nbsp;<\/p>\n<p><b>\u00a0Compet\u00eancias e Habilidades<\/b><\/p>\n<p>O bacharel em Turismo formado pelo Curso de Bacharelado em Turismo da UFPel dever\u00e1 caracterizar-se como um profissional capaz de:<\/p>\n<p>&#8211;\u00a0\u00a0\u00a0\u00a0\u00a0\u00a0\u00a0\u00a0\u00a0 Compreender o turismo como importante fen\u00f4meno hist\u00f3rico-social do mundo contempor\u00e2neo e seu papel na sociedade;<\/p>\n<p>&#8211;\u00a0\u00a0\u00a0\u00a0\u00a0\u00a0\u00a0\u00a0\u00a0 Incentivar a consci\u00eancia social, a preserva\u00e7\u00e3o da cultura, da mem\u00f3ria e do patrim\u00f4nio compat\u00edveis com o desenvolvimento sustent\u00e1vel;<\/p>\n<p>&#8211;\u00a0\u00a0\u00a0\u00a0\u00a0\u00a0\u00a0\u00a0\u00a0 Influenciar autoridades, empres\u00e1rios e comunidades para a import\u00e2ncia do fen\u00f4meno tur\u00edstico em sua totalidade;<\/p>\n<p>&#8211;\u00a0\u00a0\u00a0\u00a0\u00a0\u00a0\u00a0\u00a0\u00a0 Problematizar os aspectos hist\u00f3ricos, sociais, pol\u00edticos, econ\u00f4micos, culturais e ambientais na educa\u00e7\u00e3o, pesquisa e gest\u00e3o do turismo;<\/p>\n<p>&#8211;\u00a0\u00a0\u00a0\u00a0\u00a0\u00a0\u00a0\u00a0\u00a0 Assessorar institui\u00e7\u00f5es p\u00fablicas, privadas e do terceiro setor no desenvolvimento do turismo;<\/p>\n<p>&#8211;\u00a0\u00a0\u00a0\u00a0\u00a0\u00a0\u00a0\u00a0\u00a0 Gerir as atividades tur\u00edsticas em organiza\u00e7\u00f5es p\u00fablicas, privadas e do terceiro setor tendo em vista a preserva\u00e7\u00e3o e a conserva\u00e7\u00e3o da cultura, da mem\u00f3ria e do patrim\u00f4nio ambiental das comunidades, atuando com base nos valores de responsabilidade socioambiental, justi\u00e7a e \u00e9tica;<\/p>\n<p>&#8211;\u00a0\u00a0\u00a0\u00a0\u00a0\u00a0\u00a0\u00a0\u00a0 Demonstrar capacidade cr\u00edtica, reflexiva e criativa para propor e implementar solu\u00e7\u00f5es alternativas e inovadoras para o desenvolvimento tur\u00edstico;<\/p>\n<p>&#8211;\u00a0\u00a0\u00a0\u00a0\u00a0\u00a0\u00a0\u00a0\u00a0 Desenvolver atividades tur\u00edsticas valorizando a identidade e participa\u00e7\u00e3o das comunidades;<\/p>\n<p>&#8211;\u00a0\u00a0\u00a0\u00a0\u00a0\u00a0\u00a0\u00a0\u00a0 Trabalhar em equipe;<\/p>\n<p>&#8211;\u00a0\u00a0\u00a0\u00a0\u00a0\u00a0\u00a0\u00a0\u00a0 Conceber e gerir planos, programas e projetos de desenvolvimento tur\u00edstico que identifiquem, resgatem e estimulem a viv\u00eancia e a pr\u00e1tica da cidadania;<\/p>\n<p>&#8211;\u00a0\u00a0\u00a0\u00a0\u00a0\u00a0\u00a0\u00a0\u00a0 Elaborar e avaliar pol\u00edticas municipais, estaduais e federais de turismo;<\/p>\n<p>&#8211;\u00a0\u00a0\u00a0\u00a0\u00a0\u00a0\u00a0\u00a0\u00a0 Administrar empreendimentos tur\u00edsticos;<\/p>\n<p>&#8211;\u00a0\u00a0\u00a0\u00a0\u00a0\u00a0\u00a0\u00a0\u00a0 Dominar a utiliza\u00e7\u00e3o dos recursos tecnol\u00f3gicos \u00fateis \u00e0 sua \u00e1rea de atua\u00e7\u00e3o.<\/p>\n<p style=\"text-align: justify;\"><strong>\u00c9tica profissional<\/strong><\/p>\n<p style=\"text-align: justify;\">A quest\u00e3o da \u00e9tica do profissional tamb\u00e9m tem reconhecida import\u00e2ncia e tem sido abordado a n\u00edvel mundial, atrav\u00e9s da OMT (Organiza\u00e7\u00e3o Mundial do Turismo) que em 1998 elaborou o C\u00f3digo \u00c9tico Mundial para Turismo e, em n\u00edvel Nacional (1999), pelas Associa\u00e7\u00f5es de Classe como Associa\u00e7\u00e3o Nacional da Ind\u00fastria de Hot\u00e9is (ABIH) e pela Associa\u00e7\u00e3o Brasileira de Bachar\u00e9is em Turismo (ABBTUR) que colocaram a quest\u00e3o da \u00e9tica profissional em turismo.<\/p>\n<p style=\"text-align: justify;\">Os dois documentos apresentam preocupa\u00e7\u00e3o com o desenvolvimento do turismo baseado no respeito m\u00fatuo entre os seres humanos, e no respeito \u00e0 cultura e ao meio ambiente, buscando formas alternativas, equilibradas e harmoniosas de conviver e de utilizar os recursos.<\/p>\n","protected":false},"excerpt":{"rendered":"<p>T\u00edtulo da profiss\u00e3o O curso de Turismo da Universidade Federal de Pelotas confere o grau de Bacharel em Turismo. \u00a0Perfil do Profissional\/Egresso O profissional formado no Curso de Bacharelado em Turismo da UFPel est\u00e1 apto para atuar, como gestor e\/ou pesquisador, em institui\u00e7\u00f5es p\u00fablicas, privadas e do terceiro setor. O profissional deve compreender a interdisciplinaridade &hellip; <\/p>\n<p><a class=\"more-link btn\" href=\"https:\/\/wp.ufpel.edu.br\/cursodeturismo\/graduacao\/67-2\/\">Continue lendo<\/a><\/p>\n","protected":false},"author":115,"featured_media":0,"parent":8,"menu_order":3,"comment_status":"closed","ping_status":"closed","template":"","meta":{"footnotes":""},"class_list":["post-67","page","type-page","status-publish","hentry","nodate","item-wrap"],"jetpack_sharing_enabled":true,"_links":{"self":[{"href":"https:\/\/wp.ufpel.edu.br\/cursodeturismo\/wp-json\/wp\/v2\/pages\/67","targetHints":{"allow":["GET"]}}],"collection":[{"href":"https:\/\/wp.ufpel.edu.br\/cursodeturismo\/wp-json\/wp\/v2\/pages"}],"about":[{"href":"https:\/\/wp.ufpel.edu.br\/cursodeturismo\/wp-json\/wp\/v2\/types\/page"}],"author":[{"embeddable":true,"href":"https:\/\/wp.ufpel.edu.br\/cursodeturismo\/wp-json\/wp\/v2\/users\/115"}],"replies":[{"embeddable":true,"href":"https:\/\/wp.ufpel.edu.br\/cursodeturismo\/wp-json\/wp\/v2\/comments?post=67"}],"version-history":[{"count":8,"href":"https:\/\/wp.ufpel.edu.br\/cursodeturismo\/wp-json\/wp\/v2\/pages\/67\/revisions"}],"predecessor-version":[{"id":2477,"href":"https:\/\/wp.ufpel.edu.br\/cursodeturismo\/wp-json\/wp\/v2\/pages\/67\/revisions\/2477"}],"up":[{"embeddable":true,"href":"https:\/\/wp.ufpel.edu.br\/cursodeturismo\/wp-json\/wp\/v2\/pages\/8"}],"wp:attachment":[{"href":"https:\/\/wp.ufpel.edu.br\/cursodeturismo\/wp-json\/wp\/v2\/media?parent=67"}],"curies":[{"name":"wp","href":"https:\/\/api.w.org\/{rel}","templated":true}]}}