{"id":65,"date":"2011-06-08T17:11:51","date_gmt":"2011-06-08T20:11:51","guid":{"rendered":"https:\/\/wp.ufpel.edu.br\/cursodeturismo\/"},"modified":"2022-10-03T14:48:11","modified_gmt":"2022-10-03T17:48:11","slug":"65-2","status":"publish","type":"page","link":"https:\/\/wp.ufpel.edu.br\/cursodeturismo\/graduacao\/65-2\/","title":{"rendered":"Objetivos"},"content":{"rendered":"<p style=\"text-align: justify;\"><strong>Objetivo Geral:<\/strong><\/p>\n<p style=\"text-align: justify;\">O Curso de Bacharelado em Turismo dever\u00e1 formar profissionais com conhecimento para analisar e intervir no fen\u00f4meno tur\u00edstico a partir dos princ\u00edpios de equidade, \u00e9tica, responsabilidade socioambiental e cidadania.<\/p>\n<p style=\"text-align: justify;\"><strong>Objetivos Espec\u00edficos:<\/strong> o Curso de Bacharelado em Turismo dever\u00e1 oferecer condi\u00e7\u00f5es para:<\/p>\n<p style=\"text-align: justify;\">&#8211; Produzir conhecimento de natureza cient\u00edfica e t\u00e9cnica sobre as implica\u00e7\u00f5es do fen\u00f4meno tur\u00edstico na sociedade contempor\u00e2nea;<\/p>\n<p style=\"text-align: justify;\">&#8211; Compreender o Turismo a partir das suas diferentes rela\u00e7\u00f5es com outras \u00e1reas do conhecimento;<\/p>\n<p style=\"text-align: justify;\">&#8211; Valorizar as quest\u00f5es sociais, ambientais, espaciais, hist\u00f3ricas, culturais, econ\u00f4micas e pol\u00edticas que envolvem o Turismo;<\/p>\n<p style=\"text-align: justify;\">&#8211; Desenvolver habilidades conceituais, humanas, t\u00e9cnicas e gerenciais inerentes ao sistema tur\u00edstico;<\/p>\n<p style=\"text-align: justify;\">&#8211; Formar cidad\u00e3os comprometidos com a identidade das comunidades e com o seu desenvolvimento sustent\u00e1vel;<\/p>\n<p style=\"text-align: justify;\">&#8211; Analisar o fen\u00f4meno tur\u00edstico e suas diferentes formas de interven\u00e7\u00e3o no territ\u00f3rio;<\/p>\n<p style=\"text-align: justify;\">&#8211; Diagnosticar e propor alternativas para problemas pertinentes \u00e0 atividade tur\u00edstica, promovendo transforma\u00e7\u00f5es na sociedade;<\/p>\n<p style=\"text-align: justify;\">&#8211; Elaborar e analisar pol\u00edticas p\u00fablicas na \u00e1rea de Turismo;<\/p>\n<p style=\"text-align: justify;\">&#8211;\u00a0 Atuar no planejamento e gest\u00e3o de planos, programas e projetos tur\u00edsticos;<\/p>\n<p style=\"text-align: justify;\">&#8211; Problematizar as formas de governan\u00e7a no Turismo, colaborando para o aprimoramento das redes de atores;<\/p>\n<p style=\"text-align: justify;\">&#8211; Contribuir para o fortalecimento das din\u00e2micas tur\u00edsticas na regi\u00e3o, de maneira articulada com os contextos socioespaciais;<\/p>\n<p style=\"text-align: justify;\">&#8211; Atuar na implanta\u00e7\u00e3o e gest\u00e3o dos servi\u00e7os tur\u00edsticos.<\/p>\n","protected":false},"excerpt":{"rendered":"<p>Objetivo Geral: O Curso de Bacharelado em Turismo dever\u00e1 formar profissionais com conhecimento para analisar e intervir no fen\u00f4meno tur\u00edstico a partir dos princ\u00edpios de equidade, \u00e9tica, responsabilidade socioambiental e cidadania. Objetivos Espec\u00edficos: o Curso de Bacharelado em Turismo dever\u00e1 oferecer condi\u00e7\u00f5es para: &#8211; Produzir conhecimento de natureza cient\u00edfica e t\u00e9cnica sobre as implica\u00e7\u00f5es do &hellip; <\/p>\n<p><a class=\"more-link btn\" href=\"https:\/\/wp.ufpel.edu.br\/cursodeturismo\/graduacao\/65-2\/\">Continue lendo<\/a><\/p>\n","protected":false},"author":115,"featured_media":0,"parent":8,"menu_order":2,"comment_status":"closed","ping_status":"closed","template":"","meta":{"footnotes":""},"class_list":["post-65","page","type-page","status-publish","hentry","nodate","item-wrap"],"jetpack_sharing_enabled":true,"_links":{"self":[{"href":"https:\/\/wp.ufpel.edu.br\/cursodeturismo\/wp-json\/wp\/v2\/pages\/65","targetHints":{"allow":["GET"]}}],"collection":[{"href":"https:\/\/wp.ufpel.edu.br\/cursodeturismo\/wp-json\/wp\/v2\/pages"}],"about":[{"href":"https:\/\/wp.ufpel.edu.br\/cursodeturismo\/wp-json\/wp\/v2\/types\/page"}],"author":[{"embeddable":true,"href":"https:\/\/wp.ufpel.edu.br\/cursodeturismo\/wp-json\/wp\/v2\/users\/115"}],"replies":[{"embeddable":true,"href":"https:\/\/wp.ufpel.edu.br\/cursodeturismo\/wp-json\/wp\/v2\/comments?post=65"}],"version-history":[{"count":7,"href":"https:\/\/wp.ufpel.edu.br\/cursodeturismo\/wp-json\/wp\/v2\/pages\/65\/revisions"}],"predecessor-version":[{"id":1631,"href":"https:\/\/wp.ufpel.edu.br\/cursodeturismo\/wp-json\/wp\/v2\/pages\/65\/revisions\/1631"}],"up":[{"embeddable":true,"href":"https:\/\/wp.ufpel.edu.br\/cursodeturismo\/wp-json\/wp\/v2\/pages\/8"}],"wp:attachment":[{"href":"https:\/\/wp.ufpel.edu.br\/cursodeturismo\/wp-json\/wp\/v2\/media?parent=65"}],"curies":[{"name":"wp","href":"https:\/\/api.w.org\/{rel}","templated":true}]}}