{"id":303,"date":"2013-06-12T18:35:02","date_gmt":"2013-06-12T21:35:02","guid":{"rendered":"https:\/\/wp.ufpel.edu.br\/cursodeturismo\/?page_id=303"},"modified":"2025-04-30T13:16:44","modified_gmt":"2025-04-30T16:16:44","slug":"projeto-pedagogico","status":"publish","type":"page","link":"https:\/\/wp.ufpel.edu.br\/cursodeturismo\/projeto-pedagogico\/","title":{"rendered":"PPC e Outros Documentos"},"content":{"rendered":"<p><a href=\"https:\/\/wp.ufpel.edu.br\/cursodeturismo\/files\/2023\/06\/REGIMENTO-COLEGIADO-APROVADO.pdf\">REGIMENTO COLEGIADO APROVADO<\/a><\/p>\n<p><a href=\"https:\/\/wp.ufpel.edu.br\/cursodeturismo\/files\/2023\/06\/REGIMENTO_NDE.pdf\">REGIMENTO_NDE<\/a><\/p>\n<p><a href=\"https:\/\/wp.ufpel.edu.br\/cursodeturismo\/files\/2025\/04\/PPC_Turismo_2024_alterado-em-novembro.pdf\">PPC_Turismo_2024<\/a><\/p>\n<p><a href=\"https:\/\/wp.ufpel.edu.br\/cursodeturismo\/files\/2019\/02\/curriculo_curso_4700-1.pdf\" target=\"_blank\" rel=\"noopener noreferrer\">Curr\u00edculo do Curso de Turismo<\/a><\/p>\n<p><a href=\"https:\/\/wp.ufpel.edu.br\/cursodeturismo\/files\/2013\/06\/Fluxograma-Curricular.pdf\">Fluxograma Curricular<\/a><\/p>\n<p><a href=\"https:\/\/wp.ufpel.edu.br\/cursodeturismo\/files\/2013\/06\/Quadro-de-Equival\u00eancias-2009-2013.pdf\">Quadro de Equival\u00eancias 2009 &#8211; 2013<\/a><\/p>\n<p><a href=\"https:\/\/wp.ufpel.edu.br\/cursodeturismo\/files\/2013\/06\/Quadro-de-Atividades-Complementares.pdf\">Quadro de Atividades Complementares<\/a><\/p>\n<p><a href=\"https:\/\/wp.ufpel.edu.br\/cursodeturismo\/files\/2013\/06\/Caracteriza\u00e7\u00e3o-das-Disciplinas-Obrigat\u00f3rias.pdf\">Caracteriza\u00e7\u00e3o das Disciplinas Obrigat\u00f3rias<\/a><\/p>\n<p><a href=\"https:\/\/drive.google.com\/open?id=1EvKulU9Pe6xnRG_gdyZ5Ga9kl383I75x\">Caracteriza\u00e7\u00e3o das Disciplinas Obrigat\u00f3rias &#8211; Assinadas<\/a><\/p>\n<p><a href=\"https:\/\/wp.ufpel.edu.br\/cursodeturismo\/files\/2013\/06\/Caracteriza\u00e7\u00e3o-das-Disciplinas-Optativas.pdf\">Caracteriza\u00e7\u00e3o das Disciplinas Optativas<\/a><\/p>\n<p><a href=\"https:\/\/drive.google.com\/open?id=1ATyLwEwM6p_dqT-lRmv9EylrkOhYy73u\">Caracteriza\u00e7\u00e3o das Disciplinas Optativas &#8211; Assinadas<\/a><\/p>\n<p><a href=\"https:\/\/drive.google.com\/open?id=1rgXZiph_nzFuv-VpS9-1RuOsWlCL4sq6\">Manual de Est\u00e1gio<\/a><\/p>\n<p><a href=\"https:\/\/wp.ufpel.edu.br\/cursodeturismo\/files\/2019\/04\/Acolhida-FAT-2019_CURSO-DE-TURISMO.pdf\" target=\"_blank\" rel=\"noopener noreferrer\">Acolhida FAT 2019 &#8211; Curso de Turismo<\/a><\/p>\n<p><a href=\"https:\/\/wp.ufpel.edu.br\/cursodeturismo\/files\/2022\/09\/Anexo_Resolucao_29.2018_Regulamento_do_ensino_de_graduacao_texto_corrigido.pdf\">Regulamento de Ensino de Gradua\u00e7\u00e3o &#8211; RESOLU\u00c7\u00c3O N\u00ba 29, DE 13\/09\/2018<\/a><\/p>\n<p><a href=\"https:\/\/wp.ufpel.edu.br\/sisbi\/files\/2017\/05\/Termo-tcc-e-especializacao.pdf\">Termo de Autoriza\u00e7\u00e3o \u2013 TCC<\/a><\/p>\n","protected":false},"excerpt":{"rendered":"<p>REGIMENTO COLEGIADO APROVADO REGIMENTO_NDE PPC_Turismo_2024 Curr\u00edculo do Curso de Turismo Fluxograma Curricular Quadro de Equival\u00eancias 2009 &#8211; 2013 Quadro de Atividades Complementares Caracteriza\u00e7\u00e3o das Disciplinas Obrigat\u00f3rias Caracteriza\u00e7\u00e3o das Disciplinas Obrigat\u00f3rias &#8211; Assinadas Caracteriza\u00e7\u00e3o das Disciplinas Optativas Caracteriza\u00e7\u00e3o das Disciplinas Optativas &#8211; Assinadas Manual de Est\u00e1gio Acolhida FAT 2019 &#8211; Curso de Turismo Regulamento de Ensino &hellip; <\/p>\n<p><a class=\"more-link btn\" href=\"https:\/\/wp.ufpel.edu.br\/cursodeturismo\/projeto-pedagogico\/\">Continue lendo<\/a><\/p>\n","protected":false},"author":115,"featured_media":0,"parent":0,"menu_order":0,"comment_status":"closed","ping_status":"closed","template":"","meta":{"footnotes":""},"class_list":["post-303","page","type-page","status-publish","hentry","nodate","item-wrap"],"jetpack_sharing_enabled":true,"_links":{"self":[{"href":"https:\/\/wp.ufpel.edu.br\/cursodeturismo\/wp-json\/wp\/v2\/pages\/303","targetHints":{"allow":["GET"]}}],"collection":[{"href":"https:\/\/wp.ufpel.edu.br\/cursodeturismo\/wp-json\/wp\/v2\/pages"}],"about":[{"href":"https:\/\/wp.ufpel.edu.br\/cursodeturismo\/wp-json\/wp\/v2\/types\/page"}],"author":[{"embeddable":true,"href":"https:\/\/wp.ufpel.edu.br\/cursodeturismo\/wp-json\/wp\/v2\/users\/115"}],"replies":[{"embeddable":true,"href":"https:\/\/wp.ufpel.edu.br\/cursodeturismo\/wp-json\/wp\/v2\/comments?post=303"}],"version-history":[{"count":26,"href":"https:\/\/wp.ufpel.edu.br\/cursodeturismo\/wp-json\/wp\/v2\/pages\/303\/revisions"}],"predecessor-version":[{"id":2509,"href":"https:\/\/wp.ufpel.edu.br\/cursodeturismo\/wp-json\/wp\/v2\/pages\/303\/revisions\/2509"}],"wp:attachment":[{"href":"https:\/\/wp.ufpel.edu.br\/cursodeturismo\/wp-json\/wp\/v2\/media?parent=303"}],"curies":[{"name":"wp","href":"https:\/\/api.w.org\/{rel}","templated":true}]}}