{"id":2479,"date":"2024-10-09T00:40:13","date_gmt":"2024-10-09T03:40:13","guid":{"rendered":"https:\/\/wp.ufpel.edu.br\/cursodeturismo\/?page_id=2479"},"modified":"2024-10-09T00:51:05","modified_gmt":"2024-10-09T03:51:05","slug":"projetos-encerrados","status":"publish","type":"page","link":"https:\/\/wp.ufpel.edu.br\/cursodeturismo\/lab-de-pesquisa-2\/projetos-encerrados\/","title":{"rendered":"Projetos Encerrados"},"content":{"rendered":"<p>T\u00edtulo:\u00a0<strong>Especificidades Gastron\u00f4micas da Costa Doce: possibilidades regionais para o lazer e o turismo<\/strong><\/p>\n<p>&nbsp;<\/p>\n<p>Coordenadora: Andyara Lima Barbosa<\/p>\n<p>Descri\u00e7\u00e3o: O presente projeto de pesquisa tem por objetivo geral definir as especificidades \u00a0 gastron\u00f4micas da regi\u00e3o da Costa Doce enquanto possibilidade potencial motivadora de fluxos de deslocamentos de lazer n\u00e3o tur\u00edstico e tur\u00edstico na modalidade turismo gastron\u00f4mico. Como objetivos espec\u00edficos destacam-se: buscar, sistematizar e analisar \u00a0as informa\u00e7\u00f5es referentes ao potencial dos elementos gastron\u00f4micos; posicionar os elementos gastron\u00f4micos na atividade tur\u00edstica (atrativo principal, diferencial complementar ou oferta t\u00e9cnica relevante); definir a regi\u00e3o como um potencial destino de turismo gastron\u00f4mico do estado do Rio Grande do Sul e, se, poss\u00edvel, \u00a0mapear as especificidades gastron\u00f4micas da Costa Doce, organizando-a em termos de trajetos, tais como circuitos, corredores ou similares.<\/p>\n<p>&nbsp;<\/p>\n<p>T\u00edtulo: <strong>A trajet\u00f3ria do Curso de Bacharelado em Turismo da Universidade Federal de Pelotas &#8211; UFPel (2000-2016)<\/strong><\/p>\n<p>&nbsp;<\/p>\n<p>Coordenadora: Dalila M\u00fcller<\/p>\n<p>Descri\u00e7\u00e3o: O presente projeto visa pesquisar os aspectos hist\u00f3ricos do Curso de Bacharelado em Turismo da UFPel e suas contribui\u00e7\u00f5es para a forma\u00e7\u00e3o profissional nesta \u00e1rea do conhecimento. O Curso de Turismo iniciou suas atividades no ano de 2000, estando em funcionamento por 16 anos. Em maio de 2006 foi reconhecido pelo MEC. Pretende-se pesquisar sobre o processo de cria\u00e7\u00e3o e a trajet\u00f3ria do curso ao longo destes anos. Para tal, a coleta de dados ser\u00e1 realizada em fontes bibliogr\u00e1ficas, documentais e entrevistas. Assim, tem-se como meta a elabora\u00e7\u00e3o de uma linha de tempo com os principais aspectos hist\u00f3ricos do Curso de Bacharelado em Turismo da UFPel.<\/p>\n<p><strong>T\u00edtulo:<\/strong> An\u00e1lise do Potencial do turismo industrial de Pelotas<\/p>\n<p><strong>Coordenadora:<\/strong> Nara Nilc\u00e9ia da Silva Santos<\/p>\n<p style=\"text-align: justify;\">Descri\u00e7\u00e3o: O presente projeto de pesquisa tem por objetivos estudar o processo de industrializa\u00e7\u00e3o e moderniza\u00e7\u00e3o no munic\u00edpio de Pelotas; identificar a localiza\u00e7\u00e3o industrial no munic\u00edpio de Pelotas; e identificar o patrim\u00f4nio industrial atual no munic\u00edpio de Pelotas.<\/p>\n<p>&nbsp;<\/p>\n","protected":false},"excerpt":{"rendered":"<p>T\u00edtulo:\u00a0Especificidades Gastron\u00f4micas da Costa Doce: possibilidades regionais para o lazer e o turismo &nbsp; Coordenadora: Andyara Lima Barbosa Descri\u00e7\u00e3o: O presente projeto de pesquisa tem por objetivo geral definir as especificidades \u00a0 gastron\u00f4micas da regi\u00e3o da Costa Doce enquanto possibilidade potencial motivadora de fluxos de deslocamentos de lazer n\u00e3o tur\u00edstico e tur\u00edstico na modalidade turismo &hellip; <\/p>\n<p><a class=\"more-link btn\" href=\"https:\/\/wp.ufpel.edu.br\/cursodeturismo\/lab-de-pesquisa-2\/projetos-encerrados\/\">Continue lendo<\/a><\/p>\n","protected":false},"author":115,"featured_media":0,"parent":635,"menu_order":0,"comment_status":"closed","ping_status":"closed","template":"","meta":{"footnotes":""},"class_list":["post-2479","page","type-page","status-publish","hentry","nodate","item-wrap"],"jetpack_sharing_enabled":true,"_links":{"self":[{"href":"https:\/\/wp.ufpel.edu.br\/cursodeturismo\/wp-json\/wp\/v2\/pages\/2479","targetHints":{"allow":["GET"]}}],"collection":[{"href":"https:\/\/wp.ufpel.edu.br\/cursodeturismo\/wp-json\/wp\/v2\/pages"}],"about":[{"href":"https:\/\/wp.ufpel.edu.br\/cursodeturismo\/wp-json\/wp\/v2\/types\/page"}],"author":[{"embeddable":true,"href":"https:\/\/wp.ufpel.edu.br\/cursodeturismo\/wp-json\/wp\/v2\/users\/115"}],"replies":[{"embeddable":true,"href":"https:\/\/wp.ufpel.edu.br\/cursodeturismo\/wp-json\/wp\/v2\/comments?post=2479"}],"version-history":[{"count":7,"href":"https:\/\/wp.ufpel.edu.br\/cursodeturismo\/wp-json\/wp\/v2\/pages\/2479\/revisions"}],"predecessor-version":[{"id":2500,"href":"https:\/\/wp.ufpel.edu.br\/cursodeturismo\/wp-json\/wp\/v2\/pages\/2479\/revisions\/2500"}],"up":[{"embeddable":true,"href":"https:\/\/wp.ufpel.edu.br\/cursodeturismo\/wp-json\/wp\/v2\/pages\/635"}],"wp:attachment":[{"href":"https:\/\/wp.ufpel.edu.br\/cursodeturismo\/wp-json\/wp\/v2\/media?parent=2479"}],"curies":[{"name":"wp","href":"https:\/\/api.w.org\/{rel}","templated":true}]}}